{"id":3388,"date":"2015-02-12T08:43:10","date_gmt":"2015-02-12T08:43:10","guid":{"rendered":"https:\/\/www.sprachschule-aktiv-wien.at\/sprachschule-wien-deutsch-und-fremdsprachen-lernen-sprachkurse-fuer-fremdsprachen\/"},"modified":"2024-06-02T20:44:58","modified_gmt":"2024-06-02T20:44:58","slug":"viyanada-almanca-ogretimi","status":"publish","type":"page","link":"https:\/\/www.sprachschule-aktiv-wien.at\/tr\/","title":{"rendered":"Viyana\u2019da Almanca \u00d6\u011fretimi"},"content":{"rendered":"<p>[vc_row full_width=&#8221;stretch_row_content_no_spaces&#8221;][vc_column][vc_single_image image=&#8221;28360&#8243; img_size=&#8221;full&#8221;][\/vc_column][\/vc_row][vc_row css=&#8221;.vc_custom_1535012571628{margin-top: 15px !important;padding-bottom: 15px !important;}&#8221;][vc_column][vc_column_text]<\/p>\n<h1>Viyana\u2019da Almanca \u00d6\u011fretimi<\/h1>\n<p>Viyana, Almanca konu\u015fulan en g\u00fczel \u015fehirlerden biridir. Orada sadece Avusturya k\u00fclt\u00fcr\u00fcn\u00fcn keyfini \u00e7\u0131karmakla kalmaz, ayn\u0131 zamanda Almanca \u00f6\u011frenme f\u0131rsat\u0131n\u0131 da yakalars\u0131n\u0131z. Biz bir\u00e7ok dili farkl\u0131 seviyelerde sizlere sunuyoruz.[\/vc_column_text][vc_row_inner][vc_column_inner width=&#8221;1\/2&#8243;][vc_column_text]<div class=\"BorlabsCookie _brlbs-cb-youtube\"><div class=\"_brlbs-content-blocker\"> <div class=\"_brlbs-embed _brlbs-video-youtube\"> <img class=\"_brlbs-thumbnail\" src=\"https:\/\/www.sprachschule-aktiv-wien.at\/wp-content\/plugins\/borlabs-cookie\/assets\/images\/cb-no-thumbnail.png\" alt=\"YouTube\"> <div class=\"_brlbs-caption\"> <p>Mit dem Laden des Videos akzeptieren Sie die Datenschutzerkl\u00e4rung von YouTube.<br><a href=\"https:\/\/policies.google.com\/privacy\" target=\"_blank\" rel=\"nofollow noopener noreferrer\">Mehr erfahren<\/a><\/p> <p><a class=\"_brlbs-btn _brlbs-icon-play-white\" href=\"#\" data-borlabs-cookie-unblock role=\"button\">Video laden<\/a><\/p> <p><label><input type=\"checkbox\" name=\"unblockAll\" value=\"1\" checked> <small>YouTube immer entsperren<\/small><\/label><\/p> <\/div> <\/div> <\/div><div class=\"borlabs-hide\" data-borlabs-cookie-type=\"content-blocker\" data-borlabs-cookie-id=\"youtube\"><script type=\"text\/template\">PGlmcmFtZSBzcmM9Imh0dHBzOi8vd3d3LnlvdXR1YmUtbm9jb29raWUuY29tL2VtYmVkL1h6SUl6em00SmFZIiB3aWR0aD0iMTAwJSIgaGVpZ2h0PSIzMTUiIGZyYW1lYm9yZGVyPSIwIiBhbGxvd2Z1bGxzY3JlZW49ImFsbG93ZnVsbHNjcmVlbiI+PC9pZnJhbWU+<\/script><\/div><\/div>[\/vc_column_text][\/vc_column_inner][vc_column_inner width=&#8221;1\/2&#8243;][vc_column_text]<div class=\"BorlabsCookie _brlbs-cb-youtube\"><div class=\"_brlbs-content-blocker\"> <div class=\"_brlbs-embed _brlbs-video-youtube\"> <img class=\"_brlbs-thumbnail\" src=\"https:\/\/www.sprachschule-aktiv-wien.at\/wp-content\/plugins\/borlabs-cookie\/assets\/images\/cb-no-thumbnail.png\" alt=\"YouTube\"> <div class=\"_brlbs-caption\"> <p>Mit dem Laden des Videos akzeptieren Sie die Datenschutzerkl\u00e4rung von YouTube.<br><a href=\"https:\/\/policies.google.com\/privacy\" target=\"_blank\" rel=\"nofollow noopener noreferrer\">Mehr erfahren<\/a><\/p> <p><a class=\"_brlbs-btn _brlbs-icon-play-white\" href=\"#\" data-borlabs-cookie-unblock role=\"button\">Video laden<\/a><\/p> <p><label><input type=\"checkbox\" name=\"unblockAll\" value=\"1\" checked> <small>YouTube immer entsperren<\/small><\/label><\/p> <\/div> <\/div> <\/div><div class=\"borlabs-hide\" data-borlabs-cookie-type=\"content-blocker\" data-borlabs-cookie-id=\"youtube\"><script type=\"text\/template\">PGlmcmFtZSBzcmM9Imh0dHBzOi8vd3d3LnlvdXR1YmUtbm9jb29raWUuY29tL2VtYmVkL09tbERYMXJETC13IiB3aWR0aD0iMTAwJSIgaGVpZ2h0PSIzMTUiIGZyYW1lYm9yZGVyPSIwIiBhbGxvd2Z1bGxzY3JlZW49ImFsbG93ZnVsbHNjcmVlbiI+PC9pZnJhbWU+<\/script><\/div><\/div>[\/vc_column_text][\/vc_column_inner][\/vc_row_inner][\/vc_column][\/vc_row][vc_row full_width=&#8221;stretch_row&#8221; css=&#8221;.vc_custom_1535012676765{padding-top: 15px !important;padding-bottom: 15px !important;background-color: #f9f9f9 !important;}&#8221;][vc_column width=&#8221;1\/2&#8243;][vc_column_text]<\/p>\n<h2>Ba\u015flang\u0131\u00e7 veya ileri seviyede Almanca Dersleri<\/h2>\n<p>Hangi seviyede olursan\u0131z olun ve \u00f6\u011frenme hedefiniz ne olursa olsun; size uygun kursumuz bulunmaktad\u0131r. T\u00fcm Almanca kurslar\u0131 i\u00e7in A1, A2, B1, B2, C1 ve C2 seviyeleri mevcuttur.[\/vc_column_text][\/vc_column][vc_column width=&#8221;1\/2&#8243;][vc_single_image image=&#8221;36329&#8243; img_size=&#8221;full&#8221;][\/vc_column][\/vc_row][vc_row css=&#8221;.vc_custom_1535012819034{padding-top: 15px !important;padding-bottom: 15px !important;}&#8221;][vc_column][vc_column_text]<\/p>\n<h2>Almanca yo\u011funla\u015ft\u0131r\u0131lm\u0131\u015f kurs i\u00e7in Fiyat ve Bilgiler<br \/>\n<b><\/b><\/h2>\n<p><b>Seviyeler:<\/b>\u00a0A1, A2, B1, B2, C1, C2 \u00a0(her\u00a0ay\u0131n\u00a0ilk\u00a0Pazartesi g\u00fcn\u00fc ba\u015flamaktad\u0131r).<br \/>\n<b>Kurs\u00a0ba\u015flang\u0131c\u0131:<\/b> Her\u00a0ay\u0131n\u00a0ilk Pazartesi\u00a0g\u00fcn\u00fc\u00a0(o g\u00fcn bir bayrama denk\u00a0gelirse,\u00a0o zaman ertesi g\u00fcn\u00fc\u00a0ba\u015flamaktad\u0131r)<br \/>\n<b>Kurs saatleri: <\/b>Pazartesi\u00a0\u2013\u00a0Cuma, 8:00-11:00 \/ 11:00-14:00 \/14:00-17:00 \/ 18:00-21:00. (*5 veya daha fazla kat\u0131l\u0131mc\u0131 ile: 3\u00d760 dk, 4 kat\u0131l\u0131mc\u0131 ile: 2\u00d760 dk)<br \/>\n<b>Kurs s\u00fcresi:<\/b> haftal\u0131k kat\u0131lmak m\u00fcmk\u00fcnd\u00fcr, bir seviyeyi bitirmek i\u00e7in 8 hafta gerekmektedir<br \/>\n<b>\u00dccret:<br \/>\n<\/b>1 hafta: 199 \u20ac<br \/>\n2 hafta: 349 \u20ac<br \/>\n3 hafta: 449 \u20ac<br \/>\n4 hafta: 499 \u20ac (599 \u20ac yerine)<br \/>\n8 hafta: 998 \u20ac (1198 \u20ac yerine)<\/p>\n<h2>Ak\u015fam\u00a0kursu\u00a0Fiyat ve\u00a0ba\u015flang\u0131\u00e7\u00a0terminleri hafta\u2018da\u00a02\u00a0g\u00fcn<\/h2>\n<p><b>Seviye basamaklari:<\/b> A1, A2, B1, B2, C1, C2<br \/>\n<b>Terminler<\/b>:\u00a0Pazartesi ve\u00a0\u00c7ar\u015famba\u00a0yada\u00a0Per\u015fembe\u00a0ve Sal\u0131, 14:30-16:00, 16:00-17:30, 17:30-19:00, 19:00-20:30<br \/>\n<b>\u00dccret<\/b>: 319 \u20ac<br \/>\n<b>Kurs saatleri<\/b>: Haftada 4 saat ders, 6 haftada 24 saat ders, 1 saat 45 dakika s\u00fcr\u00fcyor.<br \/>\n<b>Kurs s\u00fcresi: <\/b>6 hafta<br \/>\n[\/vc_column_text][\/vc_column][\/vc_row][vc_row full_width=&#8221;stretch_row&#8221; css=&#8221;.vc_custom_1535012847428{padding-top: 15px !important;padding-bottom: 15px !important;background-color: #f9f9f9 !important;}&#8221;][vc_column][vc_column_text]<\/p>\n<h2>S\u0131n\u0131flar k\u00fc\u00e7\u00fck gruplar halinde d\u00fczenlenmektedir<\/h2>\n<p>\u00d6\u011frenim ba\u015far\u0131s\u0131 i\u00e7in, grup boyutu \u00f6nemli bir fakt\u00f6rd\u00fcr. Gruplar ne kadar k\u00fc\u00e7\u00fck olursa, sorular\u0131n\u0131z daha kolay yan\u0131tlan\u0131r ve problemleriniz ortadan kald\u0131r\u0131labilir. Dil ile daha yo\u011fun bir ili\u015fki i\u00e7inde olursunuz ve ileri seviyeye k\u0131sa s\u00fcrede ula\u015fabilirsiniz. Bu nedenle kat\u0131l\u0131mc\u0131 say\u0131s\u0131n\u0131n 10 ki\u015fiyi a\u015fmamas\u0131na dikkat etmekteyiz.<\/p>\n<h2>\u00d6\u011fretmen belirleyici bir fakt\u00f6rd\u00fcr<\/h2>\n<p>Gruplar\u0131n boyutunun yan\u0131nda dil e\u011fitmeni de ba\u015far\u0131 i\u00e7in \u00f6nemli bir fakt\u00f6rd\u00fcr. Bir e\u011fitmen se\u00e7mek bizim i\u00e7in olduk\u00e7a zordur.<br \/>\nE\u011fitmenin ana dili \u00f6\u011freticisi olmas\u0131 ve pedagojik yeterlili\u011fi kan\u0131tlanabilir d\u00fczeyde olmas\u0131 elbette \u00f6nemlidir. Bu nedenle e\u011fitmenlerimizi b\u00fcy\u00fck \u00f6zenle se\u00e7mekteyiz.<br \/>\nBuna ek olarak, \u00f6\u011frencileri motive eden ve i\u015fbirli\u011fine y\u00f6nelten samimi, sevecen bir ki\u015fili\u011fe sahip olmal\u0131d\u0131r. B\u00f6ylece Almanca \u00f6\u011frenmek e\u011flenceli hale gelir.<\/p>\n<h2>Risk almadan kurslar\u0131m\u0131za kat\u0131labilirsiniz<\/h2>\n<p>\u0130lk olarak, do\u011fru seviyedeki kursa kat\u0131lmak \u00f6nemlidir. Bu nedenle sizlere \u00fccretsiz seviye belirleme testi sunuyoruz. Bu testi, internet \u00fczerinden evde veya Viyana&#8217;daki s\u0131n\u0131flar\u0131m\u0131zda yapabilirsiniz. B\u00f6ylece, do\u011fru seviyedeki kursu se\u00e7ti\u011finizden emin olabilirsiniz. Bu sayede seviyenizin \u00fczerinde veya alt\u0131nda olmayaca\u011f\u0131n\u0131z i\u00e7in, h\u0131zl\u0131 ilerleme kaydedersiniz.<\/p>\n<h2>Avusturya vizenizle ilgileniyoruz &#8211; Almanca Kurslar\u0131 ve vize<\/h2>\n<p>E\u011fer Avusturya&#8217;da okumak istiyorsan\u0131z ve Avusturya vatanda\u015f\u0131 veya bir AB \u00fcyesi devleti vatanda\u015f\u0131 de\u011filseniz, size vize gerekmektedir. Size vize haz\u0131rlanmas\u0131nda yard\u0131mc\u0131 olmaktay\u0131z \u00e7\u00fcnk\u00fc e\u011fer hala dil becerilerine sahip de\u011filseniz, do\u011fru formu doldurman\u0131z zor olacakt\u0131r.<\/p>\n<h2>Dil okulumuz Viyana&#8217;n\u0131n merkezinde yer almaktad\u0131r<\/h2>\n<p>Kurs yerlerimize, araba ile veya toplu ta\u015f\u0131ma ile kolayl\u0131kla ula\u015f\u0131l\u0131r.<\/p>\n<h2>Dil \u00f6\u011frenme ve daha fazlas\u0131<\/h2>\n<p>\u00d6\u011fretmenlerimizin angajmanlar\u0131 dil \u00f6\u011fretimi ile bitmiyor. Sizler i\u00e7in geziler ve e\u011flence etkinlikleri d\u00fczenlemektedir. Viyana g\u00fczel bir \u015fehir olup say\u0131s\u0131z gezilecek g\u00f6r\u00fclecek yerlere sahiptir. \u00d6\u011fretmenlerimiz sadece birer e\u011fitmen de\u011fil, ayn\u0131 zamanda sizlere Alman ve \u00f6zellikle Avusturya ya\u015fam tarz\u0131n\u0131 \u00f6\u011fretmek istemektedirler.<\/p>\n<div class=\"BorlabsCookie _brlbs-cb-googlemaps\"><div class=\"_brlbs-content-blocker\"> <div class=\"_brlbs-embed _brlbs-google-maps\"> <img class=\"_brlbs-thumbnail\" src=\"https:\/\/www.sprachschule-aktiv-wien.at\/wp-content\/plugins\/borlabs-cookie\/assets\/images\/cb-maps.png\" alt=\"Google Maps\"> <div class=\"_brlbs-caption\"> <p>Mit dem Laden der Karte akzeptieren Sie die Datenschutzerkl\u00e4rung von Google.<br><a href=\"https:\/\/policies.google.com\/privacy\" target=\"_blank\" rel=\"nofollow noopener noreferrer\">Mehr erfahren<\/a><\/p> <p><a class=\"_brlbs-btn\" href=\"#\" data-borlabs-cookie-unblock role=\"button\">Karte laden<\/a><\/p> <p><label><input type=\"checkbox\" name=\"unblockAll\" value=\"1\" checked> <small>Google Maps immer entsperren<\/small><\/label><\/p> <\/div> <\/div> <\/div><div class=\"borlabs-hide\" data-borlabs-cookie-type=\"content-blocker\" data-borlabs-cookie-id=\"googlemaps\"><script type=\"text\/template\">PHA+PGlmcmFtZSBzdHlsZT0iYm9yZGVyOiAwOyIgc3JjPSJodHRwczovL3d3dy5nb29nbGUuY29tL21hcHMvZW1iZWQ\/cGI9ITFtMTghMW0xMiExbTMhMWQyNjU5LjQwNzQxNzY4NTIyNzMhMmQxNi4zNjM2NDQ2MTU1MzkyOTMhM2Q0OC4xOTg3Njc5NTQ4NzYzNDUhMm0zITFmMCEyZjAhM2YwITNtMiExaTEwMjQhMmk3NjghNGYxMy4xITNtMyExbTIhMXMweDQ3NmQwNzg0OWRlMjAwNzElM0EweDkxOWQzNzFlMTBjNDU4MDghMnNGYXVsbWFubmdhc3NlJTIwNCUyQyUyMDEwNDAlMjBXaWVuITVlMCEzbTIhMXNkZSEyc2F0ITR2MTU4MTAwMzUzNDk4MiE1bTIhMXNkZSEyc2F0IiB3aWR0aD0iMTAwJSIgaGVpZ2h0PSIzNTAiIGZyYW1lYm9yZGVyPSIwIiBhbGxvd2Z1bGxzY3JlZW49ImFsbG93ZnVsbHNjcmVlbiI+PC9pZnJhbWU+PC9wPg==<\/script><\/div><\/div>\n<h2>Bizi deneyiniz<\/h2>\n<p>E\u011fer Almancay\u0131 Viyana gibi g\u00fczel bir \u015fehirde \u00f6\u011frenmek istiyorsan\u0131z, o zaman en yak\u0131n zamanda kaydolunuz. Herhangi bir riskiniz bulunmamaktad\u0131r. \u00c7\u00fcnk\u00fc memnun kalmad\u0131\u011f\u0131n\u0131z takdirde paran\u0131z\u0131 geri alabilirsiniz.<\/p>\n<div class=\"BorlabsCookie _brlbs-cb-youtube\"><div class=\"_brlbs-content-blocker\"> <div class=\"_brlbs-embed _brlbs-video-youtube\"> <img class=\"_brlbs-thumbnail\" src=\"https:\/\/www.sprachschule-aktiv-wien.at\/wp-content\/plugins\/borlabs-cookie\/assets\/images\/cb-no-thumbnail.png\" alt=\"YouTube\"> <div class=\"_brlbs-caption\"> <p>Mit dem Laden des Videos akzeptieren Sie die Datenschutzerkl\u00e4rung von YouTube.<br><a href=\"https:\/\/policies.google.com\/privacy\" target=\"_blank\" rel=\"nofollow noopener noreferrer\">Mehr erfahren<\/a><\/p> <p><a class=\"_brlbs-btn _brlbs-icon-play-white\" href=\"#\" data-borlabs-cookie-unblock role=\"button\">Video laden<\/a><\/p> <p><label><input type=\"checkbox\" name=\"unblockAll\" value=\"1\" checked> <small>YouTube immer entsperren<\/small><\/label><\/p> <\/div> <\/div> <\/div><div class=\"borlabs-hide\" data-borlabs-cookie-type=\"content-blocker\" data-borlabs-cookie-id=\"youtube\"><script type=\"text\/template\">PHA+PGlmcmFtZSBzcmM9Imh0dHBzOi8vd3d3LnlvdXR1YmUtbm9jb29raWUuY29tL2VtYmVkL2FvVWVzTld2aHJJIiB3aWR0aD0iMTAwJSIgaGVpZ2h0PSIzNTAiIGZyYW1lYm9yZGVyPSIwIiBhbGxvd2Z1bGxzY3JlZW49ImFsbG93ZnVsbHNjcmVlbiI+PC9pZnJhbWU+<\/script><\/div><\/div>[\/vc_column_text][\/vc_column][\/vc_row]<\/p>\n","protected":false},"excerpt":{"rendered":"<p>[vc_row full_width=&#8221;stretch_row_content_no_spaces&#8221;][vc_column][vc_single_image image=&#8221;28360&#8243; img_size=&#8221;full&#8221;][\/vc_column][\/vc_row][vc_row css=&#8221;.vc_custom_1535012571628{margin-top: 15px !important;padding-bottom: 15px !important;}&#8221;][vc_column][vc_column_text] Viyana\u2019da Almanca \u00d6\u011fretimi Viyana, Almanca konu\u015fulan en g\u00fczel \u015fehirlerden biridir. Orada sadece Avusturya k\u00fclt\u00fcr\u00fcn\u00fcn keyfini \u00e7\u0131karmakla kalmaz, ayn\u0131 zamanda Almanca \u00f6\u011frenme f\u0131rsat\u0131n\u0131 da yakalars\u0131n\u0131z. Biz bir\u00e7ok dili farkl\u0131 seviyelerde sizlere sunuyoruz.[\/vc_column_text][vc_row_inner][vc_column_inner width=&#8221;1\/2&#8243;][vc_column_text] Mit dem Laden des Videos akzeptieren Sie die Datenschutzerkl\u00e4rung von YouTube.Mehr erfahren Video laden&hellip; <a class=\"read-more\" href=\"https:\/\/www.sprachschule-aktiv-wien.at\/tr\/\" title=\"Read Viyana\u2019da Almanca \u00d6\u011fretimi\">Read more &raquo;<\/a><\/p>\n","protected":false},"author":7,"featured_media":0,"parent":0,"menu_order":0,"comment_status":"closed","ping_status":"closed","template":"","meta":{"footnotes":""},"class_list":["post-3388","page","type-page","status-publish","hentry"],"yoast_head":"<!-- This site is optimized with the Yoast SEO plugin v27.1.1 - https:\/\/yoast.com\/product\/yoast-seo-wordpress\/ -->\n<title>Viyana\u2019da Almanca \u00d6\u011fretimi - Ba\u015flang\u0131\u00e7 veya ileri seviyede<\/title>\n<meta name=\"description\" content=\"Hangi seviyede olursan\u0131z olun ve \u00f6\u011frenme hedefiniz ne olursa olsun. T\u00fcm kurslar i\u00e7in A1, A2, B1, B2, C1 ve C2 seviyeleri mevcuttur\" \/>\n<meta name=\"robots\" content=\"index, follow, max-snippet:-1, max-image-preview:large, max-video-preview:-1\" \/>\n<link rel=\"canonical\" href=\"https:\/\/www.sprachschule-aktiv-wien.at\/tr\/\" \/>\n<meta property=\"og:locale\" content=\"tr_TR\" \/>\n<meta property=\"og:type\" content=\"article\" \/>\n<meta property=\"og:title\" content=\"Viyana\u2019da Almanca \u00d6\u011fretimi - Ba\u015flang\u0131\u00e7 veya ileri seviyede\" \/>\n<meta property=\"og:description\" content=\"Hangi seviyede olursan\u0131z olun ve \u00f6\u011frenme hedefiniz ne olursa olsun. T\u00fcm kurslar i\u00e7in A1, A2, B1, B2, C1 ve C2 seviyeleri mevcuttur\" \/>\n<meta property=\"og:url\" content=\"https:\/\/www.sprachschule-aktiv-wien.at\/tr\/\" \/>\n<meta property=\"og:site_name\" content=\"Sprachschule Aktiv Wien\" \/>\n<meta property=\"article:modified_time\" content=\"2024-06-02T20:44:58+00:00\" \/>\n<meta name=\"twitter:label1\" content=\"Tahmini okuma s\u00fcresi\" \/>\n\t<meta name=\"twitter:data1\" content=\"4 dakika\" \/>\n<script type=\"application\/ld+json\" class=\"yoast-schema-graph\">{\"@context\":\"https:\/\/schema.org\",\"@graph\":[{\"@type\":\"WebPage\",\"@id\":\"https:\/\/www.sprachschule-aktiv-wien.at\/tr\/\",\"url\":\"https:\/\/www.sprachschule-aktiv-wien.at\/tr\/\",\"name\":\"Viyana\u2019da Almanca \u00d6\u011fretimi - Ba\u015flang\u0131\u00e7 veya ileri seviyede\",\"isPartOf\":{\"@id\":\"https:\/\/www.sprachschule-aktiv-wien.at\/#website\"},\"datePublished\":\"2015-02-12T08:43:10+00:00\",\"dateModified\":\"2024-06-02T20:44:58+00:00\",\"description\":\"Hangi seviyede olursan\u0131z olun ve \u00f6\u011frenme hedefiniz ne olursa olsun. T\u00fcm kurslar i\u00e7in A1, A2, B1, B2, C1 ve C2 seviyeleri mevcuttur\",\"breadcrumb\":{\"@id\":\"https:\/\/www.sprachschule-aktiv-wien.at\/tr\/#breadcrumb\"},\"inLanguage\":\"tr\",\"potentialAction\":[{\"@type\":\"ReadAction\",\"target\":[\"https:\/\/www.sprachschule-aktiv-wien.at\/tr\/\"]}]},{\"@type\":\"BreadcrumbList\",\"@id\":\"https:\/\/www.sprachschule-aktiv-wien.at\/tr\/#breadcrumb\",\"itemListElement\":[{\"@type\":\"ListItem\",\"position\":1,\"name\":\"Home\",\"item\":\"https:\/\/www.sprachschule-aktiv-wien.at\/tr\/\"},{\"@type\":\"ListItem\",\"position\":2,\"name\":\"Viyana\u2019da Almanca \u00d6\u011fretimi\"}]},{\"@type\":\"WebSite\",\"@id\":\"https:\/\/www.sprachschule-aktiv-wien.at\/#website\",\"url\":\"https:\/\/www.sprachschule-aktiv-wien.at\/\",\"name\":\"Sprachschule Aktiv Wien\",\"description\":\"\",\"potentialAction\":[{\"@type\":\"SearchAction\",\"target\":{\"@type\":\"EntryPoint\",\"urlTemplate\":\"https:\/\/www.sprachschule-aktiv-wien.at\/?s={search_term_string}\"},\"query-input\":{\"@type\":\"PropertyValueSpecification\",\"valueRequired\":true,\"valueName\":\"search_term_string\"}}],\"inLanguage\":\"tr\"}]}<\/script>\n<!-- \/ Yoast SEO plugin. -->","yoast_head_json":{"title":"Viyana\u2019da Almanca \u00d6\u011fretimi - Ba\u015flang\u0131\u00e7 veya ileri seviyede","description":"Hangi seviyede olursan\u0131z olun ve \u00f6\u011frenme hedefiniz ne olursa olsun. T\u00fcm kurslar i\u00e7in A1, A2, B1, B2, C1 ve C2 seviyeleri mevcuttur","robots":{"index":"index","follow":"follow","max-snippet":"max-snippet:-1","max-image-preview":"max-image-preview:large","max-video-preview":"max-video-preview:-1"},"canonical":"https:\/\/www.sprachschule-aktiv-wien.at\/tr\/","og_locale":"tr_TR","og_type":"article","og_title":"Viyana\u2019da Almanca \u00d6\u011fretimi - Ba\u015flang\u0131\u00e7 veya ileri seviyede","og_description":"Hangi seviyede olursan\u0131z olun ve \u00f6\u011frenme hedefiniz ne olursa olsun. T\u00fcm kurslar i\u00e7in A1, A2, B1, B2, C1 ve C2 seviyeleri mevcuttur","og_url":"https:\/\/www.sprachschule-aktiv-wien.at\/tr\/","og_site_name":"Sprachschule Aktiv Wien","article_modified_time":"2024-06-02T20:44:58+00:00","twitter_misc":{"Tahmini okuma s\u00fcresi":"4 dakika"},"schema":{"@context":"https:\/\/schema.org","@graph":[{"@type":"WebPage","@id":"https:\/\/www.sprachschule-aktiv-wien.at\/tr\/","url":"https:\/\/www.sprachschule-aktiv-wien.at\/tr\/","name":"Viyana\u2019da Almanca \u00d6\u011fretimi - Ba\u015flang\u0131\u00e7 veya ileri seviyede","isPartOf":{"@id":"https:\/\/www.sprachschule-aktiv-wien.at\/#website"},"datePublished":"2015-02-12T08:43:10+00:00","dateModified":"2024-06-02T20:44:58+00:00","description":"Hangi seviyede olursan\u0131z olun ve \u00f6\u011frenme hedefiniz ne olursa olsun. T\u00fcm kurslar i\u00e7in A1, A2, B1, B2, C1 ve C2 seviyeleri mevcuttur","breadcrumb":{"@id":"https:\/\/www.sprachschule-aktiv-wien.at\/tr\/#breadcrumb"},"inLanguage":"tr","potentialAction":[{"@type":"ReadAction","target":["https:\/\/www.sprachschule-aktiv-wien.at\/tr\/"]}]},{"@type":"BreadcrumbList","@id":"https:\/\/www.sprachschule-aktiv-wien.at\/tr\/#breadcrumb","itemListElement":[{"@type":"ListItem","position":1,"name":"Home","item":"https:\/\/www.sprachschule-aktiv-wien.at\/tr\/"},{"@type":"ListItem","position":2,"name":"Viyana\u2019da Almanca \u00d6\u011fretimi"}]},{"@type":"WebSite","@id":"https:\/\/www.sprachschule-aktiv-wien.at\/#website","url":"https:\/\/www.sprachschule-aktiv-wien.at\/","name":"Sprachschule Aktiv Wien","description":"","potentialAction":[{"@type":"SearchAction","target":{"@type":"EntryPoint","urlTemplate":"https:\/\/www.sprachschule-aktiv-wien.at\/?s={search_term_string}"},"query-input":{"@type":"PropertyValueSpecification","valueRequired":true,"valueName":"search_term_string"}}],"inLanguage":"tr"}]}},"_links":{"self":[{"href":"https:\/\/www.sprachschule-aktiv-wien.at\/tr\/wp-json\/wp\/v2\/pages\/3388","targetHints":{"allow":["GET"]}}],"collection":[{"href":"https:\/\/www.sprachschule-aktiv-wien.at\/tr\/wp-json\/wp\/v2\/pages"}],"about":[{"href":"https:\/\/www.sprachschule-aktiv-wien.at\/tr\/wp-json\/wp\/v2\/types\/page"}],"author":[{"embeddable":true,"href":"https:\/\/www.sprachschule-aktiv-wien.at\/tr\/wp-json\/wp\/v2\/users\/7"}],"replies":[{"embeddable":true,"href":"https:\/\/www.sprachschule-aktiv-wien.at\/tr\/wp-json\/wp\/v2\/comments?post=3388"}],"version-history":[{"count":46,"href":"https:\/\/www.sprachschule-aktiv-wien.at\/tr\/wp-json\/wp\/v2\/pages\/3388\/revisions"}],"predecessor-version":[{"id":42407,"href":"https:\/\/www.sprachschule-aktiv-wien.at\/tr\/wp-json\/wp\/v2\/pages\/3388\/revisions\/42407"}],"wp:attachment":[{"href":"https:\/\/www.sprachschule-aktiv-wien.at\/tr\/wp-json\/wp\/v2\/media?parent=3388"}],"curies":[{"name":"wp","href":"https:\/\/api.w.org\/{rel}","templated":true}]}}