{"id":4736,"date":"2015-02-12T08:43:10","date_gmt":"2015-02-12T08:43:10","guid":{"rendered":"https:\/\/www.sprachschule-aktiv-wien.at\/deutsch-und-fremdsprachen-lernen-wien-sprachschule-aktiv\/"},"modified":"2021-09-07T09:49:41","modified_gmt":"2021-09-07T09:49:41","slug":"ucenje-nemackog-jezika-u-becu","status":"publish","type":"page","link":"https:\/\/www.sprachschule-aktiv-wien.at\/sr\/","title":{"rendered":"Intenzivno u\u010denje nema\u010dkog jezika u Be\u010du"},"content":{"rendered":"<p>[vc_row full_width=&#8221;stretch_row_content_no_spaces&#8221;][vc_column][vc_single_image image=&#8221;28454&#8243; img_size=&#8221;full&#8221;][\/vc_column][\/vc_row][vc_row css=&#8221;.vc_custom_1535023620252{margin-top: 15px !important;padding-bottom: 15px !important;}&#8221;][vc_column][vc_column_text]<\/p>\n<h1>U\u010diti nema\u010dki jezik u Be\u010du \u2013 Kursevi nema\u010dkog jezika A1 &#8211; C2 \u2013 \u0160kola za strane jezike\/nema\u010dki jezik<\/h1>\n<p>Intenzivni kurs nema\u010dkog jezika u Be\u010du A1, A2, B1, B2, C1, C2<\/p>\n<h2>Intenzivni kursevi na svim nivoima A1 do C2 \u2013 Dostupni su slede\u0107i jezi\u010dki nivoi:<\/h2>\n<p>Intenzivni kurs nema\u010dkog jezika za po\u010detnike: A1, A2<br \/>\nIntermediat: intenzivni kursevi za B1, B2<br \/>\nIntenzivni kurs \u201cNema\u010dki za napredne\u201d: C1 i C2<\/p>\n<p>[\/vc_column_text][\/vc_column][\/vc_row][vc_row full_width=&#8221;stretch_row&#8221; css=&#8221;.vc_custom_1535023699017{padding-top: 15px !important;padding-bottom: 15px !important;background-color: #f9f9f9 !important;}&#8221;][vc_column][vc_column_text][vc_column][vc_column_text]<div class=\"BorlabsCookie _brlbs-cb-youtube\"><div class=\"_brlbs-content-blocker\"> <div class=\"_brlbs-embed _brlbs-video-youtube\"> <img class=\"_brlbs-thumbnail\" src=\"https:\/\/www.sprachschule-aktiv-wien.at\/wp-content\/plugins\/borlabs-cookie\/assets\/images\/cb-no-thumbnail.png\" alt=\"YouTube\"> <div class=\"_brlbs-caption\"> <p>Mit dem Laden des Videos akzeptieren Sie die Datenschutzerkl\u00e4rung von YouTube.<br><a href=\"https:\/\/policies.google.com\/privacy\" target=\"_blank\" rel=\"nofollow noopener noreferrer\">Mehr erfahren<\/a><\/p> <p><a class=\"_brlbs-btn _brlbs-icon-play-white\" href=\"#\" data-borlabs-cookie-unblock role=\"button\">Video laden<\/a><\/p> <p><label><input type=\"checkbox\" name=\"unblockAll\" value=\"1\" checked> <small>YouTube immer entsperren<\/small><\/label><\/p> <\/div> <\/div> <\/div><div class=\"borlabs-hide\" data-borlabs-cookie-type=\"content-blocker\" data-borlabs-cookie-id=\"youtube\"><script type=\"text\/template\">PGlmcmFtZSBzcmM9Imh0dHBzOi8vd3d3LnlvdXR1YmUtbm9jb29raWUuY29tL2VtYmVkL1h6SUl6em00SmFZIiB3aWR0aD0iMTAwJSIgaGVpZ2h0PSIzNTAiIGZyYW1lYm9yZGVyPSIwIiBhbGxvd2Z1bGxzY3JlZW49ImFsbG93ZnVsbHNjcmVlbiI+PC9pZnJhbWU+PC9wPg==<\/script><\/div><\/div>\n<h2>Mi podu\u010davamo kako po\u010detnike tako i napredne<\/h2>\n<p>Bez obzira na Va\u0161a predznanja, kod nas ste u svakom slu\u010daju na pravom mestu. Bez predznanja po\u010dinjete sa kursom za po\u010detnike. Ako imate ve\u0107 predznanja iz nema\u010dkog jezika, onda polazite odgovaraju\u0107i kurs za Va\u0161 nivo znanja. Da biste odredili Va\u0161 nivo znanja nema\u010dkog jezika, mo\u017eete pristupiti testiranju. Ako niste u Be\u010du, onda uradite test online jednostavno I udobno od svoje ku\u0107e . Ukoliko imate \u017eelju upoznati na\u0161u \u0161kolu za strane jezike u Be\u010du, onda nas jednostavno posetite u na\u0161im prostorijama.<\/p>\n<h2>Na\u0161i intenzivni kursevi nema\u010dkog jezika prepodne<\/h2>\n<p>Kurs nema\u010dkog jezika prepodne je klasika. Poha\u0111ate odabrani kurs svaki dan od 08:00 do 11:00 ili od 11:00 do 14:00 sati. Posle podne mo\u017eete ve\u017ebati gradivo ili posetiti prekrasan grad. Za osobe sa predznanjem nastava po\u010dinje svakog ponedeljka. Kurs za po\u010detnike po\u010dinje uvek prvog ponedeljka svakog meseca.<\/p>\n<h2>Nastava se odr\u017eava u malim grupama<\/h2>\n<p>Za optimalan uspeh u u\u010denju veli\u010dina grupe je odlu\u010duju\u0107i faktor. \u0160to je grupa manja, lak\u0161e je odgovoriti na Va\u0161a pitanja i otkloniti Va\u0161e probleme. Intenzivnije se bavite jezikom i br\u017ee napredujete. Iz ovog razloga pazimo na to, da veli\u010dina grupe ne pre\u0111e 10 polaznika.<\/p>\n<h2>Kurs nema\u010dkog jezika u Be\u010du \u2013 Va\u0161e prednosti<\/h2>\n<p>Anga\u017eman na\u0161ih nastavnika\/predava\u010da ne prestaje sa nastavom. Oni organizuju izlete I slobodne aktivnosti. Be\u010d je divan grad i ima bezbroj znamenitosti. Na\u0161i nastavnici ne razumeju se samo kao pedagozi, nego Vam \u017eele pribli\u017eiti na\u010din \u017eivota Nema\u010dke a posebno Austrije.<\/p>\n<h2>Pregled na\u0161ih prednosti:<\/h2>\n<p>Besplatan probni \u010das<br \/>\nPrijave online ili li\u010dno u prostorijama \u0161kole<br \/>\nKvalificirani I simpati\u010dni nastavnici \u2013 kod nas podu\u010davaju nastavnici kojima je nema\u010dki jezik maternji jezik\/izvorni govornici<br \/>\nPriznati jezi\u010dni certifikati<br \/>\nPripremni kursevni za \u00d6IF i \u00d6SD ispite, EPD (dopunski ispit) za prijem na fakultet, Goethe Zertifikat. Na\u0161i kursevi Vas pripremaju za studij na jednom od fakulteta u Austriji na nema\u010dkom jeziku, kao I za stalni boravak i austrijsko dr\u017eavljanstvo.<br \/>\nIzleti I slobodne aktivnosti nakon kursa<br \/>\nNa\u0161i kursevi su priznati za zahtev i dodelu Schengen vize<\/p>\n<h2>Certificirani kursevi nema\u010dkog jezika za boravi\u0161nu dozvolu i dr\u017eavljanstvo<\/h2>\n<p>\u00d6SD &#8211; i \u00d6IF certificirani kursevi nema\u010dkog jezika A1, A2, B1 u Be\u010du \u2013 za vizu , boravi\u0161nu dozvolu i dr\u017eavljanstvo<\/p>\n<p>Dolazite li iz inostranstva i hteli biste brzo da se integri\u0161ete u Austriji, da postanete deo radnog sveta i da se mo\u017eete razumeti na nema\u010dkom jeziku? Nudimo Vam pripremne kurseve, koji sadr\u017eajno daju poverenje za integracijski ispit, koji se pola\u017ee da bi smeli ostati u Austriji.<\/p>\n<p>\u0160kola za strane jezike Aktiv Be\u010d Vam nudi \u00d6IF ili \u00d6SD kurs koji je odgovaraju\u0107i ispitu. 4 ili 8 nedelja pre ispita ve\u017ebate sa na\u0161im profesionalnim u\u010diteljima na jednom intenzivnom kursu 5 puta nedeljno nastavne sadr\u017eaje kako za pismeni tako I za usmeni \u00d6IF ispit. Tako\u0111e \u0107e Vam preduslovi biti pobli\u017ee obja\u0161njeni. Na posletku \u0107ete mo\u0107i polo\u017eiti \u00d6SD ili \u00d6IF ispit na Va\u0161em jezi\u010dnom nivou.<\/p>\n<p>[\/vc_column_text][\/vc_column][\/vc_row]<\/p>\n","protected":false},"excerpt":{"rendered":"<p>[vc_row full_width=&#8221;stretch_row_content_no_spaces&#8221;][vc_column][vc_single_image image=&#8221;28454&#8243; img_size=&#8221;full&#8221;][\/vc_column][\/vc_row][vc_row css=&#8221;.vc_custom_1535023620252{margin-top: 15px !important;padding-bottom: 15px !important;}&#8221;][vc_column][vc_column_text] U\u010diti nema\u010dki jezik u Be\u010du \u2013 Kursevi nema\u010dkog jezika A1 &#8211; C2 \u2013 \u0160kola za strane jezike\/nema\u010dki jezik Intenzivni kurs nema\u010dkog jezika u Be\u010du A1, A2, B1, B2, C1, C2 Intenzivni kursevi na svim nivoima A1 do C2 \u2013 Dostupni su slede\u0107i jezi\u010dki nivoi: Intenzivni kurs&hellip; <a class=\"read-more\" href=\"https:\/\/www.sprachschule-aktiv-wien.at\/sr\/\" title=\"Read Intenzivno u\u010denje nema\u010dkog jezika u Be\u010du\">Read more &raquo;<\/a><\/p>\n","protected":false},"author":7,"featured_media":0,"parent":0,"menu_order":0,"comment_status":"closed","ping_status":"closed","template":"","meta":{"footnotes":""},"class_list":["post-4736","page","type-page","status-publish","hentry"],"yoast_head":"<!-- This site is optimized with the Yoast SEO plugin v27.1.1 - https:\/\/yoast.com\/product\/yoast-seo-wordpress\/ -->\n<title>U\u010denje nema\u010dkog jezika u Be\u010du - Sprachschule Aktiv Wien<\/title>\n<meta name=\"description\" content=\"Tamo mo\u017eete u\u017eivati u austrijskoj kulturi i nau\u010diti nema\u010dki jezik. Nudimo razli\u010dite modele kurseva razli\u010ditih nivoa u\u010denja jezika.\" \/>\n<meta name=\"robots\" content=\"index, follow, max-snippet:-1, max-image-preview:large, max-video-preview:-1\" \/>\n<link rel=\"canonical\" href=\"https:\/\/www.sprachschule-aktiv-wien.at\/sr\/\" \/>\n<meta property=\"og:locale\" content=\"sr_RS\" \/>\n<meta property=\"og:type\" content=\"article\" \/>\n<meta property=\"og:title\" content=\"U\u010denje nema\u010dkog jezika u Be\u010du - Sprachschule Aktiv Wien\" \/>\n<meta property=\"og:description\" content=\"Tamo mo\u017eete u\u017eivati u austrijskoj kulturi i nau\u010diti nema\u010dki jezik. Nudimo razli\u010dite modele kurseva razli\u010ditih nivoa u\u010denja jezika.\" \/>\n<meta property=\"og:url\" content=\"https:\/\/www.sprachschule-aktiv-wien.at\/sr\/\" \/>\n<meta property=\"og:site_name\" content=\"Sprachschule Aktiv Wien\" \/>\n<meta property=\"article:modified_time\" content=\"2021-09-07T09:49:41+00:00\" \/>\n<meta name=\"twitter:label1\" content=\"\u041f\u0440\u043e\u0446\u0435\u045a\u0435\u043d\u043e \u0432\u0440\u0435\u043c\u0435 \u0447\u0438\u0442\u0430\u045a\u0430\" \/>\n\t<meta name=\"twitter:data1\" content=\"3 \u043c\u0438\u043d\u0443\u0442\u0430\" \/>\n<script type=\"application\/ld+json\" class=\"yoast-schema-graph\">{\"@context\":\"https:\/\/schema.org\",\"@graph\":[{\"@type\":\"WebPage\",\"@id\":\"https:\/\/www.sprachschule-aktiv-wien.at\/sr\/\",\"url\":\"https:\/\/www.sprachschule-aktiv-wien.at\/sr\/\",\"name\":\"U\u010denje nema\u010dkog jezika u Be\u010du - Sprachschule Aktiv Wien\",\"isPartOf\":{\"@id\":\"https:\/\/www.sprachschule-aktiv-wien.at\/#website\"},\"datePublished\":\"2015-02-12T08:43:10+00:00\",\"dateModified\":\"2021-09-07T09:49:41+00:00\",\"description\":\"Tamo mo\u017eete u\u017eivati u austrijskoj kulturi i nau\u010diti nema\u010dki jezik. Nudimo razli\u010dite modele kurseva razli\u010ditih nivoa u\u010denja jezika.\",\"breadcrumb\":{\"@id\":\"https:\/\/www.sprachschule-aktiv-wien.at\/sr\/#breadcrumb\"},\"inLanguage\":\"sr-RS\",\"potentialAction\":[{\"@type\":\"ReadAction\",\"target\":[\"https:\/\/www.sprachschule-aktiv-wien.at\/sr\/\"]}]},{\"@type\":\"BreadcrumbList\",\"@id\":\"https:\/\/www.sprachschule-aktiv-wien.at\/sr\/#breadcrumb\",\"itemListElement\":[{\"@type\":\"ListItem\",\"position\":1,\"name\":\"Home\",\"item\":\"https:\/\/www.sprachschule-aktiv-wien.at\/sr\/\"},{\"@type\":\"ListItem\",\"position\":2,\"name\":\"Intenzivno u\u010denje nema\u010dkog jezika u Be\u010du\"}]},{\"@type\":\"WebSite\",\"@id\":\"https:\/\/www.sprachschule-aktiv-wien.at\/#website\",\"url\":\"https:\/\/www.sprachschule-aktiv-wien.at\/\",\"name\":\"Sprachschule Aktiv Wien\",\"description\":\"\",\"potentialAction\":[{\"@type\":\"SearchAction\",\"target\":{\"@type\":\"EntryPoint\",\"urlTemplate\":\"https:\/\/www.sprachschule-aktiv-wien.at\/?s={search_term_string}\"},\"query-input\":{\"@type\":\"PropertyValueSpecification\",\"valueRequired\":true,\"valueName\":\"search_term_string\"}}],\"inLanguage\":\"sr-RS\"}]}<\/script>\n<!-- \/ Yoast SEO plugin. -->","yoast_head_json":{"title":"U\u010denje nema\u010dkog jezika u Be\u010du - Sprachschule Aktiv Wien","description":"Tamo mo\u017eete u\u017eivati u austrijskoj kulturi i nau\u010diti nema\u010dki jezik. Nudimo razli\u010dite modele kurseva razli\u010ditih nivoa u\u010denja jezika.","robots":{"index":"index","follow":"follow","max-snippet":"max-snippet:-1","max-image-preview":"max-image-preview:large","max-video-preview":"max-video-preview:-1"},"canonical":"https:\/\/www.sprachschule-aktiv-wien.at\/sr\/","og_locale":"sr_RS","og_type":"article","og_title":"U\u010denje nema\u010dkog jezika u Be\u010du - Sprachschule Aktiv Wien","og_description":"Tamo mo\u017eete u\u017eivati u austrijskoj kulturi i nau\u010diti nema\u010dki jezik. Nudimo razli\u010dite modele kurseva razli\u010ditih nivoa u\u010denja jezika.","og_url":"https:\/\/www.sprachschule-aktiv-wien.at\/sr\/","og_site_name":"Sprachschule Aktiv Wien","article_modified_time":"2021-09-07T09:49:41+00:00","twitter_misc":{"\u041f\u0440\u043e\u0446\u0435\u045a\u0435\u043d\u043e \u0432\u0440\u0435\u043c\u0435 \u0447\u0438\u0442\u0430\u045a\u0430":"3 \u043c\u0438\u043d\u0443\u0442\u0430"},"schema":{"@context":"https:\/\/schema.org","@graph":[{"@type":"WebPage","@id":"https:\/\/www.sprachschule-aktiv-wien.at\/sr\/","url":"https:\/\/www.sprachschule-aktiv-wien.at\/sr\/","name":"U\u010denje nema\u010dkog jezika u Be\u010du - Sprachschule Aktiv Wien","isPartOf":{"@id":"https:\/\/www.sprachschule-aktiv-wien.at\/#website"},"datePublished":"2015-02-12T08:43:10+00:00","dateModified":"2021-09-07T09:49:41+00:00","description":"Tamo mo\u017eete u\u017eivati u austrijskoj kulturi i nau\u010diti nema\u010dki jezik. Nudimo razli\u010dite modele kurseva razli\u010ditih nivoa u\u010denja jezika.","breadcrumb":{"@id":"https:\/\/www.sprachschule-aktiv-wien.at\/sr\/#breadcrumb"},"inLanguage":"sr-RS","potentialAction":[{"@type":"ReadAction","target":["https:\/\/www.sprachschule-aktiv-wien.at\/sr\/"]}]},{"@type":"BreadcrumbList","@id":"https:\/\/www.sprachschule-aktiv-wien.at\/sr\/#breadcrumb","itemListElement":[{"@type":"ListItem","position":1,"name":"Home","item":"https:\/\/www.sprachschule-aktiv-wien.at\/sr\/"},{"@type":"ListItem","position":2,"name":"Intenzivno u\u010denje nema\u010dkog jezika u Be\u010du"}]},{"@type":"WebSite","@id":"https:\/\/www.sprachschule-aktiv-wien.at\/#website","url":"https:\/\/www.sprachschule-aktiv-wien.at\/","name":"Sprachschule Aktiv Wien","description":"","potentialAction":[{"@type":"SearchAction","target":{"@type":"EntryPoint","urlTemplate":"https:\/\/www.sprachschule-aktiv-wien.at\/?s={search_term_string}"},"query-input":{"@type":"PropertyValueSpecification","valueRequired":true,"valueName":"search_term_string"}}],"inLanguage":"sr-RS"}]}},"_links":{"self":[{"href":"https:\/\/www.sprachschule-aktiv-wien.at\/sr\/wp-json\/wp\/v2\/pages\/4736","targetHints":{"allow":["GET"]}}],"collection":[{"href":"https:\/\/www.sprachschule-aktiv-wien.at\/sr\/wp-json\/wp\/v2\/pages"}],"about":[{"href":"https:\/\/www.sprachschule-aktiv-wien.at\/sr\/wp-json\/wp\/v2\/types\/page"}],"author":[{"embeddable":true,"href":"https:\/\/www.sprachschule-aktiv-wien.at\/sr\/wp-json\/wp\/v2\/users\/7"}],"replies":[{"embeddable":true,"href":"https:\/\/www.sprachschule-aktiv-wien.at\/sr\/wp-json\/wp\/v2\/comments?post=4736"}],"version-history":[{"count":38,"href":"https:\/\/www.sprachschule-aktiv-wien.at\/sr\/wp-json\/wp\/v2\/pages\/4736\/revisions"}],"predecessor-version":[{"id":37349,"href":"https:\/\/www.sprachschule-aktiv-wien.at\/sr\/wp-json\/wp\/v2\/pages\/4736\/revisions\/37349"}],"wp:attachment":[{"href":"https:\/\/www.sprachschule-aktiv-wien.at\/sr\/wp-json\/wp\/v2\/media?parent=4736"}],"curies":[{"name":"wp","href":"https:\/\/api.w.org\/{rel}","templated":true}]}}