{"id":6410,"date":"2015-02-12T08:43:10","date_gmt":"2015-02-12T08:43:10","guid":{"rendered":"https:\/\/www.sprachschule-aktiv-wien.at\/deutsch-und-fremdsprachen-lernen-in-wien-sprachschule-aktiv\/"},"modified":"2024-06-02T20:54:59","modified_gmt":"2024-06-02T20:54:59","slug":"invatati-limba-germana-in-viena-sprachschule-aktiv","status":"publish","type":"page","link":"https:\/\/www.sprachschule-aktiv-wien.at\/ro\/","title":{"rendered":"\u00cenv\u0103\u021ba\u021bi limba german\u0103 \u00een Viena \u2013 Sprachschule Aktiv"},"content":{"rendered":"<p>[vc_row full_width=&#8221;stretch_row_content_no_spaces&#8221;][vc_column][vc_single_image image=&#8221;28526&#8243; img_size=&#8221;full&#8221;][\/vc_column][\/vc_row][vc_row css=&#8221;.vc_custom_1535030008093{margin-top: 15px !important;padding-bottom: 15px !important;}&#8221;][vc_column][vc_column_text]<\/p>\n<h1>\u00cenv\u0103\u021ba\u021bi limba german\u0103 \u00een Viena<\/h1>\n<p>Viena este unul dintre cele mai frumoase ora\u0219e \u00een care se vorbe\u0219te limba german\u0103. Aici v\u0103 pute\u021bi bucura nu numai la contactul nemijlocit cu cultura austriac\u0103, ci \u0219i de \u00eensu\u0219irea limbii germane. \u201e\u0218coala Aktiv\u201c v\u0103 ofer\u0103 diverse modele de cursuri la diferite niveluri.[\/vc_column_text][vc_row_inner][vc_column_inner width=&#8221;1\/2&#8243;][vc_column_text]<div class=\"BorlabsCookie _brlbs-cb-youtube\"><div class=\"_brlbs-content-blocker\"> <div class=\"_brlbs-embed _brlbs-video-youtube\"> <img class=\"_brlbs-thumbnail\" src=\"https:\/\/www.sprachschule-aktiv-wien.at\/wp-content\/plugins\/borlabs-cookie\/assets\/images\/cb-no-thumbnail.png\" alt=\"YouTube\"> <div class=\"_brlbs-caption\"> <p>Mit dem Laden des Videos akzeptieren Sie die Datenschutzerkl\u00e4rung von YouTube.<br><a href=\"https:\/\/policies.google.com\/privacy\" target=\"_blank\" rel=\"nofollow noopener noreferrer\">Mehr erfahren<\/a><\/p> <p><a class=\"_brlbs-btn _brlbs-icon-play-white\" href=\"#\" data-borlabs-cookie-unblock role=\"button\">Video laden<\/a><\/p> <p><label><input type=\"checkbox\" name=\"unblockAll\" value=\"1\" checked> <small>YouTube immer entsperren<\/small><\/label><\/p> <\/div> <\/div> <\/div><div class=\"borlabs-hide\" data-borlabs-cookie-type=\"content-blocker\" data-borlabs-cookie-id=\"youtube\"><script type=\"text\/template\">PGlmcmFtZSBzcmM9Imh0dHBzOi8vd3d3LnlvdXR1YmUtbm9jb29raWUuY29tL2VtYmVkL1h6SUl6em00SmFZIiB3aWR0aD0iMTAwJSIgaGVpZ2h0PSIzMTUiIGZyYW1lYm9yZGVyPSIwIiBhbGxvd2Z1bGxzY3JlZW49ImFsbG93ZnVsbHNjcmVlbiI+PC9pZnJhbWU+<\/script><\/div><\/div>[\/vc_column_text][\/vc_column_inner][vc_column_inner width=&#8221;1\/2&#8243;][vc_column_text]<div class=\"BorlabsCookie _brlbs-cb-youtube\"><div class=\"_brlbs-content-blocker\"> <div class=\"_brlbs-embed _brlbs-video-youtube\"> <img class=\"_brlbs-thumbnail\" src=\"https:\/\/www.sprachschule-aktiv-wien.at\/wp-content\/plugins\/borlabs-cookie\/assets\/images\/cb-no-thumbnail.png\" alt=\"YouTube\"> <div class=\"_brlbs-caption\"> <p>Mit dem Laden des Videos akzeptieren Sie die Datenschutzerkl\u00e4rung von YouTube.<br><a href=\"https:\/\/policies.google.com\/privacy\" target=\"_blank\" rel=\"nofollow noopener noreferrer\">Mehr erfahren<\/a><\/p> <p><a class=\"_brlbs-btn _brlbs-icon-play-white\" href=\"#\" data-borlabs-cookie-unblock role=\"button\">Video laden<\/a><\/p> <p><label><input type=\"checkbox\" name=\"unblockAll\" value=\"1\" checked> <small>YouTube immer entsperren<\/small><\/label><\/p> <\/div> <\/div> <\/div><div class=\"borlabs-hide\" data-borlabs-cookie-type=\"content-blocker\" data-borlabs-cookie-id=\"youtube\"><script type=\"text\/template\">PGlmcmFtZSBzcmM9Imh0dHBzOi8vd3d3LnlvdXR1YmUtbm9jb29raWUuY29tL2VtYmVkL09tbERYMXJETC13IiB3aWR0aD0iMTAwJSIgaGVpZ2h0PSIzMTUiIGZyYW1lYm9yZGVyPSIwIiBhbGxvd2Z1bGxzY3JlZW49ImFsbG93ZnVsbHNjcmVlbiI+PC9pZnJhbWU+<\/script><\/div><\/div>[\/vc_column_text][\/vc_column_inner][\/vc_row_inner][\/vc_column][\/vc_row][vc_row full_width=&#8221;stretch_row&#8221; css=&#8221;.vc_custom_1535030132358{padding-top: 15px !important;padding-bottom: 15px !important;background-color: #f9f9f9 !important;}&#8221;][vc_column][vc_column_text]<\/p>\n<h2>Lec\u021bii de limba german\u0103 pentru \u00eencep\u0103tori \u0219i avansa\u021bi<\/h2>\n<p>Nu conteaz\u0103 nivelul cuno\u0219tin\u021belor dumneavoastr\u0103 \u0219i scopul propus &#8211; noi avem cursul potrivit pentru ori\u0219icine. Cursurile sunt disponibile la nivelul: A1, A2, B1, B2, C1 \u0219i C2.<\/p>\n<h2>Cursurile noastre intensive \u00een Viena<\/h2>\n<p><strong>Durata cursurilor:<\/strong> Alegerea libera de la 1, la 48 s\u0103pt\u0103m\u00e2ni (1 p\u00e2n\u0103 la 12 luni)<br \/>\n<strong>Cursuri: <\/strong>De luni p\u00e2n\u0103 vineri (8:00\u201311:00\/11:00-14:00\/\/14:00-17:00\/18:00-21:00)<br \/>\n<strong>\u00cenceputul cursului:<\/strong> \u00cen prima Luni a lunii (dac\u0103 aceasta este o s\u0103rb\u0103toare legal\u0103, cursul va avea loc a doua zi.)<br \/>\n<strong>Sunt disponibile cursuri la stadiul de:\u00a0<\/strong>\u00cencepator: A1, A2 \/\u00a0Intermediar: B1, B2 \/\u00a0Avansat: C1 \u0219i C2<br \/>\n<strong>Pre\u021burile noastre<\/strong>:<br \/>\nPentru o s\u0103pt\u0103m\u00e2n\u0103: 199 de euro<br \/>\nPentru dou\u0103 s\u0103pt\u0103m\u00e2ni: 349 de euro<br \/>\nPentru trei s\u0103pt\u0103m\u00e2ni: 449 de euro<br \/>\nPentru o lun\u0103 \u0219i pentru fiecare lun\u0103 ata\u0219at\u0103: 499 de euroi<\/p>\n<p>[\/vc_column_text][\/vc_column][\/vc_row][vc_row css=&#8221;.vc_custom_1535030272056{padding-top: 15px !important;padding-bottom: 15px !important;}&#8221;][vc_column][vc_column_text]<\/p>\n<h2>Studiul se desf\u0103\u0219oar\u0103 \u00een cercuri restr\u00e2nse<\/h2>\n<p>Pentru succesul optim al asimil\u0103rii, dimensiunea grupului este un factor important. Cu c\u00e2t grupul este mai mic, cu at\u00e2t mai u\u0219or se poate r\u0103spunde la problemele dvs. pot fi abordate mai eficient. V\u0103 ocupa\u021bi mai intens cu materia \u0219i face\u021bi progrese rapide. Din acest motiv, ne asiguram ca grupul s\u0103 nu dep\u0103\u0219easc\u0103 num\u0103rul de zece participan\u021bi.<\/p>\n<h2>Profesorul este un factor decisiv<\/h2>\n<p>Pe l\u00e2ng\u0103 configura\u021bia grupului, profesorul r\u0103m\u00e2ne \u00een schimb factorul cheie pentru reu\u0219it\u0103. Alegerea unui profesor nu este u\u0219oar\u0103. Este important, bine\u00een\u021beles, sa fie un vorbitor nativ care s\u0103 \u00eentruneasc\u0103 aptitudini pedagogice. Mai departe, acesta trebuie sa fie o personalitate prietenoasa, care s\u0103 motiveze studen\u021bii ncurajeze s\u0103 coopereze. Deci va fi distractiv \u0219i v\u0103 va face pl\u0103cere s\u0103 v\u0103 articula\u021bi \u00een german\u0103.<\/p>\n<h2>Cursuri de limba german\u0103 \u00een Viena, zona central\u0103<\/h2>\n<p>S\u0103lile de clas\u0103 sunt foarte confortabile iar sediul nostru u\u0219or accesibil cu ma\u0219ina sau cu mijloacele de transport \u00een comun.<\/p>\n<h2>\u00censu\u0219ire limbilor str\u0103ine \u0219i a altor cuno\u0219tin\u021be<\/h2>\n<p>Angajamentul profesorilor no\u0219tri nu se opre\u0219te doar la predarea limbilor str\u0103ine. Ace\u0219tia organizeaz\u0103 excursii \u0219i activit\u0103\u021bi de agrement. Viena este un ora\u0219 foarte frumos \u0219i exist\u0103 nenum\u0103rate atrac\u021bii care a\u0219teapt\u0103 s\u0103 fie descoperite de dumneavoastr\u0103. Profesorii no\u0219tri nu se v\u0103d doar ca pedagogi, ci sunt dornici sa v\u0103 prezinte modul de via\u021b\u0103 german \u0219i mai ales cel austriac.<\/p>\n<h2>Cursuri de limb\u0103 german\u0103 cu or\u0103 de prob\u0103 \u0219i test de clasificare gratuite.<\/h2>\n<p>Dac\u0103 dori\u021bi s\u0103 \u00eenv\u0103\u021ba\u021bi germana \u00een minunatul ora\u0219 Viena, \u00eenscrie\u021bi-v\u0103 cel mai bine de \u00eendat\u0103.<br \/>\nDac\u0103 nu \u0219ti\u021bi la ce nivel v\u0103 afla\u021bi sau care curs s\u0103 alege\u021bi, v\u0103 punem la dispozi\u021bie o prob\u0103, 45 minute gratis.<br \/>\nBa mai mult, dac\u0103 dori\u021bi anticipat care este cursul potrivit pentru dumneavoastr\u0103, pute\u021bi participa gratuit un test de clasificare. Acest test se poate efectua on-line sau ne pute\u021bi bine\u00een\u021beles vizita pentru acest lucru.<br \/>\nPersonal experimentat va evalua nivelul dumneavoastra actual \u0219i v\u0103 \u00eendruma spre cursul cel mai potrivit.<\/p>\n<div class=\"BorlabsCookie _brlbs-cb-googlemaps\"><div class=\"_brlbs-content-blocker\"> <div class=\"_brlbs-embed _brlbs-google-maps\"> <img class=\"_brlbs-thumbnail\" src=\"https:\/\/www.sprachschule-aktiv-wien.at\/wp-content\/plugins\/borlabs-cookie\/assets\/images\/cb-maps.png\" alt=\"Google Maps\"> <div class=\"_brlbs-caption\"> <p>Mit dem Laden der Karte akzeptieren Sie die Datenschutzerkl\u00e4rung von Google.<br><a href=\"https:\/\/policies.google.com\/privacy\" target=\"_blank\" rel=\"nofollow noopener noreferrer\">Mehr erfahren<\/a><\/p> <p><a class=\"_brlbs-btn\" href=\"#\" data-borlabs-cookie-unblock role=\"button\">Karte laden<\/a><\/p> <p><label><input type=\"checkbox\" name=\"unblockAll\" value=\"1\" checked> <small>Google Maps immer entsperren<\/small><\/label><\/p> <\/div> <\/div> <\/div><div class=\"borlabs-hide\" data-borlabs-cookie-type=\"content-blocker\" data-borlabs-cookie-id=\"googlemaps\"><script type=\"text\/template\">PHA+PGlmcmFtZSBzdHlsZT0iYm9yZGVyOiAwOyIgc3JjPSJodHRwczovL3d3dy5nb29nbGUuY29tL21hcHMvZW1iZWQ\/cGI9ITFtMTghMW0xMiExbTMhMWQyNjU5LjQwNzQxNzY4NTIyNzMhMmQxNi4zNjM2NDQ2MTU1MzkyOTMhM2Q0OC4xOTg3Njc5NTQ4NzYzNDUhMm0zITFmMCEyZjAhM2YwITNtMiExaTEwMjQhMmk3NjghNGYxMy4xITNtMyExbTIhMXMweDQ3NmQwNzg0OWRlMjAwNzElM0EweDkxOWQzNzFlMTBjNDU4MDghMnNGYXVsbWFubmdhc3NlJTIwNCUyQyUyMDEwNDAlMjBXaWVuITVlMCEzbTIhMXNkZSEyc2F0ITR2MTU4MTAwMzUzNDk4MiE1bTIhMXNkZSEyc2F0IiB3aWR0aD0iMTAwJSIgaGVpZ2h0PSIzNTAiIGZyYW1lYm9yZGVyPSIwIiBhbGxvd2Z1bGxzY3JlZW49ImFsbG93ZnVsbHNjcmVlbiI+PC9pZnJhbWU+PC9wPg==<\/script><\/div><\/div>\n<h2>Testati-ne<\/h2>\n<p>Dac\u0103 dori\u021bi s\u0103 \u00eenv\u0103\u021ba\u021bi limba german\u0103 \u00een frumosul ora\u0219 Viena, \u00eenregistra\u021bi-v\u0103 acum. Nu riscati nimic. Dac\u0103 cursul nu este pe placul dumneavoastr\u0103, atunci ve\u021bi primi banii \u00eenapoi.<\/p>\n<div class=\"BorlabsCookie _brlbs-cb-youtube\"><div class=\"_brlbs-content-blocker\"> <div class=\"_brlbs-embed _brlbs-video-youtube\"> <img class=\"_brlbs-thumbnail\" src=\"https:\/\/www.sprachschule-aktiv-wien.at\/wp-content\/plugins\/borlabs-cookie\/assets\/images\/cb-no-thumbnail.png\" alt=\"YouTube\"> <div class=\"_brlbs-caption\"> <p>Mit dem Laden des Videos akzeptieren Sie die Datenschutzerkl\u00e4rung von YouTube.<br><a href=\"https:\/\/policies.google.com\/privacy\" target=\"_blank\" rel=\"nofollow noopener noreferrer\">Mehr erfahren<\/a><\/p> <p><a class=\"_brlbs-btn _brlbs-icon-play-white\" href=\"#\" data-borlabs-cookie-unblock role=\"button\">Video laden<\/a><\/p> <p><label><input type=\"checkbox\" name=\"unblockAll\" value=\"1\" checked> <small>YouTube immer entsperren<\/small><\/label><\/p> <\/div> <\/div> <\/div><div class=\"borlabs-hide\" data-borlabs-cookie-type=\"content-blocker\" data-borlabs-cookie-id=\"youtube\"><script type=\"text\/template\">PHA+PGlmcmFtZSBzcmM9Imh0dHBzOi8vd3d3LnlvdXR1YmUtbm9jb29raWUuY29tL2VtYmVkL2FvVWVzTld2aHJJIiB3aWR0aD0iMTAwJSIgaGVpZ2h0PSIzNTAiIGZyYW1lYm9yZGVyPSIwIiBhbGxvd2Z1bGxzY3JlZW49ImFsbG93ZnVsbHNjcmVlbiI+PC9pZnJhbWU+<\/script><\/div><\/div>[\/vc_column_text][\/vc_column][\/vc_row]<\/p>\n","protected":false},"excerpt":{"rendered":"<p>[vc_row full_width=&#8221;stretch_row_content_no_spaces&#8221;][vc_column][vc_single_image image=&#8221;28526&#8243; img_size=&#8221;full&#8221;][\/vc_column][\/vc_row][vc_row css=&#8221;.vc_custom_1535030008093{margin-top: 15px !important;padding-bottom: 15px !important;}&#8221;][vc_column][vc_column_text] \u00cenv\u0103\u021ba\u021bi limba german\u0103 \u00een Viena Viena este unul dintre cele mai frumoase ora\u0219e \u00een care se vorbe\u0219te limba german\u0103. Aici v\u0103 pute\u021bi bucura nu numai la contactul nemijlocit cu cultura austriac\u0103, ci \u0219i de \u00eensu\u0219irea limbii germane. \u201e\u0218coala Aktiv\u201c v\u0103 ofer\u0103 diverse modele de cursuri la&hellip; <a class=\"read-more\" href=\"https:\/\/www.sprachschule-aktiv-wien.at\/ro\/\" title=\"Read \u00cenv\u0103\u021ba\u021bi limba german\u0103 \u00een Viena \u2013 Sprachschule Aktiv\">Read more &raquo;<\/a><\/p>\n","protected":false},"author":7,"featured_media":0,"parent":0,"menu_order":0,"comment_status":"closed","ping_status":"closed","template":"","meta":{"footnotes":""},"class_list":["post-6410","page","type-page","status-publish","hentry"],"yoast_head":"<!-- This site is optimized with the Yoast SEO plugin v27.1.1 - https:\/\/yoast.com\/product\/yoast-seo-wordpress\/ -->\n<title>Invatati limba german\u0103 \u00een Viena - Sprachschule Aktiv<\/title>\n<meta name=\"description\" content=\"Viena este unul dintre cele mai frumoase orase unde se vorbeste limba germana. Oferim diferite modele de curs la diferite niveluri de limba.\" \/>\n<meta name=\"robots\" content=\"index, follow, max-snippet:-1, max-image-preview:large, max-video-preview:-1\" \/>\n<link rel=\"canonical\" href=\"https:\/\/www.sprachschule-aktiv-wien.at\/ro\/\" \/>\n<meta property=\"og:locale\" content=\"ro_RO\" \/>\n<meta property=\"og:type\" content=\"article\" \/>\n<meta property=\"og:title\" content=\"Invatati limba german\u0103 \u00een Viena - Sprachschule Aktiv\" \/>\n<meta property=\"og:description\" content=\"Viena este unul dintre cele mai frumoase orase unde se vorbeste limba germana. Oferim diferite modele de curs la diferite niveluri de limba.\" \/>\n<meta property=\"og:url\" content=\"https:\/\/www.sprachschule-aktiv-wien.at\/ro\/\" \/>\n<meta property=\"og:site_name\" content=\"Sprachschule Aktiv Wien\" \/>\n<meta property=\"article:modified_time\" content=\"2024-06-02T20:54:59+00:00\" \/>\n<meta name=\"twitter:label1\" content=\"Timp estimat pentru citire\" \/>\n\t<meta name=\"twitter:data1\" content=\"4 minute\" \/>\n<script type=\"application\/ld+json\" class=\"yoast-schema-graph\">{\"@context\":\"https:\/\/schema.org\",\"@graph\":[{\"@type\":\"WebPage\",\"@id\":\"https:\/\/www.sprachschule-aktiv-wien.at\/ro\/\",\"url\":\"https:\/\/www.sprachschule-aktiv-wien.at\/ro\/\",\"name\":\"Invatati limba german\u0103 \u00een Viena - Sprachschule Aktiv\",\"isPartOf\":{\"@id\":\"https:\/\/www.sprachschule-aktiv-wien.at\/#website\"},\"datePublished\":\"2015-02-12T08:43:10+00:00\",\"dateModified\":\"2024-06-02T20:54:59+00:00\",\"description\":\"Viena este unul dintre cele mai frumoase orase unde se vorbeste limba germana. Oferim diferite modele de curs la diferite niveluri de limba.\",\"breadcrumb\":{\"@id\":\"https:\/\/www.sprachschule-aktiv-wien.at\/ro\/#breadcrumb\"},\"inLanguage\":\"ro-RO\",\"potentialAction\":[{\"@type\":\"ReadAction\",\"target\":[\"https:\/\/www.sprachschule-aktiv-wien.at\/ro\/\"]}]},{\"@type\":\"BreadcrumbList\",\"@id\":\"https:\/\/www.sprachschule-aktiv-wien.at\/ro\/#breadcrumb\",\"itemListElement\":[{\"@type\":\"ListItem\",\"position\":1,\"name\":\"Home\",\"item\":\"https:\/\/www.sprachschule-aktiv-wien.at\/ro\/\"},{\"@type\":\"ListItem\",\"position\":2,\"name\":\"\u00cenv\u0103\u021ba\u021bi limba german\u0103 \u00een Viena \u2013 Sprachschule Aktiv\"}]},{\"@type\":\"WebSite\",\"@id\":\"https:\/\/www.sprachschule-aktiv-wien.at\/#website\",\"url\":\"https:\/\/www.sprachschule-aktiv-wien.at\/\",\"name\":\"Sprachschule Aktiv Wien\",\"description\":\"\",\"potentialAction\":[{\"@type\":\"SearchAction\",\"target\":{\"@type\":\"EntryPoint\",\"urlTemplate\":\"https:\/\/www.sprachschule-aktiv-wien.at\/?s={search_term_string}\"},\"query-input\":{\"@type\":\"PropertyValueSpecification\",\"valueRequired\":true,\"valueName\":\"search_term_string\"}}],\"inLanguage\":\"ro-RO\"}]}<\/script>\n<!-- \/ Yoast SEO plugin. -->","yoast_head_json":{"title":"Invatati limba german\u0103 \u00een Viena - Sprachschule Aktiv","description":"Viena este unul dintre cele mai frumoase orase unde se vorbeste limba germana. Oferim diferite modele de curs la diferite niveluri de limba.","robots":{"index":"index","follow":"follow","max-snippet":"max-snippet:-1","max-image-preview":"max-image-preview:large","max-video-preview":"max-video-preview:-1"},"canonical":"https:\/\/www.sprachschule-aktiv-wien.at\/ro\/","og_locale":"ro_RO","og_type":"article","og_title":"Invatati limba german\u0103 \u00een Viena - Sprachschule Aktiv","og_description":"Viena este unul dintre cele mai frumoase orase unde se vorbeste limba germana. Oferim diferite modele de curs la diferite niveluri de limba.","og_url":"https:\/\/www.sprachschule-aktiv-wien.at\/ro\/","og_site_name":"Sprachschule Aktiv Wien","article_modified_time":"2024-06-02T20:54:59+00:00","twitter_misc":{"Timp estimat pentru citire":"4 minute"},"schema":{"@context":"https:\/\/schema.org","@graph":[{"@type":"WebPage","@id":"https:\/\/www.sprachschule-aktiv-wien.at\/ro\/","url":"https:\/\/www.sprachschule-aktiv-wien.at\/ro\/","name":"Invatati limba german\u0103 \u00een Viena - Sprachschule Aktiv","isPartOf":{"@id":"https:\/\/www.sprachschule-aktiv-wien.at\/#website"},"datePublished":"2015-02-12T08:43:10+00:00","dateModified":"2024-06-02T20:54:59+00:00","description":"Viena este unul dintre cele mai frumoase orase unde se vorbeste limba germana. Oferim diferite modele de curs la diferite niveluri de limba.","breadcrumb":{"@id":"https:\/\/www.sprachschule-aktiv-wien.at\/ro\/#breadcrumb"},"inLanguage":"ro-RO","potentialAction":[{"@type":"ReadAction","target":["https:\/\/www.sprachschule-aktiv-wien.at\/ro\/"]}]},{"@type":"BreadcrumbList","@id":"https:\/\/www.sprachschule-aktiv-wien.at\/ro\/#breadcrumb","itemListElement":[{"@type":"ListItem","position":1,"name":"Home","item":"https:\/\/www.sprachschule-aktiv-wien.at\/ro\/"},{"@type":"ListItem","position":2,"name":"\u00cenv\u0103\u021ba\u021bi limba german\u0103 \u00een Viena \u2013 Sprachschule Aktiv"}]},{"@type":"WebSite","@id":"https:\/\/www.sprachschule-aktiv-wien.at\/#website","url":"https:\/\/www.sprachschule-aktiv-wien.at\/","name":"Sprachschule Aktiv Wien","description":"","potentialAction":[{"@type":"SearchAction","target":{"@type":"EntryPoint","urlTemplate":"https:\/\/www.sprachschule-aktiv-wien.at\/?s={search_term_string}"},"query-input":{"@type":"PropertyValueSpecification","valueRequired":true,"valueName":"search_term_string"}}],"inLanguage":"ro-RO"}]}},"_links":{"self":[{"href":"https:\/\/www.sprachschule-aktiv-wien.at\/ro\/wp-json\/wp\/v2\/pages\/6410","targetHints":{"allow":["GET"]}}],"collection":[{"href":"https:\/\/www.sprachschule-aktiv-wien.at\/ro\/wp-json\/wp\/v2\/pages"}],"about":[{"href":"https:\/\/www.sprachschule-aktiv-wien.at\/ro\/wp-json\/wp\/v2\/types\/page"}],"author":[{"embeddable":true,"href":"https:\/\/www.sprachschule-aktiv-wien.at\/ro\/wp-json\/wp\/v2\/users\/7"}],"replies":[{"embeddable":true,"href":"https:\/\/www.sprachschule-aktiv-wien.at\/ro\/wp-json\/wp\/v2\/comments?post=6410"}],"version-history":[{"count":36,"href":"https:\/\/www.sprachschule-aktiv-wien.at\/ro\/wp-json\/wp\/v2\/pages\/6410\/revisions"}],"predecessor-version":[{"id":42413,"href":"https:\/\/www.sprachschule-aktiv-wien.at\/ro\/wp-json\/wp\/v2\/pages\/6410\/revisions\/42413"}],"wp:attachment":[{"href":"https:\/\/www.sprachschule-aktiv-wien.at\/ro\/wp-json\/wp\/v2\/media?parent=6410"}],"curies":[{"name":"wp","href":"https:\/\/api.w.org\/{rel}","templated":true}]}}