{"id":4772,"date":"2015-02-12T08:43:10","date_gmt":"2015-02-12T08:43:10","guid":{"rendered":"https:\/\/www.sprachschule-aktiv-wien.at\/deutsch-und-fremdsprachen-lernen-wien-sprachschule-aktiv\/"},"modified":"2024-06-02T21:04:07","modified_gmt":"2024-06-02T21:04:07","slug":"naucz-sie-jezyka-niemieckiego-w-wiedniu","status":"publish","type":"page","link":"https:\/\/www.sprachschule-aktiv-wien.at\/pl\/","title":{"rendered":"Naucz si\u0119 j\u0119zyka niemieckiego w Wiedniu"},"content":{"rendered":"<p>[vc_row full_width=&#8221;stretch_row_content_no_spaces&#8221;][vc_column][vc_single_image image=&#8221;28477&#8243; img_size=&#8221;full&#8221;][\/vc_column][\/vc_row][vc_row css=&#8221;.vc_custom_1535028948959{margin-top: 15px !important;padding-bottom: 15px !important;}&#8221;][vc_column][vc_column_text]<\/p>\n<h1>Naucz si\u0119 j\u0119zyka niemieckiego w Wiedniu<\/h1>\n<p>Wiede\u0144 to jedno z najpi\u0119kniejszych niemieckoj\u0119zycznych miast. Mo\u017cesz tutaj nie tylko cieszy\u0107 si\u0119 austriack\u0105 kultur\u0105, lecz tak\u017ce nauczy\u0107 si\u0119 j\u0119zyka niemieckiego. Oferujemy naszym uczniom rozmaite modele kurs\u00f3w na r\u00f3\u017cnych poziomach.[\/vc_column_text][vc_row_inner][vc_column_inner width=&#8221;1\/2&#8243;][vc_column_text]<div class=\"BorlabsCookie _brlbs-cb-youtube\"><div class=\"_brlbs-content-blocker\"> <div class=\"_brlbs-embed _brlbs-video-youtube\"> <img class=\"_brlbs-thumbnail\" src=\"https:\/\/www.sprachschule-aktiv-wien.at\/wp-content\/plugins\/borlabs-cookie\/assets\/images\/cb-no-thumbnail.png\" alt=\"YouTube\"> <div class=\"_brlbs-caption\"> <p>Mit dem Laden des Videos akzeptieren Sie die Datenschutzerkl\u00e4rung von YouTube.<br><a href=\"https:\/\/policies.google.com\/privacy\" target=\"_blank\" rel=\"nofollow noopener noreferrer\">Mehr erfahren<\/a><\/p> <p><a class=\"_brlbs-btn _brlbs-icon-play-white\" href=\"#\" data-borlabs-cookie-unblock role=\"button\">Video laden<\/a><\/p> <p><label><input type=\"checkbox\" name=\"unblockAll\" value=\"1\" checked> <small>YouTube immer entsperren<\/small><\/label><\/p> <\/div> <\/div> <\/div><div class=\"borlabs-hide\" data-borlabs-cookie-type=\"content-blocker\" data-borlabs-cookie-id=\"youtube\"><script type=\"text\/template\">PGlmcmFtZSBzcmM9Imh0dHBzOi8vd3d3LnlvdXR1YmUtbm9jb29raWUuY29tL2VtYmVkL09tbERYMXJETC13IiB3aWR0aD0iMTAwJSIgaGVpZ2h0PSIzMTUiIGZyYW1lYm9yZGVyPSIwIiBhbGxvd2Z1bGxzY3JlZW49ImFsbG93ZnVsbHNjcmVlbiI+PC9pZnJhbWU+<\/script><\/div><\/div>[\/vc_column_text][\/vc_column_inner][vc_column_inner width=&#8221;1\/2&#8243;][vc_column_text]<div class=\"BorlabsCookie _brlbs-cb-youtube\"><div class=\"_brlbs-content-blocker\"> <div class=\"_brlbs-embed _brlbs-video-youtube\"> <img class=\"_brlbs-thumbnail\" src=\"https:\/\/www.sprachschule-aktiv-wien.at\/wp-content\/plugins\/borlabs-cookie\/assets\/images\/cb-no-thumbnail.png\" alt=\"YouTube\"> <div class=\"_brlbs-caption\"> <p>Mit dem Laden des Videos akzeptieren Sie die Datenschutzerkl\u00e4rung von YouTube.<br><a href=\"https:\/\/policies.google.com\/privacy\" target=\"_blank\" rel=\"nofollow noopener noreferrer\">Mehr erfahren<\/a><\/p> <p><a class=\"_brlbs-btn _brlbs-icon-play-white\" href=\"#\" data-borlabs-cookie-unblock role=\"button\">Video laden<\/a><\/p> <p><label><input type=\"checkbox\" name=\"unblockAll\" value=\"1\" checked> <small>YouTube immer entsperren<\/small><\/label><\/p> <\/div> <\/div> <\/div><div class=\"borlabs-hide\" data-borlabs-cookie-type=\"content-blocker\" data-borlabs-cookie-id=\"youtube\"><script type=\"text\/template\">PGlmcmFtZSBzcmM9Imh0dHBzOi8vd3d3LnlvdXR1YmUtbm9jb29raWUuY29tL2VtYmVkL0xoREdzOVNHUFRvIiB3aWR0aD0iMTAwJSIgaGVpZ2h0PSIzMTUiIGZyYW1lYm9yZGVyPSIwIiBhbGxvd2Z1bGxzY3JlZW49ImFsbG93ZnVsbHNjcmVlbiI+PC9pZnJhbWU+<\/script><\/div><\/div>[\/vc_column_text][\/vc_column_inner][\/vc_row_inner][\/vc_column][\/vc_row][vc_row full_width=&#8221;stretch_row&#8221; css=&#8221;.vc_custom_1535029043700{padding-top: 15px !important;padding-bottom: 15px !important;background-color: #f9f9f9 !important;}&#8221;][vc_column][vc_column_text]<\/p>\n<h2>Lekcje j\u0119zyka niemieckiego dla pocz\u0105tkuj\u0105cych lub zaawansowanych<\/h2>\n<p>Niezale\u017cnie od tego, jaki jest Tw\u00f3j aktualny poziom oraz do jakiego celu d\u0105\u017cysz \u2013 z pewno\u015bci\u0105 znajdziemy dla Ciebie odpowiedni kurs. Wszystkie nasze kursy s\u0105 dost\u0119pne na poziomach A1, A2, B1, B2, C1 i C2.<\/p>\n<h2>Nasze intensywne kursy w Wiedniu<\/h2>\n<p>Klasyczny intensywny kurs j\u0119zyka niemieckiego to zaj\u0119cia przed po\u0142udniem. Odbywaj\u0105 si\u0119 one codziennie od godz. 8:00 do 11:00 \/ od godz. 11:00 do 14:00. Po po\u0142udniu uczniowie maj\u0105 czas na powtarzanie materia\u0142u i zwiedzanie tego niezwyk\u0142ego miasta. Osoby, kt\u00f3re uczy\u0142y si\u0119 ju\u017c j\u0119zyka niemieckiego, mog\u0105 rozpocz\u0105\u0107 kurs w ka\u017cdy poniedzia\u0142ek. Kurs dla pocz\u0105tkuj\u0105cych zaczyna si\u0119 natomiast zawsze w pierwszy poniedzia\u0142ek miesi\u0105ca. D\u0142ugo\u015b\u0107 kursu mo\u017cesz elastycznie dostosowa\u0107 do w\u0142asnych potrzeb. Kurs mo\u017ce trwa\u0107 od 1 do 48 tygodni (od 1 do 12 miesi\u0119cy).<\/p>\n<p><strong>Poziom:<\/strong> A1, A2, B1, B2, C1, C2<br \/>\n<strong>Zaj\u0119cia:<\/strong> od poniedzia\u0142ku do pi\u0105tku, godzina 08:00-11:00 \/ 11:00\u201314:00 \/ 14:00\u201317:00 \/ 18:00\u201321:00\u00a0(*codziennie od 5 os\u00f3b w grupie: 3&#215;60 min., do 4 os\u00f3b w grupie: 2x 60 minut)<br \/>\n<strong>D\u0142ugo\u015b\u0107 kursu:<\/strong> 4 tygodnie dla poziom\u00f3w A1, A2, B1, C1 oraz C2 \/ 8 tygodni dla poziom\u00f3w B2<br \/>\n<strong>Cena kursu:<br \/>\n<\/strong>1 tydzie\u0144: 199 \u20ac<br \/>\n2 tygodnie: 349 \u20ac<br \/>\n3 tygodnie: 449 \u20ac<br \/>\n4 tygodnie: 499 \u20ac<br \/>\n8 tygodni: 998 \u20ac<\/p>\n<p><strong>Oferujemy kursy na nast\u0119puj\u0105cych poziomach<\/strong>:<br \/>\nDla pocz\u0105tkuj\u0105cych: A1, A2<br \/>\nDla \u015brednio zaawansowanych: B1, B2<br \/>\nDla zaawansowanych: C1 i C2<\/p>\n<p>[\/vc_column_text][\/vc_column][\/vc_row][vc_row css=&#8221;.vc_custom_1535029085314{padding-top: 15px !important;padding-bottom: 15px !important;}&#8221;][vc_column][vc_column_text]<\/p>\n<h2>Zaj\u0119cia odbywaj\u0105 si\u0119 w ma\u0142ych grupach<\/h2>\n<p>Wielko\u015b\u0107 grup jest jednym z czynnik\u00f3w, kt\u00f3re decyduj\u0105 o osi\u0105gni\u0119ciu sukcesu w nauce j\u0119zyka. Im mniej liczna grupa, tym \u0142atwiej jest nauczycielowi odpowiada\u0107 na pytania uczni\u00f3w i pomaga\u0107 im w rozwi\u0105zywaniu problem\u00f3w. Poza tym uczestnicy kursu maj\u0105 bardziej intensywny kontakt z j\u0119zykiem i szybko osi\u0105gaj\u0105 post\u0119py. Dlatego k\u0142adziemy du\u017cy nacisk na to, aby liczba uczni\u00f3w w grupie nie przekracza\u0142a dziesi\u0119ciu os\u00f3b<\/p>\n<h2>Decyduj\u0105ca rola nauczycieli<\/h2>\n<p>Poza wielko\u015bci\u0105 grupy decyduj\u0105c\u0105 rol\u0119 dla osi\u0105gni\u0119cia sukcesu w nauce j\u0119zyka odgrywaj\u0105 nauczyciele. Stawiamy im naprawd\u0119 wysokie wymagania. Wa\u017cne jest oczywi\u015bcie, aby byli to rodzimi u\u017cytkownicy j\u0119zyka, kt\u00f3rzy mog\u0105 pochwali\u0107 si\u0119 kwalifikacjami w dziedzinie nauczania. Ponadto zale\u017cy nam na zatrudnianiu sympatycznych os\u00f3b, kt\u00f3re b\u0119d\u0105 potrafi\u0142y zmotywowa\u0107 i zach\u0119ci\u0107 uczni\u00f3w do wsp\u00f3\u0142pracy \u2013 tak, aby m\u00f3wienie po niemiecku sprawia\u0142o im przyjemno\u015b\u0107.<\/p>\n<h2>Kursy bez ryzyka<\/h2>\n<p>Wa\u017cne jest przede wszystkim to, aby zdecydowa\u0107 si\u0119 na w\u0142a\u015bciwy kurs. Dlatego te\u017c oferujemy naszym uczniom bezp\u0142atny test poziomuj\u0105cy. Mo\u017cesz zrobi\u0107 go w domu przez internet lub w naszej szkole w Wiedniu. Dzi\u0119ki wynikom testu dowiesz si\u0119, kt\u00f3ry kurs b\u0119dzie dla Ciebie najlepszy. Wyb\u00f3r w\u0142a\u015bciwego kursu pozwoli Ci na osi\u0105ganie szybkich post\u0119p\u00f3w dzi\u0119ki temu, \u017ce b\u0119d\u0105 stawiane Ci optymalne wymagania.<\/p>\n<h2>Pomo\u017cemy Ci w uzyskaniu wizy do Austrii \u2013 kurs j\u0119zyka niemieckiego z wiz\u0105<\/h2>\n<p>Je\u015bli chcesz studiowa\u0107 w Austrii i jeste\u015b obywatelem pa\u0144stwa nieb\u0119d\u0105cego cz\u0142onkiem Unii Europejskiej, potrzebujesz wizy. Pomo\u017cemy Ci w jej uzyskaniu. Je\u015bli nie znasz jeszcze j\u0119zyka niemieckiego, mo\u017cesz mie\u0107 problemy z poprawnym wype\u0142nieniem formularza.<\/p>\n<h2>Nasza szko\u0142a znajduje si\u0119 w centrum Wiednia<\/h2>\n<p>Bez problemu dojedziesz do nas samochodem lub \u015brodkami komunikacji miejskiej.<\/p>\n<div class=\"BorlabsCookie _brlbs-cb-googlemaps\"><div class=\"_brlbs-content-blocker\"> <div class=\"_brlbs-embed _brlbs-google-maps\"> <img class=\"_brlbs-thumbnail\" src=\"https:\/\/www.sprachschule-aktiv-wien.at\/wp-content\/plugins\/borlabs-cookie\/assets\/images\/cb-maps.png\" alt=\"Google Maps\"> <div class=\"_brlbs-caption\"> <p>Mit dem Laden der Karte akzeptieren Sie die Datenschutzerkl\u00e4rung von Google.<br><a href=\"https:\/\/policies.google.com\/privacy\" target=\"_blank\" rel=\"nofollow noopener noreferrer\">Mehr erfahren<\/a><\/p> <p><a class=\"_brlbs-btn\" href=\"#\" data-borlabs-cookie-unblock role=\"button\">Karte laden<\/a><\/p> <p><label><input type=\"checkbox\" name=\"unblockAll\" value=\"1\" checked> <small>Google Maps immer entsperren<\/small><\/label><\/p> <\/div> <\/div> <\/div><div class=\"borlabs-hide\" data-borlabs-cookie-type=\"content-blocker\" data-borlabs-cookie-id=\"googlemaps\"><script type=\"text\/template\">PHA+PGlmcmFtZSBzdHlsZT0iYm9yZGVyOiAwOyIgc3JjPSJodHRwczovL3d3dy5nb29nbGUuY29tL21hcHMvZW1iZWQ\/cGI9ITFtMTghMW0xMiExbTMhMWQyNjU5LjQwNzQxNzY4NTIyNzMhMmQxNi4zNjM2NDQ2MTU1MzkyOTMhM2Q0OC4xOTg3Njc5NTQ4NzYzNDUhMm0zITFmMCEyZjAhM2YwITNtMiExaTEwMjQhMmk3NjghNGYxMy4xITNtMyExbTIhMXMweDQ3NmQwNzg0OWRlMjAwNzElM0EweDkxOWQzNzFlMTBjNDU4MDghMnNGYXVsbWFubmdhc3NlJTIwNCUyQyUyMDEwNDAlMjBXaWVuITVlMCEzbTIhMXNkZSEyc2F0ITR2MTU4MTAwMzUzNDk4MiE1bTIhMXNkZSEyc2F0IiB3aWR0aD0iMTAwJSIgaGVpZ2h0PSIzNTAiIGZyYW1lYm9yZGVyPSIwIiBhbGxvd2Z1bGxzY3JlZW49ImFsbG93ZnVsbHNjcmVlbiI+PC9pZnJhbWU+PC9wPg==<\/script><\/div><\/div>\n<h2>Nie tylko nauka j\u0119zyka<\/h2>\n<p>Zaanga\u017cowanie naszych nauczycieli nie ogranicza si\u0119 jedynie do prowadzenia lekcji. Organizuj\u0105 tak\u017ce wycieczki i inne wsp\u00f3lne aktywno\u015bci. Wiede\u0144 to niezwykle pi\u0119kne miasto, pe\u0142ne niezliczonych atrakcji turystycznych. Nasi nauczyciele chc\u0105 nie tylko nauczy\u0107 swoich uczni\u00f3w j\u0119zyka, lecz tak\u017ce przybli\u017cy\u0107 im niemiecki, a przede wszystkim austriacki styl \u017cycia.<\/p>\n<div class=\"BorlabsCookie _brlbs-cb-youtube\"><div class=\"_brlbs-content-blocker\"> <div class=\"_brlbs-embed _brlbs-video-youtube\"> <img class=\"_brlbs-thumbnail\" src=\"https:\/\/www.sprachschule-aktiv-wien.at\/wp-content\/plugins\/borlabs-cookie\/assets\/images\/cb-no-thumbnail.png\" alt=\"YouTube\"> <div class=\"_brlbs-caption\"> <p>Mit dem Laden des Videos akzeptieren Sie die Datenschutzerkl\u00e4rung von YouTube.<br><a href=\"https:\/\/policies.google.com\/privacy\" target=\"_blank\" rel=\"nofollow noopener noreferrer\">Mehr erfahren<\/a><\/p> <p><a class=\"_brlbs-btn _brlbs-icon-play-white\" href=\"#\" data-borlabs-cookie-unblock role=\"button\">Video laden<\/a><\/p> <p><label><input type=\"checkbox\" name=\"unblockAll\" value=\"1\" checked> <small>YouTube immer entsperren<\/small><\/label><\/p> <\/div> <\/div> <\/div><div class=\"borlabs-hide\" data-borlabs-cookie-type=\"content-blocker\" data-borlabs-cookie-id=\"youtube\"><script type=\"text\/template\">PHA+PGlmcmFtZSBzcmM9Imh0dHBzOi8vd3d3LnlvdXR1YmUtbm9jb29raWUuY29tL2VtYmVkL2FvVWVzTld2aHJJIiB3aWR0aD0iMTAwJSIgaGVpZ2h0PSIzNTAiIGZyYW1lYm9yZGVyPSIwIiBhbGxvd2Z1bGxzY3JlZW49ImFsbG93ZnVsbHNjcmVlbiI+PC9pZnJhbWU+<\/script><\/div><\/div>[\/vc_column_text][\/vc_column][\/vc_row]<\/p>\n","protected":false},"excerpt":{"rendered":"<p>[vc_row full_width=&#8221;stretch_row_content_no_spaces&#8221;][vc_column][vc_single_image image=&#8221;28477&#8243; img_size=&#8221;full&#8221;][\/vc_column][\/vc_row][vc_row css=&#8221;.vc_custom_1535028948959{margin-top: 15px !important;padding-bottom: 15px !important;}&#8221;][vc_column][vc_column_text] Naucz si\u0119 j\u0119zyka niemieckiego w Wiedniu Wiede\u0144 to jedno z najpi\u0119kniejszych niemieckoj\u0119zycznych miast. Mo\u017cesz tutaj nie tylko cieszy\u0107 si\u0119 austriack\u0105 kultur\u0105, lecz tak\u017ce nauczy\u0107 si\u0119 j\u0119zyka niemieckiego. Oferujemy naszym uczniom rozmaite modele kurs\u00f3w na r\u00f3\u017cnych poziomach.[\/vc_column_text][vc_row_inner][vc_column_inner width=&#8221;1\/2&#8243;][vc_column_text] Mit dem Laden des Videos akzeptieren Sie die Datenschutzerkl\u00e4rung&hellip; <a class=\"read-more\" href=\"https:\/\/www.sprachschule-aktiv-wien.at\/pl\/\" title=\"Read Naucz si\u0119 j\u0119zyka niemieckiego w Wiedniu\">Read more &raquo;<\/a><\/p>\n","protected":false},"author":7,"featured_media":0,"parent":0,"menu_order":0,"comment_status":"closed","ping_status":"closed","template":"","meta":{"footnotes":""},"class_list":["post-4772","page","type-page","status-publish","hentry"],"yoast_head":"<!-- This site is optimized with the Yoast SEO plugin v27.1.1 - https:\/\/yoast.com\/product\/yoast-seo-wordpress\/ -->\n<title>Naucz si\u0119 j\u0119zyka niemieckiego w Wiedniu - Sprachschule Aktiv<\/title>\n<meta name=\"description\" content=\"Oferujemy naszym uczniom rozmaite modele kurs\u00f3w na r\u00f3\u017cnych poziomach. Lekcje j\u0119zyka niemieckiego dla pocz\u0105tkuj\u0105cych lub zaawansowanych.\" \/>\n<meta name=\"robots\" content=\"index, follow, max-snippet:-1, max-image-preview:large, max-video-preview:-1\" \/>\n<link rel=\"canonical\" href=\"https:\/\/www.sprachschule-aktiv-wien.at\/pl\/\" \/>\n<meta property=\"og:locale\" content=\"pl_PL\" \/>\n<meta property=\"og:type\" content=\"article\" \/>\n<meta property=\"og:title\" content=\"Naucz si\u0119 j\u0119zyka niemieckiego w Wiedniu - Sprachschule Aktiv\" \/>\n<meta property=\"og:description\" content=\"Oferujemy naszym uczniom rozmaite modele kurs\u00f3w na r\u00f3\u017cnych poziomach. Lekcje j\u0119zyka niemieckiego dla pocz\u0105tkuj\u0105cych lub zaawansowanych.\" \/>\n<meta property=\"og:url\" content=\"https:\/\/www.sprachschule-aktiv-wien.at\/pl\/\" \/>\n<meta property=\"og:site_name\" content=\"Sprachschule Aktiv Wien\" \/>\n<meta property=\"article:modified_time\" content=\"2024-06-02T21:04:07+00:00\" \/>\n<meta name=\"twitter:label1\" content=\"Szacowany czas czytania\" \/>\n\t<meta name=\"twitter:data1\" content=\"4 minuty\" \/>\n<script type=\"application\/ld+json\" class=\"yoast-schema-graph\">{\"@context\":\"https:\/\/schema.org\",\"@graph\":[{\"@type\":\"WebPage\",\"@id\":\"https:\/\/www.sprachschule-aktiv-wien.at\/pl\/\",\"url\":\"https:\/\/www.sprachschule-aktiv-wien.at\/pl\/\",\"name\":\"Naucz si\u0119 j\u0119zyka niemieckiego w Wiedniu - Sprachschule Aktiv\",\"isPartOf\":{\"@id\":\"https:\/\/www.sprachschule-aktiv-wien.at\/#website\"},\"datePublished\":\"2015-02-12T08:43:10+00:00\",\"dateModified\":\"2024-06-02T21:04:07+00:00\",\"description\":\"Oferujemy naszym uczniom rozmaite modele kurs\u00f3w na r\u00f3\u017cnych poziomach. Lekcje j\u0119zyka niemieckiego dla pocz\u0105tkuj\u0105cych lub zaawansowanych.\",\"breadcrumb\":{\"@id\":\"https:\/\/www.sprachschule-aktiv-wien.at\/pl\/#breadcrumb\"},\"inLanguage\":\"pl-PL\",\"potentialAction\":[{\"@type\":\"ReadAction\",\"target\":[\"https:\/\/www.sprachschule-aktiv-wien.at\/pl\/\"]}]},{\"@type\":\"BreadcrumbList\",\"@id\":\"https:\/\/www.sprachschule-aktiv-wien.at\/pl\/#breadcrumb\",\"itemListElement\":[{\"@type\":\"ListItem\",\"position\":1,\"name\":\"Home\",\"item\":\"https:\/\/www.sprachschule-aktiv-wien.at\/pl\/\"},{\"@type\":\"ListItem\",\"position\":2,\"name\":\"Naucz si\u0119 j\u0119zyka niemieckiego w Wiedniu\"}]},{\"@type\":\"WebSite\",\"@id\":\"https:\/\/www.sprachschule-aktiv-wien.at\/#website\",\"url\":\"https:\/\/www.sprachschule-aktiv-wien.at\/\",\"name\":\"Sprachschule Aktiv Wien\",\"description\":\"\",\"potentialAction\":[{\"@type\":\"SearchAction\",\"target\":{\"@type\":\"EntryPoint\",\"urlTemplate\":\"https:\/\/www.sprachschule-aktiv-wien.at\/?s={search_term_string}\"},\"query-input\":{\"@type\":\"PropertyValueSpecification\",\"valueRequired\":true,\"valueName\":\"search_term_string\"}}],\"inLanguage\":\"pl-PL\"}]}<\/script>\n<!-- \/ Yoast SEO plugin. -->","yoast_head_json":{"title":"Naucz si\u0119 j\u0119zyka niemieckiego w Wiedniu - Sprachschule Aktiv","description":"Oferujemy naszym uczniom rozmaite modele kurs\u00f3w na r\u00f3\u017cnych poziomach. Lekcje j\u0119zyka niemieckiego dla pocz\u0105tkuj\u0105cych lub zaawansowanych.","robots":{"index":"index","follow":"follow","max-snippet":"max-snippet:-1","max-image-preview":"max-image-preview:large","max-video-preview":"max-video-preview:-1"},"canonical":"https:\/\/www.sprachschule-aktiv-wien.at\/pl\/","og_locale":"pl_PL","og_type":"article","og_title":"Naucz si\u0119 j\u0119zyka niemieckiego w Wiedniu - Sprachschule Aktiv","og_description":"Oferujemy naszym uczniom rozmaite modele kurs\u00f3w na r\u00f3\u017cnych poziomach. Lekcje j\u0119zyka niemieckiego dla pocz\u0105tkuj\u0105cych lub zaawansowanych.","og_url":"https:\/\/www.sprachschule-aktiv-wien.at\/pl\/","og_site_name":"Sprachschule Aktiv Wien","article_modified_time":"2024-06-02T21:04:07+00:00","twitter_misc":{"Szacowany czas czytania":"4 minuty"},"schema":{"@context":"https:\/\/schema.org","@graph":[{"@type":"WebPage","@id":"https:\/\/www.sprachschule-aktiv-wien.at\/pl\/","url":"https:\/\/www.sprachschule-aktiv-wien.at\/pl\/","name":"Naucz si\u0119 j\u0119zyka niemieckiego w Wiedniu - Sprachschule Aktiv","isPartOf":{"@id":"https:\/\/www.sprachschule-aktiv-wien.at\/#website"},"datePublished":"2015-02-12T08:43:10+00:00","dateModified":"2024-06-02T21:04:07+00:00","description":"Oferujemy naszym uczniom rozmaite modele kurs\u00f3w na r\u00f3\u017cnych poziomach. Lekcje j\u0119zyka niemieckiego dla pocz\u0105tkuj\u0105cych lub zaawansowanych.","breadcrumb":{"@id":"https:\/\/www.sprachschule-aktiv-wien.at\/pl\/#breadcrumb"},"inLanguage":"pl-PL","potentialAction":[{"@type":"ReadAction","target":["https:\/\/www.sprachschule-aktiv-wien.at\/pl\/"]}]},{"@type":"BreadcrumbList","@id":"https:\/\/www.sprachschule-aktiv-wien.at\/pl\/#breadcrumb","itemListElement":[{"@type":"ListItem","position":1,"name":"Home","item":"https:\/\/www.sprachschule-aktiv-wien.at\/pl\/"},{"@type":"ListItem","position":2,"name":"Naucz si\u0119 j\u0119zyka niemieckiego w Wiedniu"}]},{"@type":"WebSite","@id":"https:\/\/www.sprachschule-aktiv-wien.at\/#website","url":"https:\/\/www.sprachschule-aktiv-wien.at\/","name":"Sprachschule Aktiv Wien","description":"","potentialAction":[{"@type":"SearchAction","target":{"@type":"EntryPoint","urlTemplate":"https:\/\/www.sprachschule-aktiv-wien.at\/?s={search_term_string}"},"query-input":{"@type":"PropertyValueSpecification","valueRequired":true,"valueName":"search_term_string"}}],"inLanguage":"pl-PL"}]}},"_links":{"self":[{"href":"https:\/\/www.sprachschule-aktiv-wien.at\/pl\/wp-json\/wp\/v2\/pages\/4772","targetHints":{"allow":["GET"]}}],"collection":[{"href":"https:\/\/www.sprachschule-aktiv-wien.at\/pl\/wp-json\/wp\/v2\/pages"}],"about":[{"href":"https:\/\/www.sprachschule-aktiv-wien.at\/pl\/wp-json\/wp\/v2\/types\/page"}],"author":[{"embeddable":true,"href":"https:\/\/www.sprachschule-aktiv-wien.at\/pl\/wp-json\/wp\/v2\/users\/7"}],"replies":[{"embeddable":true,"href":"https:\/\/www.sprachschule-aktiv-wien.at\/pl\/wp-json\/wp\/v2\/comments?post=4772"}],"version-history":[{"count":33,"href":"https:\/\/www.sprachschule-aktiv-wien.at\/pl\/wp-json\/wp\/v2\/pages\/4772\/revisions"}],"predecessor-version":[{"id":4991,"href":"https:\/\/www.sprachschule-aktiv-wien.at\/pl\/wp-json\/wp\/v2\/pages\/4772\/revisions\/4991"}],"wp:attachment":[{"href":"https:\/\/www.sprachschule-aktiv-wien.at\/pl\/wp-json\/wp\/v2\/media?parent=4772"}],"curies":[{"name":"wp","href":"https:\/\/api.w.org\/{rel}","templated":true}]}}