{"id":7460,"date":"2015-04-18T15:39:23","date_gmt":"2015-04-18T15:39:23","guid":{"rendered":"https:\/\/www.sprachschule-aktiv-wien.at\/kontakt-anfahrt-und-adresse-der-sprachschule-aktiv-wien\/"},"modified":"2021-05-24T23:31:23","modified_gmt":"2021-05-24T23:31:23","slug":"contact","status":"publish","type":"page","link":"https:\/\/www.sprachschule-aktiv-wien.at\/nl\/contact\/","title":{"rendered":"Neem contact op met onze taalschool in Wenen"},"content":{"rendered":"<p>[vc_row css=&#8221;.vc_custom_1535031282884{margin-top: 15px !important;padding-bottom: 15px !important;}&#8221;][vc_column][vc_column_text]<\/p>\n<h1>Neem contact op met onze taalschool in Wenen<\/h1>\n<p>Neem contact op met onze taalschool in Wenen. Cursussen voor alle niveaus. Duits leren in Wenen. Neem contact op met onze taalschool.\u00a0Neem nu contact op met onze\u00a0talenschoolin Wenen[\/vc_column_text][\/vc_column][\/vc_row][vc_row][vc_column width=&#8221;2\/3&#8243;][vc_column_text]\n<div class=\"wpcf7 no-js\" id=\"wpcf7-f7466-o1\" lang=\"en-US\" dir=\"ltr\" data-wpcf7-id=\"7466\">\n<div class=\"screen-reader-response\"><p role=\"status\" aria-live=\"polite\" aria-atomic=\"true\"><\/p> <ul><\/ul><\/div>\n<form action=\"\/nl\/wp-json\/wp\/v2\/pages\/7460#wpcf7-f7466-o1\" method=\"post\" class=\"wpcf7-form init wpcf7-acceptance-as-validation\" aria-label=\"Contact form\" novalidate=\"novalidate\" data-status=\"init\">\n<fieldset class=\"hidden-fields-container\"><input type=\"hidden\" name=\"_wpcf7\" value=\"7466\" \/><input type=\"hidden\" name=\"_wpcf7_version\" value=\"6.1.5\" \/><input type=\"hidden\" name=\"_wpcf7_locale\" value=\"en_US\" \/><input type=\"hidden\" name=\"_wpcf7_unit_tag\" value=\"wpcf7-f7466-o1\" \/><input type=\"hidden\" name=\"_wpcf7_container_post\" value=\"0\" \/><input type=\"hidden\" name=\"_wpcf7_posted_data_hash\" value=\"\" \/><input type=\"hidden\" name=\"_wpcf7cf_hidden_group_fields\" value=\"[]\" \/><input type=\"hidden\" name=\"_wpcf7cf_hidden_groups\" value=\"[]\" \/><input type=\"hidden\" name=\"_wpcf7cf_visible_groups\" value=\"[]\" \/><input type=\"hidden\" name=\"_wpcf7cf_repeaters\" value=\"[]\" \/><input type=\"hidden\" name=\"_wpcf7cf_steps\" value=\"{}\" \/><input type=\"hidden\" name=\"_wpcf7cf_options\" value=\"{&quot;form_id&quot;:7466,&quot;conditions&quot;:[],&quot;settings&quot;:{&quot;animation&quot;:&quot;yes&quot;,&quot;animation_intime&quot;:200,&quot;animation_outtime&quot;:200,&quot;conditions_ui&quot;:&quot;normal&quot;,&quot;notice_dismissed&quot;:false,&quot;notice_dismissed_update-cf7-5.9.7&quot;:true}}\" \/><input type=\"hidden\" name=\"_wpcf7_recaptcha_response\" value=\"\" \/>\n<\/fieldset>\n<script>\n        jQuery(document).ready(function($) {\n            var availableCountries = [\n\"Afghanistan\",\n\"\u00c4gypten\",\n\"Albanien\",\n\"Algerien\",\n\"Amerikanische Jungferninseln\",\n\"Amerikanisch\u2010Samoa\",\n\"Andorra\",\n\"Angola\",\n\"Anguilla\",\n\"Antarktis\",\n\"Antigua und Barbuda\",\n\"\u00c4quatorialguinea\",\n\"Argentinien\",\n\"Armenien\",\n\"Aruba\",\n\"Aserbaidschan\",\n\"\u00c4thiopien\",\n\"Australien\",\n\"Bahamas\",\n\"Bahrain\",\n\"Bangladesch\",\n\"Barbados\",\n\"Belgien\",\n\"Belize\",\n\"Benin\",\n\"Bermuda\",\n\"Bhutan\",\n\"Bolivien\",\n\"Bosnien\u2010Herzegowina\",\n\"Botsuana\",\n\"Bouvet Island\",\n\"Brasilien\",\n\"Britische Jungferninseln\",\n\"British Indian Ocean Territory\",\n\"Brunei\",\n\"Bulgarien\",\n\"Burkina Faso\",\n\"Burundi\",\n\"Chile\",\n\"China\",\n\"Christmas Island\",\n\"Cookinseln\",\n\"Costa Rica\",\n\"D\u00e4nemark\",\n\"Deutschland\",\n\"Dominica\",\n\"Dominican Republic\",\n\"Dschibuti\",\n\"Ecuador\",\n\"El Salvador\",\n\"Elfenbeink\u00fcste\",\n\"Eritrea\",\n\"Estland\",\n\"Falklandinseln\",\n\"F\u00e4r\u00f6er\",\n\"Fidschi\",\n\"Finnland\",\n\"Frankreich\",\n\"Franz\u00f6sisch\u2010Guyana\",\n\"Franz\u00f6sisch\u2010Polynesien\",\n\"French Southern and Antarctic\",\n\"Gabun\",\n\"Gambia\",\n\"Georgien\",\n\"Ghana\",\n\"Gibraltar\",\n\"Grenada\",\n\"Griechenland\",\n\"Gr\u00f6nland\",\n\"Gro\u00dfbritannien und Nordirland\",\n\"Guadeloupe\",\n\"Guam\",\n\"Guatemala\",\n\"Guinea\",\n\"Guinea\u2010Bissau\",\n\"Guyana\",\n\"Haiti\",\n\"Honduras\",\n\"Hongkong\",\n\"Indien\",\n\"Indonesien\",\n\"Irak\",\n\"Iran\",\n\"Irland\",\n\"Island\",\n\"Israel\",\n\"Italien\",\n\"Jamaika\",\n\"Jan Mayen und Spitzbergen\",\n\"Japan\",\n\"Jemen\",\n\"Jordanien\",\n\"Jugoslawien (ehemaliges)\",\n\"Kaimaninseln\",\n\"Kambodscha\",\n\"Kamerun\",\n\"Kanada\",\n\"Kap Verde\",\n\"Kasachstan\",\n\"Katar\",\n\"Kein Land zugeordnet\",\n\"Kenia\",\n\"Kirgisistan\",\n\"Kiribati\",\n\"Kokos\u2010\/Keelinginseln\",\n\"Kolumbien\",\n\"Komoren\",\n\"Kongo\",\n\"Kongo, Demokratische Republik\",\n\"Kongo, Republik\",\n\"Kosovo\",\n\"Kroatien\",\n\"Kuba\",\n\"Kuwait\",\n\"Laos\",\n\"Lesotho\",\n\"Lettland\",\n\"Libanon\",\n\"Liberia\",\n\"Libyen\",\n\"Liechtenstein\",\n\"Litauen\",\n\"Luxemburg\",\n\"Macau\",\n\"Madagaskar\",\n\"Malawi\",\n\"Malaysia\",\n\"Malediven\",\n\"Mali\",\n\"Malta\",\n\"Marianeninseln\",\n\"Marokko\",\n\"Marshallinseln\",\n\"Martinique\",\n\"Mauretanien\",\n\"Mauritius\",\n\"Mayotte\u2010Insel\",\n\"Mexiko\",\n\"Mikronesien\",\n\"Moldau\",\n\"Monaco\",\n\"Mongolei\",\n\"Montenegro\",\n\"Montserrat\",\n\"Mosambik\",\n\"Myanmar\",\n\"Namibia\",\n\"Nauru\",\n\"Nepal\",\n\"Neukaledonien\",\n\"Neuseeland\",\n\"Nicaragua\",\n\"Niederlande\",\n\"Niederl\u00e4ndische Antillen\",\n\"Niger\",\n\"Nigeria\",\n\"Niue\",\n\"Nordkorea\",\n\"Nordmazedonien\",\n\"Norfolk Island\",\n\"Norway\",\n\"Oman\",\n\"\u00d6sterreich\",\n\"Pakistan\",\n\"Pal\u00e4stina\",\n\"Palau\",\n\"Panama\",\n\"Papua-Neuguinea\",\n\"Paraguay\",\n\"Peru\",\n\"Philippinen\",\n\"Pitcairn\u2010Inseln\",\n\"Polen\",\n\"Portugal\",\n\"Puerto Rico\",\n\"R\u00e9union\",\n\"Ruanda\",\n\"Rum\u00e4nien\",\n\"Russische F\u00f6deration\",\n\"Republik Korea (S\u00fcdkorea)\",\n\"Salomonen\",\n\"Sambia\",\n\"Samoa\",\n\"San Marino\",\n\"S\u00e3o Tom\u00e9 und Pr\u00edncipe\",\n\"Saudi\u2010Arabien\",\n\"Schweden\",\n\"Schweiz\",\n\"Senegal\",\n\"Serbien\",\n\"Serbien\u2010Montenegro\",\n\"Seychellen (Seschellen)\",\n\"Sierra Leone\",\n\"Simbabwe\",\n\"Singapur\",\n\"Slowakei\",\n\"Slowenien\",\n\"Somalia\",\n\"Spanien\",\n\"Sri Lanka\",\n\"St. Helena\",\n\"St. Kitts und Nevis\",\n\"St. Lucia\",\n\"St. Pierre und Miquelon\",\n\"St. Vincent und die Grenadinen\",\n\"S\u00fcdafrika\",\n\"Sudan\",\n\"S\u00fcdgeorgien\",\n\"Suriname\",\n\"Swasiland\",\n\"Syrien\",\n\"Tadschikistan\",\n\"Taiwan\",\n\"Tansania\",\n\"Thailand\",\n\"Timor\",\n\"Togo\",\n\"Tokelau\u2010Inseln (Union\u2010Inseln)\",\n\"Tonga\",\n\"Trinidad und Tobago\",\n\"Tschad\",\n\"Tschechien\",\n\"Tunesien\",\n\"T\u00fcrkei\",\n\"Turkmenistan\",\n\"Turks\u2010 und Caicos\u2010Inseln\",\n\"Tuvalu\",\n\"Uganda\",\n\"Ukraine\",\n\"Ungarn\",\n\"Ungekl\u00e4rt\",\n\"Unbekannt\",\n\"Uruguay\",\n\"US Minor Outlying Islands\",\n\"Usbekistan\",\n\"Vanuatu\",\n\"Vatikanstadt\",\n\"Venezuela\",\n\"Vereinigte Arabische Emirate\",\n\"Vereinigte Staaten von Amerika\",\n\"Vietnam\",\n\"Wallis und Futuna\",\n\"Wei\u00dfru\u00dfland\",\n\"Westsahara\",\n\"Zentralafrikanische Republik\",\n\"Zypern\",\n\n\/\/ Agrega m\u00e1s pa\u00edses aqu\u00ed\n            ];\n              $(\"input[name=BirthCountry], input[name=Country]\").autocomplete({\n                source: availableCountries,\n                minLength: 0,\n                change: function(event, ui) {\n                    var currentValue = $(this).val();\n                    if (availableCountries.indexOf(currentValue) === -1) {\n                        $(this).val(\"\"); \/\/ Borra el valor ingresado si no est\u00e1 en el autocompletado\n                    }\n                }\n            }).focus(function() {\n                $(this).autocomplete(\"search\", \"\");\n            });\n        });\n        <\/script><script>\n        jQuery(document).ready(function($) {\n            var availableCountries = [\n\"Afghanistan\",\n\"\u00c4gypten\",\n\"Albanien\",\n\"Algerien\",\n\"Amerikanische Jungferninseln\",\n\"Amerikanisch\u2010Samoa\",\n\"Andorra\",\n\"Angola\",\n\"Anguilla\",\n\"Antarktis\",\n\"Antigua und Barbuda\",\n\"\u00c4quatorialguinea\",\n\"Argentinien\",\n\"Armenien\",\n\"Aruba\",\n\"Aserbaidschan\",\n\"\u00c4thiopien\",\n\"Australien\",\n\"Bahamas\",\n\"Bahrain\",\n\"Bangladesch\",\n\"Barbados\",\n\"Belgien\",\n\"Belize\",\n\"Benin\",\n\"Bermuda\",\n\"Bhutan\",\n\"Bolivien\",\n\"Bosnien\u2010Herzegowina\",\n\"Botsuana\",\n\"Bouvet Island\",\n\"Brasilien\",\n\"Britische Jungferninseln\",\n\"British Indian Ocean Territory\",\n\"Brunei\",\n\"Bulgarien\",\n\"Burkina Faso\",\n\"Burundi\",\n\"Chile\",\n\"China\",\n\"Christmas Island\",\n\"Cookinseln\",\n\"Costa Rica\",\n\"D\u00e4nemark\",\n\"Deutschland\",\n\"Dominica\",\n\"Dominican Republic\",\n\"Dschibuti\",\n\"Ecuador\",\n\"El Salvador\",\n\"Elfenbeink\u00fcste\",\n\"Eritrea\",\n\"Estland\",\n\"Falklandinseln\",\n\"F\u00e4r\u00f6er\",\n\"Fidschi\",\n\"Finnland\",\n\"Frankreich\",\n\"Franz\u00f6sisch\u2010Guyana\",\n\"Franz\u00f6sisch\u2010Polynesien\",\n\"French Southern and Antarctic\",\n\"Gabun\",\n\"Gambia\",\n\"Georgien\",\n\"Ghana\",\n\"Gibraltar\",\n\"Grenada\",\n\"Griechenland\",\n\"Gr\u00f6nland\",\n\"Gro\u00dfbritannien und Nordirland\",\n\"Guadeloupe\",\n\"Guam\",\n\"Guatemala\",\n\"Guinea\",\n\"Guinea\u2010Bissau\",\n\"Guyana\",\n\"Haiti\",\n\"Honduras\",\n\"Hongkong\",\n\"Indien\",\n\"Indonesien\",\n\"Irak\",\n\"Iran\",\n\"Irland\",\n\"Island\",\n\"Israel\",\n\"Italien\",\n\"Jamaika\",\n\"Jan Mayen und Spitzbergen\",\n\"Japan\",\n\"Jemen\",\n\"Jordanien\",\n\"Jugoslawien (ehemaliges)\",\n\"Kaimaninseln\",\n\"Kambodscha\",\n\"Kamerun\",\n\"Kanada\",\n\"Kap Verde\",\n\"Kasachstan\",\n\"Katar\",\n\"Kein Land zugeordnet\",\n\"Kenia\",\n\"Kirgisistan\",\n\"Kiribati\",\n\"Kokos\u2010\/Keelinginseln\",\n\"Kolumbien\",\n\"Komoren\",\n\"Kongo\",\n\"Kongo, Demokratische Republik\",\n\"Kongo, Republik\",\n\"Kosovo\",\n\"Kroatien\",\n\"Kuba\",\n\"Kuwait\",\n\"Laos\",\n\"Lesotho\",\n\"Lettland\",\n\"Libanon\",\n\"Liberia\",\n\"Libyen\",\n\"Liechtenstein\",\n\"Litauen\",\n\"Luxemburg\",\n\"Macau\",\n\"Madagaskar\",\n\"Malawi\",\n\"Malaysia\",\n\"Malediven\",\n\"Mali\",\n\"Malta\",\n\"Marianeninseln\",\n\"Marokko\",\n\"Marshallinseln\",\n\"Martinique\",\n\"Mauretanien\",\n\"Mauritius\",\n\"Mayotte\u2010Insel\",\n\"Mexiko\",\n\"Mikronesien\",\n\"Moldau\",\n\"Monaco\",\n\"Mongolei\",\n\"Montenegro\",\n\"Montserrat\",\n\"Mosambik\",\n\"Myanmar\",\n\"Namibia\",\n\"Nauru\",\n\"Nepal\",\n\"Neukaledonien\",\n\"Neuseeland\",\n\"Nicaragua\",\n\"Niederlande\",\n\"Niederl\u00e4ndische Antillen\",\n\"Niger\",\n\"Nigeria\",\n\"Niue\",\n\"Nordkorea\",\n\"Nordmazedonien\",\n\"Norfolk Island\",\n\"Norway\",\n\"Oman\",\n\"\u00d6sterreich\",\n\"Pakistan\",\n\"Pal\u00e4stina\",\n\"Palau\",\n\"Panama\",\n\"Papua-Neuguinea\",\n\"Paraguay\",\n\"Peru\",\n\"Philippinen\",\n\"Pitcairn\u2010Inseln\",\n\"Polen\",\n\"Portugal\",\n\"Puerto Rico\",\n\"R\u00e9union\",\n\"Ruanda\",\n\"Rum\u00e4nien\",\n\"Russische F\u00f6deration\",\n\"Republik Korea (S\u00fcdkorea)\",\n\"Salomonen\",\n\"Sambia\",\n\"Samoa\",\n\"San Marino\",\n\"S\u00e3o Tom\u00e9 und Pr\u00edncipe\",\n\"Saudi\u2010Arabien\",\n\"Schweden\",\n\"Schweiz\",\n\"Senegal\",\n\"Serbien\",\n\"Serbien\u2010Montenegro\",\n\"Seychellen (Seschellen)\",\n\"Sierra Leone\",\n\"Simbabwe\",\n\"Singapur\",\n\"Slowakei\",\n\"Slowenien\",\n\"Somalia\",\n\"Spanien\",\n\"Sri Lanka\",\n\"St. Helena\",\n\"St. Kitts und Nevis\",\n\"St. Lucia\",\n\"St. Pierre und Miquelon\",\n\"St. Vincent und die Grenadinen\",\n\"Staatenlos\",\n\"S\u00fcdafrika\",\n\"Sudan\",\n\"S\u00fcdgeorgien\",\n\"Suriname\",\n\"Swasiland\",\n\"Syrien\",\n\"Tadschikistan\",\n\"Taiwan\",\n\"Tansania\",\n\"Thailand\",\n\"Timor\",\n\"Togo\",\n\"Tokelau\u2010Inseln (Union\u2010Inseln)\",\n\"Tonga\",\n\"Trinidad und Tobago\",\n\"Tschad\",\n\"Tschechien\",\n\"Tunesien\",\n\"T\u00fcrkei\",\n\"Turkmenistan\",\n\"Turks\u2010 und Caicos\u2010Inseln\",\n\"Tuvalu\",\n\"Uganda\",\n\"Ukraine\",\n\"Ungarn\",\n\"Ungekl\u00e4rt\",\n\"Unbekannt\",\n\"Uruguay\",\n\"US Minor Outlying Islands\",\n\"Usbekistan\",\n\"Vanuatu\",\n\"Vatikanstadt\",\n\"Venezuela\",\n\"Vereinigte Arabische Emirate\",\n\"Vereinigte Staaten von Amerika\",\n\"Vietnam\",\n\"Wallis und Futuna\",\n\"Wei\u00dfru\u00dfland\",\n\"Westsahara\",\n\"Zentralafrikanische Republik\",\n\"Zypern\",\n\n\/\/ Agrega m\u00e1s pa\u00edses aqu\u00ed\n            ];\n            $(\"input[name=Nationality]\").autocomplete({\n                source: availableCountries,\n                minLength: 0,\n                change: function(event, ui) {\n                    var currentValue = $(this).val();\n                    if (availableCountries.indexOf(currentValue) === -1) {\n                        $(this).val(\"\"); \/\/ Borra el valor ingresado si no est\u00e1 en el autocompletado\n                    }\n                }\n            }).focus(function() {\n                $(this).autocomplete(\"search\", \"\");\n            });\n        });\n        <\/script><p>Uw naam*\n<\/p>\n<p><span class=\"wpcf7-form-control-wrap\" data-name=\"your-name\"><input size=\"40\" maxlength=\"400\" class=\"wpcf7-form-control wpcf7-text wpcf7-validates-as-required\" aria-required=\"true\" aria-invalid=\"false\" value=\"\" type=\"text\" name=\"your-name\" \/><\/span>\n<\/p>\n<p>Uw e-mail*\n<\/p>\n<p><span class=\"wpcf7-form-control-wrap\" data-name=\"your-email\"><input size=\"40\" maxlength=\"400\" class=\"wpcf7-form-control wpcf7-email wpcf7-validates-as-required wpcf7-text wpcf7-validates-as-email\" aria-required=\"true\" aria-invalid=\"false\" value=\"\" type=\"email\" name=\"your-email\" \/><\/span>\n<\/p>\n<p>Onderwerp\n<\/p>\n<p><span class=\"wpcf7-form-control-wrap\" data-name=\"your-subject\"><input size=\"40\" maxlength=\"400\" class=\"wpcf7-form-control wpcf7-text\" aria-invalid=\"false\" value=\"\" type=\"text\" name=\"your-subject\" \/><\/span>\n<\/p>\n<p>Uw bericht\n<\/p>\n<p><span class=\"wpcf7-form-control-wrap\" data-name=\"your-message\"><textarea cols=\"40\" rows=\"10\" maxlength=\"2000\" class=\"wpcf7-form-control wpcf7-textarea\" aria-invalid=\"false\" name=\"your-message\"><\/textarea><\/span>\n<\/p>\n<div style=\"\">\n\t<p><span class=\"wpcf7-form-control-wrap\" data-name=\"agb\"><span class=\"wpcf7-form-control wpcf7-acceptance\"><span class=\"wpcf7-list-item\"><input type=\"checkbox\" name=\"agb\" value=\"1\" aria-invalid=\"false\" \/><\/span><\/span><\/span> (*) Ik ga akkoord met de <a href=\"\/agb\/\" target=\"_blank\">algemene voorwaarden<\/a>.\n\t<\/p>\n<\/div>\n<p><input class=\"wpcf7-form-control wpcf7-submit has-spinner\" type=\"submit\" value=\"Verzenden\" \/>\n<\/p><div class=\"wpcf7-response-output\" aria-hidden=\"true\"><\/div>\n<\/form>\n<\/div>\n[\/vc_column_text][\/vc_column][vc_column width=&#8221;1\/3&#8243;][vc_column_text]<\/p>\n<h2>Sprachschule Aktiv Wien<\/h2>\n<p>Faulmanngasse 4<br \/>\n1040 Wien<\/p>\n<p>U1, U2, U4 Karlsplatz<\/p>\n<p>Telefon: +4315222467<br \/>\nE-Mail: <a href=\"mailto:info@sprachschule-aktiv-wien.at\">info@sprachschule-aktiv-wien.at<\/a><br \/>\nInternet: <a href=\"https:\/\/www.sprachschule-aktiv-wien.at\/\">www.sprachschule-aktiv-wien.at<\/a><\/p>\n<h3>Vind ons op Google<\/h3>\n<div class=\"BorlabsCookie _brlbs-cb-googlemaps\"><div class=\"_brlbs-content-blocker\"> <div class=\"_brlbs-embed _brlbs-google-maps\"> <img class=\"_brlbs-thumbnail\" src=\"https:\/\/www.sprachschule-aktiv-wien.at\/wp-content\/plugins\/borlabs-cookie\/assets\/images\/cb-maps.png\" alt=\"Google Maps\"> <div class=\"_brlbs-caption\"> <p>Mit dem Laden der Karte akzeptieren Sie die Datenschutzerkl\u00e4rung von Google.<br><a href=\"https:\/\/policies.google.com\/privacy\" target=\"_blank\" rel=\"nofollow noopener noreferrer\">Mehr erfahren<\/a><\/p> <p><a class=\"_brlbs-btn\" href=\"#\" data-borlabs-cookie-unblock role=\"button\">Karte laden<\/a><\/p> <p><label><input type=\"checkbox\" name=\"unblockAll\" value=\"1\" checked> <small>Google Maps immer entsperren<\/small><\/label><\/p> <\/div> <\/div> <\/div><div class=\"borlabs-hide\" data-borlabs-cookie-type=\"content-blocker\" data-borlabs-cookie-id=\"googlemaps\"><script type=\"text\/template\">PHA+PGlmcmFtZSBzdHlsZT0iYm9yZGVyOiAwOyIgc3JjPSJodHRwczovL3d3dy5nb29nbGUuY29tL21hcHMvZW1iZWQ\/cGI9ITFtMTghMW0xMiExbTMhMWQxMzYyMjkyLjcyNjc3NjY0NTghMmQxMi44MzA3MjY4NzA5Nzg2MDIhM2Q0OC4xNzMzMjM2ODQ4Njk4NyEybTMhMWYwITJmMCEzZjAhM20yITFpMTAyNCEyaTc2OCE0ZjEzLjEhM20zITFtMiExczB4NDc2ZDA3ZjM2YmY2M2UwNSUzQTB4NzZjMWExYWE4MGZlM2U2MSEyc1NwcmFjaHNjaHVsZStBa3RpditXaWVuITVlMCEzbTIhMXNlcyEyc2RlITR2MTUwMjE4MDI5NDg0NSIgd2lkdGg9IjEwMCUiIGhlaWdodD0iMTUwIiBmcmFtZWJvcmRlcj0iMCIgYWxsb3dmdWxsc2NyZWVuPSJhbGxvd2Z1bGxzY3JlZW4iPjwvaWZyYW1lPg==<\/script><\/div><\/div>[\/vc_column_text][\/vc_column][\/vc_row]<\/p>\n","protected":false},"excerpt":{"rendered":"<p>[vc_row css=&#8221;.vc_custom_1535031282884{margin-top: 15px !important;padding-bottom: 15px !important;}&#8221;][vc_column][vc_column_text] Neem contact op met onze taalschool in Wenen Neem contact op met onze taalschool in Wenen. Cursussen voor alle niveaus. Duits leren in Wenen. Neem contact op met onze taalschool.\u00a0Neem nu contact op met onze\u00a0talenschoolin Wenen[\/vc_column_text][\/vc_column][\/vc_row][vc_row][vc_column width=&#8221;2\/3&#8243;][vc_column_text][\/vc_column_text][\/vc_column][vc_column width=&#8221;1\/3&#8243;][vc_column_text] Sprachschule Aktiv Wien Faulmanngasse 4 1040 Wien U1, U2, U4 Karlsplatz&hellip; <a class=\"read-more\" href=\"https:\/\/www.sprachschule-aktiv-wien.at\/nl\/contact\/\" title=\"Read Neem contact op met onze taalschool in Wenen\">Read more &raquo;<\/a><\/p>\n","protected":false},"author":7,"featured_media":0,"parent":0,"menu_order":0,"comment_status":"closed","ping_status":"closed","template":"","meta":{"footnotes":""},"class_list":["post-7460","page","type-page","status-publish","hentry"],"yoast_head":"<!-- This site is optimized with the Yoast SEO plugin v27.1.1 - https:\/\/yoast.com\/product\/yoast-seo-wordpress\/ -->\n<title>Neem nu contact op met onze talenschool in Wenen<\/title>\n<meta name=\"description\" content=\"Neem contact op met onze talenschool in Wenen. Cursussen voor alle niveaus, beginners en gevorderden. Meld je aan voor onze cursussen.\" \/>\n<meta name=\"robots\" content=\"index, follow, max-snippet:-1, max-image-preview:large, max-video-preview:-1\" \/>\n<link rel=\"canonical\" href=\"https:\/\/www.sprachschule-aktiv-wien.at\/nl\/contact\/\" \/>\n<meta property=\"og:locale\" content=\"nl_NL\" \/>\n<meta property=\"og:type\" content=\"article\" \/>\n<meta property=\"og:title\" content=\"Neem nu contact op met onze talenschool in Wenen\" \/>\n<meta property=\"og:description\" content=\"Neem contact op met onze talenschool in Wenen. Cursussen voor alle niveaus, beginners en gevorderden. Meld je aan voor onze cursussen.\" \/>\n<meta property=\"og:url\" content=\"https:\/\/www.sprachschule-aktiv-wien.at\/nl\/contact\/\" \/>\n<meta property=\"og:site_name\" content=\"Sprachschule Aktiv Wien\" \/>\n<meta property=\"article:modified_time\" content=\"2021-05-24T23:31:23+00:00\" \/>\n<meta name=\"twitter:label1\" content=\"Geschatte leestijd\" \/>\n\t<meta name=\"twitter:data1\" content=\"1 minuut\" \/>\n<script type=\"application\/ld+json\" class=\"yoast-schema-graph\">{\"@context\":\"https:\/\/schema.org\",\"@graph\":[{\"@type\":\"WebPage\",\"@id\":\"https:\/\/www.sprachschule-aktiv-wien.at\/nl\/contact\/\",\"url\":\"https:\/\/www.sprachschule-aktiv-wien.at\/nl\/contact\/\",\"name\":\"Neem nu contact op met onze talenschool in Wenen\",\"isPartOf\":{\"@id\":\"https:\/\/www.sprachschule-aktiv-wien.at\/#website\"},\"datePublished\":\"2015-04-18T15:39:23+00:00\",\"dateModified\":\"2021-05-24T23:31:23+00:00\",\"description\":\"Neem contact op met onze talenschool in Wenen. Cursussen voor alle niveaus, beginners en gevorderden. Meld je aan voor onze cursussen.\",\"breadcrumb\":{\"@id\":\"https:\/\/www.sprachschule-aktiv-wien.at\/nl\/contact\/#breadcrumb\"},\"inLanguage\":\"nl-NL\",\"potentialAction\":[{\"@type\":\"ReadAction\",\"target\":[\"https:\/\/www.sprachschule-aktiv-wien.at\/nl\/contact\/\"]}]},{\"@type\":\"BreadcrumbList\",\"@id\":\"https:\/\/www.sprachschule-aktiv-wien.at\/nl\/contact\/#breadcrumb\",\"itemListElement\":[{\"@type\":\"ListItem\",\"position\":1,\"name\":\"Home\",\"item\":\"https:\/\/www.sprachschule-aktiv-wien.at\/nl\/\"},{\"@type\":\"ListItem\",\"position\":2,\"name\":\"Neem contact op met onze taalschool in Wenen\"}]},{\"@type\":\"WebSite\",\"@id\":\"https:\/\/www.sprachschule-aktiv-wien.at\/#website\",\"url\":\"https:\/\/www.sprachschule-aktiv-wien.at\/\",\"name\":\"Sprachschule Aktiv Wien\",\"description\":\"\",\"potentialAction\":[{\"@type\":\"SearchAction\",\"target\":{\"@type\":\"EntryPoint\",\"urlTemplate\":\"https:\/\/www.sprachschule-aktiv-wien.at\/?s={search_term_string}\"},\"query-input\":{\"@type\":\"PropertyValueSpecification\",\"valueRequired\":true,\"valueName\":\"search_term_string\"}}],\"inLanguage\":\"nl-NL\"}]}<\/script>\n<!-- \/ Yoast SEO plugin. -->","yoast_head_json":{"title":"Neem nu contact op met onze talenschool in Wenen","description":"Neem contact op met onze talenschool in Wenen. Cursussen voor alle niveaus, beginners en gevorderden. Meld je aan voor onze cursussen.","robots":{"index":"index","follow":"follow","max-snippet":"max-snippet:-1","max-image-preview":"max-image-preview:large","max-video-preview":"max-video-preview:-1"},"canonical":"https:\/\/www.sprachschule-aktiv-wien.at\/nl\/contact\/","og_locale":"nl_NL","og_type":"article","og_title":"Neem nu contact op met onze talenschool in Wenen","og_description":"Neem contact op met onze talenschool in Wenen. Cursussen voor alle niveaus, beginners en gevorderden. Meld je aan voor onze cursussen.","og_url":"https:\/\/www.sprachschule-aktiv-wien.at\/nl\/contact\/","og_site_name":"Sprachschule Aktiv Wien","article_modified_time":"2021-05-24T23:31:23+00:00","twitter_misc":{"Geschatte leestijd":"1 minuut"},"schema":{"@context":"https:\/\/schema.org","@graph":[{"@type":"WebPage","@id":"https:\/\/www.sprachschule-aktiv-wien.at\/nl\/contact\/","url":"https:\/\/www.sprachschule-aktiv-wien.at\/nl\/contact\/","name":"Neem nu contact op met onze talenschool in Wenen","isPartOf":{"@id":"https:\/\/www.sprachschule-aktiv-wien.at\/#website"},"datePublished":"2015-04-18T15:39:23+00:00","dateModified":"2021-05-24T23:31:23+00:00","description":"Neem contact op met onze talenschool in Wenen. Cursussen voor alle niveaus, beginners en gevorderden. Meld je aan voor onze cursussen.","breadcrumb":{"@id":"https:\/\/www.sprachschule-aktiv-wien.at\/nl\/contact\/#breadcrumb"},"inLanguage":"nl-NL","potentialAction":[{"@type":"ReadAction","target":["https:\/\/www.sprachschule-aktiv-wien.at\/nl\/contact\/"]}]},{"@type":"BreadcrumbList","@id":"https:\/\/www.sprachschule-aktiv-wien.at\/nl\/contact\/#breadcrumb","itemListElement":[{"@type":"ListItem","position":1,"name":"Home","item":"https:\/\/www.sprachschule-aktiv-wien.at\/nl\/"},{"@type":"ListItem","position":2,"name":"Neem contact op met onze taalschool in Wenen"}]},{"@type":"WebSite","@id":"https:\/\/www.sprachschule-aktiv-wien.at\/#website","url":"https:\/\/www.sprachschule-aktiv-wien.at\/","name":"Sprachschule Aktiv Wien","description":"","potentialAction":[{"@type":"SearchAction","target":{"@type":"EntryPoint","urlTemplate":"https:\/\/www.sprachschule-aktiv-wien.at\/?s={search_term_string}"},"query-input":{"@type":"PropertyValueSpecification","valueRequired":true,"valueName":"search_term_string"}}],"inLanguage":"nl-NL"}]}},"_links":{"self":[{"href":"https:\/\/www.sprachschule-aktiv-wien.at\/nl\/wp-json\/wp\/v2\/pages\/7460","targetHints":{"allow":["GET"]}}],"collection":[{"href":"https:\/\/www.sprachschule-aktiv-wien.at\/nl\/wp-json\/wp\/v2\/pages"}],"about":[{"href":"https:\/\/www.sprachschule-aktiv-wien.at\/nl\/wp-json\/wp\/v2\/types\/page"}],"author":[{"embeddable":true,"href":"https:\/\/www.sprachschule-aktiv-wien.at\/nl\/wp-json\/wp\/v2\/users\/7"}],"replies":[{"embeddable":true,"href":"https:\/\/www.sprachschule-aktiv-wien.at\/nl\/wp-json\/wp\/v2\/comments?post=7460"}],"version-history":[{"count":8,"href":"https:\/\/www.sprachschule-aktiv-wien.at\/nl\/wp-json\/wp\/v2\/pages\/7460\/revisions"}],"predecessor-version":[{"id":36543,"href":"https:\/\/www.sprachschule-aktiv-wien.at\/nl\/wp-json\/wp\/v2\/pages\/7460\/revisions\/36543"}],"wp:attachment":[{"href":"https:\/\/www.sprachschule-aktiv-wien.at\/nl\/wp-json\/wp\/v2\/media?parent=7460"}],"curies":[{"name":"wp","href":"https:\/\/api.w.org\/{rel}","templated":true}]}}