{"id":9040,"date":"2018-09-07T10:06:31","date_gmt":"2018-09-07T10:06:31","guid":{"rendered":"https:\/\/www.sprachschule-aktiv-wien.at\/?page_id=9040"},"modified":"2023-05-11T09:30:52","modified_gmt":"2023-05-11T09:30:52","slug":"corsi-di-preparazione-per-gli-esami-oeif-oesd","status":"publish","type":"page","link":"https:\/\/www.sprachschule-aktiv-wien.at\/it\/corsi-di-preparazione-per-gli-esami-oeif-oesd\/","title":{"rendered":"Corsi di preparazione per gli esami \u00d6IF\/\u00d6SD"},"content":{"rendered":"<p>[vc_row][vc_column][vc_column_text]<\/p>\n<h1>Corsi di preparazione per gli esami \u00d6IF\/\u00d6SD<\/h1>\n<p>[\/vc_column_text][vc_row_inner][vc_column_inner width=&#8221;1\/2&#8243;][vc_column_text]Per affrontare gli esami certificati dal \u00d6IF (<em>\u00d6sterreichische Integrationsfond<\/em> \u2013 Fondo Austriaco per l\u2019Integrazione) e dal \u00d6SD (<em>\u00d6sterreichisches Sprachdiplom Deutsch<\/em> \u2013 Diploma Austriaco di Lingua Tedesca), mettiamo a disposizione i nostri corsi di preparazione. Le prove vengono approfondite ed esercitate a partire dal livello A1 fino al C2, sulla base di modelli di test pratici. I corsi di preparazione \u00d6IF avvicinano alla conoscenza della lingua e dei valori culturali, e consentono di prepararsi per i test di integrazione dal punto di vita sia contenutistico che formale.[\/vc_column_text][\/vc_column_inner][vc_column_inner width=&#8221;1\/2&#8243;][vc_single_image image=&#8221;36222&#8243; img_size=&#8221;full&#8221;][\/vc_column_inner][\/vc_row_inner][\/vc_column][\/vc_row][vc_row][vc_column][vc_column_text]<\/p>\n<h2>Corsi di preparazione per gli esami \u00d6IF a Vienna<\/h2>\n<p>I corsi di preparazione agli esami si svolgono il sabato successivo al completamento del corso, o prima della rispettiva data d&#8217;esame \u00d6IF. A questo punto, viene somministrato un test standard orientato alla pratica per il livello del corso raggiunto (che sia A1, A2, B1 o B2) rispettando le tempistiche reali, che verranno incontrate durante il test di integrazione dell&#8217;\u00d6IF.<\/p>\n<p>Inizialmente spiegheremo esattamente come si svolgono i test, ti mostreremo la loro struttura, quali sono i punti che richiedono maggiore attenzione, e, una volta concluso il test, ci confronteremo e discuteremo apertamente a livello di gruppo le soluzioni migliori.<\/p>\n<p>Se invece preferisci un corso di preparazione individuale, sono disponibili anche i nostri corsi privati.<\/p>\n<p><strong>Livello<\/strong>: A1, A2, B1, B2<br \/>\n<strong>Obiettivo<\/strong>: raggiungimento dei livelli A1, A2, B1 o B2 di integrazione<br \/>\n<strong>Partecipanti<\/strong>: qualsiasi persona che voglia affrontare un test \u00d6IF o raggiungere un livello di tedesco A1\/A2\/B1\/B2, inclusa la conoscenza del contesto austriaco<br \/>\n<strong>Prerequisiti<\/strong>: corso di lingua tedesca di livello precedente gi\u00e0 completato.<\/p>\n<h2>Corsi di preparazione per gli esami \u00d6SD a Vienna<\/h2>\n<p><strong>Livello<\/strong>: A1, A2, B1, B2, C1, C2<br \/>\n<strong>Obiettivo<\/strong>: preparazione degli esami per i certificati \u00d6SD<br \/>\n<strong>Partecipanti<\/strong>: tutti coloro che desiderano sostenere un esame \u00d6SD<br \/>\n<strong>Prerequisiti<\/strong>: corso di lingua tedesca di livello precedente gi\u00e0 completato.[\/vc_column_text][\/vc_column][\/vc_row][vc_row][vc_column][vc_column_text]<\/p>\n<h2>Date e prezzi dei nostri corsi di preparazione \u00d6IF e \u00d6SD a Vienna<\/h2>\n<p><strong>Date e prezzi<\/strong>: <a href=\"https:\/\/www.sprachschule-aktiv-wien.at\/vorbereitungskurse-oeif-oesd-pruefungen\/\" target=\"_blank\" rel=\"noopener noreferrer\">vedi tabella<\/a><\/p>\n\t<div class=\"vc_btn3-container vc_btn3-inline\">\n\t\t<a href=\"\/it\/iscrizione\/\" class=\"pgs_btn pgs_btn_style_1 pgs_btn_xl\">\n\t\t\t<span>\n\t\t\t\tIscrizione\t\t\t<\/span>\n\t\t\t\t\t\t<i class=\"fa fa-external-link\"><\/i>\n\t\t\t\t\t<\/a>\n\t<\/div>\n\t\n<h2>Date e prezzi degli esami \u00d6IF e \u00d6SD a Vienna<\/h2>\n<p>Qui troverete le date e i prezzi attuali per gli esami \u00d6SD e \u00d6IF: <a href=\"https:\/\/www.sprachschule-aktiv-wien.at\/oeif-pruefungen\/\" rel=\"noopener noreferrer\">vedi tabella<\/a><\/p>\n<p>[\/vc_column_text][\/vc_column][\/vc_row][vc_row][vc_column][vc_column_text]<\/p>\n\t<div class=\"vc_btn3-container vc_btn3-inline\">\n\t\t<a href=\"https:\/\/www.sprachschule-aktiv-wien.at\/it\/contattaci\/\" target=\"_blank\" class=\"pgs_btn pgs_btn_style_1 pgs_btn_xl\">\n\t\t\t<span>\n\t\t\t\t\u201eContattaci\u201c\t\t\t<\/span>\n\t\t\t\t\t<\/a>\n\t<\/div>\n\t\n<h2>Corsi di preparazione all&#8217;esame \u00d6IF A1<\/h2>\n<p>Il test \u00d6IF A1 deve essere superato per <strong>richiedere il permesso di soggiorno <\/strong>in Austria.<\/p>\n<p><strong>Durata del corso<\/strong>: 180 minuti<br \/>\n<strong>Durata dell&#8217;esame<\/strong>: 125 minuti<br \/>\n<strong>Struttura dell\u2019esame:<br \/>\n<\/strong>Moduli linguistici: vocabolario e grammatica &#8211; 10 minuti<br \/>\nLettura: 30 minuti<br \/>\nAscolto: 15 minuti<br \/>\nScritto: 15 minuti<br \/>\nOrale: 15 minuti<br \/>\nConoscenza dei valori e del contesto austriaco: 40 minuti<\/p>\n<h2>Corsi di preparazione all&#8217;esame \u00d6IF A2<\/h2>\n<p>Il test standardizzato \u00d6IF A2 \u00e8 il certificato linguistico valido per <strong>l&#8217;estensione del permesso di soggiorno<\/strong>.<\/p>\n<p><strong>Durata del corso<\/strong>: 200 minuti<br \/>\n<strong>Durata dell&#8217;esame<\/strong>: 140 minuti<br \/>\n<strong>Struttura dell\u2019esame:<br \/>\n<\/strong>Lettura: 40 minuti<br \/>\nAscolto: 12 minuti<br \/>\nScritto: 25 minuti<br \/>\nOrale: 10 minuti<br \/>\nConoscenza dei valori e del contesto austriaco: 40 minuti<\/p>\n<h2>Corsi di preparazione all&#8217;esame \u00d6IF B1<\/h2>\n<p>Il test \u00d6IF B1 \u00e8 necessario per richiedere <strong>la residenza permanente in Austria o la cittadinanza austriaca<\/strong>.<\/p>\n<p><strong>Durata del corso<\/strong>: 220 minuti<br \/>\n<strong>Durata dell&#8217;esame<\/strong>: 170 minuti<br \/>\n<strong>Struttura dell\u2019esame:<br \/>\n<\/strong>Lettura: 45 minuti<br \/>\nAscolto: 25 minuti<br \/>\nScritto: 30 minuti<br \/>\nOrale: 16 minuti<br \/>\nConoscenza dei valori e del contesto austriaco: 40 minuti<\/p>\n<p>Attraverso i test di simulazione del certificato \u00d6IF offriamo la possibilit\u00e0 di applicare e rivedere le conoscenze della lingua acquisite durante il corso e di confrontare insieme le risposte con il gruppo di apprendimento. I nostri insegnanti di tedesco sono lieti di rispondere a qualsiasi domanda tu possa avere e di darti i consigli utili per affrontare il percorso![\/vc_column_text][\/vc_column][\/vc_row][vc_row][vc_column][vc_column_text]<\/p>\n<h2>Preparazione per gli esami \u00d6SD<\/h2>\n<p>Puoi prepararti agli esami \u00d6SD a tutti i livelli, da A1 a C2, sia in termini di contenuto che di struttura. Con noi puoi eseguire un test di simulazione orientato alla pratica per tutti gli esami, del livello che desideri, che sia A1, A2, B1, B2, C1 o C2 in tempo reale, proprio come dovrai fare durante l\u2019ufficiale esame \u00d6SD. In apertura ad ogni corso spieghiamo le modalit\u00e0 dell&#8217;esame, quindi in chiusura si ripassa e ci si confronta sui risultati.<\/p>\n<p>Se preferisci una preparazione individuale per l\u2019esame, sono disponibili anche i nostri corsi privati, per poter affrontare al tuo passo i vari moduli dell\u2019esame e i punti che vuoi maggiormente rafforzare, oppure per eseguire ulteriori esercizi o simulazioni d\u2019esame.<\/p>\n<p>Il <strong>Certificato C1 \u00d6SD<\/strong> viene <strong>ufficialmente riconosciuto<\/strong> come attestato del raggiungimento della conoscenza della lingua tedesca ed \u00e8 richiesto per <strong>l&#8217;ammissione a tutte le Universit\u00e0 di Vienna<\/strong>.<\/p>\n<h2>Preparazione all&#8217;esame per il certificato \u00d6SD A1<\/h2>\n<p><strong>Durata del corso<\/strong>: 120 minuti<br \/>\n<strong>Obiettivo<\/strong>: raggiungimento del livello A1.1<br \/>\n<strong>Durata dell&#8217;esame<\/strong>: circa 60 minuti<br \/>\n<strong>Struttura dell\u2019esame:<br \/>\n<\/strong>Lettura: 25 minuti<br \/>\nAscolto: 10 minuti<br \/>\nScritto: 20 minuti<br \/>\nOrale: 10 minuti<\/p>\n<p><strong>Abilit\u00e0 certificate<\/strong>: competenza linguistica di base che viene applicata in situazioni semplici e di routine della vita quotidiana. I quattro moduli (lettura, ascolto, scritto e orale) si concentrano in particolare sulle capacit\u00e0 ricettive di comprensione dei testi scritti e dell\u2019ascolto.<\/p>\n<h2>Preparazione all&#8217;esame per il certificato \u00d6SD A2<\/h2>\n<p><strong>Durata del corso<\/strong>: 140 minuti<br \/>\n<strong>Obiettivo<\/strong>: raggiungimento del livello A2.1<br \/>\n<strong>Durata dell&#8217;esame<\/strong>: circa 90 minuti<br \/>\n<strong>Struttura dell\u2019esame:<br \/>\n<\/strong>Lettura: 30 minuti<br \/>\nAscolto: 15 minuti<br \/>\nScritto: 30 minuti<br \/>\nOrale: 10 minuti<\/p>\n<p><strong>Abilit\u00e0 certificate<\/strong>: competenza linguistica di base che viene applicata in situazioni semplici, della vita quotidiana e professionale. I quattro moduli (lettura, ascolto, scritto e orale) si concentrano in particolare sulle capacit\u00e0 ricettive di comprensione dei testi scritti e dell\u2019ascolto.<\/p>\n<h2>Preparazione all&#8217;esame per il certificato \u00d6SD B1<\/h2>\n<p><strong>Durata del corso<\/strong>: 240 minuti<br \/>\n<strong>Obiettivo<\/strong>: raggiungimento del livello B1.1<br \/>\n<strong>Durata dell&#8217;esame<\/strong>: circa 180 minuti<br \/>\n<strong>Struttura dell\u2019esame<\/strong>:<br \/>\nLettura: 65 minuti<br \/>\nAscolto: 40 minuti<br \/>\nScritto: 60 minuti<br \/>\nOrale: 15 minuti<\/p>\n<p><strong>Abilit\u00e0 certificate<\/strong>: correttezza nella forma e nell\u2019uso della lingua in modo indipendente in situazioni quotidiane e professionali. Il tema generale dei quattro moduli (lettura, ascolto, scritto e orale) si basa sul contesto della vita in Austria.<\/p>\n<h2>Preparazione all&#8217;esame per il certificato \u00d6SD B2<\/h2>\n<p><strong>Durata del corso<\/strong>: 320 minuti<br \/>\n<strong>Obiettivo<\/strong>: raggiungimento del livello B2.1<br \/>\n<strong>Durata dell&#8217;esame<\/strong>: circa 260 minuti<br \/>\n<strong>Struttura dell\u2019esame<\/strong>:<br \/>\nLettura: 90 minuti<br \/>\nAscolto: 30 minuti<br \/>\nScritto: 90 minuti<br \/>\nOrale: 15-20 minuti per la conversazione singola, 20-25 minuti per la conversazione in coppia<\/p>\n<p><strong>Abilit\u00e0 certificate<\/strong>: competenza linguistica adoperata in situazioni comunicative che vanno oltre la sfera privata nel settore pubblico e anche professionale. La capacit\u00e0 di esprimersi chiaramente e con precisione su una vasta gamma di argomenti e di avere una conversazione spontanea e fluente con persone madrelingua.[\/vc_column_text][\/vc_column][\/vc_row][vc_row][vc_column][vc_column_text]<\/p>\n<h2>Preparazione all&#8217;esame per il certificato \u00d6SD C1<\/h2>\n<p><strong>Durata del corso<\/strong>: 360 minuti<br \/>\n<strong>Obiettivo<\/strong>: raggiungimento del livello C1.1<br \/>\n<strong>Durata dell&#8217;esame<\/strong>: circa 240 minuti<br \/>\n<strong>Struttura dell\u2019esame<\/strong>:<br \/>\nLettura: 90 minuti<br \/>\nAscolto: 40 minuti<br \/>\nScritto: 90 minuti<br \/>\nOrale: 15-20 minuti<\/p>\n<p><strong>Ufficialit\u00e0<\/strong>: prova richiesta della conoscenza della lingua tedesca presso le universit\u00e0 austriache per l&#8217;ammissione agli studi. Prova della conoscenza del tedesco nelle istituzioni e nelle universit\u00e0 di lingua tedesca di tutto il mondo.<\/p>\n<p><strong>Abilit\u00e0 certificate<\/strong>: competenza linguistica adoperata per comunicare in diverse situazioni di vita sociale e professionale, anche in contesti pi\u00f9 complessi<\/p>\n<h2>Preparazione all&#8217;esame per il certificato \u00d6SD C2<\/h2>\n<p><strong>Durata del corso<\/strong>: 300 minuti<br \/>\n<strong>Obiettivo<\/strong>: raggiungimento del livello C2<br \/>\n<strong>Durata dell&#8217;esame<\/strong>: circa 230 minuti<br \/>\n<strong>Struttura dell\u2019esame<\/strong>:<br \/>\nLettura: 90 minuti<br \/>\nAscolto: 40 minuti<br \/>\nScritto: 75 minuti<br \/>\nOrale: 20 minuti<\/p>\n<p><strong>Abilit\u00e0 certificate<\/strong>: competenza tecnica in diversi ambiti. Capacit\u00e0 di comunicare in situazioni di vita professionale e anche in contesti pi\u00f9 complessi.<\/p>\n<p>I test di simulazione del certificato \u00d6SD, ti permettono di provare il contesto dell\u2019esame e allo stesso tempo, applicare e rivedere le conoscenze acquisite durante il corso e confrontare le risposte insieme con l\u2019insegnante. I nostri esperti madrelingua saranno lieti di rispondere a qualsiasi domanda tu possa avere e darti i consigli necessari per il superamento dell\u2019esame.[\/vc_column_text][\/vc_column][\/vc_row][vc_row][vc_column]\t<div class=\"vc_btn3-container vc_btn3-inline\">\n\t\t<a href=\"\/it\/iscrizione\/\" class=\"pgs_btn pgs_btn_style_1 pgs_btn_xl\">\n\t\t\t<span>\n\t\t\t\tIscrizione\t\t\t<\/span>\n\t\t\t\t\t\t<i class=\"fa fa-external-link\"><\/i>\n\t\t\t\t\t<\/a>\n\t<\/div>\n\t[\/vc_column][\/vc_row]<\/p>\n","protected":false},"excerpt":{"rendered":"<p>[vc_row][vc_column][vc_column_text] Corsi di preparazione per gli esami \u00d6IF\/\u00d6SD [\/vc_column_text][vc_row_inner][vc_column_inner width=&#8221;1\/2&#8243;][vc_column_text]Per affrontare gli esami certificati dal \u00d6IF (\u00d6sterreichische Integrationsfond \u2013 Fondo Austriaco per l\u2019Integrazione) e dal \u00d6SD (\u00d6sterreichisches Sprachdiplom Deutsch \u2013 Diploma Austriaco di Lingua Tedesca), mettiamo a disposizione i nostri corsi di preparazione. Le prove vengono approfondite ed esercitate a partire dal livello A1 fino&hellip; <a class=\"read-more\" href=\"https:\/\/www.sprachschule-aktiv-wien.at\/it\/corsi-di-preparazione-per-gli-esami-oeif-oesd\/\" title=\"Read Corsi di preparazione per gli esami \u00d6IF\/\u00d6SD\">Read more &raquo;<\/a><\/p>\n","protected":false},"author":7,"featured_media":0,"parent":0,"menu_order":0,"comment_status":"closed","ping_status":"closed","template":"","meta":{"footnotes":""},"class_list":["post-9040","page","type-page","status-publish","hentry"],"yoast_head":"<!-- This site is optimized with the Yoast SEO plugin v27.1.1 - https:\/\/yoast.com\/product\/yoast-seo-wordpress\/ -->\n<title>Corsi di preparazione per gli esami \u00d6IF\/\u00d6SD A1-C2<\/title>\n<meta name=\"description\" content=\"Per affrontare gli esami certificati dal \u00d6IFe dal \u00d6SD, mettiamo a disposizione i nostri corsi di preparazione A1, A2. B1, B2, C1, C2\" \/>\n<meta name=\"robots\" content=\"index, follow, max-snippet:-1, max-image-preview:large, max-video-preview:-1\" \/>\n<link rel=\"canonical\" href=\"https:\/\/www.sprachschule-aktiv-wien.at\/it\/corsi-di-preparazione-per-gli-esami-oeif-oesd\/\" \/>\n<meta property=\"og:locale\" content=\"it_IT\" \/>\n<meta property=\"og:type\" content=\"article\" \/>\n<meta property=\"og:title\" content=\"Corsi di preparazione per gli esami \u00d6IF\/\u00d6SD A1-C2\" \/>\n<meta property=\"og:description\" content=\"Per affrontare gli esami certificati dal \u00d6IFe dal \u00d6SD, mettiamo a disposizione i nostri corsi di preparazione A1, A2. B1, B2, C1, C2\" \/>\n<meta property=\"og:url\" content=\"https:\/\/www.sprachschule-aktiv-wien.at\/it\/corsi-di-preparazione-per-gli-esami-oeif-oesd\/\" \/>\n<meta property=\"og:site_name\" content=\"Sprachschule Aktiv Wien\" \/>\n<meta property=\"article:modified_time\" content=\"2023-05-11T09:30:52+00:00\" \/>\n<meta name=\"twitter:label1\" content=\"Tempo di lettura stimato\" \/>\n\t<meta name=\"twitter:data1\" content=\"8 minuti\" \/>\n<script type=\"application\/ld+json\" class=\"yoast-schema-graph\">{\"@context\":\"https:\/\/schema.org\",\"@graph\":[{\"@type\":\"WebPage\",\"@id\":\"https:\/\/www.sprachschule-aktiv-wien.at\/it\/corsi-di-preparazione-per-gli-esami-oeif-oesd\/\",\"url\":\"https:\/\/www.sprachschule-aktiv-wien.at\/it\/corsi-di-preparazione-per-gli-esami-oeif-oesd\/\",\"name\":\"Corsi di preparazione per gli esami \u00d6IF\/\u00d6SD A1-C2\",\"isPartOf\":{\"@id\":\"https:\/\/www.sprachschule-aktiv-wien.at\/#website\"},\"datePublished\":\"2018-09-07T10:06:31+00:00\",\"dateModified\":\"2023-05-11T09:30:52+00:00\",\"description\":\"Per affrontare gli esami certificati dal \u00d6IFe dal \u00d6SD, mettiamo a disposizione i nostri corsi di preparazione A1, A2. B1, B2, C1, C2\",\"breadcrumb\":{\"@id\":\"https:\/\/www.sprachschule-aktiv-wien.at\/it\/corsi-di-preparazione-per-gli-esami-oeif-oesd\/#breadcrumb\"},\"inLanguage\":\"it-IT\",\"potentialAction\":[{\"@type\":\"ReadAction\",\"target\":[\"https:\/\/www.sprachschule-aktiv-wien.at\/it\/corsi-di-preparazione-per-gli-esami-oeif-oesd\/\"]}]},{\"@type\":\"BreadcrumbList\",\"@id\":\"https:\/\/www.sprachschule-aktiv-wien.at\/it\/corsi-di-preparazione-per-gli-esami-oeif-oesd\/#breadcrumb\",\"itemListElement\":[{\"@type\":\"ListItem\",\"position\":1,\"name\":\"Home\",\"item\":\"https:\/\/www.sprachschule-aktiv-wien.at\/it\/\"},{\"@type\":\"ListItem\",\"position\":2,\"name\":\"Corsi di preparazione per gli esami \u00d6IF\/\u00d6SD\"}]},{\"@type\":\"WebSite\",\"@id\":\"https:\/\/www.sprachschule-aktiv-wien.at\/#website\",\"url\":\"https:\/\/www.sprachschule-aktiv-wien.at\/\",\"name\":\"Sprachschule Aktiv Wien\",\"description\":\"\",\"potentialAction\":[{\"@type\":\"SearchAction\",\"target\":{\"@type\":\"EntryPoint\",\"urlTemplate\":\"https:\/\/www.sprachschule-aktiv-wien.at\/?s={search_term_string}\"},\"query-input\":{\"@type\":\"PropertyValueSpecification\",\"valueRequired\":true,\"valueName\":\"search_term_string\"}}],\"inLanguage\":\"it-IT\"}]}<\/script>\n<!-- \/ Yoast SEO plugin. -->","yoast_head_json":{"title":"Corsi di preparazione per gli esami \u00d6IF\/\u00d6SD A1-C2","description":"Per affrontare gli esami certificati dal \u00d6IFe dal \u00d6SD, mettiamo a disposizione i nostri corsi di preparazione A1, A2. B1, B2, C1, C2","robots":{"index":"index","follow":"follow","max-snippet":"max-snippet:-1","max-image-preview":"max-image-preview:large","max-video-preview":"max-video-preview:-1"},"canonical":"https:\/\/www.sprachschule-aktiv-wien.at\/it\/corsi-di-preparazione-per-gli-esami-oeif-oesd\/","og_locale":"it_IT","og_type":"article","og_title":"Corsi di preparazione per gli esami \u00d6IF\/\u00d6SD A1-C2","og_description":"Per affrontare gli esami certificati dal \u00d6IFe dal \u00d6SD, mettiamo a disposizione i nostri corsi di preparazione A1, A2. B1, B2, C1, C2","og_url":"https:\/\/www.sprachschule-aktiv-wien.at\/it\/corsi-di-preparazione-per-gli-esami-oeif-oesd\/","og_site_name":"Sprachschule Aktiv Wien","article_modified_time":"2023-05-11T09:30:52+00:00","twitter_misc":{"Tempo di lettura stimato":"8 minuti"},"schema":{"@context":"https:\/\/schema.org","@graph":[{"@type":"WebPage","@id":"https:\/\/www.sprachschule-aktiv-wien.at\/it\/corsi-di-preparazione-per-gli-esami-oeif-oesd\/","url":"https:\/\/www.sprachschule-aktiv-wien.at\/it\/corsi-di-preparazione-per-gli-esami-oeif-oesd\/","name":"Corsi di preparazione per gli esami \u00d6IF\/\u00d6SD A1-C2","isPartOf":{"@id":"https:\/\/www.sprachschule-aktiv-wien.at\/#website"},"datePublished":"2018-09-07T10:06:31+00:00","dateModified":"2023-05-11T09:30:52+00:00","description":"Per affrontare gli esami certificati dal \u00d6IFe dal \u00d6SD, mettiamo a disposizione i nostri corsi di preparazione A1, A2. B1, B2, C1, C2","breadcrumb":{"@id":"https:\/\/www.sprachschule-aktiv-wien.at\/it\/corsi-di-preparazione-per-gli-esami-oeif-oesd\/#breadcrumb"},"inLanguage":"it-IT","potentialAction":[{"@type":"ReadAction","target":["https:\/\/www.sprachschule-aktiv-wien.at\/it\/corsi-di-preparazione-per-gli-esami-oeif-oesd\/"]}]},{"@type":"BreadcrumbList","@id":"https:\/\/www.sprachschule-aktiv-wien.at\/it\/corsi-di-preparazione-per-gli-esami-oeif-oesd\/#breadcrumb","itemListElement":[{"@type":"ListItem","position":1,"name":"Home","item":"https:\/\/www.sprachschule-aktiv-wien.at\/it\/"},{"@type":"ListItem","position":2,"name":"Corsi di preparazione per gli esami \u00d6IF\/\u00d6SD"}]},{"@type":"WebSite","@id":"https:\/\/www.sprachschule-aktiv-wien.at\/#website","url":"https:\/\/www.sprachschule-aktiv-wien.at\/","name":"Sprachschule Aktiv Wien","description":"","potentialAction":[{"@type":"SearchAction","target":{"@type":"EntryPoint","urlTemplate":"https:\/\/www.sprachschule-aktiv-wien.at\/?s={search_term_string}"},"query-input":{"@type":"PropertyValueSpecification","valueRequired":true,"valueName":"search_term_string"}}],"inLanguage":"it-IT"}]}},"_links":{"self":[{"href":"https:\/\/www.sprachschule-aktiv-wien.at\/it\/wp-json\/wp\/v2\/pages\/9040","targetHints":{"allow":["GET"]}}],"collection":[{"href":"https:\/\/www.sprachschule-aktiv-wien.at\/it\/wp-json\/wp\/v2\/pages"}],"about":[{"href":"https:\/\/www.sprachschule-aktiv-wien.at\/it\/wp-json\/wp\/v2\/types\/page"}],"author":[{"embeddable":true,"href":"https:\/\/www.sprachschule-aktiv-wien.at\/it\/wp-json\/wp\/v2\/users\/7"}],"replies":[{"embeddable":true,"href":"https:\/\/www.sprachschule-aktiv-wien.at\/it\/wp-json\/wp\/v2\/comments?post=9040"}],"version-history":[{"count":26,"href":"https:\/\/www.sprachschule-aktiv-wien.at\/it\/wp-json\/wp\/v2\/pages\/9040\/revisions"}],"predecessor-version":[{"id":40422,"href":"https:\/\/www.sprachschule-aktiv-wien.at\/it\/wp-json\/wp\/v2\/pages\/9040\/revisions\/40422"}],"wp:attachment":[{"href":"https:\/\/www.sprachschule-aktiv-wien.at\/it\/wp-json\/wp\/v2\/media?parent=9040"}],"curies":[{"name":"wp","href":"https:\/\/api.w.org\/{rel}","templated":true}]}}