{"id":8893,"date":"2018-09-18T09:14:50","date_gmt":"2018-09-18T09:14:50","guid":{"rendered":"https:\/\/www.sprachschule-aktiv-wien.at\/?page_id=8893"},"modified":"2024-06-02T20:40:41","modified_gmt":"2024-06-02T20:40:41","slug":"corsi-di-tedesco-certificati-oeif-a-vienna","status":"publish","type":"page","link":"https:\/\/www.sprachschule-aktiv-wien.at\/it\/corsi-di-tedesco-certificati-oeif-a-vienna\/","title":{"rendered":"Corsi di tedesco certificati \u00d6IF a Vienna"},"content":{"rendered":"<p>[vc_row][vc_column][vc_column_text]<\/p>\n<h1>Corsi di tedesco certificati \u00d6IF livello A1, A2, B1, B2 a Vienna<\/h1>\n<p>[\/vc_column_text][vc_row_inner][vc_column_inner width=&#8221;1\/2&#8243;][vc_column_text]L&#8217;\u00d6IF &#8211; <em>\u00d6sterreichische Integrationsfonds <\/em>(Fondo Austriaco per l\u2019Integrazione) fa parte del Ministero Federale per l&#8217;Europa, l&#8217;Integrazione e gli Affari Esteri austriaco, ed \u00e8 responsabile in materia di integrazione e migrazione in Austria.<\/p>\n<p>Vieni dall&#8217;estero e vuoi stabilirti rapidamente in Austria, inserirti nel mondo del lavoro, capire e farti capire in tedesco? Noi ti offriamo i corsi di preparazione che ti consentiranno di familiarizzare in modo rapido ed efficace con i contenuti richiesti negli esami di integrazione che dovrai superare per rimanere in Austria.<\/p>\n<div class=\"vc_btn3-container vc_btn3-inline\">\n\t\t<a href=\"https:\/\/www.sprachschule-aktiv-wien.at\/it\/contattaci\/\" target=\"_blank\" class=\"pgs_btn pgs_btn_style_1 pgs_btn_xl\">\n\t\t\t<span>\n\t\t\t\t\u201eContattaci\u201c\t\t\t<\/span>\n\t\t\t\t\t<\/a>\n\t<\/div>\n\t[\/vc_column_text][\/vc_column_inner][vc_column_inner width=&#8221;1\/2&#8243;][vc_single_image image=&#8221;35401&#8243; img_size=&#8221;full&#8221;][\/vc_column_inner][\/vc_row_inner][\/vc_column][\/vc_row][vc_row][vc_column][vc_column_text]<\/p>\n<h2>I nostri corsi di tedesco \u00d6IF<\/h2>\n<p>La <em>Sprachschule Aktiv<\/em> di Vienna ti offre i corsi di tedesco adatti per la preparazione al tuo es<br \/>\name \u00d6IF. Grazie al nostro corpo insegnanti professionale ed esperto, puoi prepararti all&#8217;esame \u00d6IF in un corso intensivo della durata di 4 o 8 settimane. Il corso ha luogo nella nostra scuola 5 volte alla settimana, durante il quale verranno introdotti i requisiti e i contenuti dell\u2019esame nella sua completezza (parte scritta e parte orale). Al termine del corso potrai sostenere l\u2019esame \u00d6IF per attestare il tuo livello di conoscenza linguistica.[\/vc_column_text][\/vc_column][\/vc_row][vc_row][vc_column][vc_column_text]<\/p>\n<h2>Prezzi e date dei nostri corsi di tedesco \u00d6IF a Vienna<\/h2>\n<p><strong>Livelli<\/strong>: A1, A2, B1, B2.1 + B2.2<br \/>\n<strong>Appuntamento<\/strong>: dal luned\u00ec al venerd\u00ec, 8:00-11:00 \/ 11:00-14:00 \/18:00-21:00 (*per 5 o pi\u00f9 persone: 3\u00d760 minuti al giorno, per 4 persone 2\u00d760 minuti al giorno)<br \/>\n<strong>Obiettivo del corso<\/strong>: raggiungere il livello di integrazione A1, A2, B1, B2 di tedesco<br \/>\n<strong>Partecipanti<\/strong>: chiunque desideri sostenere un esame \u00d6IF o desideri conseguire un livello di lingua tedesca A1, A2, B1, B2 e allo stesso tempo ambientarsi in Austria<br \/>\n<strong>Prerequisiti<\/strong>: corso di lingua tedesca di livello precedente gi\u00e0 completato<br \/>\n<strong>Durata<\/strong>: 4 -8 settimane<br \/>\n<strong>Prezzo<\/strong>: 4 settimane: 499 \u20ac, 8 settimane: 998 \u20ac<\/p>\n\t<div class=\"vc_btn3-container vc_btn3-inline\">\n\t\t<a href=\"\/it\/iscrizione\/\" class=\"pgs_btn pgs_btn_style_1 pgs_btn_xl\">\n\t\t\t<span>\n\t\t\t\tIscrizione\t\t\t<\/span>\n\t\t\t\t\t\t<i class=\"fa fa-external-link\"><\/i>\n\t\t\t\t\t<\/a>\n\t<\/div>\n\t\n<p>&nbsp;<\/p>\n<div class=\"BorlabsCookie _brlbs-cb-youtube\">\n<div class=\"_brlbs-content-blocker\">\n<div class=\"_brlbs-embed _brlbs-video-youtube\"> <img decoding=\"async\" class=\"_brlbs-thumbnail\" src=\"https:\/\/www.sprachschule-aktiv-wien.at\/wp-content\/plugins\/borlabs-cookie\/assets\/images\/cb-no-thumbnail.png\" alt=\"YouTube\"> <\/p>\n<div class=\"_brlbs-caption\">\n<p>Mit dem Laden des Videos akzeptieren Sie die Datenschutzerkl\u00e4rung von YouTube.<br \/><a href=\"https:\/\/policies.google.com\/privacy\" target=\"_blank\" rel=\"nofollow noopener noreferrer\">Mehr erfahren<\/a><\/p>\n<p><a class=\"_brlbs-btn _brlbs-icon-play-white\" href=\"#\" data-borlabs-cookie-unblock role=\"button\">Video laden<\/a><\/p>\n<p><label><input type=\"checkbox\" name=\"unblockAll\" value=\"1\" checked> <small>YouTube immer entsperren<\/small><\/label><\/p>\n<\/p><\/div><\/div><\/div>\n<div class=\"borlabs-hide\" data-borlabs-cookie-type=\"content-blocker\" data-borlabs-cookie-id=\"youtube\"><script type=\"text\/template\">PGlmcmFtZSB0aXRsZT0iRGV1dHNjaCBsZXJuZW4gaW4gV2llbiAtIERldXRzY2ggU3ByYWNoc2NodWxlIC0gRGV1dHNjaGt1cnNlIiB3aWR0aD0iNTAwIiBoZWlnaHQ9IjI4MSIgc3JjPSJodHRwczovL3d3dy55b3V0dWJlLW5vY29va2llLmNvbS9lbWJlZC9YeklJenptNEphWT9mZWF0dXJlPW9lbWJlZCZlbmFibGVqc2FwaT0xJm9yaWdpbj1odHRwczovL3d3dy5zcHJhY2hzY2h1bGUtYWt0aXYtd2llbi5hdCIgZnJhbWVib3JkZXI9IjAiIGFsbG93PSJhY2NlbGVyb21ldGVyOyBhdXRvcGxheTsgY2xpcGJvYXJkLXdyaXRlOyBlbmNyeXB0ZWQtbWVkaWE7IGd5cm9zY29wZTsgcGljdHVyZS1pbi1waWN0dXJlOyB3ZWItc2hhcmUiIHJlZmVycmVycG9saWN5PSJzdHJpY3Qtb3JpZ2luLXdoZW4tY3Jvc3Mtb3JpZ2luIiBhbGxvd2Z1bGxzY3JlZW4+PC9pZnJhbWU+<\/script><\/div>\n<\/div>\n<h2>Corso di tedesco \u00d6IF A1 a Vienna<\/h2>\n<p><strong>Per poter richiedere un permesso di soggiorno in Austria per la prima volta, \u00e8 necessario dimostrare una conoscenza della lingua tedesca di livello A1<\/strong>. A tal fine, \u00e8 previsto il test di integrazione standardizzato <em>A1 &#8211; Fit f\u00fcr \u00d6sterreich<\/em>, certificato dal Fondo Austriaco di Integrazione (\u00d6IF).<\/p>\n<p>La prima parte del corso \u00e8 dedicata alla conoscenza di base della lingua tedesca. L\u2019obiettivo \u00e8 di riuscire a comunicare in modo semplice e saper affrontare le situazioni pi\u00f9 concrete, ad esempio: come presentarsi, abitare a Vienna, gli appartamenti, il cibo, lavorare, viaggiare, fare la spesa, le visite mediche, uffici e burocrazia, ecc.<\/p>\n<p>Nella seconda parte, vengono presentate le regole ed i valori della vita quotidiana in Austria, basandosi sugli obiettivi di apprendimento del livello A1, secondo il quadro di riferimento richiesto dal \u00d6IF. Altri temi chiave sono: la lingua e l&#8217;istruzione, il lavoro e l&#8217;economia, la sanit\u00e0, gli alloggi e le abitazioni, i principi della convivenza\/l\u2019integrazione dal punto di vista legale, l\u2019integrazione culturale.<\/p>\n<p>Alla fine del corso, gli studenti sono sottoposti al test di integrazione <em>A1 &#8211; Fit f\u00fcr \u00d6sterreich<\/em>, riconosciuto come l\u2019attestato del raggiungimento del livello A1 di lingua tedesca nel Quadro Comune Europeo di Riferimento per le Lingue (QCER). Il superamento dell&#8217;esame \u00d6IF \u00e8 un prerequisito necessario per richiedere il permesso di soggiorno in Austria.<\/p>\n<h2>Corso di tedesco \u00d6IF A2<\/h2>\n<p>Per prolungare la tua permanenza in Austria \u00e8 necessaria la conoscenza della lingua tedesca a livello A2.<strong> Chiunque abbia gi\u00e0 ottenuto un permesso di soggiorno, deve entro 2 anni adempire al Modulo 1 dell\u2019Accordo di Integrazione (<em>Integrationsvereinbarung<\/em>) e dimostrare una competenza linguistica di livello A2<\/strong>. A tal fine, \u00e8 previsto il test di integrazione standardizzato <em>A2 &#8211; \u00d6IF-Test Neu (2011)<\/em>, certificato dal Fondo Austriaco di Integrazione (\u00d6IF).<\/p>\n<p>Questo test \u00e8 riconosciuto come certificato linguistico per l&#8217;adempimento del Modulo 1 dell\u2019Accordo di Integrazione (<em>Integrationsvereinbarung<\/em>) \u2013 riguardante l\u2019estensione della residenza in Austria per 3 anni. L\u2019esame verifica la conoscenza linguistica dal livello A2 fino al B1.<\/p>\n<p>Nella prima parte, il corso consente di approfondire la conoscenza del tedesco e fornisce le competenze necessarie per vivere e lavorare in Austria. Gli argomenti trattati sono, tra gli altri, i mezzi di comunicazione, la scuola, il lavoro e la ricerca del lavoro, gli alloggi, le feste, il sistema sanitario, banche e assicurazioni, viaggi, ecc.<\/p>\n<p>La seconda parte verte sulle regole ed i valori della convivenza e la quotidianit\u00e0 in Austria. Le lezioni si basano sugli obiettivi di apprendimento dell\u2019esame A2, secondo il quadro di riferimento presentato dal \u00d6IF, e, su temi chiave, come l&#8217;istruzione e la lingua, il lavoro e l&#8217;economia, la storia e la geografia, la salute, i principi di convivenza ovvero l\u2019integrazione da un punto di vista legale, e la convivenza come integrazione culturale.<\/p>\n<p>Alla fine del corso viene presentato il test <em>A2 &#8211; \u00d6IF-Test Neu (2011)<\/em>, che \u00e8 riconosciuto come certificato di lingua di livello A2 dal Quadro Comune Europeo di Riferimento per le Lingue (QCER). Il suo scopo \u00e8 quello di soddisfare il Modulo 1 dell&#8217;Accordo di Integrazione, che deve essere conseguito entro 2 anni, se il permesso \u00e8 gi\u00e0 stato concesso, dimostrando il raggiungimento del livello A2 di conoscenza della lingua tedesca.[\/vc_column_text][\/vc_column][\/vc_row][vc_row][vc_column][vc_column_text]<\/p>\n<h2>Corso di tedesco \u00d6IF B1<\/h2>\n<p>Chiunque desideri richiedere una <strong>residenza permanente nell\u2019Unione Europea<\/strong>\u00a0o la cittadinanza austriaca deve dimostrare di possedere la <strong>conoscenza linguistica del tedesco al livello B1<\/strong>. A tale scopo, \u00e8 previsto il test di integrazione standardizzato del Fondo di Integrazione Austriaco (\u00d6IF): <em>B1 \u2013 Deutsch-Test f\u00fcr \u00d6sterreich (DT\u00d6)<\/em>.<\/p>\n<p>In una prima parte, il corso aiuter\u00e0 ad ampliare la conoscenza del tedesco e ad usare la lingua per essere indipendente e affrontare una residenza a lungo termine in Austria. Qui le aree tematiche sono, per esempio: la vita in famiglia, comunicare con le altre persone, l\u2019equiparazione dei diritti, il mondo del lavoro, viaggi e trasporti, natura e ambiente, salute, politica e storia, ecc.<\/p>\n<p>In una seconda parte, sono presentate le regole e il modo di vivere in Austria. Come sempre, le lezioni si basano sugli obiettivi di apprendimento del test \u00d6IF B1, i cui temi chiave sono: l&#8217;istruzione e la lingua, il lavoro e l&#8217;economia, la storia e la geografia, i negozi, la salute, le abitazioni e gli alloggi, i principi di integrazione secondo la legge legale e l\u2019integrazione culturale.<\/p>\n<p>Alla fine del corso viene presentato il test <em>B1 \u2013 Deutsch-Test f\u00fcr \u00d6sterreich (DT\u00d6)<\/em>, che \u00e8 riconosciuto come certificato di lingua di livello B1 dal Quadro Comune Europeo di Riferimento per le Lingue (QCER). L\u2019esame, se superato con successo, serve a soddisfare il Modulo 2 dell\u2019Accordo di Integrazione, e deve essere attestato dal Fondo Austriaco per l\u2019 Integrazione al fine di richiedere la residenza permanente in Austria o la cittadinanza austriaca.<\/p>\n<h2>Contenuti e obiettivi dei nostri corsi di tedesco<\/h2>\n<p>Sei riuscito a trovare il test \u00d6IF adatto a te? Noi siamo qui per aiutarti ad acquisire, passo dopo passo, le abilit\u00e0 di lingua tedesca per i livelli A1, A2 e B1. Con 80 lezioni per ogni livello, il contenuto del corso approfondisce le abilit\u00e0 linguistiche, cos\u00ec come la conoscenza dei valori e della cultura austriaca richiesti per raggiungere ogni livello. Il livello desiderato sar\u00e0 raggiunto in 4 settimane.<\/p>\n<p>I nostri insegnanti, che sono tutti madreligua, esperti e pazienti nell\u2019insegnamento, vi guideranno attraverso i corsi utilizzando il manuale <em>Pluspunkt Deutsch &#8211; Leben in \u00d6sterreich<\/em> approvato dal \u00d6IF, e basato sul Quadro Comune Europeo di Riferimento per le Lingue (QCER). In questo modo, ci assicuriamo che il contenuto del corso ti aiuti in modo ottimale a superare gli esami di integrazione e ad inserirti pi\u00f9 rapidamente possibile in Austria.<\/p>\n<h2>La conoscenza dei valori e del contesto austriaco<\/h2>\n<ul>\n<li>Acquisti: alimentazione, cibi, provviste giornaliere, denaro<\/li>\n<li>Abitazioni ed edilizia: tipi in appartamento, affitto, ambiente generale<\/li>\n<li>Salute e societ\u00e0: sistema sanitario e sociale, visite mediche, assistenza sociale<\/li>\n<li>Istruzione: formazione (scuole, corsi di aggiornamento), identit\u00e0 (curriculum vitae, tratti personali, conoscenze, abilit\u00e0, obiettivi), educazione, scuola materna<\/li>\n<li>Mercato del lavoro: ricerca di lavoro, occupazione e professione, economia, settori professionali specifici<\/li>\n<li>Trasporti: rete dei trasporti pubblici, orientamento<\/li>\n<li>Tempo libero e associazioni: hobby, sport, interessi, attivit\u00e0 culturali<\/li>\n<li>Amministrazione: uffici, autorit\u00e0, banche, compagnie di assicurazione, gestione della burocrazia, sistema sociale austriaco, contratti<\/li>\n<li>Stato di diritto e valori: valori fondamentali di una societ\u00e0 democratica europea, forme statali, istituzioni politiche, stati federali austriaci, storia<\/li>\n<li>Dialogo interculturale: feste e costumi, tradizione e cultura<\/li>\n<\/ul>\n<p>[\/vc_column_text][\/vc_column][\/vc_row]<\/p>\n","protected":false},"excerpt":{"rendered":"<p>[vc_row][vc_column][vc_column_text] Corsi di tedesco certificati \u00d6IF livello A1, A2, B1, B2 a Vienna [\/vc_column_text][vc_row_inner][vc_column_inner width=&#8221;1\/2&#8243;][vc_column_text]L&#8217;\u00d6IF &#8211; \u00d6sterreichische Integrationsfonds (Fondo Austriaco per l\u2019Integrazione) fa parte del Ministero Federale per l&#8217;Europa, l&#8217;Integrazione e gli Affari Esteri austriaco, ed \u00e8 responsabile in materia di integrazione e migrazione in Austria. Vieni dall&#8217;estero e vuoi stabilirti rapidamente in Austria, inserirti&hellip; <a class=\"read-more\" href=\"https:\/\/www.sprachschule-aktiv-wien.at\/it\/corsi-di-tedesco-certificati-oeif-a-vienna\/\" title=\"Read Corsi di tedesco certificati \u00d6IF a Vienna\">Read more &raquo;<\/a><\/p>\n","protected":false},"author":7,"featured_media":0,"parent":0,"menu_order":0,"comment_status":"closed","ping_status":"closed","template":"","meta":{"footnotes":""},"class_list":["post-8893","page","type-page","status-publish","hentry"],"yoast_head":"<!-- This site is optimized with the Yoast SEO plugin v27.1.1 - https:\/\/yoast.com\/product\/yoast-seo-wordpress\/ -->\n<title>Corsi di tedesco certificati \u00d6IF a Vienna A1, A2, B1, B2<\/title>\n<meta name=\"description\" content=\"Corsi di tedesco certificati \u00d6IF (\u00d6sterreichische Integrationsfonds) livello A1, A2, B1, B2 a Vienna - per visto e permesso di soggiorno.\" \/>\n<meta name=\"robots\" content=\"index, follow, max-snippet:-1, max-image-preview:large, max-video-preview:-1\" \/>\n<link rel=\"canonical\" href=\"https:\/\/www.sprachschule-aktiv-wien.at\/it\/corsi-di-tedesco-certificati-oeif-a-vienna\/\" \/>\n<meta property=\"og:locale\" content=\"it_IT\" \/>\n<meta property=\"og:type\" content=\"article\" \/>\n<meta property=\"og:title\" content=\"Corsi di tedesco certificati \u00d6IF a Vienna A1, A2, B1, B2\" \/>\n<meta property=\"og:description\" content=\"Corsi di tedesco certificati \u00d6IF (\u00d6sterreichische Integrationsfonds) livello A1, A2, B1, B2 a Vienna - per visto e permesso di soggiorno.\" \/>\n<meta property=\"og:url\" content=\"https:\/\/www.sprachschule-aktiv-wien.at\/it\/corsi-di-tedesco-certificati-oeif-a-vienna\/\" \/>\n<meta property=\"og:site_name\" content=\"Sprachschule Aktiv Wien\" \/>\n<meta property=\"article:modified_time\" content=\"2024-06-02T20:40:41+00:00\" \/>\n<meta name=\"twitter:label1\" content=\"Tempo di lettura stimato\" \/>\n\t<meta name=\"twitter:data1\" content=\"8 minuti\" \/>\n<script type=\"application\/ld+json\" class=\"yoast-schema-graph\">{\"@context\":\"https:\/\/schema.org\",\"@graph\":[{\"@type\":\"WebPage\",\"@id\":\"https:\/\/www.sprachschule-aktiv-wien.at\/it\/corsi-di-tedesco-certificati-oeif-a-vienna\/\",\"url\":\"https:\/\/www.sprachschule-aktiv-wien.at\/it\/corsi-di-tedesco-certificati-oeif-a-vienna\/\",\"name\":\"Corsi di tedesco certificati \u00d6IF a Vienna A1, A2, B1, B2\",\"isPartOf\":{\"@id\":\"https:\/\/www.sprachschule-aktiv-wien.at\/#website\"},\"datePublished\":\"2018-09-18T09:14:50+00:00\",\"dateModified\":\"2024-06-02T20:40:41+00:00\",\"description\":\"Corsi di tedesco certificati \u00d6IF (\u00d6sterreichische Integrationsfonds) livello A1, A2, B1, B2 a Vienna - per visto e permesso di soggiorno.\",\"breadcrumb\":{\"@id\":\"https:\/\/www.sprachschule-aktiv-wien.at\/it\/corsi-di-tedesco-certificati-oeif-a-vienna\/#breadcrumb\"},\"inLanguage\":\"it-IT\",\"potentialAction\":[{\"@type\":\"ReadAction\",\"target\":[\"https:\/\/www.sprachschule-aktiv-wien.at\/it\/corsi-di-tedesco-certificati-oeif-a-vienna\/\"]}]},{\"@type\":\"BreadcrumbList\",\"@id\":\"https:\/\/www.sprachschule-aktiv-wien.at\/it\/corsi-di-tedesco-certificati-oeif-a-vienna\/#breadcrumb\",\"itemListElement\":[{\"@type\":\"ListItem\",\"position\":1,\"name\":\"Home\",\"item\":\"https:\/\/www.sprachschule-aktiv-wien.at\/it\/\"},{\"@type\":\"ListItem\",\"position\":2,\"name\":\"Corsi di tedesco certificati \u00d6IF a Vienna\"}]},{\"@type\":\"WebSite\",\"@id\":\"https:\/\/www.sprachschule-aktiv-wien.at\/#website\",\"url\":\"https:\/\/www.sprachschule-aktiv-wien.at\/\",\"name\":\"Sprachschule Aktiv Wien\",\"description\":\"\",\"potentialAction\":[{\"@type\":\"SearchAction\",\"target\":{\"@type\":\"EntryPoint\",\"urlTemplate\":\"https:\/\/www.sprachschule-aktiv-wien.at\/?s={search_term_string}\"},\"query-input\":{\"@type\":\"PropertyValueSpecification\",\"valueRequired\":true,\"valueName\":\"search_term_string\"}}],\"inLanguage\":\"it-IT\"}]}<\/script>\n<!-- \/ Yoast SEO plugin. -->","yoast_head_json":{"title":"Corsi di tedesco certificati \u00d6IF a Vienna A1, A2, B1, B2","description":"Corsi di tedesco certificati \u00d6IF (\u00d6sterreichische Integrationsfonds) livello A1, A2, B1, B2 a Vienna - per visto e permesso di soggiorno.","robots":{"index":"index","follow":"follow","max-snippet":"max-snippet:-1","max-image-preview":"max-image-preview:large","max-video-preview":"max-video-preview:-1"},"canonical":"https:\/\/www.sprachschule-aktiv-wien.at\/it\/corsi-di-tedesco-certificati-oeif-a-vienna\/","og_locale":"it_IT","og_type":"article","og_title":"Corsi di tedesco certificati \u00d6IF a Vienna A1, A2, B1, B2","og_description":"Corsi di tedesco certificati \u00d6IF (\u00d6sterreichische Integrationsfonds) livello A1, A2, B1, B2 a Vienna - per visto e permesso di soggiorno.","og_url":"https:\/\/www.sprachschule-aktiv-wien.at\/it\/corsi-di-tedesco-certificati-oeif-a-vienna\/","og_site_name":"Sprachschule Aktiv Wien","article_modified_time":"2024-06-02T20:40:41+00:00","twitter_misc":{"Tempo di lettura stimato":"8 minuti"},"schema":{"@context":"https:\/\/schema.org","@graph":[{"@type":"WebPage","@id":"https:\/\/www.sprachschule-aktiv-wien.at\/it\/corsi-di-tedesco-certificati-oeif-a-vienna\/","url":"https:\/\/www.sprachschule-aktiv-wien.at\/it\/corsi-di-tedesco-certificati-oeif-a-vienna\/","name":"Corsi di tedesco certificati \u00d6IF a Vienna A1, A2, B1, B2","isPartOf":{"@id":"https:\/\/www.sprachschule-aktiv-wien.at\/#website"},"datePublished":"2018-09-18T09:14:50+00:00","dateModified":"2024-06-02T20:40:41+00:00","description":"Corsi di tedesco certificati \u00d6IF (\u00d6sterreichische Integrationsfonds) livello A1, A2, B1, B2 a Vienna - per visto e permesso di soggiorno.","breadcrumb":{"@id":"https:\/\/www.sprachschule-aktiv-wien.at\/it\/corsi-di-tedesco-certificati-oeif-a-vienna\/#breadcrumb"},"inLanguage":"it-IT","potentialAction":[{"@type":"ReadAction","target":["https:\/\/www.sprachschule-aktiv-wien.at\/it\/corsi-di-tedesco-certificati-oeif-a-vienna\/"]}]},{"@type":"BreadcrumbList","@id":"https:\/\/www.sprachschule-aktiv-wien.at\/it\/corsi-di-tedesco-certificati-oeif-a-vienna\/#breadcrumb","itemListElement":[{"@type":"ListItem","position":1,"name":"Home","item":"https:\/\/www.sprachschule-aktiv-wien.at\/it\/"},{"@type":"ListItem","position":2,"name":"Corsi di tedesco certificati \u00d6IF a Vienna"}]},{"@type":"WebSite","@id":"https:\/\/www.sprachschule-aktiv-wien.at\/#website","url":"https:\/\/www.sprachschule-aktiv-wien.at\/","name":"Sprachschule Aktiv Wien","description":"","potentialAction":[{"@type":"SearchAction","target":{"@type":"EntryPoint","urlTemplate":"https:\/\/www.sprachschule-aktiv-wien.at\/?s={search_term_string}"},"query-input":{"@type":"PropertyValueSpecification","valueRequired":true,"valueName":"search_term_string"}}],"inLanguage":"it-IT"}]}},"_links":{"self":[{"href":"https:\/\/www.sprachschule-aktiv-wien.at\/it\/wp-json\/wp\/v2\/pages\/8893","targetHints":{"allow":["GET"]}}],"collection":[{"href":"https:\/\/www.sprachschule-aktiv-wien.at\/it\/wp-json\/wp\/v2\/pages"}],"about":[{"href":"https:\/\/www.sprachschule-aktiv-wien.at\/it\/wp-json\/wp\/v2\/types\/page"}],"author":[{"embeddable":true,"href":"https:\/\/www.sprachschule-aktiv-wien.at\/it\/wp-json\/wp\/v2\/users\/7"}],"replies":[{"embeddable":true,"href":"https:\/\/www.sprachschule-aktiv-wien.at\/it\/wp-json\/wp\/v2\/comments?post=8893"}],"version-history":[{"count":28,"href":"https:\/\/www.sprachschule-aktiv-wien.at\/it\/wp-json\/wp\/v2\/pages\/8893\/revisions"}],"predecessor-version":[{"id":35423,"href":"https:\/\/www.sprachschule-aktiv-wien.at\/it\/wp-json\/wp\/v2\/pages\/8893\/revisions\/35423"}],"wp:attachment":[{"href":"https:\/\/www.sprachschule-aktiv-wien.at\/it\/wp-json\/wp\/v2\/media?parent=8893"}],"curies":[{"name":"wp","href":"https:\/\/api.w.org\/{rel}","templated":true}]}}