{"id":5128,"date":"2017-12-14T13:34:39","date_gmt":"2017-12-14T13:34:39","guid":{"rendered":"https:\/\/www.sprachschule-aktiv-wien.at\/blog\/"},"modified":"2021-10-23T11:10:44","modified_gmt":"2021-10-23T11:10:44","slug":"blog","status":"publish","type":"page","link":"https:\/\/www.sprachschule-aktiv-wien.at\/it\/blog\/","title":{"rendered":"Blog sulla lingua tedesca e come imparare le lingue straniere, sull&#8217;Austria e Vienna"},"content":{"rendered":"<p>[vc_row css=&#8221;.vc_custom_1615833596917{margin-top: 40px !important;}&#8221;][vc_column][vc_column_text]<\/p>\n<h1>Blog \u2013 Impari il tedesco gratis livelli A1, A2, B1, B2, C1 e C2<\/h1>\n<p>Si alleni in tedesco gratuitamente da casa sua. Questo blog l\u2019aiuter\u00e0 a saperne di pi\u00f9 sulla la lingua tedesca in maniera comoda, niente affatto complicata e gratis. Le consentir\u00e0 di completare gradualmente le conoscenze acquisite nel corso delle lezioni e, per di pi\u00f9, ovunque lei si trovi.\u00a0 Inoltre, non soltanto imparer\u00e0 il funzionamento stesso del tedesco, ma le sar\u00e0 data la possibilit\u00e0 di accedere ai molteplici contesti di utilizzo della lingua tedesca.<\/p>\n<h2>Chi pu\u00f2 interessare questo blog?<\/h2>\n<p>Questo blog sulla lingua tedesca fornisce anzitutto informazioni utili supplementari sull\u2019 apprendimento del tedesco. E\u2019 particolarmente adatto per chi desidera andare oltre i limiti dei corsi frequentati, migliorare la pratica attiva della lingua e saperne di pi\u00f9 sulle consuetudini del tedesco e delle regioni di lingua tedesca.<\/p>\n<h3>Cosa si trova esattamente in questo blog?<\/h3>\n<p>In questo blog trover\u00e0 risposte a domande sul tedesco nonch\u00e9 consigli e suggerimenti utili riguardanti tutti gli ambiti in cui lo si impiega. Oltre a consigli pratici per l\u2019apprendimento del tedesco, contiene informazioni abbondanti e di varia natura sull\u2019Austria, lo studio del tedesco, la grammatica tedesca, Vienna, le lingue straniere, suggerimenti e consigli relativi alle attrazioni turistiche, le possibilit\u00e0 di alloggio , gli eventi e la cultura. Vi si propongono anche esercizi da fare, test di livello e tanto altro ancora.[\/vc_column_text][\/vc_column][\/vc_row][vc_row][vc_column][vc_basic_grid post_type=&#8221;post&#8221; max_items=&#8221;1000&#8243; style=&#8221;load-more&#8221; items_per_page=&#8221;12&#8243; grid_id=&#8221;vc_gid:1634740868123-9c08d66b-9424-8&#8243;][\/vc_column][\/vc_row]<\/p>\n","protected":false},"excerpt":{"rendered":"<p>[vc_row css=&#8221;.vc_custom_1615833596917{margin-top: 40px !important;}&#8221;][vc_column][vc_column_text] Blog \u2013 Impari il tedesco gratis livelli A1, A2, B1, B2, C1 e C2 Si alleni in tedesco gratuitamente da casa sua. Questo blog l\u2019aiuter\u00e0 a saperne di pi\u00f9 sulla la lingua tedesca in maniera comoda, niente affatto complicata e gratis. Le consentir\u00e0 di completare gradualmente le conoscenze acquisite nel corso&hellip; <a class=\"read-more\" href=\"https:\/\/www.sprachschule-aktiv-wien.at\/it\/blog\/\" title=\"Read Blog sulla lingua tedesca e come imparare le lingue straniere, sull&#8217;Austria e Vienna\">Read more &raquo;<\/a><\/p>\n","protected":false},"author":6,"featured_media":0,"parent":0,"menu_order":0,"comment_status":"closed","ping_status":"closed","template":"","meta":{"footnotes":""},"class_list":["post-5128","page","type-page","status-publish","hentry"],"yoast_head":"<!-- This site is optimized with the Yoast SEO plugin v27.1.1 - https:\/\/yoast.com\/product\/yoast-seo-wordpress\/ -->\n<title>Blog sull&#039;Austria. Impara il tedesco e le lingue straniere<\/title>\n<meta name=\"description\" content=\"Nel nostro blog ci sono informazioni interessanti sull&#039;apprendimento delle lingue a Vienna. Corsi di lingua, eventi Stammtisch, cultura\" \/>\n<meta name=\"robots\" content=\"index, follow, max-snippet:-1, max-image-preview:large, max-video-preview:-1\" \/>\n<link rel=\"canonical\" href=\"https:\/\/www.sprachschule-aktiv-wien.at\/it\/blog\/\" \/>\n<meta property=\"og:locale\" content=\"it_IT\" \/>\n<meta property=\"og:type\" content=\"article\" \/>\n<meta property=\"og:title\" content=\"Blog sull&#039;Austria. Impara il tedesco e le lingue straniere\" \/>\n<meta property=\"og:description\" content=\"Nel nostro blog ci sono informazioni interessanti sull&#039;apprendimento delle lingue a Vienna. Corsi di lingua, eventi Stammtisch, cultura\" \/>\n<meta property=\"og:url\" content=\"https:\/\/www.sprachschule-aktiv-wien.at\/it\/blog\/\" \/>\n<meta property=\"og:site_name\" content=\"Sprachschule Aktiv Wien\" \/>\n<meta property=\"article:modified_time\" content=\"2021-10-23T11:10:44+00:00\" \/>\n<meta name=\"twitter:label1\" content=\"Tempo di lettura stimato\" \/>\n\t<meta name=\"twitter:data1\" content=\"2 minuti\" \/>\n<script type=\"application\/ld+json\" class=\"yoast-schema-graph\">{\"@context\":\"https:\/\/schema.org\",\"@graph\":[{\"@type\":\"WebPage\",\"@id\":\"https:\/\/www.sprachschule-aktiv-wien.at\/it\/blog\/\",\"url\":\"https:\/\/www.sprachschule-aktiv-wien.at\/it\/blog\/\",\"name\":\"Blog sull'Austria. Impara il tedesco e le lingue straniere\",\"isPartOf\":{\"@id\":\"https:\/\/www.sprachschule-aktiv-wien.at\/#website\"},\"datePublished\":\"2017-12-14T13:34:39+00:00\",\"dateModified\":\"2021-10-23T11:10:44+00:00\",\"description\":\"Nel nostro blog ci sono informazioni interessanti sull'apprendimento delle lingue a Vienna. Corsi di lingua, eventi Stammtisch, cultura\",\"breadcrumb\":{\"@id\":\"https:\/\/www.sprachschule-aktiv-wien.at\/it\/blog\/#breadcrumb\"},\"inLanguage\":\"it-IT\",\"potentialAction\":[{\"@type\":\"ReadAction\",\"target\":[\"https:\/\/www.sprachschule-aktiv-wien.at\/it\/blog\/\"]}]},{\"@type\":\"BreadcrumbList\",\"@id\":\"https:\/\/www.sprachschule-aktiv-wien.at\/it\/blog\/#breadcrumb\",\"itemListElement\":[{\"@type\":\"ListItem\",\"position\":1,\"name\":\"Home\",\"item\":\"https:\/\/www.sprachschule-aktiv-wien.at\/it\/\"},{\"@type\":\"ListItem\",\"position\":2,\"name\":\"Blog sulla lingua tedesca e come imparare le lingue straniere, sull&#8217;Austria e Vienna\"}]},{\"@type\":\"WebSite\",\"@id\":\"https:\/\/www.sprachschule-aktiv-wien.at\/#website\",\"url\":\"https:\/\/www.sprachschule-aktiv-wien.at\/\",\"name\":\"Sprachschule Aktiv Wien\",\"description\":\"\",\"potentialAction\":[{\"@type\":\"SearchAction\",\"target\":{\"@type\":\"EntryPoint\",\"urlTemplate\":\"https:\/\/www.sprachschule-aktiv-wien.at\/?s={search_term_string}\"},\"query-input\":{\"@type\":\"PropertyValueSpecification\",\"valueRequired\":true,\"valueName\":\"search_term_string\"}}],\"inLanguage\":\"it-IT\"}]}<\/script>\n<!-- \/ Yoast SEO plugin. -->","yoast_head_json":{"title":"Blog sull'Austria. Impara il tedesco e le lingue straniere","description":"Nel nostro blog ci sono informazioni interessanti sull'apprendimento delle lingue a Vienna. Corsi di lingua, eventi Stammtisch, cultura","robots":{"index":"index","follow":"follow","max-snippet":"max-snippet:-1","max-image-preview":"max-image-preview:large","max-video-preview":"max-video-preview:-1"},"canonical":"https:\/\/www.sprachschule-aktiv-wien.at\/it\/blog\/","og_locale":"it_IT","og_type":"article","og_title":"Blog sull'Austria. Impara il tedesco e le lingue straniere","og_description":"Nel nostro blog ci sono informazioni interessanti sull'apprendimento delle lingue a Vienna. Corsi di lingua, eventi Stammtisch, cultura","og_url":"https:\/\/www.sprachschule-aktiv-wien.at\/it\/blog\/","og_site_name":"Sprachschule Aktiv Wien","article_modified_time":"2021-10-23T11:10:44+00:00","twitter_misc":{"Tempo di lettura stimato":"2 minuti"},"schema":{"@context":"https:\/\/schema.org","@graph":[{"@type":"WebPage","@id":"https:\/\/www.sprachschule-aktiv-wien.at\/it\/blog\/","url":"https:\/\/www.sprachschule-aktiv-wien.at\/it\/blog\/","name":"Blog sull'Austria. Impara il tedesco e le lingue straniere","isPartOf":{"@id":"https:\/\/www.sprachschule-aktiv-wien.at\/#website"},"datePublished":"2017-12-14T13:34:39+00:00","dateModified":"2021-10-23T11:10:44+00:00","description":"Nel nostro blog ci sono informazioni interessanti sull'apprendimento delle lingue a Vienna. Corsi di lingua, eventi Stammtisch, cultura","breadcrumb":{"@id":"https:\/\/www.sprachschule-aktiv-wien.at\/it\/blog\/#breadcrumb"},"inLanguage":"it-IT","potentialAction":[{"@type":"ReadAction","target":["https:\/\/www.sprachschule-aktiv-wien.at\/it\/blog\/"]}]},{"@type":"BreadcrumbList","@id":"https:\/\/www.sprachschule-aktiv-wien.at\/it\/blog\/#breadcrumb","itemListElement":[{"@type":"ListItem","position":1,"name":"Home","item":"https:\/\/www.sprachschule-aktiv-wien.at\/it\/"},{"@type":"ListItem","position":2,"name":"Blog sulla lingua tedesca e come imparare le lingue straniere, sull&#8217;Austria e Vienna"}]},{"@type":"WebSite","@id":"https:\/\/www.sprachschule-aktiv-wien.at\/#website","url":"https:\/\/www.sprachschule-aktiv-wien.at\/","name":"Sprachschule Aktiv Wien","description":"","potentialAction":[{"@type":"SearchAction","target":{"@type":"EntryPoint","urlTemplate":"https:\/\/www.sprachschule-aktiv-wien.at\/?s={search_term_string}"},"query-input":{"@type":"PropertyValueSpecification","valueRequired":true,"valueName":"search_term_string"}}],"inLanguage":"it-IT"}]}},"_links":{"self":[{"href":"https:\/\/www.sprachschule-aktiv-wien.at\/it\/wp-json\/wp\/v2\/pages\/5128","targetHints":{"allow":["GET"]}}],"collection":[{"href":"https:\/\/www.sprachschule-aktiv-wien.at\/it\/wp-json\/wp\/v2\/pages"}],"about":[{"href":"https:\/\/www.sprachschule-aktiv-wien.at\/it\/wp-json\/wp\/v2\/types\/page"}],"author":[{"embeddable":true,"href":"https:\/\/www.sprachschule-aktiv-wien.at\/it\/wp-json\/wp\/v2\/users\/6"}],"replies":[{"embeddable":true,"href":"https:\/\/www.sprachschule-aktiv-wien.at\/it\/wp-json\/wp\/v2\/comments?post=5128"}],"version-history":[{"count":18,"href":"https:\/\/www.sprachschule-aktiv-wien.at\/it\/wp-json\/wp\/v2\/pages\/5128\/revisions"}],"predecessor-version":[{"id":37630,"href":"https:\/\/www.sprachschule-aktiv-wien.at\/it\/wp-json\/wp\/v2\/pages\/5128\/revisions\/37630"}],"wp:attachment":[{"href":"https:\/\/www.sprachschule-aktiv-wien.at\/it\/wp-json\/wp\/v2\/media?parent=5128"}],"curies":[{"name":"wp","href":"https:\/\/api.w.org\/{rel}","templated":true}]}}