{"id":3321,"date":"2017-08-10T18:04:12","date_gmt":"2017-08-10T18:04:12","guid":{"rendered":"https:\/\/www.sprachschule-aktiv-wien.at\/?page_id=3321\/"},"modified":"2021-03-22T20:15:35","modified_gmt":"2021-03-22T20:15:35","slug":"su-vienna-informazioni-attrazioni-turistiche","status":"publish","type":"page","link":"https:\/\/www.sprachschule-aktiv-wien.at\/it\/corsi-di-tedesco-a-vienna\/su-vienna-informazioni-attrazioni-turistiche\/","title":{"rendered":"Vienna: attrazioni turistiche, trasporti pubblici, festival"},"content":{"rendered":"<p>[vc_row css=&#8221;.vc_custom_1534941600115{margin-top: 15px !important;padding-bottom: 15px !important;}&#8221;][vc_column][vc_column_text]<\/p>\n<h1>Vienna: attrazioni turistiche, trasporti pubblici, festival<\/h1>\n<p>[\/vc_column_text][\/vc_column][\/vc_row][vc_row css=&#8221;.vc_custom_1534941600115{margin-top: 15px !important;padding-bottom: 15px !important;}&#8221;][vc_column width=&#8221;1\/4&#8243;][vc_column_text]<a href=\"https:\/\/www.sprachschule-aktiv-wien.at\/wp-content\/uploads\/2021\/03\/sprachschule-aktiv-wien-75.jpg\"><img decoding=\"async\" class=\"alignnone  wp-image-32317\" src=\"https:\/\/www.sprachschule-aktiv-wien.at\/wp-content\/uploads\/2021\/03\/sprachschule-aktiv-wien-75.jpg\" alt=\"Vienna: attrazioni turistiche, trasporti pubblici, festival\" width=\"318\" height=\"239\" srcset=\"https:\/\/www.sprachschule-aktiv-wien.at\/wp-content\/uploads\/2021\/03\/sprachschule-aktiv-wien-75.jpg 449w, https:\/\/www.sprachschule-aktiv-wien.at\/wp-content\/uploads\/2021\/03\/sprachschule-aktiv-wien-75-300x225.jpg 300w, https:\/\/www.sprachschule-aktiv-wien.at\/wp-content\/uploads\/2021\/03\/sprachschule-aktiv-wien-75-283x212.jpg 283w\" sizes=\"(max-width: 318px) 100vw, 318px\" \/><\/a>[\/vc_column_text][\/vc_column][vc_column width=&#8221;3\/4&#8243;][vc_column_text]Come dice una celebre canzone:<em>\u00a0Wien, nur du allein!\u00a0<\/em>Imparare il tedesco divertendosi: si pu\u00f2 fare! Vienna \u00e8 una citt\u00e0 ricchissima di musei, arte e attrazioni turistiche, ma anche festival e numerosi eventi durante tutto l&#8217;anno. Imparare il tedesco vivendo a Vienna \u00e8 un eperienza splendida! E ogni luogo che desideri visitare, che sia l&#8217;universit\u00e0 o il tuo <em>Heuriger<\/em> preferito, pu\u00f2 essere facilmente raggiunto attraverso una efficientissima rete di trasporti pubblici, completa di linea metropolitana, tram e autobus.<\/p>\n<p><a href=\"https:\/\/www.sprachschule-aktiv-wien.at\/deutsch-lernen\/deutsch-intensivkurse\/\">I nostri corsi di tedesco, prezzi e registrazione possono essere trovati qui!<\/a>[\/vc_column_text][\/vc_column][\/vc_row][vc_row full_width=&#8221;stretch_row&#8221; css=&#8221;.vc_custom_1534941684626{padding-top: 15px !important;padding-bottom: 15px !important;background-color: #f9f9f9 !important;}&#8221;][vc_column][vc_column_text]<\/p>\n<h2>Attrazioni turistiche<\/h2>\n<p><strong>Il Castello di Sch\u00f6nbrunn &#8211; <em>Der Schlo\u00df Sch\u00f6nbrunn<\/em><\/strong><\/p>\n<p>Il Castello di Sch\u00f6nbrunn, l\u2019ex residenza estiva della famiglia imperiale, \u00e8 la costruzione barocca pi\u00f9 affascinante d\u2019Europa. La struttura offre un\u2019incantevole panorama con uno splendido parco, la Palmenhaus e la Gloriette: il bellissimo tempio sito sul punto pi\u00f9 alto del giardino dove poter ammirare Vienna in tutta la sua bellezza.<\/p>\n<p>In un connubio unico tra cultura e natura potrete scoprire lo zoo pi\u00f9 vecchio del mondo, considerato anche uno tra i pi\u00f9 belli e moderni. Lo zoo di Sch\u00f6nbrunn \u00e8 uno dei pochi al mondo nei quali si possono ancora vedere i grandi panda.<\/p>\n<p><strong>Prater &#8211; <em>Wiener Prater<\/em><\/strong><\/p>\n<p>Con una superficie totale di circa 6 km\u00b2,\u00a0\u00e8 uno dei parchi pubblici fra i pi\u00f9 grandi e famosi della capitale. In questo luogo di pace e tranquillit\u00e0, si inserisce un moderno parco avventura con pi\u00f9 di 250 attrazioni \u2013 tra le quali anche la gigantesca ruota panoramica (tra le prime costruite in Europa!), una giostra con seggiolini volanti alta 117 metri, le montagne russe al coperto e il museo delle cere di fama mondiale \u201cMadame Tussauds\u201d con oltre 80 sculture di cera. Il Prater di Vienna \u00e8, con i suoi 6 milioni di metri quadrati, uno dei luoghi di divertimento pi\u00f9 amati dai viennesi. Una classifica online della rivista FOCUS conferma il fatto che il Prater di Vienna sia all\u2019altezza del Central Park\u00a0di New York, dell\u2019Hyde Park\u00a0di Londra o dell\u2018Englischer Garten di Monaco.<\/p>\n<p><strong>Il Castello del Belvedere &#8211;<em> Der Schlo\u00df Belvedere<\/em><\/strong><\/p>\n<p>Il castello del Belvedere \u00e8, assieme al castello di Sch\u00f6nbrunn, uno delle costruzioni barocche pi\u00f9 belle di tutta la citt\u00e0. Tuffatevi nel XVII secolo, e passeggiate per i principeschi giardini del castello come faceva Eugenio di Savoia! L\u2019intera struttura del castello vi incanter\u00e0 e vi trasporter\u00e0 indietro al tempo del lusso e dello sfarzo dell\u2019et\u00e0 Barocca. Non perdetevi inoltre il leggendario quadro \u201eIl Bacio\u201c (Der Kuss) di Gustav Klimt e le altre opere presenti nelle ricche esposizioni temporanee che si avvicendano in uno dei musei pi\u00f9 visitati in tutta Vienna.<\/p>\n<p><em><strong>Das Hundertwasserhaus<\/strong><\/em><\/p>\n<p>La\u00a0Hundertwasserhaus\u00a0di Vienna \u00e8 una delle costruzioni architettoniche pi\u00f9 importanti di tutta l\u2019Austria. Ammira la creativit\u00e0 del genio di Friedensreich Hundertwasser, la &#8220;Casa matta&#8221; con onde e colori che attira turisti da tutto il mondo.<\/p>\n<p><strong>Il Duomo di Santo Stefano &#8211; <em>Der Stephansdom<\/em><\/strong><\/p>\n<p>Il Duomo di Vienna indica il cuore della citt\u00e0, e rappresenta anche l\u2019emblema dell\u2019Austria. Molti viennesi visitano il loro \u201cSteffl\u201d regolarmente e i turisti rimangono estasiati dalla sua imponente architettura gotica.<\/p>\n<p><em><strong>Die Hofburg<\/strong><\/em><\/p>\n<p>La Hofburg \u00e8 uno dei complessi architettonici pi\u00f9 importanti d\u2019Europa, sia dal punto di vista storico che artistico: girovagate tra le esposizioni nelle splendide sale imperiali e visitate le rappresentazioni teatrali e gli spettacoli di equitazione in quella che era la residenza principale della famiglia degli Asburgo. Dall\u2019impressionante Biblioteca Nazionale (<em>\u00d6sterreichische Nationalbibliothek<\/em>) fino ai tesori della Camera d\u2019argento (<em>Prunksaal<\/em>), la Hofburg pullula di storia, ornamenti e capolavori architettonici e artistici.<\/p>\n<p><em><strong>Der Volksgarten<\/strong><\/em><\/p>\n<p>Il\u00a0<em>Volksgarten<\/em> di Vienna \u00e8 il meraviglioso parco, direttamente collegato agli edifici dell\u2019Hofburg e a <em>Heldenplatz<\/em>, che offre ai passanti un\u2019ottima occasione per rilassarsi in un gioco di fiori e fontane. La romantica ambientazione \u00e8 molto amata dai turisti e viene utilizzata molto spesso anche per le fotografie nei matrimoni. Non stupitevi quindi se, durante la vostra passeggiata vi imbatterete in una coppia di sposi innamorati.<\/p>\n<p><strong>Il Parlamento austriaco &#8211; <em>Das Parlament<\/em><\/strong><\/p>\n<p>Un&#8217;opera d&#8217;arte nel vero senso della parola \u00e8 l\u2019incomparabile Palazzo del Parlamento di Theophil Hansen. Il Parlamento \u00e8 non solo un logo centrale per la politica austriaca. In quanto edificio storico \u00e8 ricco di storia, arte e sofisticata architettura dove i visitatori possono osservare dal vivo come e dove i politici austriaci lavorano.<\/p>\n<p><strong>Il municipio di Vienna &#8211; <em>Das Rathaus<\/em><\/strong><\/p>\n<p>Assieme agli uffici dell\u2019amministrazione e alla sede del governo cittadino, nel nuovo municipio si trovano numerose sale per eventi ed esposizioni. Il municipio di Vienna, mostrando la sua meravogliosa facciata, costituisce il luogo prescelto per numerosi eventi e festival che popolano la piazza e il parco antistante, .<\/p>\n<p><strong>Lo <em>Stadtpark<\/em> di Vienna<\/strong><\/p>\n<p>Lo <em>Stadtpark<\/em>\u00a0\u00e8 attualmente il parco di Vienna pi\u00f9 ricco di monumenti e sculture dei vari personaggi famosi che hanno vissuto o sono passati di qui: tra i pi\u00f9 fotografati di Vienna \u00e8 quello dorato in memoria di Johann Strauss.<\/p>\n<p><em><strong>Der Burggarten<\/strong><\/em><\/p>\n<p>Il <em>Burggarten<\/em>\u00a0di Vienna, sito sul retro della meravigliosa Biblioteca Nazionale, fu costruito come giardino privato dell\u2019imperatore ed \u00e8, assieme alla <em>Palmenhaus<\/em>, il luogo ideale per rilassarsi in una romantica atmosfera.<\/p>\n<p><strong><em>Der Graben<\/em><\/strong><\/p>\n<p>Il <em>Graben<\/em>\u00a0di\u00a0Vienna \u00e8 una delle aree pi\u00f9 esclusive e pulsanti nel centro storico: a partire dalla<em> K\u00e4rntner Stra\u00dfe<\/em>, proseguendo per il <em>Graben<\/em> e il <em>Kohlmarkt<\/em>, si trova il pi\u00f9 tipico giro turistico, con meravigliosi palazzi antichi, numerosi negozi d\u2019alta moda, gioiellerie e profumerie di classe.<\/p>\n<p><em><strong>Die K\u00e4rntner Stra\u00dfe<\/strong><\/em><\/p>\n<p>La <em>K\u00e4rntner Stra\u00dfe<\/em> \u00e8, assieme al <em>Graben<\/em>, una delle strade pi\u00f9 conosciute ed esclusive del cuore della capitale, amata tanto dagli abitanti del luogo quanto dai turisti.<\/p>\n<p><em><strong>Die Staatsoper Wien<\/strong><\/em><\/p>\n<p>La <em>Staatsoper<\/em>\u00a0o Teatro Nazionale di Vienna, \u00e8 uno dei teatri d\u2019opera pi\u00f9 famosi del mondo ed offre tutto l&#8217;anno un vasto programma di spettacoli teatrali e di balletti. Viene spesso chiamata\u00a0 la \u201e<em>Erste Haus am Ring<\/em>\u201c ovvero la prima casa sul Ring, dato che si si affaccia proprio sulla linea circolare del tram che corre lungo il primo distretto.<\/p>\n<h2>Rete di trasporti pubblici a Vienna<\/h2>\n<p>La rete di trasporti pubblici di Vienna \u00e8 realizzata in modo da poter raggiungere quasi ogni luogo con la <em>U-Bahn<\/em> (Metro), lo <em>Stra\u00dfenbahn<\/em> (tram su rotaia, chiamato anche &#8220;<em>Bim<\/em>&#8221; dai viennesi, per via del suono del campanello che segnala le fermate lungo la corsa del mezzo), <em>S-Bahn<\/em> (metro in superficie),\u00a0 autobus o attraverso i treni locali.<\/p>\n<p>Qui puoi trovare la mappa die percorsi, i biglietti e gli orari.<\/p>\n<p><a href=\"https:\/\/www.wienerlinien.at\/\">https:\/\/www.wienerlinien.at<\/a><\/p>\n<p><strong>Citybike:<\/strong>\u00a0noleggio biciclette<\/p>\n<p>Il Citybike di Vienna conta pi\u00f9 di 120 stazioni! I suoi vantaggi? I parcheggi delle bici sono quasi sempre corrispondenti alla stazione della linea della metro, ci si pu\u00f2 registrare in modo facile e veloce, e la prima ora \u00e8 gratuita. Soprattutto per i turisti il Citybike \u00e8 un ottimo modo per scoprire la nostra fantastica citt\u00e0.<\/p>\n<p>Maggiori informazioni su\u00a0<a href=\"http:\/\/www.citybikewien.at\/\">www.citybikewien.at\u00a0<\/a><\/p>\n<h2>Eventi e feste tradizionali a Vienna<\/h2>\n<p>Che sia il <em>Film Festival<\/em>, uno spettacolo su ghiaccio o il tradizionale cammino nella notte di Capodanno, la citt\u00e0 di Vienna \u00e8 il punto di riferimento in Europa per eventi e manifestazioni all\u2019aperto. L\u2019offerta variegata proposta ai viennesi e ai visitatori, vanta un eccezionale mix per grandi e piccini nonch\u00e9 l\u2019accesso gratuito a molti eventi. Ospiti di qualsiasi origine potranno godere assieme della nostra pulsante citt\u00e0.<\/p>\n<p>Cinque settimane d\u2019eccezione in una delle citt\u00e0 pi\u00f9 belle del mondo (in tedesco: <em>F\u00fcnf Wochen Ausnahmezustand in einer der sch\u00f6nsten St\u00e4dte der Welt<\/em>). Cos\u00ec si potrebbe descrivere il <em>Wiener Festwochen<\/em>, che arricchisce la vita culturale\u00a0 di Vienna gi\u00e0 dagli anni &#8217;50 e rende la capitale austriaca il punto d\u2019incontro dell\u2019arte d\u2019avanguardia.<\/p>\n<p>Anche il <em>Prater\u00a0<\/em>di Vienna \u00e8 la location ideale per gli eventi pi\u00f9 diversi. Oktoberfest? Non \u00e8 necessario che sia sempre a Monaco, qui si chiama <a href=\"http:\/\/www.wienerwiesnfest.at\/\"><em>Wiener Wiesn Fest<\/em><\/a>! Tradizioni, birra e ruota panoramica? Ci sono anche a Vienna e, vale sicuramente la pena di provarle godendo dell&#8217;allegra atmosfera dei giorni di festa.<\/p>\n<p>La Piazza del Municipio (<em>Rathausplatz<\/em>) \u00e8 diventata negli ultimi decenni il centro preferito per manifestazioni ed eventi come il <em>Wiener Life Ball<\/em>, il <em>Jazzfest Wien<\/em>, <em>Filmfestival Wien Sommerkino<\/em>.<\/p>\n<h2>Nightlife a Vienna<\/h2>\n<p>Numerosi sono gli eventi e i party con musica di ottima qualit\u00e0 e di ogni genere. I party vanno dai pi\u00f9 chick ed eleganti agli eventi pi\u00f9 \u201eunderground\u201d<\/p>\n<p><em><strong>Volksgarten Clubdisco<\/strong><\/em><\/p>\n<p>La discoteca nel centro storico di Vienna si trova infatti al centro del meraviglioso giardino, appena fuori dalla Hofburg. La Volksgarten Clubdisco ha una lunga storia e vanta una il titolo di Hot Spot della cultura mondana di Vienna.<\/p>\n<p><em><strong>Babenberger Passage<\/strong><\/em><\/p>\n<p>In un sottopassaggio pedonale abbandonato \u00e8 stata costruita un particolare tipo di discoteca: la Babenberger Passage con i suoi interni futuristici \u00e8 una delle discoteche pi\u00f9 conosciute di Vienna.<\/p>\n<p><em><strong>Albertina Passage<\/strong><\/em><\/p>\n<p>L\u2018Albertina Passage \u00e8 una combinazione tra un ristorante gourmet,\u00a0un classico bar americano e un club con musica dal vivo dove si suona ogni giorno musica Jazz.<\/p>\n<p><em><strong>Platzhirsch<\/strong><\/em><\/p>\n<p>Un pubblico giovane ed elegante festeggia e si diverte ogni settimana in questo locale, a pochi passi dall\u2019Opera. Ogni fine settimana si suonano le migliori hits della musica R\u2019n\u2019B, Pop e Dance.<\/p>\n<p><em><strong>Flex<\/strong><\/em><\/p>\n<p>Il Flex \u00e8 uno dei pi\u00f9 conosciuti club d\u2019Europa. Sia che si cerchi una melodia pop o un beat pi\u00f9 intenso, qui si \u00e8 nel posto giusto. Il sofisticato impianto acustico gode non solo di un grande pubblico, ma attira anche le stelle pi\u00f9 alla moda della musica alternativa e della danza.<\/p>\n<p><em><strong>Jazzland<\/strong><\/em><\/p>\n<p>Se si cerca la vera atmosfera Jazz, con un ambiente caratteristico e le musiche pi\u00f9 popolari, il Jazzland \u00e8 sicuramente il locale numero uno!<\/p>\n<p><strong><em>Szene<\/em><\/strong><\/p>\n<p>La Szene \u00e8 da tempo il luogo pi\u00f9 utilizzato per concerti esclusivi: nel settore della musica alternativa ed indipendente, cos\u00ec come in quello die musicisti locali e folkloristici.<\/p>\n<p><em><strong>WUK<\/strong><\/em><\/p>\n<p>Il WUK \u00e8 un luogo di cultura aperto al pubblico, uno spazio in cui arte, cultura e la convivialit\u00e0 si uniscono in un connubio perfetto. Qui potrai trovare seminari, feste, festival, spettacoli teatrali, mostre d\u2019arte e numerosi eventi.[\/vc_column_text][\/vc_column][\/vc_row]<\/p>\n","protected":false},"excerpt":{"rendered":"<p>[vc_row css=&#8221;.vc_custom_1534941600115{margin-top: 15px !important;padding-bottom: 15px !important;}&#8221;][vc_column][vc_column_text] Vienna: attrazioni turistiche, trasporti pubblici, festival [\/vc_column_text][\/vc_column][\/vc_row][vc_row css=&#8221;.vc_custom_1534941600115{margin-top: 15px !important;padding-bottom: 15px !important;}&#8221;][vc_column width=&#8221;1\/4&#8243;][vc_column_text][\/vc_column_text][\/vc_column][vc_column width=&#8221;3\/4&#8243;][vc_column_text]Come dice una celebre canzone:\u00a0Wien, nur du allein!\u00a0Imparare il tedesco divertendosi: si pu\u00f2 fare! Vienna \u00e8 una citt\u00e0 ricchissima di musei, arte e attrazioni turistiche, ma anche festival e numerosi eventi durante tutto l&#8217;anno. Imparare il&hellip; <a class=\"read-more\" href=\"https:\/\/www.sprachschule-aktiv-wien.at\/it\/corsi-di-tedesco-a-vienna\/su-vienna-informazioni-attrazioni-turistiche\/\" title=\"Read Vienna: attrazioni turistiche, trasporti pubblici, festival\">Read more &raquo;<\/a><\/p>\n","protected":false},"author":7,"featured_media":0,"parent":3225,"menu_order":0,"comment_status":"closed","ping_status":"closed","template":"","meta":{"footnotes":""},"class_list":["post-3321","page","type-page","status-publish","hentry"],"yoast_head":"<!-- This site is optimized with the Yoast SEO plugin v27.1.1 - https:\/\/yoast.com\/product\/yoast-seo-wordpress\/ -->\n<title>Su Vienna: Informazioni, attrazioni turistiche, rete di trasporti<\/title>\n<meta name=\"description\" content=\"Su Vienna: Informazioni, attrazioni turistiche, rete di trasporti pubblici e feste - Sprachschule Aktiv Wien\" \/>\n<meta name=\"robots\" content=\"index, follow, max-snippet:-1, max-image-preview:large, max-video-preview:-1\" \/>\n<link rel=\"canonical\" href=\"https:\/\/www.sprachschule-aktiv-wien.at\/it\/corsi-di-tedesco-a-vienna\/su-vienna-informazioni-attrazioni-turistiche\/\" \/>\n<meta property=\"og:locale\" content=\"it_IT\" \/>\n<meta property=\"og:type\" content=\"article\" \/>\n<meta property=\"og:title\" content=\"Su Vienna: Informazioni, attrazioni turistiche, rete di trasporti\" \/>\n<meta property=\"og:description\" content=\"Su Vienna: Informazioni, attrazioni turistiche, rete di trasporti pubblici e feste - Sprachschule Aktiv Wien\" \/>\n<meta property=\"og:url\" content=\"https:\/\/www.sprachschule-aktiv-wien.at\/it\/corsi-di-tedesco-a-vienna\/su-vienna-informazioni-attrazioni-turistiche\/\" \/>\n<meta property=\"og:site_name\" content=\"Sprachschule Aktiv Wien\" \/>\n<meta property=\"article:modified_time\" content=\"2021-03-22T20:15:35+00:00\" \/>\n<meta property=\"og:image\" content=\"https:\/\/www.sprachschule-aktiv-wien.at\/wp-content\/uploads\/2021\/03\/sprachschule-aktiv-wien-75.jpg\" \/>\n<meta name=\"twitter:label1\" content=\"Tempo di lettura stimato\" \/>\n\t<meta name=\"twitter:data1\" content=\"8 minuti\" \/>\n<script type=\"application\/ld+json\" class=\"yoast-schema-graph\">{\"@context\":\"https:\/\/schema.org\",\"@graph\":[{\"@type\":\"WebPage\",\"@id\":\"https:\/\/www.sprachschule-aktiv-wien.at\/it\/corsi-di-tedesco-a-vienna\/su-vienna-informazioni-attrazioni-turistiche\/\",\"url\":\"https:\/\/www.sprachschule-aktiv-wien.at\/it\/corsi-di-tedesco-a-vienna\/su-vienna-informazioni-attrazioni-turistiche\/\",\"name\":\"Su Vienna: Informazioni, attrazioni turistiche, rete di trasporti\",\"isPartOf\":{\"@id\":\"https:\/\/www.sprachschule-aktiv-wien.at\/#website\"},\"primaryImageOfPage\":{\"@id\":\"https:\/\/www.sprachschule-aktiv-wien.at\/it\/corsi-di-tedesco-a-vienna\/su-vienna-informazioni-attrazioni-turistiche\/#primaryimage\"},\"image\":{\"@id\":\"https:\/\/www.sprachschule-aktiv-wien.at\/it\/corsi-di-tedesco-a-vienna\/su-vienna-informazioni-attrazioni-turistiche\/#primaryimage\"},\"thumbnailUrl\":\"https:\/\/www.sprachschule-aktiv-wien.at\/wp-content\/uploads\/2021\/03\/sprachschule-aktiv-wien-75.jpg\",\"datePublished\":\"2017-08-10T18:04:12+00:00\",\"dateModified\":\"2021-03-22T20:15:35+00:00\",\"description\":\"Su Vienna: Informazioni, attrazioni turistiche, rete di trasporti pubblici e feste - Sprachschule Aktiv Wien\",\"breadcrumb\":{\"@id\":\"https:\/\/www.sprachschule-aktiv-wien.at\/it\/corsi-di-tedesco-a-vienna\/su-vienna-informazioni-attrazioni-turistiche\/#breadcrumb\"},\"inLanguage\":\"it-IT\",\"potentialAction\":[{\"@type\":\"ReadAction\",\"target\":[\"https:\/\/www.sprachschule-aktiv-wien.at\/it\/corsi-di-tedesco-a-vienna\/su-vienna-informazioni-attrazioni-turistiche\/\"]}]},{\"@type\":\"ImageObject\",\"inLanguage\":\"it-IT\",\"@id\":\"https:\/\/www.sprachschule-aktiv-wien.at\/it\/corsi-di-tedesco-a-vienna\/su-vienna-informazioni-attrazioni-turistiche\/#primaryimage\",\"url\":\"https:\/\/www.sprachschule-aktiv-wien.at\/wp-content\/uploads\/2021\/03\/sprachschule-aktiv-wien-75.jpg\",\"contentUrl\":\"https:\/\/www.sprachschule-aktiv-wien.at\/wp-content\/uploads\/2021\/03\/sprachschule-aktiv-wien-75.jpg\"},{\"@type\":\"BreadcrumbList\",\"@id\":\"https:\/\/www.sprachschule-aktiv-wien.at\/it\/corsi-di-tedesco-a-vienna\/su-vienna-informazioni-attrazioni-turistiche\/#breadcrumb\",\"itemListElement\":[{\"@type\":\"ListItem\",\"position\":1,\"name\":\"Home\",\"item\":\"https:\/\/www.sprachschule-aktiv-wien.at\/it\/\"},{\"@type\":\"ListItem\",\"position\":2,\"name\":\"I nostri corsi di tedesco a Vienna &#8211; dal livello A1 al C2 &#8211; Scuola di lingua per corsi di tedesco\",\"item\":\"https:\/\/www.sprachschule-aktiv-wien.at\/it\/corsi-di-tedesco-a-vienna\/\"},{\"@type\":\"ListItem\",\"position\":3,\"name\":\"Vienna: attrazioni turistiche, trasporti pubblici, festival\"}]},{\"@type\":\"WebSite\",\"@id\":\"https:\/\/www.sprachschule-aktiv-wien.at\/#website\",\"url\":\"https:\/\/www.sprachschule-aktiv-wien.at\/\",\"name\":\"Sprachschule Aktiv Wien\",\"description\":\"\",\"potentialAction\":[{\"@type\":\"SearchAction\",\"target\":{\"@type\":\"EntryPoint\",\"urlTemplate\":\"https:\/\/www.sprachschule-aktiv-wien.at\/?s={search_term_string}\"},\"query-input\":{\"@type\":\"PropertyValueSpecification\",\"valueRequired\":true,\"valueName\":\"search_term_string\"}}],\"inLanguage\":\"it-IT\"}]}<\/script>\n<!-- \/ Yoast SEO plugin. -->","yoast_head_json":{"title":"Su Vienna: Informazioni, attrazioni turistiche, rete di trasporti","description":"Su Vienna: Informazioni, attrazioni turistiche, rete di trasporti pubblici e feste - Sprachschule Aktiv Wien","robots":{"index":"index","follow":"follow","max-snippet":"max-snippet:-1","max-image-preview":"max-image-preview:large","max-video-preview":"max-video-preview:-1"},"canonical":"https:\/\/www.sprachschule-aktiv-wien.at\/it\/corsi-di-tedesco-a-vienna\/su-vienna-informazioni-attrazioni-turistiche\/","og_locale":"it_IT","og_type":"article","og_title":"Su Vienna: Informazioni, attrazioni turistiche, rete di trasporti","og_description":"Su Vienna: Informazioni, attrazioni turistiche, rete di trasporti pubblici e feste - Sprachschule Aktiv Wien","og_url":"https:\/\/www.sprachschule-aktiv-wien.at\/it\/corsi-di-tedesco-a-vienna\/su-vienna-informazioni-attrazioni-turistiche\/","og_site_name":"Sprachschule Aktiv Wien","article_modified_time":"2021-03-22T20:15:35+00:00","og_image":[{"url":"https:\/\/www.sprachschule-aktiv-wien.at\/wp-content\/uploads\/2021\/03\/sprachschule-aktiv-wien-75.jpg","type":"","width":"","height":""}],"twitter_misc":{"Tempo di lettura stimato":"8 minuti"},"schema":{"@context":"https:\/\/schema.org","@graph":[{"@type":"WebPage","@id":"https:\/\/www.sprachschule-aktiv-wien.at\/it\/corsi-di-tedesco-a-vienna\/su-vienna-informazioni-attrazioni-turistiche\/","url":"https:\/\/www.sprachschule-aktiv-wien.at\/it\/corsi-di-tedesco-a-vienna\/su-vienna-informazioni-attrazioni-turistiche\/","name":"Su Vienna: Informazioni, attrazioni turistiche, rete di trasporti","isPartOf":{"@id":"https:\/\/www.sprachschule-aktiv-wien.at\/#website"},"primaryImageOfPage":{"@id":"https:\/\/www.sprachschule-aktiv-wien.at\/it\/corsi-di-tedesco-a-vienna\/su-vienna-informazioni-attrazioni-turistiche\/#primaryimage"},"image":{"@id":"https:\/\/www.sprachschule-aktiv-wien.at\/it\/corsi-di-tedesco-a-vienna\/su-vienna-informazioni-attrazioni-turistiche\/#primaryimage"},"thumbnailUrl":"https:\/\/www.sprachschule-aktiv-wien.at\/wp-content\/uploads\/2021\/03\/sprachschule-aktiv-wien-75.jpg","datePublished":"2017-08-10T18:04:12+00:00","dateModified":"2021-03-22T20:15:35+00:00","description":"Su Vienna: Informazioni, attrazioni turistiche, rete di trasporti pubblici e feste - Sprachschule Aktiv Wien","breadcrumb":{"@id":"https:\/\/www.sprachschule-aktiv-wien.at\/it\/corsi-di-tedesco-a-vienna\/su-vienna-informazioni-attrazioni-turistiche\/#breadcrumb"},"inLanguage":"it-IT","potentialAction":[{"@type":"ReadAction","target":["https:\/\/www.sprachschule-aktiv-wien.at\/it\/corsi-di-tedesco-a-vienna\/su-vienna-informazioni-attrazioni-turistiche\/"]}]},{"@type":"ImageObject","inLanguage":"it-IT","@id":"https:\/\/www.sprachschule-aktiv-wien.at\/it\/corsi-di-tedesco-a-vienna\/su-vienna-informazioni-attrazioni-turistiche\/#primaryimage","url":"https:\/\/www.sprachschule-aktiv-wien.at\/wp-content\/uploads\/2021\/03\/sprachschule-aktiv-wien-75.jpg","contentUrl":"https:\/\/www.sprachschule-aktiv-wien.at\/wp-content\/uploads\/2021\/03\/sprachschule-aktiv-wien-75.jpg"},{"@type":"BreadcrumbList","@id":"https:\/\/www.sprachschule-aktiv-wien.at\/it\/corsi-di-tedesco-a-vienna\/su-vienna-informazioni-attrazioni-turistiche\/#breadcrumb","itemListElement":[{"@type":"ListItem","position":1,"name":"Home","item":"https:\/\/www.sprachschule-aktiv-wien.at\/it\/"},{"@type":"ListItem","position":2,"name":"I nostri corsi di tedesco a Vienna &#8211; dal livello A1 al C2 &#8211; Scuola di lingua per corsi di tedesco","item":"https:\/\/www.sprachschule-aktiv-wien.at\/it\/corsi-di-tedesco-a-vienna\/"},{"@type":"ListItem","position":3,"name":"Vienna: attrazioni turistiche, trasporti pubblici, festival"}]},{"@type":"WebSite","@id":"https:\/\/www.sprachschule-aktiv-wien.at\/#website","url":"https:\/\/www.sprachschule-aktiv-wien.at\/","name":"Sprachschule Aktiv Wien","description":"","potentialAction":[{"@type":"SearchAction","target":{"@type":"EntryPoint","urlTemplate":"https:\/\/www.sprachschule-aktiv-wien.at\/?s={search_term_string}"},"query-input":{"@type":"PropertyValueSpecification","valueRequired":true,"valueName":"search_term_string"}}],"inLanguage":"it-IT"}]}},"_links":{"self":[{"href":"https:\/\/www.sprachschule-aktiv-wien.at\/it\/wp-json\/wp\/v2\/pages\/3321","targetHints":{"allow":["GET"]}}],"collection":[{"href":"https:\/\/www.sprachschule-aktiv-wien.at\/it\/wp-json\/wp\/v2\/pages"}],"about":[{"href":"https:\/\/www.sprachschule-aktiv-wien.at\/it\/wp-json\/wp\/v2\/types\/page"}],"author":[{"embeddable":true,"href":"https:\/\/www.sprachschule-aktiv-wien.at\/it\/wp-json\/wp\/v2\/users\/7"}],"replies":[{"embeddable":true,"href":"https:\/\/www.sprachschule-aktiv-wien.at\/it\/wp-json\/wp\/v2\/comments?post=3321"}],"version-history":[{"count":18,"href":"https:\/\/www.sprachschule-aktiv-wien.at\/it\/wp-json\/wp\/v2\/pages\/3321\/revisions"}],"predecessor-version":[{"id":32339,"href":"https:\/\/www.sprachschule-aktiv-wien.at\/it\/wp-json\/wp\/v2\/pages\/3321\/revisions\/32339"}],"up":[{"embeddable":true,"href":"https:\/\/www.sprachschule-aktiv-wien.at\/it\/wp-json\/wp\/v2\/pages\/3225"}],"wp:attachment":[{"href":"https:\/\/www.sprachschule-aktiv-wien.at\/it\/wp-json\/wp\/v2\/media?parent=3321"}],"curies":[{"name":"wp","href":"https:\/\/api.w.org\/{rel}","templated":true}]}}