{"id":3309,"date":"2017-08-10T17:33:56","date_gmt":"2017-08-10T17:33:56","guid":{"rendered":"https:\/\/www.sprachschule-aktiv-wien.at\/?page_id=3309\/"},"modified":"2024-06-02T20:40:27","modified_gmt":"2024-06-02T20:40:27","slug":"corso-serale-di-tedesco","status":"publish","type":"page","link":"https:\/\/www.sprachschule-aktiv-wien.at\/it\/corsi-di-tedesco-a-vienna\/corso-serale-di-tedesco\/","title":{"rendered":"Corsi serali di tedesco a Vienna \u2013 Scuola serale per corsi di tedesco"},"content":{"rendered":"<p>[vc_row css=&#8221;.vc_custom_1534941347404{margin-top: 15px !important;padding-bottom: 15px !important;}&#8221;][vc_column][vc_column_text]<\/p>\n<h1>Corsi serali di tedesco a Vienna \u2013 Scuola serale per corsi di tedesco<\/h1>\n<p>Se vuoi imparare il tedesco a Vienna, hai a disposizioni diverse possibilit\u00e0. Molti optano per un corso serale, dove si impara in piccoli gruppi, dopo il lavoro, in un\u2019atmosfera calma e rilassata. Con il corso si ha la possibilit\u00e0 di incontrare molte persone amichevoli e cordiali, con le quali condividere l\u2019amore per la lingua tedesca. Questa \u00e8 un&#8217;ottima oppurtunit\u00e0 per studiare insieme, stringere legami, e perch\u00e9 no, trovare nuove amicizie.\t<div class=\"vc_btn3-container vc_btn3-inline\">\n\t\t<a href=\"https:\/\/www.sprachschule-aktiv-wien.at\/it\/contattaci\/\" target=\"_blank\" class=\"pgs_btn pgs_btn_style_1 pgs_btn_xl\">\n\t\t\t<span>\n\t\t\t\t\u201eContattaci\u201c\t\t\t<\/span>\n\t\t\t\t\t<\/a>\n\t<\/div>\n\t[\/vc_column_text][\/vc_column][\/vc_row][vc_row full_width=&#8221;stretch_row&#8221; css=&#8221;.vc_custom_1534941391900{padding-top: 15px !important;padding-bottom: 15px !important;background-color: #f9f9f9 !important;}&#8221;][vc_column][vc_column_text]<\/p>\n<h2>Prezzi e date dei nostri corsi serali &#8211; 4 giorni alla settimana<\/h2>\n<p><strong>Livello<\/strong>: A1, A2, B1, B2, C1, C2<br \/>\n<strong>Inizio<\/strong>: ogni primo luned\u00ec del mese (se il luned\u00ec \u00e8 un giorno festivo, il corso inizier\u00e1 il giorno successivo)<br \/>\n<strong>Appuntamento<\/strong>: dal luned\u00ec al venerd\u00ec, 18:00-21:00 *per 5 o pi\u00f9 persone: 3\u00d760 minuti al giorno, per 4 persone 2\u00d760 minuti al giorno)<br \/>\n<strong>Durata<\/strong>: 4 settimane (A1, A2, B1, C1,C2), 8 settimane (B2.1 + B2.2)<br \/>\n<strong>Prezzo<\/strong>: 4 settimane: 499 \u20ac, 8 settimane: 998 \u20ac<\/p>\n<div class=\"vc_btn3-container vc_btn3-inline\">\n\t\t<a href=\"\/it\/iscrizione\/\" class=\"pgs_btn pgs_btn_style_1 pgs_btn_xl\">\n\t\t\t<span>\n\t\t\t\tIscrizione\t\t\t<\/span>\n\t\t\t\t\t\t<i class=\"fa fa-external-link\"><\/i>\n\t\t\t\t\t<\/a>\n\t<\/div>\n\t[\/vc_column_text][vc_column_text]<\/p>\n<h2>Date d&#8217;inizio e prezzi dei corsi serali &#8211; 2 giorni alla settimana<\/h2>\n<p><strong>Livello<\/strong>: A1, A2, B1, B2, C1, C2<br \/>\n<strong>Date<\/strong>: luned\u00ec e mercoled\u00ec, o marted\u00ec e gioved\u00ec, 90 minuti ogni sera, 17:30-19:00 \/ 19:00-20:30<br \/>\n<strong>Durata<\/strong>: 6 settimane<br \/>\n<strong>Prezzo<\/strong>: 319 \u20ac<br \/>\n<strong>Estensione del corso<\/strong>: 4 lezioni a settimana, 24 lezioni per 6 settimane, 1 lezione dura 45 minuti<\/p>\n\t<div class=\"vc_btn3-container vc_btn3-inline\">\n\t\t<a href=\"\/it\/iscrizione\/\" class=\"pgs_btn pgs_btn_style_1 pgs_btn_xl\">\n\t\t\t<span>\n\t\t\t\tIscrizione\t\t\t<\/span>\n\t\t\t\t\t\t<i class=\"fa fa-external-link\"><\/i>\n\t\t\t\t\t<\/a>\n\t<\/div>\n\t\n<p>[\/vc_column_text][vc_column_text]<\/p>\n<h2>Corsi serali per principianti ed esperti \u2013 definisci tu i tuoi obiettivi<\/h2>\n<p>Non importa quale sia il livello che vuoi raggiungere, con la nostra scuola raggiungerai qualsiasi obiettivo! Hai la possibilit\u00e0 di scegliere tra i diversi livelli linguistici: A1, A2, B1, B2, C1 e C2. Molti dei nostri partecipanti hanno gi\u00e0 qualche conoscenza di base, ma non \u00e8 sempre facile trovare il giusto corso.<\/p>\n<p>Per questo motivo, noi ti offriamo un test di livello gratuito, e per farlo non \u00e8 necessario venire qui: la prova \u00e8 anche disponibile online. Nel caso in cui, invece, vivessi a Vienna, o avessi in programma una gita in questa meravigliosa citt\u00e0, potrai svolgere il test direttamente presso la nostra scuola. Da noi sei il benvenuto! In seguito, in base al risultato del test, i nostri esperti ti collocheranno nel corso pi\u00f9 adatto al tuo livello.<\/p>\n<p>[\/vc_column_text][vc_single_image image=&#8221;26361&#8243; img_size=&#8221;full&#8221;][\/vc_column][\/vc_row][vc_row css=&#8221;.vc_custom_1534941430553{padding-top: 15px !important;padding-bottom: 15px !important;}&#8221;][vc_column][vc_column_text]<\/p>\n<h2>Insegnanti amichevoli e simpatici<\/h2>\n<p>La scelta dei nostri docenti \u00e8 per noi una questione estremamente importante, ci assicuriamo di fornire docenti, ovviamente madrelingua e con ottime competenze pedagogiche. Questo \u00e8 per noi un presupposto fondamentale affinch\u00e9 tu possa imparare con successo, tuttavia non \u00e8 l\u2019unico. \u00c8 infatti ugualmente importante che gli insegnanti siano amichevoli e simpatici. Il loro compito \u00e8 quello di trasmettere la loro passione per l&#8217;insegnamento e nel contempo, trovare l&#8217;occasione per un arricchimento personale. In quanto madrelingua, padroneggiano la lingua perfettamente e si propongono come un ottimo modello da cui prendere esempio per poter imparare l\u2019intonazione tedesca e parlare correttamente senza alcun tipo di accento.<\/p>\n<h2>Lezioni in piccoli gruppi<\/h2>\n<p>Per l\u2019apprendimento di una lingua, le dimensioni del gruppo sono un fattore molto importante, se il gruppo \u00e8 eccessivamente grande lo studente corre il rischio di sprofondare nella massa. Ad esempio, pu\u00f2 succedere che inconsciamente lo studente prenda come esempio un compagno di classe ed assuma una pronuncia imprecisa, se non scorretta. Per questo motivo facciamo attenzione affinch\u00e9 non vi siano pi\u00f9 di dieci studenti per ogni gruppo, cos\u00ed che ognuno ha possibilit\u00e0 di partecipare in modo attivo alla lezione.<\/p>\n<h2>Puoi partecipare ad una lezione di prova<\/h2>\n<p>Qualora non fossi ancora sicuro che questa sia la scelta giusta per te, potrai iscriverti ad una lezione di prova senza alcun costo. Dopo un riscontro positivo della lezione di prova potrete inscrivervi definitivamente al corso.<\/p>\n<h2>Ti offriamo pi\u00f9 di un semplice corso di lingua<\/h2>\n<p>Vienna \u00e8 una citt\u00e0 meravigliosa e se vi studierai il tedesco, dovrai conoscere molto bene anche la citt\u00e0. A questo fine, i nostri insegnanti organizzano spesso visite guidate della citt\u00e0, offrendo un tour speciale per conoscere meglio questa stupenda capitale europea e socializzare con i tuoi compagni di corso.[\/vc_column_text][\/vc_column][\/vc_row]<\/p>\n","protected":false},"excerpt":{"rendered":"<p>[vc_row css=&#8221;.vc_custom_1534941347404{margin-top: 15px !important;padding-bottom: 15px !important;}&#8221;][vc_column][vc_column_text] Corsi serali di tedesco a Vienna \u2013 Scuola serale per corsi di tedesco Se vuoi imparare il tedesco a Vienna, hai a disposizioni diverse possibilit\u00e0. Molti optano per un corso serale, dove si impara in piccoli gruppi, dopo il lavoro, in un\u2019atmosfera calma e rilassata. Con il corso si&hellip; <a class=\"read-more\" href=\"https:\/\/www.sprachschule-aktiv-wien.at\/it\/corsi-di-tedesco-a-vienna\/corso-serale-di-tedesco\/\" title=\"Read Corsi serali di tedesco a Vienna \u2013 Scuola serale per corsi di tedesco\">Read more &raquo;<\/a><\/p>\n","protected":false},"author":7,"featured_media":0,"parent":3225,"menu_order":0,"comment_status":"closed","ping_status":"closed","template":"","meta":{"footnotes":""},"class_list":["post-3309","page","type-page","status-publish","hentry"],"yoast_head":"<!-- This site is optimized with the Yoast SEO plugin v27.1.1 - https:\/\/yoast.com\/product\/yoast-seo-wordpress\/ -->\n<title>Corsi serali di tedesco a Vienna \u2013 Scuola serale per corsi di tedesco<\/title>\n<meta name=\"description\" content=\"Corso serale di tedesco a Vienna per principianti e avanzati A1 a C2 \u2013 Scuola serale per corsi di tedesco. Durata del corso 12 settimane\" \/>\n<meta name=\"robots\" content=\"index, follow, max-snippet:-1, max-image-preview:large, max-video-preview:-1\" \/>\n<link rel=\"canonical\" href=\"https:\/\/www.sprachschule-aktiv-wien.at\/it\/corsi-di-tedesco-a-vienna\/corso-serale-di-tedesco\/\" \/>\n<meta property=\"og:locale\" content=\"it_IT\" \/>\n<meta property=\"og:type\" content=\"article\" \/>\n<meta property=\"og:title\" content=\"Corsi serali di tedesco a Vienna \u2013 Scuola serale per corsi di tedesco\" \/>\n<meta property=\"og:description\" content=\"Corso serale di tedesco a Vienna per principianti e avanzati A1 a C2 \u2013 Scuola serale per corsi di tedesco. Durata del corso 12 settimane\" \/>\n<meta property=\"og:url\" content=\"https:\/\/www.sprachschule-aktiv-wien.at\/it\/corsi-di-tedesco-a-vienna\/corso-serale-di-tedesco\/\" \/>\n<meta property=\"og:site_name\" content=\"Sprachschule Aktiv Wien\" \/>\n<meta property=\"article:modified_time\" content=\"2024-06-02T20:40:27+00:00\" \/>\n<meta name=\"twitter:label1\" content=\"Tempo di lettura stimato\" \/>\n\t<meta name=\"twitter:data1\" content=\"4 minuti\" \/>\n<script type=\"application\/ld+json\" class=\"yoast-schema-graph\">{\"@context\":\"https:\/\/schema.org\",\"@graph\":[{\"@type\":\"WebPage\",\"@id\":\"https:\/\/www.sprachschule-aktiv-wien.at\/it\/corsi-di-tedesco-a-vienna\/corso-serale-di-tedesco\/\",\"url\":\"https:\/\/www.sprachschule-aktiv-wien.at\/it\/corsi-di-tedesco-a-vienna\/corso-serale-di-tedesco\/\",\"name\":\"Corsi serali di tedesco a Vienna \u2013 Scuola serale per corsi di tedesco\",\"isPartOf\":{\"@id\":\"https:\/\/www.sprachschule-aktiv-wien.at\/#website\"},\"datePublished\":\"2017-08-10T17:33:56+00:00\",\"dateModified\":\"2024-06-02T20:40:27+00:00\",\"description\":\"Corso serale di tedesco a Vienna per principianti e avanzati A1 a C2 \u2013 Scuola serale per corsi di tedesco. Durata del corso 12 settimane\",\"breadcrumb\":{\"@id\":\"https:\/\/www.sprachschule-aktiv-wien.at\/it\/corsi-di-tedesco-a-vienna\/corso-serale-di-tedesco\/#breadcrumb\"},\"inLanguage\":\"it-IT\",\"potentialAction\":[{\"@type\":\"ReadAction\",\"target\":[\"https:\/\/www.sprachschule-aktiv-wien.at\/it\/corsi-di-tedesco-a-vienna\/corso-serale-di-tedesco\/\"]}]},{\"@type\":\"BreadcrumbList\",\"@id\":\"https:\/\/www.sprachschule-aktiv-wien.at\/it\/corsi-di-tedesco-a-vienna\/corso-serale-di-tedesco\/#breadcrumb\",\"itemListElement\":[{\"@type\":\"ListItem\",\"position\":1,\"name\":\"Home\",\"item\":\"https:\/\/www.sprachschule-aktiv-wien.at\/it\/\"},{\"@type\":\"ListItem\",\"position\":2,\"name\":\"I nostri corsi di tedesco a Vienna &#8211; dal livello A1 al C2 &#8211; Scuola di lingua per corsi di tedesco\",\"item\":\"https:\/\/www.sprachschule-aktiv-wien.at\/it\/corsi-di-tedesco-a-vienna\/\"},{\"@type\":\"ListItem\",\"position\":3,\"name\":\"Corsi serali di tedesco a Vienna \u2013 Scuola serale per corsi di tedesco\"}]},{\"@type\":\"WebSite\",\"@id\":\"https:\/\/www.sprachschule-aktiv-wien.at\/#website\",\"url\":\"https:\/\/www.sprachschule-aktiv-wien.at\/\",\"name\":\"Sprachschule Aktiv Wien\",\"description\":\"\",\"potentialAction\":[{\"@type\":\"SearchAction\",\"target\":{\"@type\":\"EntryPoint\",\"urlTemplate\":\"https:\/\/www.sprachschule-aktiv-wien.at\/?s={search_term_string}\"},\"query-input\":{\"@type\":\"PropertyValueSpecification\",\"valueRequired\":true,\"valueName\":\"search_term_string\"}}],\"inLanguage\":\"it-IT\"}]}<\/script>\n<!-- \/ Yoast SEO plugin. -->","yoast_head_json":{"title":"Corsi serali di tedesco a Vienna \u2013 Scuola serale per corsi di tedesco","description":"Corso serale di tedesco a Vienna per principianti e avanzati A1 a C2 \u2013 Scuola serale per corsi di tedesco. Durata del corso 12 settimane","robots":{"index":"index","follow":"follow","max-snippet":"max-snippet:-1","max-image-preview":"max-image-preview:large","max-video-preview":"max-video-preview:-1"},"canonical":"https:\/\/www.sprachschule-aktiv-wien.at\/it\/corsi-di-tedesco-a-vienna\/corso-serale-di-tedesco\/","og_locale":"it_IT","og_type":"article","og_title":"Corsi serali di tedesco a Vienna \u2013 Scuola serale per corsi di tedesco","og_description":"Corso serale di tedesco a Vienna per principianti e avanzati A1 a C2 \u2013 Scuola serale per corsi di tedesco. Durata del corso 12 settimane","og_url":"https:\/\/www.sprachschule-aktiv-wien.at\/it\/corsi-di-tedesco-a-vienna\/corso-serale-di-tedesco\/","og_site_name":"Sprachschule Aktiv Wien","article_modified_time":"2024-06-02T20:40:27+00:00","twitter_misc":{"Tempo di lettura stimato":"4 minuti"},"schema":{"@context":"https:\/\/schema.org","@graph":[{"@type":"WebPage","@id":"https:\/\/www.sprachschule-aktiv-wien.at\/it\/corsi-di-tedesco-a-vienna\/corso-serale-di-tedesco\/","url":"https:\/\/www.sprachschule-aktiv-wien.at\/it\/corsi-di-tedesco-a-vienna\/corso-serale-di-tedesco\/","name":"Corsi serali di tedesco a Vienna \u2013 Scuola serale per corsi di tedesco","isPartOf":{"@id":"https:\/\/www.sprachschule-aktiv-wien.at\/#website"},"datePublished":"2017-08-10T17:33:56+00:00","dateModified":"2024-06-02T20:40:27+00:00","description":"Corso serale di tedesco a Vienna per principianti e avanzati A1 a C2 \u2013 Scuola serale per corsi di tedesco. Durata del corso 12 settimane","breadcrumb":{"@id":"https:\/\/www.sprachschule-aktiv-wien.at\/it\/corsi-di-tedesco-a-vienna\/corso-serale-di-tedesco\/#breadcrumb"},"inLanguage":"it-IT","potentialAction":[{"@type":"ReadAction","target":["https:\/\/www.sprachschule-aktiv-wien.at\/it\/corsi-di-tedesco-a-vienna\/corso-serale-di-tedesco\/"]}]},{"@type":"BreadcrumbList","@id":"https:\/\/www.sprachschule-aktiv-wien.at\/it\/corsi-di-tedesco-a-vienna\/corso-serale-di-tedesco\/#breadcrumb","itemListElement":[{"@type":"ListItem","position":1,"name":"Home","item":"https:\/\/www.sprachschule-aktiv-wien.at\/it\/"},{"@type":"ListItem","position":2,"name":"I nostri corsi di tedesco a Vienna &#8211; dal livello A1 al C2 &#8211; Scuola di lingua per corsi di tedesco","item":"https:\/\/www.sprachschule-aktiv-wien.at\/it\/corsi-di-tedesco-a-vienna\/"},{"@type":"ListItem","position":3,"name":"Corsi serali di tedesco a Vienna \u2013 Scuola serale per corsi di tedesco"}]},{"@type":"WebSite","@id":"https:\/\/www.sprachschule-aktiv-wien.at\/#website","url":"https:\/\/www.sprachschule-aktiv-wien.at\/","name":"Sprachschule Aktiv Wien","description":"","potentialAction":[{"@type":"SearchAction","target":{"@type":"EntryPoint","urlTemplate":"https:\/\/www.sprachschule-aktiv-wien.at\/?s={search_term_string}"},"query-input":{"@type":"PropertyValueSpecification","valueRequired":true,"valueName":"search_term_string"}}],"inLanguage":"it-IT"}]}},"_links":{"self":[{"href":"https:\/\/www.sprachschule-aktiv-wien.at\/it\/wp-json\/wp\/v2\/pages\/3309","targetHints":{"allow":["GET"]}}],"collection":[{"href":"https:\/\/www.sprachschule-aktiv-wien.at\/it\/wp-json\/wp\/v2\/pages"}],"about":[{"href":"https:\/\/www.sprachschule-aktiv-wien.at\/it\/wp-json\/wp\/v2\/types\/page"}],"author":[{"embeddable":true,"href":"https:\/\/www.sprachschule-aktiv-wien.at\/it\/wp-json\/wp\/v2\/users\/7"}],"replies":[{"embeddable":true,"href":"https:\/\/www.sprachschule-aktiv-wien.at\/it\/wp-json\/wp\/v2\/comments?post=3309"}],"version-history":[{"count":32,"href":"https:\/\/www.sprachschule-aktiv-wien.at\/it\/wp-json\/wp\/v2\/pages\/3309\/revisions"}],"predecessor-version":[{"id":7520,"href":"https:\/\/www.sprachschule-aktiv-wien.at\/it\/wp-json\/wp\/v2\/pages\/3309\/revisions\/7520"}],"up":[{"embeddable":true,"href":"https:\/\/www.sprachschule-aktiv-wien.at\/it\/wp-json\/wp\/v2\/pages\/3225"}],"wp:attachment":[{"href":"https:\/\/www.sprachschule-aktiv-wien.at\/it\/wp-json\/wp\/v2\/media?parent=3309"}],"curies":[{"name":"wp","href":"https:\/\/api.w.org\/{rel}","templated":true}]}}