{"id":3306,"date":"2017-08-10T17:27:28","date_gmt":"2017-08-10T17:27:28","guid":{"rendered":"https:\/\/www.sprachschule-aktiv-wien.at\/?page_id=3306\/"},"modified":"2023-09-22T10:41:02","modified_gmt":"2023-09-22T10:41:02","slug":"lezioni-private-di-tedesco-a-vienna","status":"publish","type":"page","link":"https:\/\/www.sprachschule-aktiv-wien.at\/it\/corsi-di-tedesco-a-vienna\/lezioni-private-di-tedesco-a-vienna\/","title":{"rendered":"Lezioni private di tedesco a Vienna"},"content":{"rendered":"<p>[vc_row css=&#8221;.vc_custom_1534940907540{margin-top: 15px !important;padding-bottom: 15px !important;}&#8221;][vc_column][vc_column_text]<\/p>\n<h1>Lezioni private di tedesco a Vienna: professionisti madrelingua per corsi individuali<\/h1>\n<p>Imparare il tedesco a Vienna \u00e8 conveniente ed effettivo! Cerchi insegnanti tedeschi per lezioni private di tedesco? La nostra scuola di Vienna offre anche questa possibilit\u00e0, ovviamente con insegnanti madrelingua qualificati![\/vc_column_text][vc_column_text]<img decoding=\"async\" class=\"alignnone wp-image-26405 size-full\" title=\"Lezioni private di tedesco a Vienna\" src=\"https:\/\/www.sprachschule-aktiv-wien.at\/wp-content\/uploads\/2020\/04\/lezioni-private-di-tedesco-a-vienna.jpg\" alt=\"Lezioni private di tedesco a Vienna\" width=\"624\" height=\"439\" srcset=\"https:\/\/www.sprachschule-aktiv-wien.at\/wp-content\/uploads\/2020\/04\/lezioni-private-di-tedesco-a-vienna.jpg 624w, https:\/\/www.sprachschule-aktiv-wien.at\/wp-content\/uploads\/2020\/04\/lezioni-private-di-tedesco-a-vienna-300x211.jpg 300w, https:\/\/www.sprachschule-aktiv-wien.at\/wp-content\/uploads\/2020\/04\/lezioni-private-di-tedesco-a-vienna-570x400.jpg 570w\" sizes=\"(max-width: 624px) 100vw, 624px\" \/>[\/vc_column_text][\/vc_column][\/vc_row][vc_row full_width=&#8221;stretch_row&#8221; css=&#8221;.vc_custom_1534940955358{padding-top: 15px !important;padding-bottom: 15px !important;background-color: #f9f9f9 !important;}&#8221;][vc_column][vc_column_text]<\/p>\n<h2>Corsi di tedesco a Vienna &#8211; per vacanze, studi, \u00d6IF, \u00d6SD o per il lavoro<\/h2>\n<p>La nostra scuola di tedesco a Vienna offre per ogni persona interessata il corso di tedesco pi\u00f9 adatto, che si adegua alle capacit\u00e0 dello studente e alle sue richieste individuali. Per le tue lezioni di tedesco a Vienna, puoi scegliere tra le seguenti offerte:<\/p>\n<p>Tedesco per principianti<br \/>\nCorsi di preparazione per gli esami \u00d6IF \/ \u00d6SD<br \/>\nCorsi di preparazione per l&#8217;esame <em>Erg\u00e4nzungspr\u00fcfung Deutsch<\/em> (EPD)<br \/>\nCorrispondenza in ufficio in lingua tedesca, livello B2, C1<br \/>\nScrittura e grammatica tedesca, livello B1, B2, C1<br \/>\nComunicazione e terminologia commerciale in lingua tedesca<br \/>\nStudiare il tedesco durante le vacanze<br \/>\nCorsi per il fine settimana<br \/>\nCorsi intensivi di perfezionamento del tedesco<br \/>\nLezioni in coppia<br \/>\nTedesco per il lavoro<br \/>\nFormazione per la ricerca del lavoro e presentazione di una candidatura in tedesco<br \/>\nTedesco per gli stranieri<\/p>\n<div class=\"vc_btn3-container vc_btn3-inline\">\n\t\t<a href=\"https:\/\/www.sprachschule-aktiv-wien.at\/it\/contattaci\/\" target=\"_blank\" class=\"pgs_btn pgs_btn_style_1 pgs_btn_xl\">\n\t\t\t<span>\n\t\t\t\t\u201eContattaci\u201c\t\t\t<\/span>\n\t\t\t\t\t<\/a>\n\t<\/div>\n\t[\/vc_column_text][\/vc_column][\/vc_row][vc_row][vc_column][vc_column_text]<\/p>\n<h2>Prezzi ed informazioni generali per le tue lezioni private<\/h2>\n<p>\n<table id=\"tablepress-122\" class=\"tablepress tablepress-id-122\">\n<thead>\n<tr class=\"row-1\">\n\t<th class=\"column-1\">1-3 partecipante<\/th><th class=\"column-2\">Prezzo per una lezione<br \/>\n(45 minuti)<\/th>\n<\/tr>\n<\/thead>\n<tbody class=\"row-striping row-hover\">\n<tr class=\"row-2\">\n\t<td class=\"column-1\">Da 10 ore in poi<\/td><td class=\"column-2\">48 \u20ac<\/td>\n<\/tr>\n<tr class=\"row-3\">\n\t<td class=\"column-1\">Da 20 ore in poi<\/td><td class=\"column-2\">45 \u20ac<\/td>\n<\/tr>\n<tr class=\"row-4\">\n\t<td class=\"column-1\">Da 30 ore in poi<\/td><td class=\"column-2\">43 \u20ac<\/td>\n<\/tr>\n<tr class=\"row-5\">\n\t<td class=\"column-1\">Da 80 ore in poi<\/td><td class=\"column-2\">40 \u20ac<\/td>\n<\/tr>\n<\/tbody>\n<\/table>\n<!-- #tablepress-122 from cache -->\t<div class=\"vc_btn3-container vc_btn3-inline\">\n\t\t<a href=\"\/it\/iscrizione\/\" class=\"pgs_btn pgs_btn_style_1 pgs_btn_xl\">\n\t\t\t<span>\n\t\t\t\tIscrizione\t\t\t<\/span>\n\t\t\t\t\t\t<i class=\"fa fa-external-link\"><\/i>\n\t\t\t\t\t<\/a>\n\t<\/div>\n<p>[\/vc_column_text][vc_column_text]<\/p>\n<h2>Insegnanti madrelingua tedeschi esperti e pazienti<\/h2>\n<p>Il tedesco \u00e8 una delle dieci lingue pi\u00f9 importanti del mondo, e in Europa \u00e8 persino la lingua che conta il maggior numero di madrelingua. Con noi Sprachschule Aktiv di Vienna puoi prenotare un corso di tedesco anche se non hai conoscenze precedenti. Approfitta delle nostre offerte e con un prezzo moderato puoi partecipare a un corso di tedesco certificato per principianti.<\/p>\n<p>I nostri insegnanti di lingua sono tutti madrelingua ed altamente motivati a seguirti in un interessantissimo percorso nella lingua tedesca e anche nella cultura e nello stile di vita austriaci. Inoltre, il tuo corso di tedesco ti d\u00e0 l&#8217;occasione di incontrare persone nuove, magari con le quali trascorrere il tuo tempo libero dopo il corso di lingua. Tutti i corsi di lingua tedesca sono guidati da esperti madrelingua con una solida esperienza nell&#8217;insegnamento.[\/vc_column_text][vc_row_inner][vc_column_inner][vc_column_text]<\/p>\n<h2>Lezioni di tedesco individuali per principianti ed esperti &#8211; A1, A2, B1, B2, C1, C2<\/h2>\n<p>Parli tedesco? Vorresti approfondire le tue conoscenze precedenti? Alla Sprachschule Aktiv troverai le lezioni individuali di tedesco per principianti e avanzati.[\/vc_column_text][\/vc_column_inner][\/vc_row_inner][vc_column_text]<\/p>\n<h2><img decoding=\"async\" class=\"alignnone wp-image-26428 \" title=\"Lezioni private di tedesco a Vienna\" src=\"https:\/\/www.sprachschule-aktiv-wien.at\/wp-content\/uploads\/2020\/04\/Lezioni-private-di-tedesco-a-vienna-1.jpg\" alt=\"Lezioni private di tedesco a Vienna\" width=\"722\" height=\"458\" srcset=\"https:\/\/www.sprachschule-aktiv-wien.at\/wp-content\/uploads\/2020\/04\/Lezioni-private-di-tedesco-a-vienna-1.jpg 794w, https:\/\/www.sprachschule-aktiv-wien.at\/wp-content\/uploads\/2020\/04\/Lezioni-private-di-tedesco-a-vienna-1-300x190.jpg 300w, https:\/\/www.sprachschule-aktiv-wien.at\/wp-content\/uploads\/2020\/04\/Lezioni-private-di-tedesco-a-vienna-1-768x487.jpg 768w\" sizes=\"(max-width: 722px) 100vw, 722px\" \/><\/h2>\n<p>[\/vc_column_text][\/vc_column][\/vc_row][vc_row][vc_column][vc_column_text]<\/p>\n<h2>Lezioni private di tedesco per principianti &#8211; livello A1<\/h2>\n<p>Le lezioni di tedesco private per il livello A1 sono rivolte a principianti senza precedenti competenze linguistiche (A1.1) e ai principianti con una minima conoscenza della lingua tedesca (A1.2): durante questi corsi, si imparano le strutture di base e il vocabolario tedesco che viene adottato in situazioni quotidiane semplici, e mediante l&#8217;uso dei quali puoi farti capire: immagina, ad esempio, quando fai shopping, sei al telefono o dal dottore e adoperi una comunicazione di base. Prenota ora il nostro corso!<\/p>\n<h2>Lezioni private di tedesco A2<\/h2>\n<p>Per quanto riguarda &#8220;Deutsch Privatunterricht A2&#8221; troverai un corso di tedesco per studenti che possiedono gi\u00e0 delle conoscenze precedenti, acquisite in seguito ad altri corsi di tedesco A1. Basandosi su questo, nel corso di tedesco A2 imparerai come comunicare in situazioni quotidiane familiari e leggere e capire testi semplici.<\/p>\n<p>Il tedesco per principianti &#8211; i corsi intensivi di tedesco a Vienna e i corsi di tedesco A1-A2, ti preparano per stare bene in Austria! Riconosciuti dal Fondo per l&#8217;Integrazione Austriaco (\u00d6IF) e dalla citt\u00e0 di Vienna, i corsi di tedesco A1-A2, incluso l&#8217;esame \u00d6IF, sono corsi speciali di integrazione. Chiunque possieda un documento che attesti la frequentazione di un corso di tedesco, il\u00a0<em>Bildungspass<\/em> e, in particolare, il\u00a0<em>Wiener Sprachgutschein,<\/em> pu\u00f2 richiedere l&#8217;opportunit\u00e0 di un finanziamento per i corsi di lingua tedesca A1-A2 &#8211; ulteriori informazioni sono disponibili presso la citt\u00e0 di Vienna.[\/vc_column_text][\/vc_column][\/vc_row][vc_row][vc_column][vc_column_text]<\/p>\n<h2>Lezioni individuali di tedesco B1 &#8211; B2<\/h2>\n<p>Vuoi utilizzare il tedesco in modo indipendente? I corsi intensivi B1 e B2 preparano a conversare su argomenti quotidiani, e sono adatti per coloro che hanno gi\u00e0 raggiunto il livello A2.<\/p>\n<p>I corsi di tedesco B1 e B2 sono adatti per i partecipanti con conoscenze di base che desiderano approfondire la grammatica di base e desiderano avere conversazioni complesse su argomenti interessanti.<\/p>\n<h2>Impara il tedesco al livello avanzato C1 &#8211; C2<\/h2>\n<p>A differenza dei corsi di tedesco A1-A2 o tedesco B1-B2, i corsi di tedesco in C1 e C2 richiedono un uso della lingua di livello complesso. Come partecipante ai corsi di tedesco C1 possiedi una buona conoscenza della lingua tedesca e impari ad esprimerti verbalmente e per iscritto rispetto a numerosi argomenti, in modo competente e chiaro, oltre ad avere una buona comprensione dei testi scritti.<\/p>\n<p>Non sei sicuro di sapere come prepararti per l&#8217;esame di tedesco? I nostri esperti insegnanti di tedesco ti preparano in modo ottimale per superare l&#8217;esame desiderato. La <em>Sprachschule Aktiv<\/em>\u00a0si personalizza al livello di apprendimento desiderato, adattato alle tue esigenze individuali.<\/p>\n<p>Per essere ammesso a studiare all&#8217;universit\u00e0 in Austria, \u00e8 necessario presentare la certificazione di tedesco al livello C1. Sono accettati i seguenti certificati:<\/p>\n<p><em><strong>\u00d6SD Zertifikat<\/strong> C1 &#8211; \u00d6sterreichisches Sprachdiplom<br \/>\n<\/em><strong>\u00d6IF Pr\u00fcfung<\/strong> A2, B1, B2<br \/>\n<em>Goethe Institut &#8211; <strong>Goethe Zertifikat<\/strong> C1<br \/>\n<\/em><em><strong>telc Deutsch<\/strong> &#8220;C1 Hochschule&#8221;<br \/>\n<\/em><em>Erg\u00e4nzungspr\u00fcfung Deutsch (<strong>EPD<\/strong>)<\/em><\/p>\n<p>Gli studenti che sono ammessi al Corso in Preparazione per le Universit\u00e0 di Vienna (<em>Vorstudienlehrgang der Wiener Universit\u00e4ten<\/em> &#8211; VWU) devono superare l&#8217;esame <em>Erg\u00e4nzungspr\u00fcfung Deutsch<\/em> (EPD). I certificati come ad esempio l&#8217;\u00d6SD e gli atri precedentemente riportati, in questo caso non vengono riconosciuti.<\/p>\n<p>Complimenti! Se sei pronto per i corsi di tedesco C2 a Vienna, significa che puoi esprimerti fluentemente in tedesco. Vuoi discutere di argomenti letterari, politici o scientifici? Nessun problema: i corsi di tedesco C2 a Vienna ti porteranno anche alla preparazione per il Certificato di Lingua Commerciale Tedesca.<\/p>\n<h2>Consulenza e valutazione del livello linguistico, senza impegno<\/h2>\n<p>Sei incerto su quale livello hai raggiunto? Vieni semplicemente a parlare con il nostro staff alla <em>Sprachschule Aktiv<\/em> a Vienna e approfitta di una delle nostre consulenze per i corsi di lingua tedesca senza vincoli. Infatti, nulla ha un influenza maggiore sul tuo apprendimento come frequentare un corso che sia adatto a te. I nostri insegnanti sono pronti a dedicarti il tempo necessario per aiutarti! In questo modo puoi avere un&#8217;idea pi\u00f9 chiara sul livello delle tue attuali competenze linguistiche.[\/vc_column_text][\/vc_column][\/vc_row]<\/p>\n","protected":false},"excerpt":{"rendered":"<p>[vc_row css=&#8221;.vc_custom_1534940907540{margin-top: 15px !important;padding-bottom: 15px !important;}&#8221;][vc_column][vc_column_text] Lezioni private di tedesco a Vienna: professionisti madrelingua per corsi individuali Imparare il tedesco a Vienna \u00e8 conveniente ed effettivo! Cerchi insegnanti tedeschi per lezioni private di tedesco? La nostra scuola di Vienna offre anche questa possibilit\u00e0, ovviamente con insegnanti madrelingua qualificati![\/vc_column_text][vc_column_text][\/vc_column_text][\/vc_column][\/vc_row][vc_row full_width=&#8221;stretch_row&#8221; css=&#8221;.vc_custom_1534940955358{padding-top: 15px !important;padding-bottom: 15px !important;background-color: #f9f9f9&hellip; <a class=\"read-more\" href=\"https:\/\/www.sprachschule-aktiv-wien.at\/it\/corsi-di-tedesco-a-vienna\/lezioni-private-di-tedesco-a-vienna\/\" title=\"Read Lezioni private di tedesco a Vienna\">Read more &raquo;<\/a><\/p>\n","protected":false},"author":7,"featured_media":0,"parent":3225,"menu_order":0,"comment_status":"closed","ping_status":"closed","template":"","meta":{"footnotes":""},"class_list":["post-3306","page","type-page","status-publish","hentry"],"yoast_head":"<!-- This site is optimized with the Yoast SEO plugin v27.1.1 - https:\/\/yoast.com\/product\/yoast-seo-wordpress\/ -->\n<title>Lezioni di tedesco individuali per principianti ed esperti \/ A1 - C2<\/title>\n<meta name=\"description\" content=\"Insegnanti tedeschi per lezioni private di tedesco a Vienna. Lezioni private per principianti e avanzati A1, A2, B1, B2, C2, C2\" \/>\n<meta name=\"robots\" content=\"index, follow, max-snippet:-1, max-image-preview:large, max-video-preview:-1\" \/>\n<link rel=\"canonical\" href=\"https:\/\/www.sprachschule-aktiv-wien.at\/it\/corsi-di-tedesco-a-vienna\/lezioni-private-di-tedesco-a-vienna\/\" \/>\n<meta property=\"og:locale\" content=\"it_IT\" \/>\n<meta property=\"og:type\" content=\"article\" \/>\n<meta property=\"og:title\" content=\"Lezioni di tedesco individuali per principianti ed esperti \/ A1 - C2\" \/>\n<meta property=\"og:description\" content=\"Insegnanti tedeschi per lezioni private di tedesco a Vienna. Lezioni private per principianti e avanzati A1, A2, B1, B2, C2, C2\" \/>\n<meta property=\"og:url\" content=\"https:\/\/www.sprachschule-aktiv-wien.at\/it\/corsi-di-tedesco-a-vienna\/lezioni-private-di-tedesco-a-vienna\/\" \/>\n<meta property=\"og:site_name\" content=\"Sprachschule Aktiv Wien\" \/>\n<meta property=\"article:modified_time\" content=\"2023-09-22T10:41:02+00:00\" \/>\n<meta property=\"og:image\" content=\"https:\/\/www.sprachschule-aktiv-wien.at\/wp-content\/uploads\/2020\/04\/lezioni-private-di-tedesco-a-vienna.jpg\" \/>\n<meta name=\"twitter:label1\" content=\"Tempo di lettura stimato\" \/>\n\t<meta name=\"twitter:data1\" content=\"7 minuti\" \/>\n<script type=\"application\/ld+json\" class=\"yoast-schema-graph\">{\"@context\":\"https:\/\/schema.org\",\"@graph\":[{\"@type\":\"WebPage\",\"@id\":\"https:\/\/www.sprachschule-aktiv-wien.at\/it\/corsi-di-tedesco-a-vienna\/lezioni-private-di-tedesco-a-vienna\/\",\"url\":\"https:\/\/www.sprachschule-aktiv-wien.at\/it\/corsi-di-tedesco-a-vienna\/lezioni-private-di-tedesco-a-vienna\/\",\"name\":\"Lezioni di tedesco individuali per principianti ed esperti \/ A1 - C2\",\"isPartOf\":{\"@id\":\"https:\/\/www.sprachschule-aktiv-wien.at\/#website\"},\"primaryImageOfPage\":{\"@id\":\"https:\/\/www.sprachschule-aktiv-wien.at\/it\/corsi-di-tedesco-a-vienna\/lezioni-private-di-tedesco-a-vienna\/#primaryimage\"},\"image\":{\"@id\":\"https:\/\/www.sprachschule-aktiv-wien.at\/it\/corsi-di-tedesco-a-vienna\/lezioni-private-di-tedesco-a-vienna\/#primaryimage\"},\"thumbnailUrl\":\"https:\/\/www.sprachschule-aktiv-wien.at\/wp-content\/uploads\/2020\/04\/lezioni-private-di-tedesco-a-vienna.jpg\",\"datePublished\":\"2017-08-10T17:27:28+00:00\",\"dateModified\":\"2023-09-22T10:41:02+00:00\",\"description\":\"Insegnanti tedeschi per lezioni private di tedesco a Vienna. Lezioni private per principianti e avanzati A1, A2, B1, B2, C2, C2\",\"breadcrumb\":{\"@id\":\"https:\/\/www.sprachschule-aktiv-wien.at\/it\/corsi-di-tedesco-a-vienna\/lezioni-private-di-tedesco-a-vienna\/#breadcrumb\"},\"inLanguage\":\"it-IT\",\"potentialAction\":[{\"@type\":\"ReadAction\",\"target\":[\"https:\/\/www.sprachschule-aktiv-wien.at\/it\/corsi-di-tedesco-a-vienna\/lezioni-private-di-tedesco-a-vienna\/\"]}]},{\"@type\":\"ImageObject\",\"inLanguage\":\"it-IT\",\"@id\":\"https:\/\/www.sprachschule-aktiv-wien.at\/it\/corsi-di-tedesco-a-vienna\/lezioni-private-di-tedesco-a-vienna\/#primaryimage\",\"url\":\"https:\/\/www.sprachschule-aktiv-wien.at\/wp-content\/uploads\/2020\/04\/lezioni-private-di-tedesco-a-vienna.jpg\",\"contentUrl\":\"https:\/\/www.sprachschule-aktiv-wien.at\/wp-content\/uploads\/2020\/04\/lezioni-private-di-tedesco-a-vienna.jpg\"},{\"@type\":\"BreadcrumbList\",\"@id\":\"https:\/\/www.sprachschule-aktiv-wien.at\/it\/corsi-di-tedesco-a-vienna\/lezioni-private-di-tedesco-a-vienna\/#breadcrumb\",\"itemListElement\":[{\"@type\":\"ListItem\",\"position\":1,\"name\":\"Home\",\"item\":\"https:\/\/www.sprachschule-aktiv-wien.at\/it\/\"},{\"@type\":\"ListItem\",\"position\":2,\"name\":\"I nostri corsi di tedesco a Vienna &#8211; dal livello A1 al C2 &#8211; Scuola di lingua per corsi di tedesco\",\"item\":\"https:\/\/www.sprachschule-aktiv-wien.at\/it\/corsi-di-tedesco-a-vienna\/\"},{\"@type\":\"ListItem\",\"position\":3,\"name\":\"Lezioni private di tedesco a Vienna\"}]},{\"@type\":\"WebSite\",\"@id\":\"https:\/\/www.sprachschule-aktiv-wien.at\/#website\",\"url\":\"https:\/\/www.sprachschule-aktiv-wien.at\/\",\"name\":\"Sprachschule Aktiv Wien\",\"description\":\"\",\"potentialAction\":[{\"@type\":\"SearchAction\",\"target\":{\"@type\":\"EntryPoint\",\"urlTemplate\":\"https:\/\/www.sprachschule-aktiv-wien.at\/?s={search_term_string}\"},\"query-input\":{\"@type\":\"PropertyValueSpecification\",\"valueRequired\":true,\"valueName\":\"search_term_string\"}}],\"inLanguage\":\"it-IT\"}]}<\/script>\n<!-- \/ Yoast SEO plugin. -->","yoast_head_json":{"title":"Lezioni di tedesco individuali per principianti ed esperti \/ A1 - C2","description":"Insegnanti tedeschi per lezioni private di tedesco a Vienna. Lezioni private per principianti e avanzati A1, A2, B1, B2, C2, C2","robots":{"index":"index","follow":"follow","max-snippet":"max-snippet:-1","max-image-preview":"max-image-preview:large","max-video-preview":"max-video-preview:-1"},"canonical":"https:\/\/www.sprachschule-aktiv-wien.at\/it\/corsi-di-tedesco-a-vienna\/lezioni-private-di-tedesco-a-vienna\/","og_locale":"it_IT","og_type":"article","og_title":"Lezioni di tedesco individuali per principianti ed esperti \/ A1 - C2","og_description":"Insegnanti tedeschi per lezioni private di tedesco a Vienna. Lezioni private per principianti e avanzati A1, A2, B1, B2, C2, C2","og_url":"https:\/\/www.sprachschule-aktiv-wien.at\/it\/corsi-di-tedesco-a-vienna\/lezioni-private-di-tedesco-a-vienna\/","og_site_name":"Sprachschule Aktiv Wien","article_modified_time":"2023-09-22T10:41:02+00:00","og_image":[{"url":"https:\/\/www.sprachschule-aktiv-wien.at\/wp-content\/uploads\/2020\/04\/lezioni-private-di-tedesco-a-vienna.jpg","type":"","width":"","height":""}],"twitter_misc":{"Tempo di lettura stimato":"7 minuti"},"schema":{"@context":"https:\/\/schema.org","@graph":[{"@type":"WebPage","@id":"https:\/\/www.sprachschule-aktiv-wien.at\/it\/corsi-di-tedesco-a-vienna\/lezioni-private-di-tedesco-a-vienna\/","url":"https:\/\/www.sprachschule-aktiv-wien.at\/it\/corsi-di-tedesco-a-vienna\/lezioni-private-di-tedesco-a-vienna\/","name":"Lezioni di tedesco individuali per principianti ed esperti \/ A1 - C2","isPartOf":{"@id":"https:\/\/www.sprachschule-aktiv-wien.at\/#website"},"primaryImageOfPage":{"@id":"https:\/\/www.sprachschule-aktiv-wien.at\/it\/corsi-di-tedesco-a-vienna\/lezioni-private-di-tedesco-a-vienna\/#primaryimage"},"image":{"@id":"https:\/\/www.sprachschule-aktiv-wien.at\/it\/corsi-di-tedesco-a-vienna\/lezioni-private-di-tedesco-a-vienna\/#primaryimage"},"thumbnailUrl":"https:\/\/www.sprachschule-aktiv-wien.at\/wp-content\/uploads\/2020\/04\/lezioni-private-di-tedesco-a-vienna.jpg","datePublished":"2017-08-10T17:27:28+00:00","dateModified":"2023-09-22T10:41:02+00:00","description":"Insegnanti tedeschi per lezioni private di tedesco a Vienna. Lezioni private per principianti e avanzati A1, A2, B1, B2, C2, C2","breadcrumb":{"@id":"https:\/\/www.sprachschule-aktiv-wien.at\/it\/corsi-di-tedesco-a-vienna\/lezioni-private-di-tedesco-a-vienna\/#breadcrumb"},"inLanguage":"it-IT","potentialAction":[{"@type":"ReadAction","target":["https:\/\/www.sprachschule-aktiv-wien.at\/it\/corsi-di-tedesco-a-vienna\/lezioni-private-di-tedesco-a-vienna\/"]}]},{"@type":"ImageObject","inLanguage":"it-IT","@id":"https:\/\/www.sprachschule-aktiv-wien.at\/it\/corsi-di-tedesco-a-vienna\/lezioni-private-di-tedesco-a-vienna\/#primaryimage","url":"https:\/\/www.sprachschule-aktiv-wien.at\/wp-content\/uploads\/2020\/04\/lezioni-private-di-tedesco-a-vienna.jpg","contentUrl":"https:\/\/www.sprachschule-aktiv-wien.at\/wp-content\/uploads\/2020\/04\/lezioni-private-di-tedesco-a-vienna.jpg"},{"@type":"BreadcrumbList","@id":"https:\/\/www.sprachschule-aktiv-wien.at\/it\/corsi-di-tedesco-a-vienna\/lezioni-private-di-tedesco-a-vienna\/#breadcrumb","itemListElement":[{"@type":"ListItem","position":1,"name":"Home","item":"https:\/\/www.sprachschule-aktiv-wien.at\/it\/"},{"@type":"ListItem","position":2,"name":"I nostri corsi di tedesco a Vienna &#8211; dal livello A1 al C2 &#8211; Scuola di lingua per corsi di tedesco","item":"https:\/\/www.sprachschule-aktiv-wien.at\/it\/corsi-di-tedesco-a-vienna\/"},{"@type":"ListItem","position":3,"name":"Lezioni private di tedesco a Vienna"}]},{"@type":"WebSite","@id":"https:\/\/www.sprachschule-aktiv-wien.at\/#website","url":"https:\/\/www.sprachschule-aktiv-wien.at\/","name":"Sprachschule Aktiv Wien","description":"","potentialAction":[{"@type":"SearchAction","target":{"@type":"EntryPoint","urlTemplate":"https:\/\/www.sprachschule-aktiv-wien.at\/?s={search_term_string}"},"query-input":{"@type":"PropertyValueSpecification","valueRequired":true,"valueName":"search_term_string"}}],"inLanguage":"it-IT"}]}},"_links":{"self":[{"href":"https:\/\/www.sprachschule-aktiv-wien.at\/it\/wp-json\/wp\/v2\/pages\/3306","targetHints":{"allow":["GET"]}}],"collection":[{"href":"https:\/\/www.sprachschule-aktiv-wien.at\/it\/wp-json\/wp\/v2\/pages"}],"about":[{"href":"https:\/\/www.sprachschule-aktiv-wien.at\/it\/wp-json\/wp\/v2\/types\/page"}],"author":[{"embeddable":true,"href":"https:\/\/www.sprachschule-aktiv-wien.at\/it\/wp-json\/wp\/v2\/users\/7"}],"replies":[{"embeddable":true,"href":"https:\/\/www.sprachschule-aktiv-wien.at\/it\/wp-json\/wp\/v2\/comments?post=3306"}],"version-history":[{"count":23,"href":"https:\/\/www.sprachschule-aktiv-wien.at\/it\/wp-json\/wp\/v2\/pages\/3306\/revisions"}],"predecessor-version":[{"id":7524,"href":"https:\/\/www.sprachschule-aktiv-wien.at\/it\/wp-json\/wp\/v2\/pages\/3306\/revisions\/7524"}],"up":[{"embeddable":true,"href":"https:\/\/www.sprachschule-aktiv-wien.at\/it\/wp-json\/wp\/v2\/pages\/3225"}],"wp:attachment":[{"href":"https:\/\/www.sprachschule-aktiv-wien.at\/it\/wp-json\/wp\/v2\/media?parent=3306"}],"curies":[{"name":"wp","href":"https:\/\/api.w.org\/{rel}","templated":true}]}}