{"id":3297,"date":"2017-08-07T18:26:09","date_gmt":"2017-08-07T18:26:09","guid":{"rendered":"https:\/\/www.sprachschule-aktiv-wien.at\/?page_id=3297\/"},"modified":"2024-06-02T20:40:35","modified_gmt":"2024-06-02T20:40:35","slug":"corso-intensivo-di-tedesco","status":"publish","type":"page","link":"https:\/\/www.sprachschule-aktiv-wien.at\/it\/corsi-di-tedesco-a-vienna\/corso-intensivo-di-tedesco\/","title":{"rendered":"Corsi intensivi di tedesco a Vienna"},"content":{"rendered":"<p>[vc_row css=&#8221;.vc_custom_1534940666160{margin-top: 15px !important;padding-bottom: 15px !important;}&#8221;][vc_column][vc_column_text]<\/p>\n<h1>Corsi intensivi di tedesco a Vienna &#8211; A1, A2, B1, B2, C1, C2<\/h1>\n<p>Corsi intensivi di tedesco per tutti i livelli, da A1 a C2 &#8211; sono disponibili i seguenti livelli linguistici:<\/p>\n<p><strong>Corsi intensivi di tedesco per principianti<\/strong>: A1, A2,<br \/>\n<strong>Intermedio<\/strong>: corsi intensivi per B1, B2.1 + B2.2<br \/>\n<strong>Tedesco intensivo per esperti<\/strong>: C1, C2<\/p>\n<h2>Imparare velocemente il tedesco con corsi intensivi di lingua a Vienna<\/h2>\n<p>Se vuoi imparare la lingua tedesca velocemente e in modo intensivo, i nostri corsi a Vienna sono ci\u00f2 che fanno al caso tuo. A seconda degli obiettivi personali di ciascuno, la nostra scuola offre diversi tipi di formazione.[\/vc_column_text][\/vc_column][\/vc_row][vc_row css=&#8221;.vc_custom_1534940741365{padding-top: 15px !important;padding-bottom: 15px !important;}&#8221;][vc_column][vc_column_text]<\/p>\n<h2>Prezzi e date dei nostri corsi intensivi di tedesco<\/h2>\n<p><strong>Livello<\/strong>: A1, A2, B1, B2.1 + B2.2, C1, C2<br \/>\n<strong>Inizio<\/strong>: ogni primo luned\u00ec del mese (se il luned\u00ec \u00e8 un giorno festivo, il corso inizier\u00e1 il giorno successivo)<br \/>\n<strong>Appuntamento<\/strong>: dal luned\u00ec al venerd\u00ec, 8:00-11:00 \/ 11:00-14:00 \/ 18:00-21:00 (*per 5 o pi\u00f9 persone: 3\u00d760 minuti al giorno, per 4 persone 2\u00d760 minuti al giorno)<br \/>\n<strong>Durata<\/strong>: 4 settimane (A1, A2, B1, C1, C2), 8 settimane (B2.1 + B2.2)<br \/>\n<strong>Prezzo<\/strong>: 1 settimana: 199 \u20ac, 2 settimane: 349 \u20ac, 3 settimane: 449 \u20ac, 4 settimane: 499 \u20ac, 8 settimane: 998 \u20ac<\/p>\n\t<div class=\"vc_btn3-container vc_btn3-inline\">\n\t\t<a href=\"\/it\/iscrizione\/\" class=\"pgs_btn pgs_btn_style_1 pgs_btn_xl\">\n\t\t\t<span>\n\t\t\t\tIscrizione\t\t\t<\/span>\n\t\t\t\t\t\t<i class=\"fa fa-external-link\"><\/i>\n\t\t\t\t\t<\/a>\n\t<\/div>\n\t\n<p>[\/vc_column_text][vc_column_text]<a href=\"https:\/\/www.sprachschule-aktiv-wien.at\/wp-content\/uploads\/2020\/04\/Impara-il-tedesco-a-Vienna-Corsi-di-tedesco-dal-livello-A1-al-C2.jpg\"><img decoding=\"async\" class=\"alignnone wp-image-26361\" src=\"https:\/\/www.sprachschule-aktiv-wien.at\/wp-content\/uploads\/2020\/04\/Impara-il-tedesco-a-Vienna-Corsi-di-tedesco-dal-livello-A1-al-C2.jpg\" alt=\"Impara il tedesco a Vienna - Corsi di tedesco dal livello A1 al C2\" width=\"789\" height=\"572\" srcset=\"https:\/\/www.sprachschule-aktiv-wien.at\/wp-content\/uploads\/2020\/04\/Impara-il-tedesco-a-Vienna-Corsi-di-tedesco-dal-livello-A1-al-C2.jpg 737w, https:\/\/www.sprachschule-aktiv-wien.at\/wp-content\/uploads\/2020\/04\/Impara-il-tedesco-a-Vienna-Corsi-di-tedesco-dal-livello-A1-al-C2-300x217.jpg 300w\" sizes=\"(max-width: 789px) 100vw, 789px\" \/><\/a>[\/vc_column_text][\/vc_column][\/vc_row][vc_row css=&#8221;.vc_custom_1534940828377{padding-top: 15px !important;padding-bottom: 15px !important;}&#8221;][vc_column][vc_column_text]<\/p>\n<h2>Abbiamo lezioni sia per principianti che per i pi\u00f9 esperti<\/h2>\n<p>Non importa quali siano le tue precedenti conoscenze, da noi ti trovi sempre nel posto giusto! Se non hai alcuna conoscenza, potrai seguire un corso per principianti. Se conosci gi\u00e0 un po\u2019 la lingua, ti inseriremo nel corso corrispondente al tuo livello linguistico. Se vuoi conoscere il tuo livello ma non ti trovi ancora a Vienna, potrai fare un test di classificazione linguistica comodamente da casa sul nostro sito internet. Se invece hai voglia di conoscere la nostra scuola, vieni a trovarci: potrai fare il test direttamente in una delle nostre aule.[\/vc_column_text][vc_column_text]<\/p>\n<h2>I nostri corsi intensivi di mattina<\/h2>\n<p>Normalmente i corsi intensivi di tedesco si tengono la mattina dalle 8:00 alle 11:00 o dalle 11:00 alle 14:00. Al pomeriggio potrai lavorare sul materiale ricevuto durante la lezione o visitare la stupenda citt\u00e0 di Vienna. Per coloro che possiedono gi\u00e1 delle conoscenze le lezioni cominciano ogni luned\u00ec, mentre il corso per principianti invece inizia sempre il primo luned\u00ec del mese. I nostri corsi semi-intensivi di tedesco si tengono ogni sera dal luned\u00ec al giovedi dalle 17:30 alle 19:00 o dalle 19:00 alle 20:30.[\/vc_column_text][\/vc_column][\/vc_row][vc_row][vc_column][vc_column_text]<\/p>\n<h2>Quali sono i vostri vantaggi<\/h2>\n<p>Prima del corso potrai fare un <a href=\"https:\/\/www.sprachschule-aktiv-wien.at\/einstufungstest\/\" target=\"_blank\" rel=\"noopener noreferrer\">test di livello<\/a> gratuito presso la nostra scuola di persona, tramite telefono o nel nostro sito web, cos\u00ec da iniziare il corso nel livello giusto.<\/p>\n<p>Alla fine del corso, riceverai un certificato. Ovviamente \u00e8 possibile prendere parte anche ad esami di certificazione linguistica, come per esempio \u201cDeutsch als Fremdsprache\u201d (<em>DaF<\/em>), \u00d6IF e \u00d6SD.<br \/>\nI nostri corsi ti preparano anche affinch\u00e9 tu possa studiare in un\u2019universit\u00e0 tedesca o austriaca.<br \/>\nI nostri corsi di lingua sono riconosciuti anche per il rilascio di un visto Schengen per imparare la lingua tedesca.<br \/>\nI nostri docenti sono tutti madrelingua, e nella scelta del personale facciamo attenzione per assicurarci che siano non solo competenti, ma anche amichevoli e simpatici. In questo modo la lezione sar\u00e0 divertente e tu potrai fare progressi velocemente.[\/vc_column_text][\/vc_column][\/vc_row]<\/p>\n","protected":false},"excerpt":{"rendered":"<p>[vc_row css=&#8221;.vc_custom_1534940666160{margin-top: 15px !important;padding-bottom: 15px !important;}&#8221;][vc_column][vc_column_text] Corsi intensivi di tedesco a Vienna &#8211; A1, A2, B1, B2, C1, C2 Corsi intensivi di tedesco per tutti i livelli, da A1 a C2 &#8211; sono disponibili i seguenti livelli linguistici: Corsi intensivi di tedesco per principianti: A1, A2, Intermedio: corsi intensivi per B1, B2.1 + B2.2 Tedesco&hellip; <a class=\"read-more\" href=\"https:\/\/www.sprachschule-aktiv-wien.at\/it\/corsi-di-tedesco-a-vienna\/corso-intensivo-di-tedesco\/\" title=\"Read Corsi intensivi di tedesco a Vienna\">Read more &raquo;<\/a><\/p>\n","protected":false},"author":7,"featured_media":0,"parent":3225,"menu_order":0,"comment_status":"closed","ping_status":"closed","template":"","meta":{"footnotes":""},"class_list":["post-3297","page","type-page","status-publish","hentry"],"yoast_head":"<!-- This site is optimized with the Yoast SEO plugin v27.1.1 - https:\/\/yoast.com\/product\/yoast-seo-wordpress\/ -->\n<title>Corso intensivo di tedesco a Vienna A1, A2, B1, B2, C1, C2<\/title>\n<meta name=\"description\" content=\"Corso intensivo di tedesco a Vienna: Impartiamo lezioni sia ai principianti che agli avanzati A1, A2, B1, B2, C1, C2\" \/>\n<meta name=\"robots\" content=\"index, follow, max-snippet:-1, max-image-preview:large, max-video-preview:-1\" \/>\n<link rel=\"canonical\" href=\"https:\/\/www.sprachschule-aktiv-wien.at\/it\/corsi-di-tedesco-a-vienna\/corso-intensivo-di-tedesco\/\" \/>\n<meta property=\"og:locale\" content=\"it_IT\" \/>\n<meta property=\"og:type\" content=\"article\" \/>\n<meta property=\"og:title\" content=\"Corso intensivo di tedesco a Vienna A1, A2, B1, B2, C1, C2\" \/>\n<meta property=\"og:description\" content=\"Corso intensivo di tedesco a Vienna: Impartiamo lezioni sia ai principianti che agli avanzati A1, A2, B1, B2, C1, C2\" \/>\n<meta property=\"og:url\" content=\"https:\/\/www.sprachschule-aktiv-wien.at\/it\/corsi-di-tedesco-a-vienna\/corso-intensivo-di-tedesco\/\" \/>\n<meta property=\"og:site_name\" content=\"Sprachschule Aktiv Wien\" \/>\n<meta property=\"article:modified_time\" content=\"2024-06-02T20:40:35+00:00\" \/>\n<meta property=\"og:image\" content=\"https:\/\/www.sprachschule-aktiv-wien.at\/wp-content\/uploads\/2020\/04\/Impara-il-tedesco-a-Vienna-Corsi-di-tedesco-dal-livello-A1-al-C2.jpg\" \/>\n<meta name=\"twitter:label1\" content=\"Tempo di lettura stimato\" \/>\n\t<meta name=\"twitter:data1\" content=\"4 minuti\" \/>\n<script type=\"application\/ld+json\" class=\"yoast-schema-graph\">{\"@context\":\"https:\/\/schema.org\",\"@graph\":[{\"@type\":\"WebPage\",\"@id\":\"https:\/\/www.sprachschule-aktiv-wien.at\/it\/corsi-di-tedesco-a-vienna\/corso-intensivo-di-tedesco\/\",\"url\":\"https:\/\/www.sprachschule-aktiv-wien.at\/it\/corsi-di-tedesco-a-vienna\/corso-intensivo-di-tedesco\/\",\"name\":\"Corso intensivo di tedesco a Vienna A1, A2, B1, B2, C1, C2\",\"isPartOf\":{\"@id\":\"https:\/\/www.sprachschule-aktiv-wien.at\/#website\"},\"primaryImageOfPage\":{\"@id\":\"https:\/\/www.sprachschule-aktiv-wien.at\/it\/corsi-di-tedesco-a-vienna\/corso-intensivo-di-tedesco\/#primaryimage\"},\"image\":{\"@id\":\"https:\/\/www.sprachschule-aktiv-wien.at\/it\/corsi-di-tedesco-a-vienna\/corso-intensivo-di-tedesco\/#primaryimage\"},\"thumbnailUrl\":\"https:\/\/www.sprachschule-aktiv-wien.at\/wp-content\/uploads\/2020\/04\/Impara-il-tedesco-a-Vienna-Corsi-di-tedesco-dal-livello-A1-al-C2.jpg\",\"datePublished\":\"2017-08-07T18:26:09+00:00\",\"dateModified\":\"2024-06-02T20:40:35+00:00\",\"description\":\"Corso intensivo di tedesco a Vienna: Impartiamo lezioni sia ai principianti che agli avanzati A1, A2, B1, B2, C1, C2\",\"breadcrumb\":{\"@id\":\"https:\/\/www.sprachschule-aktiv-wien.at\/it\/corsi-di-tedesco-a-vienna\/corso-intensivo-di-tedesco\/#breadcrumb\"},\"inLanguage\":\"it-IT\",\"potentialAction\":[{\"@type\":\"ReadAction\",\"target\":[\"https:\/\/www.sprachschule-aktiv-wien.at\/it\/corsi-di-tedesco-a-vienna\/corso-intensivo-di-tedesco\/\"]}]},{\"@type\":\"ImageObject\",\"inLanguage\":\"it-IT\",\"@id\":\"https:\/\/www.sprachschule-aktiv-wien.at\/it\/corsi-di-tedesco-a-vienna\/corso-intensivo-di-tedesco\/#primaryimage\",\"url\":\"https:\/\/www.sprachschule-aktiv-wien.at\/wp-content\/uploads\/2020\/04\/Impara-il-tedesco-a-Vienna-Corsi-di-tedesco-dal-livello-A1-al-C2.jpg\",\"contentUrl\":\"https:\/\/www.sprachschule-aktiv-wien.at\/wp-content\/uploads\/2020\/04\/Impara-il-tedesco-a-Vienna-Corsi-di-tedesco-dal-livello-A1-al-C2.jpg\"},{\"@type\":\"BreadcrumbList\",\"@id\":\"https:\/\/www.sprachschule-aktiv-wien.at\/it\/corsi-di-tedesco-a-vienna\/corso-intensivo-di-tedesco\/#breadcrumb\",\"itemListElement\":[{\"@type\":\"ListItem\",\"position\":1,\"name\":\"Home\",\"item\":\"https:\/\/www.sprachschule-aktiv-wien.at\/it\/\"},{\"@type\":\"ListItem\",\"position\":2,\"name\":\"I nostri corsi di tedesco a Vienna &#8211; dal livello A1 al C2 &#8211; Scuola di lingua per corsi di tedesco\",\"item\":\"https:\/\/www.sprachschule-aktiv-wien.at\/it\/corsi-di-tedesco-a-vienna\/\"},{\"@type\":\"ListItem\",\"position\":3,\"name\":\"Corsi intensivi di tedesco a Vienna\"}]},{\"@type\":\"WebSite\",\"@id\":\"https:\/\/www.sprachschule-aktiv-wien.at\/#website\",\"url\":\"https:\/\/www.sprachschule-aktiv-wien.at\/\",\"name\":\"Sprachschule Aktiv Wien\",\"description\":\"\",\"potentialAction\":[{\"@type\":\"SearchAction\",\"target\":{\"@type\":\"EntryPoint\",\"urlTemplate\":\"https:\/\/www.sprachschule-aktiv-wien.at\/?s={search_term_string}\"},\"query-input\":{\"@type\":\"PropertyValueSpecification\",\"valueRequired\":true,\"valueName\":\"search_term_string\"}}],\"inLanguage\":\"it-IT\"}]}<\/script>\n<!-- \/ Yoast SEO plugin. -->","yoast_head_json":{"title":"Corso intensivo di tedesco a Vienna A1, A2, B1, B2, C1, C2","description":"Corso intensivo di tedesco a Vienna: Impartiamo lezioni sia ai principianti che agli avanzati A1, A2, B1, B2, C1, C2","robots":{"index":"index","follow":"follow","max-snippet":"max-snippet:-1","max-image-preview":"max-image-preview:large","max-video-preview":"max-video-preview:-1"},"canonical":"https:\/\/www.sprachschule-aktiv-wien.at\/it\/corsi-di-tedesco-a-vienna\/corso-intensivo-di-tedesco\/","og_locale":"it_IT","og_type":"article","og_title":"Corso intensivo di tedesco a Vienna A1, A2, B1, B2, C1, C2","og_description":"Corso intensivo di tedesco a Vienna: Impartiamo lezioni sia ai principianti che agli avanzati A1, A2, B1, B2, C1, C2","og_url":"https:\/\/www.sprachschule-aktiv-wien.at\/it\/corsi-di-tedesco-a-vienna\/corso-intensivo-di-tedesco\/","og_site_name":"Sprachschule Aktiv Wien","article_modified_time":"2024-06-02T20:40:35+00:00","og_image":[{"url":"https:\/\/www.sprachschule-aktiv-wien.at\/wp-content\/uploads\/2020\/04\/Impara-il-tedesco-a-Vienna-Corsi-di-tedesco-dal-livello-A1-al-C2.jpg","type":"","width":"","height":""}],"twitter_misc":{"Tempo di lettura stimato":"4 minuti"},"schema":{"@context":"https:\/\/schema.org","@graph":[{"@type":"WebPage","@id":"https:\/\/www.sprachschule-aktiv-wien.at\/it\/corsi-di-tedesco-a-vienna\/corso-intensivo-di-tedesco\/","url":"https:\/\/www.sprachschule-aktiv-wien.at\/it\/corsi-di-tedesco-a-vienna\/corso-intensivo-di-tedesco\/","name":"Corso intensivo di tedesco a Vienna A1, A2, B1, B2, C1, C2","isPartOf":{"@id":"https:\/\/www.sprachschule-aktiv-wien.at\/#website"},"primaryImageOfPage":{"@id":"https:\/\/www.sprachschule-aktiv-wien.at\/it\/corsi-di-tedesco-a-vienna\/corso-intensivo-di-tedesco\/#primaryimage"},"image":{"@id":"https:\/\/www.sprachschule-aktiv-wien.at\/it\/corsi-di-tedesco-a-vienna\/corso-intensivo-di-tedesco\/#primaryimage"},"thumbnailUrl":"https:\/\/www.sprachschule-aktiv-wien.at\/wp-content\/uploads\/2020\/04\/Impara-il-tedesco-a-Vienna-Corsi-di-tedesco-dal-livello-A1-al-C2.jpg","datePublished":"2017-08-07T18:26:09+00:00","dateModified":"2024-06-02T20:40:35+00:00","description":"Corso intensivo di tedesco a Vienna: Impartiamo lezioni sia ai principianti che agli avanzati A1, A2, B1, B2, C1, C2","breadcrumb":{"@id":"https:\/\/www.sprachschule-aktiv-wien.at\/it\/corsi-di-tedesco-a-vienna\/corso-intensivo-di-tedesco\/#breadcrumb"},"inLanguage":"it-IT","potentialAction":[{"@type":"ReadAction","target":["https:\/\/www.sprachschule-aktiv-wien.at\/it\/corsi-di-tedesco-a-vienna\/corso-intensivo-di-tedesco\/"]}]},{"@type":"ImageObject","inLanguage":"it-IT","@id":"https:\/\/www.sprachschule-aktiv-wien.at\/it\/corsi-di-tedesco-a-vienna\/corso-intensivo-di-tedesco\/#primaryimage","url":"https:\/\/www.sprachschule-aktiv-wien.at\/wp-content\/uploads\/2020\/04\/Impara-il-tedesco-a-Vienna-Corsi-di-tedesco-dal-livello-A1-al-C2.jpg","contentUrl":"https:\/\/www.sprachschule-aktiv-wien.at\/wp-content\/uploads\/2020\/04\/Impara-il-tedesco-a-Vienna-Corsi-di-tedesco-dal-livello-A1-al-C2.jpg"},{"@type":"BreadcrumbList","@id":"https:\/\/www.sprachschule-aktiv-wien.at\/it\/corsi-di-tedesco-a-vienna\/corso-intensivo-di-tedesco\/#breadcrumb","itemListElement":[{"@type":"ListItem","position":1,"name":"Home","item":"https:\/\/www.sprachschule-aktiv-wien.at\/it\/"},{"@type":"ListItem","position":2,"name":"I nostri corsi di tedesco a Vienna &#8211; dal livello A1 al C2 &#8211; Scuola di lingua per corsi di tedesco","item":"https:\/\/www.sprachschule-aktiv-wien.at\/it\/corsi-di-tedesco-a-vienna\/"},{"@type":"ListItem","position":3,"name":"Corsi intensivi di tedesco a Vienna"}]},{"@type":"WebSite","@id":"https:\/\/www.sprachschule-aktiv-wien.at\/#website","url":"https:\/\/www.sprachschule-aktiv-wien.at\/","name":"Sprachschule Aktiv Wien","description":"","potentialAction":[{"@type":"SearchAction","target":{"@type":"EntryPoint","urlTemplate":"https:\/\/www.sprachschule-aktiv-wien.at\/?s={search_term_string}"},"query-input":{"@type":"PropertyValueSpecification","valueRequired":true,"valueName":"search_term_string"}}],"inLanguage":"it-IT"}]}},"_links":{"self":[{"href":"https:\/\/www.sprachschule-aktiv-wien.at\/it\/wp-json\/wp\/v2\/pages\/3297","targetHints":{"allow":["GET"]}}],"collection":[{"href":"https:\/\/www.sprachschule-aktiv-wien.at\/it\/wp-json\/wp\/v2\/pages"}],"about":[{"href":"https:\/\/www.sprachschule-aktiv-wien.at\/it\/wp-json\/wp\/v2\/types\/page"}],"author":[{"embeddable":true,"href":"https:\/\/www.sprachschule-aktiv-wien.at\/it\/wp-json\/wp\/v2\/users\/7"}],"replies":[{"embeddable":true,"href":"https:\/\/www.sprachschule-aktiv-wien.at\/it\/wp-json\/wp\/v2\/comments?post=3297"}],"version-history":[{"count":53,"href":"https:\/\/www.sprachschule-aktiv-wien.at\/it\/wp-json\/wp\/v2\/pages\/3297\/revisions"}],"predecessor-version":[{"id":42403,"href":"https:\/\/www.sprachschule-aktiv-wien.at\/it\/wp-json\/wp\/v2\/pages\/3297\/revisions\/42403"}],"up":[{"embeddable":true,"href":"https:\/\/www.sprachschule-aktiv-wien.at\/it\/wp-json\/wp\/v2\/pages\/3225"}],"wp:attachment":[{"href":"https:\/\/www.sprachschule-aktiv-wien.at\/it\/wp-json\/wp\/v2\/media?parent=3297"}],"curies":[{"name":"wp","href":"https:\/\/api.w.org\/{rel}","templated":true}]}}