{"id":3225,"date":"2017-07-29T06:05:02","date_gmt":"2017-07-29T06:05:02","guid":{"rendered":"https:\/\/www.sprachschule-aktiv-wien.at\/?page_id=3225\/"},"modified":"2021-05-24T20:10:57","modified_gmt":"2021-05-24T20:10:57","slug":"corsi-di-tedesco-a-vienna","status":"publish","type":"page","link":"https:\/\/www.sprachschule-aktiv-wien.at\/it\/corsi-di-tedesco-a-vienna\/","title":{"rendered":"I nostri corsi di tedesco a Vienna &#8211; dal livello A1 al C2 &#8211; Scuola di lingua per corsi di tedesco"},"content":{"rendered":"<p>[vc_row css=&#8221;.vc_custom_1534940442825{margin-top: 15px !important;padding-bottom: 15px !important;}&#8221;][vc_column][vc_column_text]<\/p>\n<h1>Impara il tedesco a Vienna &#8211; Corsi di tedesco dal livello A1 al C2 &#8211; Scuola di lingua per corsi di tedesco<\/h1>\n<p>Studia il tedesco a Vienna! La nostra scuola \u00e8 specializzata in corsi di lingua tedesca. Vienna \u00e8 una delle pi\u00f9 belle citt\u00e0 di lingua tedesca: qui hai l&#8217;occasione non solo di godere della cultura austriaca, ma anche imparare il tedesco. La nostra scuola offre numerosi corsi per ciascun livello linguistico.[\/vc_column_text][vc_column_text]<\/p>\n<div class=\"BorlabsCookie _brlbs-cb-youtube\">\n<div class=\"_brlbs-content-blocker\">\n<div class=\"_brlbs-embed _brlbs-video-youtube\"> <img decoding=\"async\" class=\"_brlbs-thumbnail\" src=\"https:\/\/www.sprachschule-aktiv-wien.at\/wp-content\/plugins\/borlabs-cookie\/assets\/images\/cb-no-thumbnail.png\" alt=\"YouTube\"> <\/p>\n<div class=\"_brlbs-caption\">\n<p>Mit dem Laden des Videos akzeptieren Sie die Datenschutzerkl\u00e4rung von YouTube.<br \/><a href=\"https:\/\/policies.google.com\/privacy\" target=\"_blank\" rel=\"nofollow noopener noreferrer\">Mehr erfahren<\/a><\/p>\n<p><a class=\"_brlbs-btn _brlbs-icon-play-white\" href=\"#\" data-borlabs-cookie-unblock role=\"button\">Video laden<\/a><\/p>\n<p><label><input type=\"checkbox\" name=\"unblockAll\" value=\"1\" checked> <small>YouTube immer entsperren<\/small><\/label><\/p>\n<\/p><\/div><\/div><\/div>\n<div class=\"borlabs-hide\" data-borlabs-cookie-type=\"content-blocker\" data-borlabs-cookie-id=\"youtube\"><script type=\"text\/template\">PGlmcmFtZSB0aXRsZT0iRGV1dHNjaCBsZXJuZW4gaW4gV2llbiAtIERldXRzY2ggU3ByYWNoc2NodWxlIC0gRGV1dHNjaGt1cnNlIiB3aWR0aD0iNTAwIiBoZWlnaHQ9IjI4MSIgc3JjPSJodHRwczovL3d3dy55b3V0dWJlLW5vY29va2llLmNvbS9lbWJlZC9YeklJenptNEphWT9mZWF0dXJlPW9lbWJlZCIgZnJhbWVib3JkZXI9IjAiIGFsbG93PSJhY2NlbGVyb21ldGVyOyBhdXRvcGxheTsgY2xpcGJvYXJkLXdyaXRlOyBlbmNyeXB0ZWQtbWVkaWE7IGd5cm9zY29wZTsgcGljdHVyZS1pbi1waWN0dXJlOyB3ZWItc2hhcmUiIHJlZmVycmVycG9saWN5PSJzdHJpY3Qtb3JpZ2luLXdoZW4tY3Jvc3Mtb3JpZ2luIiBhbGxvd2Z1bGxzY3JlZW4+PC9pZnJhbWU+<\/script><\/div>\n<\/div>\n<p>[\/vc_column_text][\/vc_column][\/vc_row][vc_row full_width=&#8221;stretch_row&#8221; css=&#8221;.vc_custom_1534940498749{padding-top: 15px !important;padding-bottom: 15px !important;background-color: #f9f9f9 !important;}&#8221;][vc_column][vc_column_text]<\/p>\n<h2>Corsi di tedesco per principianti o avanzati A1, A2, B1, B2, C1, C2<\/h2>\n<p>Non importa qual sia il tuo livello linguistico o quali obiettivi vuoi raggiungere: abbiamo il corso adatto a te. I nostri corsi disponibili coprono tutti i livelli: A1, A2, B1, B2, C1 e C2. In base alle tue necessit\u00e0 offriamo i seguenti corsi:<\/p>\n<p><strong><a href=\"https:\/\/www.sprachschule-aktiv-wien.at\/it\/corsi-di-tedesco-a-vienna\/corso-intensivo-di-tedesco\/\">Corsi intesivi<\/a>:<\/strong> ogni giorno 3 ore alla mattina oppure, nel corso semi-intensivo, un&#8217;ora e mezza alla mattina o alla sera.<br \/>\n<strong><a href=\"https:\/\/www.sprachschule-aktiv-wien.at\/it\/corsi-di-tedesco-a-vienna\/corso-serale-di-tedesco\/\">Corsi serali<\/a>:<\/strong> la lezione avviene in piccoli gruppi cos\u00ec che lo studente apprende in un&#8217;atmosfera tranquilla e amichevole.<br \/>\n<strong><a href=\"https:\/\/www.sprachschule-aktiv-wien.at\/it\/corsi-di-tedesco-a-vienna\/lezioni-private-di-tedesco-a-vienna\/\">Lezioni private di tedesco<\/a>:<\/strong> i nostri insegnanti possono raggiungervi a casa adattandosi alle vostre esigenze<br \/>\n<strong>Certificato \u00d6IF <\/strong>(<em>\u00d6sterreichischer Integrationsfond\u00a0<\/em>\u2013 Fondo Austriaco per l\u2019Integrazione): se vuoi ottenere una certificazione linguistica, noi ti prepareremo adeguatamente per i livelli: A1, A2, B1, B2.<br \/>\n<strong>Certificato \u00d6SD<\/strong> (<em>\u00d6sterreichisches Sprachdiplom Deutsch<\/em> \u2013 Diploma Austriaco di Lingua Tedesca):\u00a0se vuoi ottenere una certificazione linguistica, noi ti prepareremo adeguatamente per i livelli: A1, A2, B1, B2, C1, C2.<br \/>\n<a href=\"https:\/\/www.sprachschule-aktiv-wien.at\/it\/corsi-di-tedesco-a-vienna\/corso-di-tedesco-con-alloggio\/\"><strong>Corsi di tedesco con alloggio<\/strong><\/a><br \/>\n<a href=\"https:\/\/www.sprachschule-aktiv-wien.at\/it\/corsi-di-tedesco-a-vienna\/su-vienna-informazioni-attrazioni-turistiche\/\"><strong>Su di Vienna<\/strong><\/a> &#8211; Tempo libero e informazioni generali[\/vc_column_text][\/vc_column][\/vc_row][vc_row css=&#8221;.vc_custom_1534940593395{padding-top: 15px !important;padding-bottom: 15px !important;}&#8221;][vc_column][vc_column_text]<\/p>\n<h2>Il corso di tedesco a Vienna si svolge in piccoli gruppi<\/h2>\n<p>Per un apprendimento ottimale, la dimensione del gruppo \u00e8 un fattore cruciale. Pi\u00f9 piccolo \u00e8 il gruppo, pi\u00f9 facile sar\u00e0 rispondere alle tue domande, e i tuoi problemi saranno risolti, inoltre, ti puoi mettere in pratica pi\u00f9 intensamente la lingua e progredire pi\u00f9 rapidamente. Per questo motivo, ci assicuriamo che la dimensione del gruppo non superi i dieci partecipanti.[\/vc_column_text][vc_column_text]<\/p>\n<h2>La scelta attenta del personale docente<\/h2>\n<p>[\/vc_column_text][vc_row_inner][vc_column_inner width=&#8221;1\/2&#8243;][vc_column_text]Oltre al numero di partecipanti, un altro fattore importante \u00e8 il corpo docente. La scuola si impegna a scegliere accuratamente il personale docente. \u00c8 fondamentale che il corpo insegnanti sia composto solo da madrelingua, e che dimostri un\u2019attitudine pedagogica. Inoltre nostri insegnanti si pongono sempre in modo gentile e disponibile per poter motivare gli studenti e sollecitare un clima disteso e di collaborazione. In questo contesto gli studenti possono quindi apprendere la lingua in modo divertente e stimolante.[\/vc_column_text][\/vc_column_inner][vc_column_inner width=&#8221;1\/2&#8243;][vc_single_image image=&#8221;26383&#8243; img_size=&#8221;full&#8221;][\/vc_column_inner][\/vc_row_inner][vc_row_inner][vc_column_inner][vc_column_text]<\/p>\n<h2>Iniziare il corso senza rischi<\/h2>\n<p>\u00c8 importante che ogni studente si iscriva al corso migliore per le proprie esigenze. A tal fine, diamo la possibilit\u00e0 di svolgere gratuitamente un test di livello, che pu\u00f2 essere effettuato online da casa, o direttamente nelle nostre aule a Vienna, per verificare quale sia il corso adatto.<\/p>\n<p>La prima lezione vale sempre come prova: gli studenti possono quindi cominciare il corso in tranquillit\u00e0, e qualora non sono soddisfatti vengono rimborsati.<\/p>\n<h2>Ci occupiamo del Visto per l\u2019Austria \u2013 I corsi di tedesco e il Visto<\/h2>\n<p>Se vuoi studiare in Austria e non sei un cittadino\/a dell\u2019Unione Europea, necessiti di un Visto. Noi possiamo esserti d\u2019aiuto: se non disponi (ancora) delle necessarie conoscenze linguistiche, pu\u00f2 essere complicato completare correttamente i moduli richiesti per ottenere il Visto.<\/p>\n<h2>La nostra scuola si trova nel centro di Vienna<\/h2>\n<p>Le nostre aule sono facilmente raggiungibili in auto o con i mezzi pubblici (\u00e8 possibile venire sia con la metro che con il tram). L\u2019indirizzo della nostra scuola \u00e8 Seidengasse 25, nel settimo distretto di Vienna.[\/vc_column_text][\/vc_column_inner][\/vc_row_inner][vc_row_inner][vc_column_inner][vc_column_text]<\/p>\n<h2 id=\"src-translit\" class=\"translit\" dir=\"ltr\">Corsi di lingua tedesca a Vienna &#8211; I nostri vantaggi<\/h2>\n<p>[\/vc_column_text][\/vc_column_inner][\/vc_row_inner][vc_row_inner][vc_column_inner width=&#8221;1\/2&#8243;][vc_column_text]<\/p>\n<div id=\"gt-src-c\" class=\"g-unit\">\n<div id=\"gt-src-p\"><\/div>\n<\/div>\n<div id=\"gt-res-c\" class=\"g-unit\">\n<div id=\"gt-res-p\">\n<div id=\"gt-res-data\">\n<div id=\"gt-res-wrap\">\n<div id=\"gt-res-content\">\n<p>L&#8217;impegno dei nostri insegnanti non si ferma all&#8217;insegnamento delle lingue, infatti organizzano anche escursioni e attivit\u00e0 ricreative.\u00a0Vienna \u00e8 una citt\u00e0 splendida e ci sono innumerevoli attrazioni da scoprire.\u00a0I nostri insegnanti sono investiti nel ruolo educativo e pedagogico, ma vogliono anche introdurvi allo stile di vita tedesco e soprattutto austriaco.<\/p>\n<p><span id=\"result_box\" class=\"\" lang=\"it\"><strong><span class=\"\">Ricapitolando, i nostri vantaggi sono:<\/span><\/strong><\/span><\/p>\n<p><span id=\"result_box\" class=\"\" lang=\"it\">Lezione di prova gratuita<br \/>\n<\/span><span id=\"result_box\" class=\"\" lang=\"it\">Garanzia di rimborso<br \/>\n<\/span><span id=\"result_box\" class=\"\" lang=\"it\"><span class=\"\">Escursioni e attivit\u00e0 ricreative in seguito alle lezioni<br \/>\n<\/span><\/span><span id=\"result_box\" class=\"\" lang=\"it\"><span class=\"\"><a href=\"https:\/\/www.sprachschule-aktiv-wien.at\/einstufungstest\/\" target=\"_blank\" rel=\"noopener noreferrer\">Test di posizionamento<\/a> non vincolante online, o di persona presso la nostra scuola<br \/>\n<\/span><\/span><span id=\"result_box\" class=\"\" lang=\"it\"><span class=\"\">Insegnanti tedeschi madrelingua qualificati e pazienti<br \/>\n<\/span><\/span><span id=\"result_box\" class=\"\" lang=\"it\"><span class=\"\">Certificati di lingua ufficiali riconosciuti<\/span><\/span><\/p>\n<\/div>\n<\/div>\n<\/div>\n<\/div>\n<\/div>\n<p>[\/vc_column_text][\/vc_column_inner][vc_column_inner width=&#8221;1\/2&#8243;][vc_single_image image=&#8221;26361&#8243; img_size=&#8221;full&#8221;][\/vc_column_inner][\/vc_row_inner][\/vc_column][\/vc_row]<\/p>\n","protected":false},"excerpt":{"rendered":"<p>[vc_row css=&#8221;.vc_custom_1534940442825{margin-top: 15px !important;padding-bottom: 15px !important;}&#8221;][vc_column][vc_column_text] Impara il tedesco a Vienna &#8211; Corsi di tedesco dal livello A1 al C2 &#8211; Scuola di lingua per corsi di tedesco Studia il tedesco a Vienna! La nostra scuola \u00e8 specializzata in corsi di lingua tedesca. Vienna \u00e8 una delle pi\u00f9 belle citt\u00e0 di lingua tedesca: qui hai&hellip; <a class=\"read-more\" href=\"https:\/\/www.sprachschule-aktiv-wien.at\/it\/corsi-di-tedesco-a-vienna\/\" title=\"Read I nostri corsi di tedesco a Vienna &#8211; dal livello A1 al C2 &#8211; Scuola di lingua per corsi di tedesco\">Read more &raquo;<\/a><\/p>\n","protected":false},"author":7,"featured_media":0,"parent":0,"menu_order":0,"comment_status":"closed","ping_status":"closed","template":"","meta":{"footnotes":""},"class_list":["post-3225","page","type-page","status-publish","hentry"],"yoast_head":"<!-- This site is optimized with the Yoast SEO plugin v27.1.1 - https:\/\/yoast.com\/product\/yoast-seo-wordpress\/ -->\n<title>I nostri corsi di tedesco a Vienna - Studiare il tedesco\u00a0<\/title>\n<meta name=\"description\" content=\"I nostri corsi di tedesco a Vienna - Studiare il tedesco: Corsi intesivi, Corsi serali, Lezioni private di tedesco\" \/>\n<meta name=\"robots\" content=\"index, follow, max-snippet:-1, max-image-preview:large, max-video-preview:-1\" \/>\n<link rel=\"canonical\" href=\"https:\/\/www.sprachschule-aktiv-wien.at\/it\/corsi-di-tedesco-a-vienna\/\" \/>\n<meta property=\"og:locale\" content=\"it_IT\" \/>\n<meta property=\"og:type\" content=\"article\" \/>\n<meta property=\"og:title\" content=\"I nostri corsi di tedesco a Vienna - Studiare il tedesco\u00a0\" \/>\n<meta property=\"og:description\" content=\"I nostri corsi di tedesco a Vienna - Studiare il tedesco: Corsi intesivi, Corsi serali, Lezioni private di tedesco\" \/>\n<meta property=\"og:url\" content=\"https:\/\/www.sprachschule-aktiv-wien.at\/it\/corsi-di-tedesco-a-vienna\/\" \/>\n<meta property=\"og:site_name\" content=\"Sprachschule Aktiv Wien\" \/>\n<meta property=\"article:modified_time\" content=\"2021-05-24T20:10:57+00:00\" \/>\n<meta name=\"twitter:label1\" content=\"Tempo di lettura stimato\" \/>\n\t<meta name=\"twitter:data1\" content=\"4 minuti\" \/>\n<script type=\"application\/ld+json\" class=\"yoast-schema-graph\">{\"@context\":\"https:\/\/schema.org\",\"@graph\":[{\"@type\":\"WebPage\",\"@id\":\"https:\/\/www.sprachschule-aktiv-wien.at\/it\/corsi-di-tedesco-a-vienna\/\",\"url\":\"https:\/\/www.sprachschule-aktiv-wien.at\/it\/corsi-di-tedesco-a-vienna\/\",\"name\":\"I nostri corsi di tedesco a Vienna - Studiare il tedesco\u00a0\",\"isPartOf\":{\"@id\":\"https:\/\/www.sprachschule-aktiv-wien.at\/#website\"},\"datePublished\":\"2017-07-29T06:05:02+00:00\",\"dateModified\":\"2021-05-24T20:10:57+00:00\",\"description\":\"I nostri corsi di tedesco a Vienna - Studiare il tedesco: Corsi intesivi, Corsi serali, Lezioni private di tedesco\",\"breadcrumb\":{\"@id\":\"https:\/\/www.sprachschule-aktiv-wien.at\/it\/corsi-di-tedesco-a-vienna\/#breadcrumb\"},\"inLanguage\":\"it-IT\",\"potentialAction\":[{\"@type\":\"ReadAction\",\"target\":[\"https:\/\/www.sprachschule-aktiv-wien.at\/it\/corsi-di-tedesco-a-vienna\/\"]}]},{\"@type\":\"BreadcrumbList\",\"@id\":\"https:\/\/www.sprachschule-aktiv-wien.at\/it\/corsi-di-tedesco-a-vienna\/#breadcrumb\",\"itemListElement\":[{\"@type\":\"ListItem\",\"position\":1,\"name\":\"Home\",\"item\":\"https:\/\/www.sprachschule-aktiv-wien.at\/it\/\"},{\"@type\":\"ListItem\",\"position\":2,\"name\":\"I nostri corsi di tedesco a Vienna &#8211; dal livello A1 al C2 &#8211; Scuola di lingua per corsi di tedesco\"}]},{\"@type\":\"WebSite\",\"@id\":\"https:\/\/www.sprachschule-aktiv-wien.at\/#website\",\"url\":\"https:\/\/www.sprachschule-aktiv-wien.at\/\",\"name\":\"Sprachschule Aktiv Wien\",\"description\":\"\",\"potentialAction\":[{\"@type\":\"SearchAction\",\"target\":{\"@type\":\"EntryPoint\",\"urlTemplate\":\"https:\/\/www.sprachschule-aktiv-wien.at\/?s={search_term_string}\"},\"query-input\":{\"@type\":\"PropertyValueSpecification\",\"valueRequired\":true,\"valueName\":\"search_term_string\"}}],\"inLanguage\":\"it-IT\"}]}<\/script>\n<!-- \/ Yoast SEO plugin. -->","yoast_head_json":{"title":"I nostri corsi di tedesco a Vienna - Studiare il tedesco\u00a0","description":"I nostri corsi di tedesco a Vienna - Studiare il tedesco: Corsi intesivi, Corsi serali, Lezioni private di tedesco","robots":{"index":"index","follow":"follow","max-snippet":"max-snippet:-1","max-image-preview":"max-image-preview:large","max-video-preview":"max-video-preview:-1"},"canonical":"https:\/\/www.sprachschule-aktiv-wien.at\/it\/corsi-di-tedesco-a-vienna\/","og_locale":"it_IT","og_type":"article","og_title":"I nostri corsi di tedesco a Vienna - Studiare il tedesco\u00a0","og_description":"I nostri corsi di tedesco a Vienna - Studiare il tedesco: Corsi intesivi, Corsi serali, Lezioni private di tedesco","og_url":"https:\/\/www.sprachschule-aktiv-wien.at\/it\/corsi-di-tedesco-a-vienna\/","og_site_name":"Sprachschule Aktiv Wien","article_modified_time":"2021-05-24T20:10:57+00:00","twitter_misc":{"Tempo di lettura stimato":"4 minuti"},"schema":{"@context":"https:\/\/schema.org","@graph":[{"@type":"WebPage","@id":"https:\/\/www.sprachschule-aktiv-wien.at\/it\/corsi-di-tedesco-a-vienna\/","url":"https:\/\/www.sprachschule-aktiv-wien.at\/it\/corsi-di-tedesco-a-vienna\/","name":"I nostri corsi di tedesco a Vienna - Studiare il tedesco\u00a0","isPartOf":{"@id":"https:\/\/www.sprachschule-aktiv-wien.at\/#website"},"datePublished":"2017-07-29T06:05:02+00:00","dateModified":"2021-05-24T20:10:57+00:00","description":"I nostri corsi di tedesco a Vienna - Studiare il tedesco: Corsi intesivi, Corsi serali, Lezioni private di tedesco","breadcrumb":{"@id":"https:\/\/www.sprachschule-aktiv-wien.at\/it\/corsi-di-tedesco-a-vienna\/#breadcrumb"},"inLanguage":"it-IT","potentialAction":[{"@type":"ReadAction","target":["https:\/\/www.sprachschule-aktiv-wien.at\/it\/corsi-di-tedesco-a-vienna\/"]}]},{"@type":"BreadcrumbList","@id":"https:\/\/www.sprachschule-aktiv-wien.at\/it\/corsi-di-tedesco-a-vienna\/#breadcrumb","itemListElement":[{"@type":"ListItem","position":1,"name":"Home","item":"https:\/\/www.sprachschule-aktiv-wien.at\/it\/"},{"@type":"ListItem","position":2,"name":"I nostri corsi di tedesco a Vienna &#8211; dal livello A1 al C2 &#8211; Scuola di lingua per corsi di tedesco"}]},{"@type":"WebSite","@id":"https:\/\/www.sprachschule-aktiv-wien.at\/#website","url":"https:\/\/www.sprachschule-aktiv-wien.at\/","name":"Sprachschule Aktiv Wien","description":"","potentialAction":[{"@type":"SearchAction","target":{"@type":"EntryPoint","urlTemplate":"https:\/\/www.sprachschule-aktiv-wien.at\/?s={search_term_string}"},"query-input":{"@type":"PropertyValueSpecification","valueRequired":true,"valueName":"search_term_string"}}],"inLanguage":"it-IT"}]}},"_links":{"self":[{"href":"https:\/\/www.sprachschule-aktiv-wien.at\/it\/wp-json\/wp\/v2\/pages\/3225","targetHints":{"allow":["GET"]}}],"collection":[{"href":"https:\/\/www.sprachschule-aktiv-wien.at\/it\/wp-json\/wp\/v2\/pages"}],"about":[{"href":"https:\/\/www.sprachschule-aktiv-wien.at\/it\/wp-json\/wp\/v2\/types\/page"}],"author":[{"embeddable":true,"href":"https:\/\/www.sprachschule-aktiv-wien.at\/it\/wp-json\/wp\/v2\/users\/7"}],"replies":[{"embeddable":true,"href":"https:\/\/www.sprachschule-aktiv-wien.at\/it\/wp-json\/wp\/v2\/comments?post=3225"}],"version-history":[{"count":16,"href":"https:\/\/www.sprachschule-aktiv-wien.at\/it\/wp-json\/wp\/v2\/pages\/3225\/revisions"}],"predecessor-version":[{"id":36217,"href":"https:\/\/www.sprachschule-aktiv-wien.at\/it\/wp-json\/wp\/v2\/pages\/3225\/revisions\/36217"}],"wp:attachment":[{"href":"https:\/\/www.sprachschule-aktiv-wien.at\/it\/wp-json\/wp\/v2\/media?parent=3225"}],"curies":[{"name":"wp","href":"https:\/\/api.w.org\/{rel}","templated":true}]}}