{"id":2645,"date":"2015-02-12T08:43:10","date_gmt":"2015-02-12T08:43:10","guid":{"rendered":"https:\/\/www.sprachschule-aktiv-wien.at\/privatunterricht-wien-sprachlehrer-fur-einzelunterricht-sprachschule-aktiv-wien\/"},"modified":"2021-09-06T19:42:07","modified_gmt":"2021-09-06T19:42:07","slug":"corsi-di-tedesco-a-vienna-2","status":"publish","type":"page","link":"https:\/\/www.sprachschule-aktiv-wien.at\/it\/","title":{"rendered":"Corsi di tedesco e lingue straniere a Vienna &#8211; Sprachschule Aktiv"},"content":{"rendered":"<p>[vc_row full_width=&#8221;stretch_row_content_no_spaces&#8221;][vc_column][vc_single_image image=&#8221;28264&#8243; img_size=&#8221;full&#8221;][\/vc_column][\/vc_row][vc_row css=&#8221;.vc_custom_1534938653027{margin-top: 15px !important;padding-bottom: 15px !important;}&#8221;][vc_column][vc_column_text]<\/p>\n<h1>Sprachschule Aktiv Wien &#8211; Imparare il tedesco e le lingue straniere &#8211; Corsi di lingua<\/h1>\n<p>Alla nostra scuola di lingue a Vienna puoi imparare il tedesco e anche altre lingue straniere. I nostri corsi di lingue straniere sono convenienti e possono essere seguiti mediante un corso intensivo, serale oppure lezioni private. Imparare le lingue non solo arricchisce la conoscenza di una persona, ma \u00e8 anche molto divertente. Se le lezioni sono impartite da insegnanti qualificati che hanno gi\u00e0 acquisito una fondata esperienza, il successo nell&#8217;apprendimento \u00e8 assicurato. Per questo motivo, alla Sprachschule Aktiv di Vienna prestiamo particolare attenzione alla selezione del personale.<\/p>\n<p>Tra i corridoi della scuola \u00e8 possibile incontrare insegnanti madrelingua provenienti da molti paesi diversi, che forniscono una vasta scelta di lingue a tua disposizione. Ad esempio, puoi imparare <a href=\"https:\/\/www.sprachschule-aktiv-wien.at\/deutsch-lernen\/\">tedesco<\/a>, <a href=\"https:\/\/www.sprachschule-aktiv-wien.at\/sprachkurse\/englisch-lernen\/\">inglese<\/a>, <a href=\"https:\/\/www.sprachschule-aktiv-wien.at\/sprachkurse\/russisch-lernen-wien\/\">russo,<\/a> <a href=\"https:\/\/www.sprachschule-aktiv-wien.at\/sprachkurse\/italienisch-lernen\/\">italiano<\/a>, <a href=\"https:\/\/www.sprachschule-aktiv-wien.at\/sprachkurse\/spanisch-lernen\/\">spagnolo<\/a> o <a href=\"https:\/\/www.sprachschule-aktiv-wien.at\/sprachkurse\/franzoesisch-lernen\/\">francese<\/a>. Oppure, stai programmando un viaggio di lavoro a lungo termine in Cina, e hai bisogno di familiarizzare con la cultura e lingua <a href=\"https:\/\/www.sprachschule-aktiv-wien.at\/sprachkurse\/chinesisch-lernen\/\">cinese?<\/a>\u00a0Nella nostra scuola di lingue a Vienna puoi imparare sia le lingue pi\u00f9 comuni in Europa, ma anche quelle che non vengono studiate molto spesso nelle scuole. Che ne dici di <a href=\"https:\/\/www.sprachschule-aktiv-wien.at\/sprachkurse\/japanisch-lernen\/\">giapponese<\/a>, <a href=\"https:\/\/www.sprachschule-aktiv-wien.at\/sprachkurse\/polnisch-lernen\/\">polacco<\/a>, <a href=\"https:\/\/www.sprachschule-aktiv-wien.at\/sprachkurse\/ungarisch-lernen\/\">ungherese<\/a>, <a href=\"https:\/\/www.sprachschule-aktiv-wien.at\/sprachkurse\/tschechisch-lernen\/\">ceco<\/a>, <a href=\"https:\/\/www.sprachschule-aktiv-wien.at\/sprachkurse\/arabisch-lernen\/\">arabo<\/a> o <a href=\"https:\/\/www.sprachschule-aktiv-wien.at\/sprachkurse\/hindi-lernen\/\">hindi<\/a>? Basta contattarci. Con noi impari la lingua, ma vieni anche a contatto con la cultura di altri popoli e altri luoghi.[\/vc_column_text][vc_column_text][\/vc_column_text][vc_row_inner][vc_column_inner width=&#8221;1\/2&#8243;][vc_column_text]<div class=\"BorlabsCookie _brlbs-cb-youtube\"><div class=\"_brlbs-content-blocker\"> <div class=\"_brlbs-embed _brlbs-video-youtube\"> <img class=\"_brlbs-thumbnail\" src=\"https:\/\/www.sprachschule-aktiv-wien.at\/wp-content\/plugins\/borlabs-cookie\/assets\/images\/cb-no-thumbnail.png\" alt=\"YouTube\"> <div class=\"_brlbs-caption\"> <p>Mit dem Laden des Videos akzeptieren Sie die Datenschutzerkl\u00e4rung von YouTube.<br><a href=\"https:\/\/policies.google.com\/privacy\" target=\"_blank\" rel=\"nofollow noopener noreferrer\">Mehr erfahren<\/a><\/p> <p><a class=\"_brlbs-btn _brlbs-icon-play-white\" href=\"#\" data-borlabs-cookie-unblock role=\"button\">Video laden<\/a><\/p> <p><label><input type=\"checkbox\" name=\"unblockAll\" value=\"1\" checked> <small>YouTube immer entsperren<\/small><\/label><\/p> <\/div> <\/div> <\/div><div class=\"borlabs-hide\" data-borlabs-cookie-type=\"content-blocker\" data-borlabs-cookie-id=\"youtube\"><script type=\"text\/template\">PGlmcmFtZSB0aXRsZT0iWW91VHViZSB2aWRlbyBwbGF5ZXIiIHNyYz0iaHR0cHM6Ly93d3cueW91dHViZS1ub2Nvb2tpZS5jb20vZW1iZWQvRWF4LU5jQVlXUnMiIHdpZHRoPSIxMDAlIiBoZWlnaHQ9IjMxNSIgZnJhbWVib3JkZXI9IjAiIGFsbG93ZnVsbHNjcmVlbj0iYWxsb3dmdWxsc2NyZWVuIj48L2lmcmFtZT4=<\/script><\/div><\/div>[\/vc_column_text][\/vc_column_inner][vc_column_inner width=&#8221;1\/2&#8243;][vc_column_text]<div class=\"BorlabsCookie _brlbs-cb-youtube\"><div class=\"_brlbs-content-blocker\"> <div class=\"_brlbs-embed _brlbs-video-youtube\"> <img class=\"_brlbs-thumbnail\" src=\"https:\/\/www.sprachschule-aktiv-wien.at\/wp-content\/plugins\/borlabs-cookie\/assets\/images\/cb-no-thumbnail.png\" alt=\"YouTube\"> <div class=\"_brlbs-caption\"> <p>Mit dem Laden des Videos akzeptieren Sie die Datenschutzerkl\u00e4rung von YouTube.<br><a href=\"https:\/\/policies.google.com\/privacy\" target=\"_blank\" rel=\"nofollow noopener noreferrer\">Mehr erfahren<\/a><\/p> <p><a class=\"_brlbs-btn _brlbs-icon-play-white\" href=\"#\" data-borlabs-cookie-unblock role=\"button\">Video laden<\/a><\/p> <p><label><input type=\"checkbox\" name=\"unblockAll\" value=\"1\" checked> <small>YouTube immer entsperren<\/small><\/label><\/p> <\/div> <\/div> <\/div><div class=\"borlabs-hide\" data-borlabs-cookie-type=\"content-blocker\" data-borlabs-cookie-id=\"youtube\"><script type=\"text\/template\">PGlmcmFtZSBzcmM9Imh0dHBzOi8vd3d3LnlvdXR1YmUtbm9jb29raWUuY29tL2VtYmVkL09tbERYMXJETC13IiB3aWR0aD0iMTAwJSIgaGVpZ2h0PSIzMTUiIGZyYW1lYm9yZGVyPSIwIiBhbGxvd2Z1bGxzY3JlZW49ImFsbG93ZnVsbHNjcmVlbiI+PC9pZnJhbWU+<\/script><\/div><\/div>[\/vc_column_text][\/vc_column_inner][\/vc_row_inner][\/vc_column][\/vc_row][vc_row full_width=&#8221;stretch_row&#8221; css=&#8221;.vc_custom_1534938914094{padding-top: 15px !important;padding-bottom: 15px !important;background-color: #f9f9f9 !important;}&#8221;][vc_column][\/vc_column][vc_column][vc_column_text]<\/p>\n<h2>Lezioni di tedesco per principianti ed esperti<\/h2>\n<p>[\/vc_column_text][vc_row_inner][vc_column_inner][vc_column_text]Se non hai nessun tipo di esperienza nella lingua desiderata, segui il corso serale per principianti o il corso intensivo di <a href=\"https:\/\/www.sprachschule-aktiv-wien.at\/sprachkurse\/englisch-lernen\/intensivkurse\/\">inglese<\/a>, <a href=\"https:\/\/www.sprachschule-aktiv-wien.at\/sprachkurse\/spanisch-lernen\/intensivkurse\/\">spagnolo<\/a> o <a href=\"https:\/\/www.sprachschule-aktiv-wien.at\/deutsch-lernen\/\">tedesco<\/a>. Vedrai quanto velocemente puoi progredire! Presto sarai in grado di pronunciare le prime frasi nella nuova lingua. Se invece hai gi\u00e0 frequentato un corso di lingua, iscriviti a uno dei corsi avanzati.<\/p>\n<p>A volte \u00e8 difficile per gli studenti valutare correttamente le proprie abilit\u00e0 linguistiche e pu\u00f2 succedere di perdere del tempo prezioso andando a lezione e ripetendo lezioni gi\u00e0 frequentate. Da noi non funziona cos\u00ec: ti proponiamo un <a href=\"https:\/\/www.sprachschule-aktiv-wien.at\/einstufungstest\/\"><strong>test di valutazione gratuito<\/strong><\/a>, che puoi sostenere a casa davanti al tuo computer, oppure in una delle nostre aule. In base al risultato, ti forniremo il percorso corretto per il tuo livello.[\/vc_column_text][\/vc_column_inner][\/vc_row_inner][vc_row_inner][vc_column_inner][vc_column_text]<\/p>\n<h2>Corso intensivo, lezioni di gruppo o lezioni private?<\/h2>\n<p>La classica forma di apprendimento della lingua \u00e8 la lezione di gruppo e come noi sappiamo bene \u00e8 importante che le classi non siano troppo affollate. Facciamo in modo che i gruppi non contengano pi\u00f9 di dieci partecipanti. Vuoi allenare la lingua e migliorare la tua pronuncia? Con noi puoi imparare in un&#8217;atmosfera rilassata e trovare nuove amicizie, che spesso rimangono anche una volta terminato il corso. A volte per\u00f2, hai bisogno di acquisire una lingua in modo pi\u00f9 veloce, in questo caso, il nostro corso intensivo \u00e8 la scelta giusta. Puoi avere tre ore di lezione ogni giorno, oppure, se \u00e8 troppo per i tuoi impegni, il corso semi-intensivo \u00e8 un ottima alternativa. Naturalmente, puoi ricevere maggiore attenzione sui tuoi desideri con delle lezioni individuali. Prenota adesso uno dei nostri corsi! <a href=\"https:\/\/www.sprachschule-aktiv-wien.at\/sprachkurse\/\">Puoi trovare qui tutti i corsi di lingua che abbiamo a disposizione<\/a>.[\/vc_column_text][\/vc_column_inner][\/vc_row_inner][\/vc_column][\/vc_row][vc_row][vc_column][vc_column_text]<\/p>\n<h2>I nostri insegnanti di lingue a Vienna sono qualificati e motivati<\/h2>\n<p>I nostri insegnanti qualificati insegnano secondo metodi didattici comprovati ed efficaci, ma tutto ci\u00f2 non \u00e8 abbastanza per garantire l\u00b4apprendimento. I nostri insegnanti infatti, offrono non solo la loro preparazione professionale ma sono anche persone molto simpatiche con le quali l&#8217;apprendimento \u00e8 divertente e stimolante. Ovviamente, sono tutti madrelingua.<\/p>\n<h2>La nostra scuola di lingue a Vienna<\/h2>\n<p>La nostra scuola di lingue si trova nel centro di Vienna ed \u00e8 facilmente raggiungibile anche con i mezzi pubblici.<\/p>\n<p><strong>Il nostro indirizzo<\/strong>: Faulmanngasse 4, 1040 Vienna, nel settimo distretto[\/vc_column_text][vc_column_text][\/vc_column_text][vc_row_inner][vc_column_inner width=&#8221;1\/2&#8243;][vc_column_text]<img decoding=\"async\" class=\"alignnone wp-image-9209\" src=\"https:\/\/www.sprachschule-aktiv-wien.at\/wp-content\/uploads\/2018\/09\/Sprachschule-Aktiv-Wien-i-nostri-corsi-di-gruppo.jpg\" alt=\"Corsi di tedesco e lingue straniere a Vienna\" width=\"910\" height=\"682\" \/>[\/vc_column_text][\/vc_column_inner][vc_column_inner width=&#8221;1\/2&#8243;][vc_column_text][\/vc_column_text][\/vc_column_inner][\/vc_row_inner][\/vc_column][\/vc_row][vc_column][\/vc_column]<\/p>\n","protected":false},"excerpt":{"rendered":"<p>[vc_row full_width=&#8221;stretch_row_content_no_spaces&#8221;][vc_column][vc_single_image image=&#8221;28264&#8243; img_size=&#8221;full&#8221;][\/vc_column][\/vc_row][vc_row css=&#8221;.vc_custom_1534938653027{margin-top: 15px !important;padding-bottom: 15px !important;}&#8221;][vc_column][vc_column_text] Sprachschule Aktiv Wien &#8211; Imparare il tedesco e le lingue straniere &#8211; Corsi di lingua Alla nostra scuola di lingue a Vienna puoi imparare il tedesco e anche altre lingue straniere. I nostri corsi di lingue straniere sono convenienti e possono essere seguiti mediante un corso&hellip; <a class=\"read-more\" href=\"https:\/\/www.sprachschule-aktiv-wien.at\/it\/\" title=\"Read Corsi di tedesco e lingue straniere a Vienna &#8211; Sprachschule Aktiv\">Read more &raquo;<\/a><\/p>\n","protected":false},"author":7,"featured_media":0,"parent":0,"menu_order":0,"comment_status":"closed","ping_status":"closed","template":"","meta":{"footnotes":""},"class_list":["post-2645","page","type-page","status-publish","hentry"],"yoast_head":"<!-- This site is optimized with the Yoast SEO plugin v27.1.1 - https:\/\/yoast.com\/product\/yoast-seo-wordpress\/ -->\n<title>Corsi di tedesco a Vienna - Imparare il tedesco in Austria<\/title>\n<meta name=\"description\" content=\"Imparare il tedesco a Vienna. Nella nostra scuola di lingua tedesca a Vienna, offriamo corsi di tedesco per principianti e avanzati\" \/>\n<meta name=\"robots\" content=\"index, follow, max-snippet:-1, max-image-preview:large, max-video-preview:-1\" \/>\n<link rel=\"canonical\" href=\"https:\/\/www.sprachschule-aktiv-wien.at\/it\/\" \/>\n<meta property=\"og:locale\" content=\"it_IT\" \/>\n<meta property=\"og:type\" content=\"article\" \/>\n<meta property=\"og:title\" content=\"Corsi di tedesco a Vienna - Imparare il tedesco in Austria\" \/>\n<meta property=\"og:description\" content=\"Imparare il tedesco a Vienna. Nella nostra scuola di lingua tedesca a Vienna, offriamo corsi di tedesco per principianti e avanzati\" \/>\n<meta property=\"og:url\" content=\"https:\/\/www.sprachschule-aktiv-wien.at\/it\/\" \/>\n<meta property=\"og:site_name\" content=\"Sprachschule Aktiv Wien\" \/>\n<meta property=\"article:modified_time\" content=\"2021-09-06T19:42:07+00:00\" \/>\n<meta property=\"og:image\" content=\"https:\/\/www.sprachschule-aktiv-wien.at\/wp-content\/uploads\/2018\/09\/Sprachschule-Aktiv-Wien-i-nostri-corsi-di-gruppo.jpg\" \/>\n<meta name=\"twitter:label1\" content=\"Tempo di lettura stimato\" \/>\n\t<meta name=\"twitter:data1\" content=\"3 minuti\" \/>\n<script type=\"application\/ld+json\" class=\"yoast-schema-graph\">{\"@context\":\"https:\/\/schema.org\",\"@graph\":[{\"@type\":\"WebPage\",\"@id\":\"https:\/\/www.sprachschule-aktiv-wien.at\/it\/\",\"url\":\"https:\/\/www.sprachschule-aktiv-wien.at\/it\/\",\"name\":\"Corsi di tedesco a Vienna - Imparare il tedesco in Austria\",\"isPartOf\":{\"@id\":\"https:\/\/www.sprachschule-aktiv-wien.at\/#website\"},\"primaryImageOfPage\":{\"@id\":\"https:\/\/www.sprachschule-aktiv-wien.at\/it\/#primaryimage\"},\"image\":{\"@id\":\"https:\/\/www.sprachschule-aktiv-wien.at\/it\/#primaryimage\"},\"thumbnailUrl\":\"https:\/\/www.sprachschule-aktiv-wien.at\/wp-content\/uploads\/2018\/09\/Sprachschule-Aktiv-Wien-i-nostri-corsi-di-gruppo.jpg\",\"datePublished\":\"2015-02-12T08:43:10+00:00\",\"dateModified\":\"2021-09-06T19:42:07+00:00\",\"description\":\"Imparare il tedesco a Vienna. Nella nostra scuola di lingua tedesca a Vienna, offriamo corsi di tedesco per principianti e avanzati\",\"breadcrumb\":{\"@id\":\"https:\/\/www.sprachschule-aktiv-wien.at\/it\/#breadcrumb\"},\"inLanguage\":\"it-IT\",\"potentialAction\":[{\"@type\":\"ReadAction\",\"target\":[\"https:\/\/www.sprachschule-aktiv-wien.at\/it\/\"]}]},{\"@type\":\"ImageObject\",\"inLanguage\":\"it-IT\",\"@id\":\"https:\/\/www.sprachschule-aktiv-wien.at\/it\/#primaryimage\",\"url\":\"https:\/\/www.sprachschule-aktiv-wien.at\/wp-content\/uploads\/2018\/09\/Sprachschule-Aktiv-Wien-i-nostri-corsi-di-gruppo.jpg\",\"contentUrl\":\"https:\/\/www.sprachschule-aktiv-wien.at\/wp-content\/uploads\/2018\/09\/Sprachschule-Aktiv-Wien-i-nostri-corsi-di-gruppo.jpg\"},{\"@type\":\"BreadcrumbList\",\"@id\":\"https:\/\/www.sprachschule-aktiv-wien.at\/it\/#breadcrumb\",\"itemListElement\":[{\"@type\":\"ListItem\",\"position\":1,\"name\":\"Home\",\"item\":\"https:\/\/www.sprachschule-aktiv-wien.at\/it\/\"},{\"@type\":\"ListItem\",\"position\":2,\"name\":\"Corsi di tedesco e lingue straniere a Vienna &#8211; Sprachschule Aktiv\"}]},{\"@type\":\"WebSite\",\"@id\":\"https:\/\/www.sprachschule-aktiv-wien.at\/#website\",\"url\":\"https:\/\/www.sprachschule-aktiv-wien.at\/\",\"name\":\"Sprachschule Aktiv Wien\",\"description\":\"\",\"potentialAction\":[{\"@type\":\"SearchAction\",\"target\":{\"@type\":\"EntryPoint\",\"urlTemplate\":\"https:\/\/www.sprachschule-aktiv-wien.at\/?s={search_term_string}\"},\"query-input\":{\"@type\":\"PropertyValueSpecification\",\"valueRequired\":true,\"valueName\":\"search_term_string\"}}],\"inLanguage\":\"it-IT\"}]}<\/script>\n<!-- \/ Yoast SEO plugin. -->","yoast_head_json":{"title":"Corsi di tedesco a Vienna - Imparare il tedesco in Austria","description":"Imparare il tedesco a Vienna. Nella nostra scuola di lingua tedesca a Vienna, offriamo corsi di tedesco per principianti e avanzati","robots":{"index":"index","follow":"follow","max-snippet":"max-snippet:-1","max-image-preview":"max-image-preview:large","max-video-preview":"max-video-preview:-1"},"canonical":"https:\/\/www.sprachschule-aktiv-wien.at\/it\/","og_locale":"it_IT","og_type":"article","og_title":"Corsi di tedesco a Vienna - Imparare il tedesco in Austria","og_description":"Imparare il tedesco a Vienna. Nella nostra scuola di lingua tedesca a Vienna, offriamo corsi di tedesco per principianti e avanzati","og_url":"https:\/\/www.sprachschule-aktiv-wien.at\/it\/","og_site_name":"Sprachschule Aktiv Wien","article_modified_time":"2021-09-06T19:42:07+00:00","og_image":[{"url":"https:\/\/www.sprachschule-aktiv-wien.at\/wp-content\/uploads\/2018\/09\/Sprachschule-Aktiv-Wien-i-nostri-corsi-di-gruppo.jpg","type":"","width":"","height":""}],"twitter_misc":{"Tempo di lettura stimato":"3 minuti"},"schema":{"@context":"https:\/\/schema.org","@graph":[{"@type":"WebPage","@id":"https:\/\/www.sprachschule-aktiv-wien.at\/it\/","url":"https:\/\/www.sprachschule-aktiv-wien.at\/it\/","name":"Corsi di tedesco a Vienna - Imparare il tedesco in Austria","isPartOf":{"@id":"https:\/\/www.sprachschule-aktiv-wien.at\/#website"},"primaryImageOfPage":{"@id":"https:\/\/www.sprachschule-aktiv-wien.at\/it\/#primaryimage"},"image":{"@id":"https:\/\/www.sprachschule-aktiv-wien.at\/it\/#primaryimage"},"thumbnailUrl":"https:\/\/www.sprachschule-aktiv-wien.at\/wp-content\/uploads\/2018\/09\/Sprachschule-Aktiv-Wien-i-nostri-corsi-di-gruppo.jpg","datePublished":"2015-02-12T08:43:10+00:00","dateModified":"2021-09-06T19:42:07+00:00","description":"Imparare il tedesco a Vienna. Nella nostra scuola di lingua tedesca a Vienna, offriamo corsi di tedesco per principianti e avanzati","breadcrumb":{"@id":"https:\/\/www.sprachschule-aktiv-wien.at\/it\/#breadcrumb"},"inLanguage":"it-IT","potentialAction":[{"@type":"ReadAction","target":["https:\/\/www.sprachschule-aktiv-wien.at\/it\/"]}]},{"@type":"ImageObject","inLanguage":"it-IT","@id":"https:\/\/www.sprachschule-aktiv-wien.at\/it\/#primaryimage","url":"https:\/\/www.sprachschule-aktiv-wien.at\/wp-content\/uploads\/2018\/09\/Sprachschule-Aktiv-Wien-i-nostri-corsi-di-gruppo.jpg","contentUrl":"https:\/\/www.sprachschule-aktiv-wien.at\/wp-content\/uploads\/2018\/09\/Sprachschule-Aktiv-Wien-i-nostri-corsi-di-gruppo.jpg"},{"@type":"BreadcrumbList","@id":"https:\/\/www.sprachschule-aktiv-wien.at\/it\/#breadcrumb","itemListElement":[{"@type":"ListItem","position":1,"name":"Home","item":"https:\/\/www.sprachschule-aktiv-wien.at\/it\/"},{"@type":"ListItem","position":2,"name":"Corsi di tedesco e lingue straniere a Vienna &#8211; Sprachschule Aktiv"}]},{"@type":"WebSite","@id":"https:\/\/www.sprachschule-aktiv-wien.at\/#website","url":"https:\/\/www.sprachschule-aktiv-wien.at\/","name":"Sprachschule Aktiv Wien","description":"","potentialAction":[{"@type":"SearchAction","target":{"@type":"EntryPoint","urlTemplate":"https:\/\/www.sprachschule-aktiv-wien.at\/?s={search_term_string}"},"query-input":{"@type":"PropertyValueSpecification","valueRequired":true,"valueName":"search_term_string"}}],"inLanguage":"it-IT"}]}},"_links":{"self":[{"href":"https:\/\/www.sprachschule-aktiv-wien.at\/it\/wp-json\/wp\/v2\/pages\/2645","targetHints":{"allow":["GET"]}}],"collection":[{"href":"https:\/\/www.sprachschule-aktiv-wien.at\/it\/wp-json\/wp\/v2\/pages"}],"about":[{"href":"https:\/\/www.sprachschule-aktiv-wien.at\/it\/wp-json\/wp\/v2\/types\/page"}],"author":[{"embeddable":true,"href":"https:\/\/www.sprachschule-aktiv-wien.at\/it\/wp-json\/wp\/v2\/users\/7"}],"replies":[{"embeddable":true,"href":"https:\/\/www.sprachschule-aktiv-wien.at\/it\/wp-json\/wp\/v2\/comments?post=2645"}],"version-history":[{"count":60,"href":"https:\/\/www.sprachschule-aktiv-wien.at\/it\/wp-json\/wp\/v2\/pages\/2645\/revisions"}],"predecessor-version":[{"id":3470,"href":"https:\/\/www.sprachschule-aktiv-wien.at\/it\/wp-json\/wp\/v2\/pages\/2645\/revisions\/3470"}],"wp:attachment":[{"href":"https:\/\/www.sprachschule-aktiv-wien.at\/it\/wp-json\/wp\/v2\/media?parent=2645"}],"curies":[{"name":"wp","href":"https:\/\/api.w.org\/{rel}","templated":true}]}}