{"id":7325,"date":"2018-08-02T04:55:24","date_gmt":"2018-08-02T04:55:24","guid":{"rendered":"https:\/\/www.sprachschule-aktiv-wien.at\/?page_id=7325"},"modified":"2023-05-11T13:37:57","modified_gmt":"2023-05-11T13:37:57","slug":"priprema-tecajeva-za-oeif-oesd-ispite-u-becu","status":"publish","type":"page","link":"https:\/\/www.sprachschule-aktiv-wien.at\/hr\/priprema-tecajeva-za-oeif-oesd-ispite-u-becu\/","title":{"rendered":"Priprema te\u010dajeva za \u00d6IF \/ \u00d6SD ispite u Be\u010du"},"content":{"rendered":"<p>[vc_row css=&#8221;.vc_custom_1535019126185{margin-top: 15px !important;padding-bottom: 15px !important;}&#8221;][vc_column][vc_column_text]<\/p>\n<h1>Priprema te\u010dajeva za \u00d6IF \/ \u00d6SD ispite u Be\u010du<\/h1>\n<p>Kako bismo se pripremili za \u00d6IF ili \u00d6SD ispite, na\u0161i te\u010dajevi za pripremu ispita su dostupni. Na temelju prakti\u010dnih modela ispitivanja obja\u0161njavaju se i prakticiraju ispiti A1 do C1. \u00d6IF Pripremni te\u010dajevi slijede te\u010dajeve jezika i vrijednosti i omogu\u0107uju vam da se pripremite za integracijske ispite, ne samo u smislu sadr\u017eaja ve\u0107 i formalno.[\/vc_column_text][vc_row_inner][vc_column_inner width=&#8221;1\/2&#8243;][vc_column_text]<div class=\"BorlabsCookie _brlbs-cb-youtube\"><div class=\"_brlbs-content-blocker\"> <div class=\"_brlbs-embed _brlbs-video-youtube\"> <img class=\"_brlbs-thumbnail\" src=\"https:\/\/www.sprachschule-aktiv-wien.at\/wp-content\/plugins\/borlabs-cookie\/assets\/images\/cb-no-thumbnail.png\" alt=\"YouTube\"> <div class=\"_brlbs-caption\"> <p>Mit dem Laden des Videos akzeptieren Sie die Datenschutzerkl\u00e4rung von YouTube.<br><a href=\"https:\/\/policies.google.com\/privacy\" target=\"_blank\" rel=\"nofollow noopener noreferrer\">Mehr erfahren<\/a><\/p> <p><a class=\"_brlbs-btn _brlbs-icon-play-white\" href=\"#\" data-borlabs-cookie-unblock role=\"button\">Video laden<\/a><\/p> <p><label><input type=\"checkbox\" name=\"unblockAll\" value=\"1\" checked> <small>YouTube immer entsperren<\/small><\/label><\/p> <\/div> <\/div> <\/div><div class=\"borlabs-hide\" data-borlabs-cookie-type=\"content-blocker\" data-borlabs-cookie-id=\"youtube\"><script type=\"text\/template\">PGlmcmFtZSBzcmM9Imh0dHBzOi8vd3d3LnlvdXR1YmUtbm9jb29raWUuY29tL2VtYmVkL09tbERYMXJETC13IiB3aWR0aD0iNTYwIiBoZWlnaHQ9IjMxNSIgZnJhbWVib3JkZXI9IjAiIGFsbG93ZnVsbHNjcmVlbj0iYWxsb3dmdWxsc2NyZWVuIj48L2lmcmFtZT4=<\/script><\/div><\/div>[\/vc_column_text][\/vc_column_inner][vc_column_inner width=&#8221;1\/2&#8243;][vc_single_image image=&#8221;36493&#8243; img_size=&#8221;full&#8221;][\/vc_column_inner][\/vc_row_inner][\/vc_column][\/vc_row][vc_row full_width=&#8221;stretch_row&#8221; css=&#8221;.vc_custom_1535019222681{padding-top: 15px !important;padding-bottom: 15px !important;background-color: #f9f9f9 !important;}&#8221;][vc_column][vc_column_text]<\/p>\n<h2>Priprema te\u010dajeva za \u00d6IF ispite u Be\u010du<\/h2>\n<p>Te\u010dajevi pripreme ispita odvijaju se subotom nakon zavr\u0161etka te\u010daja ili prije datuma ispita \u00d6IF. Oni \u010dine prakti\u010dni test model za postizanje razine cijena A1, A2 ili B1 u realnom vremenu uvjetima, kao \u0161to morate biti \u010dine ga na testiranje integracije u OIF.<\/p>\n<p>Mi \u0107emo objasniti unaprijed kako svaki test se izvoditi to\u010dno vam pokazati kako je izgra\u0111ena i \u0161to tra\u017eiti, i razgovarati za probni rad zaklju\u010duje se u preglednim grupa standardnih rje\u0161enja.<\/p>\n<p>Ako \u017eelite individualni trening za ispite, na raspolaganju su i privatni te\u010dajevi.<\/p>\n<p>Razina: A1, A2, B1<br \/>\nCilj kolegija: Postizanje njema\u010dke razine integracije A1, A2 ili B1<br \/>\nCiljana skupina: Svatko tko \u017eeli polagati \u00d6IF ispit ili \u017eeli posti\u0107i njema\u010dku razinu A1 \/ A2 \/ B1, uklju\u010duju\u0107i orijentacijsko znanje Austrije<br \/>\nPreduvjeti: Ve\u0107 zavr\u0161eni te\u010daj njema\u010dkog jezika na prethodnoj razini<\/p>\n\t<div class=\"vc_btn3-container vc_btn3-inline\">\n\t\t<a href=\"\/hr\/kontakt\/\" class=\"pgs_btn pgs_btn_style_1 pgs_btn_xl\">\n\t\t\t<span>\n\t\t\t\tBrzi upit\t\t\t<\/span>\n\t\t\t\t\t\t<i class=\"fa fa-external-link\"><\/i>\n\t\t\t\t\t<\/a>\n\t<\/div>\n\t\n<h2>Priprema te\u010dajeva za \u00d6SD ispite u Be\u010du<\/h2>\n<p>Razina: A1, A2, B1, B2, C1, C2<br \/>\nCilj kolegija: Priprema za ispit za \u00d6SD certifikate<br \/>\nCiljana skupina: Svatko tko \u017eeli polo\u017eiti \u00d6SD ispit<br \/>\nPreduvjeti: Ve\u0107 zavr\u0161eni te\u010daj njema\u010dkog jezika na prethodnoj razini<\/p>\n\t<div class=\"vc_btn3-container vc_btn3-inline\">\n\t\t<a href=\"\/hr\/kontakt\/\" class=\"pgs_btn pgs_btn_style_1 pgs_btn_xl\">\n\t\t\t<span>\n\t\t\t\tBrzi upit\t\t\t<\/span>\n\t\t\t\t\t\t<i class=\"fa fa-external-link\"><\/i>\n\t\t\t\t\t<\/a>\n\t<\/div>\n\t\n<h2>Cijene i datumi na\u0161ih \u00d6IF i \u00d6SD pripremnih te\u010dajeva u Be\u010du<\/h2>\n<p>Imenovanje i cijene: <a href=\"https:\/\/www.sprachschule-aktiv-wien.at\/vorbereitungskurse-oeif-oesd-pruefungen\/\">Link<\/a><\/p>\n\t<div class=\"vc_btn3-container vc_btn3-inline\">\n\t\t<a href=\"\/hr\/registracija\/\" class=\"pgs_btn pgs_btn_style_1 pgs_btn_xl\">\n\t\t\t<span>\n\t\t\t\tPrijavite se sada\t\t\t<\/span>\n\t\t\t\t\t\t<i class=\"fa fa-external-link\"><\/i>\n\t\t\t\t\t<\/a>\n\t<\/div>\n\t\n<h2>Cijene i datumi \u00d6IF i \u00d6SD ispite u Be\u010du<\/h2>\n<p>Ovdje \u0107ete na\u0107i aktualne datume i cijene za \u00d6SD i \u00d6IF ispite: <a href=\"https:\/\/www.sprachschule-aktiv-wien.at\/oeif-pruefungen\/\">Link<\/a><\/p>\n<p>[\/vc_column_text][\/vc_column][\/vc_row][vc_row css=&#8221;.vc_custom_1535019261406{padding-top: 15px !important;padding-bottom: 15px !important;}&#8221;][vc_column][vc_column_text]<\/p>\n<h2>Priprema za \u00d6IF A1 ispit<\/h2>\n<p>Test \u00d6IF A1 mora biti donesen kako bi se podnijela zahtjev za odobrenje boravka u Austriji.<\/p>\n<p><b>Trajanje te\u010daja:<\/b> 180 minuta<br \/>\n<b>Trajanje ispita:<\/b> 125 minuta<br \/>\n<b>Sadr\u017eaj ispita:<br \/>\n<\/b><b>Jezi\u010dni moduli:<\/b> vokabular i gramatika &#8211; 10 min.<br \/>\n\u010citanje: 30 min.<br \/>\nSlu\u0161aj: 15 min.<br \/>\nNapi\u0161ite: 15 min.<br \/>\nGovorenje: 15 min.<br \/>\n<b>Vrijednosti i orijentacijska znanja:<\/b> 40 min.<\/p>\n<h2>Pripremne te\u010dajeve za \u00d6IF ispit A2<\/h2>\n<p>Standardizirani test \u00d6IF A2 smatra se jezi\u010dnim certifikatom za produ\u017eenje dozvole boravka.<\/p>\n<p><strong>Trajanje te\u010daja:<\/strong> 200 minuta<br \/>\n<strong>Trajanje ispita:<\/strong> 140 minuta<br \/>\n<strong>Sadr\u017eaj ispita:<br \/>\n<\/strong>\u010citanje: 40 min.<br \/>\nSlu\u0161aj: 12 min.<br \/>\nNapi\u0161ite: 25 min.<br \/>\nGovori: 10 min.<br \/>\n<strong>Vrijednosti i orijentacijska znanja:<\/strong> 40 min.<\/p>\n<h2>Priprema za \u00d6IF ispit B1<\/h2>\n<p>Za ispitivanje stalnog boravka u Austriji ili austrijskom dr\u017eavljanstvu ili Daueraufenhaltstitelu potrebna je \u00d6IF B1 test.<\/p>\n<p><strong>Trajanje te\u010daja:<\/strong> 220 minuta<br \/>\n<strong>Trajanje ispita:<\/strong> 170 minuta<br \/>\n<strong>Sadr\u017eaj ispita:<br \/>\n<\/strong><strong>\u010citanje:<\/strong> 45 min.<br \/>\n<strong>Slu\u0161aj:<\/strong> 25 min.<br \/>\n<strong>Napi\u0161ite:<\/strong> 30 min.<br \/>\n<strong>Govori:<\/strong> 16 min.<br \/>\n<strong>Vrijednosti i orijentacijska znanja:<\/strong> 40 min.<\/p>\n<p>Ovi testovi modela omogu\u0107it \u0107e vam da primijenite i pregledate znanja ste\u010dena na te\u010dajevima jezika i vrijednosti u odre\u0111enoj situaciji ispitivanja, a zatim usporedite odgovore s vama. Na\u0161i njema\u010dki nastavnici \u0107e vam rado odgovoriti na sva va\u0161a pitanja i dati vam korisne savjete na putu &#8230;<\/p>\n<h2>Priprema za \u00d6SD ispite<\/h2>\n<p>Na svim razinama A1 do C2 mo\u017eete se pripremiti za \u00d6SD ispite, kako u pogledu sadr\u017eaja tako i formata. U stvarnom vremenu mo\u017eete provesti modelni ispit za \u017eeljenu razinu ispita A1, A2, B1, B2, C1 ili C2, \u0161to \u0107ete morati u\u010diniti u pravi \u00d6SD ispit. Prije svega, objasnit \u0107emo modalitete ispita, a zatim \u0107emo komentirati rezultate u pregledu.<\/p>\n<p>Ako \u017eelite vi\u0161e individualni trening ispit, u kojem smo odgovoriti na ranjivosti i moduli mogu se postupno s vama unaprijed pro\u0107i, mo\u017ee u\u010diniti vi\u0161e vje\u017ebe ili probne staze modela ispitivanja, ako je potrebno, tako\u0111er su na\u0161i privatni te\u010dajevi dostupni.<\/p>\n<p>\u00d6SD certifikat (C1) priznaje se kao dokaz dovoljnog znanja njema\u010dkog jezika i potreban je za upis na Sveu\u010dili\u0161te u Be\u010du.<\/p>\n<h2>Priprema za ispit za \u00d6SD certifikat A1<\/h2>\n<p><strong>Trajanje te\u010daja:<\/strong> 120 minuta<br \/>\n<strong>Preduvjet:<\/strong> postignuta razina A1.2<br \/>\n<strong>Sadr\u017eaj ispita:<br \/>\n<\/strong>Razumijevanje \u010ditanja: 25 min.<br \/>\nRazumijevanje slu\u0161anja: 10 min.<br \/>\nNapi\u0161i: 20 min.<br \/>\nGovori: 10 min.<\/p>\n<p><strong>Ovjerene vje\u0161tine:<\/strong> Jezi\u010dna kompetencija u jednostavnim, rutinskim situacijama svakodnevnog \u017eivota na osnovnoj osnovi s poznatim temama i aktivnostima. Moduli \u010ditaju, slu\u0161aju, pi\u0161u i govore, usredoto\u010duju\u0107i se na \u010ditanje i slu\u0161anje prijemljivih vje\u0161tina.<\/p>\n<h2>Priprema za ispit za \u00d6SD certifikat A2<\/h2>\n<p><strong>Trajanje te\u010daja:<\/strong> 140 minuta<br \/>\n<strong>Preduvjet:<\/strong> postignuta razina A2.2<br \/>\n<strong>Sadr\u017eaj ispita:<br \/>\n<\/strong><strong>Razumijevanje \u010ditanja:<\/strong> 30 min.<br \/>\n<strong>Razumijevanje slu\u0161anja:<\/strong> 15 min.<br \/>\n<strong>Napi\u0161ite:<\/strong> 30 min.<br \/>\n<strong>Govori:<\/strong> 10 min.<\/p>\n<p><strong>Ovjerene vje\u0161tine:<\/strong> Jezi\u010dna kompetencija u jednostavnim, rutinskim situacijama svakodnevnog i profesionalnog \u017eivota na osnovnoj osnovi s poznatim temama i aktivnostima. Moduli \u010ditaju, slu\u0161aju, pi\u0161u i govore, usredoto\u010duju\u0107i se na \u010ditanje i slu\u0161anje prijemljivih vje\u0161tina.<\/p>\n<h2>Priprema za ispit za \u00d6SD certifikat B1<\/h2>\n<p><strong>Trajanje te\u010daja:<\/strong> 240 minuta<br \/>\n<strong>Preduvjet:<\/strong> postignuta razina B1.2<br \/>\n<strong>Sadr\u017eaj ispita:<br \/>\n<\/strong><strong>Razumijevanje \u010ditanja:<\/strong> 65 min.<br \/>\n<strong>Razumijevanje slu\u0161anja:<\/strong> 40 min.<br \/>\n<strong>Napi\u0161i:<\/strong> 60 min.<br \/>\n<strong>Govorenje:<\/strong> 15 min.<br \/>\n<strong>Ovjerene vje\u0161tine:<\/strong> komunikativna kompetencija s formalnom ispravno\u0161\u0107u u samostalnom kori\u0161tenju jezika u svakodnevnim i profesionalnim situacijama. Moduli koji \u010ditaju, slu\u0161aju, pi\u0161u i govore, usredoto\u010duju\u0107i se na stvarnost \u017eivota u Austriji.<\/p>\n<h2>Priprema za ispit za \u00d6SD certifikat B2<\/h2>\n<p><strong>Trajanje te\u010daja:<\/strong> 320 minuta<br \/>\n<strong>Preduvjet:<\/strong> postignuta razina B1.2<br \/>\n<strong>Sadr\u017eaj ispita:<br \/>\n<\/strong><strong>Razumijevanje \u010ditanja:<\/strong> 90 min.<br \/>\n<strong>Razumijevanje slu\u0161anja:<\/strong> 30 min.<br \/>\n<strong>Napi\u0161i:<\/strong> 90 min.<br \/>\n<strong>Govor:<\/strong> individualni ispit 15-20 min, ispita s parom 20-25 min<\/p>\n<p><strong>Ovjerene vje\u0161tine:<\/strong> Lingvisti\u010dka kompetencija u komunikacijskim situacijama koje prelaze privatnu sferu u (polu) javni, kao i djelomi\u010dno strukovno podru\u010dje. Sposobnost da se jasno i detaljno izra\u017eavaju na \u0161irokom rasponu tema i normalno razgovaraju spontano i te\u010dno s izvornim govornicima. Moduli koji \u010ditaju, slu\u0161aju, pi\u0161u i govore.<\/p>\n<h2>Priprema za ispit za \u00d6SD certifikat C1<\/h2>\n<p><strong>Trajanje te\u010daja:<\/strong> 360 minuta<br \/>\n<strong>Preduvjet:<\/strong> postignuta razina C1.2<br \/>\n<strong>Sadr\u017eaj ispita:<br \/>\n<\/strong><strong>Razumijevanje \u010ditanja:<\/strong> 90 min.<br \/>\n<strong>Razumijevanje slu\u0161anja:<\/strong> 40 min.<br \/>\n<strong>Napi\u0161i:<\/strong> 90 min.<br \/>\n<strong>Govorenje:<\/strong> 15-20 min.<\/p>\n<p><strong>Priznavanje:<\/strong> Potrebni dokaz o poznavanju njema\u010dkog jezika na austrijskim sveu\u010dili\u0161tima za prijem na studij. Dokaz o poznavanju njema\u010dkog jezika na sveu\u010dili\u0161tima i sveu\u010dili\u0161tima diljem svijeta.<\/p>\n<p>Ovjerene vje\u0161tine: Jezi\u010dna sposobnost komuniciranja u razli\u010ditim situacijama dru\u0161tvenog i profesionalnog \u017eivota \u010dak iu slo\u017eenijim kontekstima. Moduli koji \u010ditaju, slu\u0161aju, pi\u0161u i govore.<\/p>\n<h2>Priprema za ispit za \u00d6SD certifikat C2<\/h2>\n<p><strong>Trajanje te\u010daja:<\/strong> 300 minuta<br \/>\n<strong>Preduvjet:<\/strong> dosegla razinu C2<br \/>\n<strong>Sadr\u017eaj ispita:<br \/>\n<\/strong><strong>Razumijevanje \u010ditanja<\/strong>: 90 min.<br \/>\n<strong>Razumijevanje slu\u0161anja<\/strong>: 40 min.<br \/>\n<strong>Pisanje:<\/strong> 75 min.<br \/>\n<strong>Govorenje:<\/strong> 20 min.<\/p>\n<p><strong>Ovjerene vje\u0161tine:<\/strong> tehni\u010dka kompetencija u razli\u010ditim podru\u010djima. Sposobnost komuniciranja u situacijama ekonomskog i profesionalnog \u017eivota \u010dak iu slo\u017eenijim kontekstima. Moduli koji \u010ditaju, slu\u0161aju, pi\u0161u i govore.<\/p>\n<p>Ovi modeli ispiti omogu\u0107uju primjenu i potvrdu znanja u odre\u0111enoj situaciji ispitivanja, a zatim usporedite odgovore s vama. Na\u0161i njema\u010dki nastavnici \u0107e vam rado odgovoriti na sva va\u0161a pitanja i dati vam korisne savjete na putu &#8230;[\/vc_column_text][\/vc_column][\/vc_row]<\/p>\n","protected":false},"excerpt":{"rendered":"<p>[vc_row css=&#8221;.vc_custom_1535019126185{margin-top: 15px !important;padding-bottom: 15px !important;}&#8221;][vc_column][vc_column_text] Priprema te\u010dajeva za \u00d6IF \/ \u00d6SD ispite u Be\u010du Kako bismo se pripremili za \u00d6IF ili \u00d6SD ispite, na\u0161i te\u010dajevi za pripremu ispita su dostupni. Na temelju prakti\u010dnih modela ispitivanja obja\u0161njavaju se i prakticiraju ispiti A1 do C1. \u00d6IF Pripremni te\u010dajevi slijede te\u010dajeve jezika i vrijednosti i omogu\u0107uju vam&hellip; <a class=\"read-more\" href=\"https:\/\/www.sprachschule-aktiv-wien.at\/hr\/priprema-tecajeva-za-oeif-oesd-ispite-u-becu\/\" title=\"Read Priprema te\u010dajeva za \u00d6IF \/ \u00d6SD ispite u Be\u010du\">Read more &raquo;<\/a><\/p>\n","protected":false},"author":7,"featured_media":0,"parent":0,"menu_order":0,"comment_status":"closed","ping_status":"closed","template":"","meta":{"footnotes":""},"class_list":["post-7325","page","type-page","status-publish","hentry"],"yoast_head":"<!-- This site is optimized with the Yoast SEO plugin v27.1.1 - https:\/\/yoast.com\/product\/yoast-seo-wordpress\/ -->\n<title>Priprema te\u010dajeva za \u00d6IF \/ \u00d6SD A1 - C2 ispite u Be\u010du<\/title>\n<meta name=\"description\" content=\"Kako bismo se pripremili za \u00d6IF ili \u00d6SD ispite, na\u0161i te\u010dajevi za pripremu ispita su dostupni. Se i prakticiraju ispiti A1, A2, B1, B2, C1, C2.\" \/>\n<meta name=\"robots\" content=\"index, follow, max-snippet:-1, max-image-preview:large, max-video-preview:-1\" \/>\n<link rel=\"canonical\" href=\"https:\/\/www.sprachschule-aktiv-wien.at\/hr\/priprema-tecajeva-za-oeif-oesd-ispite-u-becu\/\" \/>\n<meta property=\"og:locale\" content=\"hr_HR\" \/>\n<meta property=\"og:type\" content=\"article\" \/>\n<meta property=\"og:title\" content=\"Priprema te\u010dajeva za \u00d6IF \/ \u00d6SD A1 - C2 ispite u Be\u010du\" \/>\n<meta property=\"og:description\" content=\"Kako bismo se pripremili za \u00d6IF ili \u00d6SD ispite, na\u0161i te\u010dajevi za pripremu ispita su dostupni. Se i prakticiraju ispiti A1, A2, B1, B2, C1, C2.\" \/>\n<meta property=\"og:url\" content=\"https:\/\/www.sprachschule-aktiv-wien.at\/hr\/priprema-tecajeva-za-oeif-oesd-ispite-u-becu\/\" \/>\n<meta property=\"og:site_name\" content=\"Sprachschule Aktiv Wien\" \/>\n<meta property=\"article:modified_time\" content=\"2023-05-11T13:37:57+00:00\" \/>\n<meta name=\"twitter:label1\" content=\"Est. reading time\" \/>\n\t<meta name=\"twitter:data1\" content=\"7 minutes\" \/>\n<script type=\"application\/ld+json\" class=\"yoast-schema-graph\">{\"@context\":\"https:\/\/schema.org\",\"@graph\":[{\"@type\":\"WebPage\",\"@id\":\"https:\/\/www.sprachschule-aktiv-wien.at\/hr\/priprema-tecajeva-za-oeif-oesd-ispite-u-becu\/\",\"url\":\"https:\/\/www.sprachschule-aktiv-wien.at\/hr\/priprema-tecajeva-za-oeif-oesd-ispite-u-becu\/\",\"name\":\"Priprema te\u010dajeva za \u00d6IF \/ \u00d6SD A1 - C2 ispite u Be\u010du\",\"isPartOf\":{\"@id\":\"https:\/\/www.sprachschule-aktiv-wien.at\/#website\"},\"datePublished\":\"2018-08-02T04:55:24+00:00\",\"dateModified\":\"2023-05-11T13:37:57+00:00\",\"description\":\"Kako bismo se pripremili za \u00d6IF ili \u00d6SD ispite, na\u0161i te\u010dajevi za pripremu ispita su dostupni. Se i prakticiraju ispiti A1, A2, B1, B2, C1, C2.\",\"breadcrumb\":{\"@id\":\"https:\/\/www.sprachschule-aktiv-wien.at\/hr\/priprema-tecajeva-za-oeif-oesd-ispite-u-becu\/#breadcrumb\"},\"inLanguage\":\"hr-HR\",\"potentialAction\":[{\"@type\":\"ReadAction\",\"target\":[\"https:\/\/www.sprachschule-aktiv-wien.at\/hr\/priprema-tecajeva-za-oeif-oesd-ispite-u-becu\/\"]}]},{\"@type\":\"BreadcrumbList\",\"@id\":\"https:\/\/www.sprachschule-aktiv-wien.at\/hr\/priprema-tecajeva-za-oeif-oesd-ispite-u-becu\/#breadcrumb\",\"itemListElement\":[{\"@type\":\"ListItem\",\"position\":1,\"name\":\"Home\",\"item\":\"https:\/\/www.sprachschule-aktiv-wien.at\/hr\/\"},{\"@type\":\"ListItem\",\"position\":2,\"name\":\"Priprema te\u010dajeva za \u00d6IF \/ \u00d6SD ispite u Be\u010du\"}]},{\"@type\":\"WebSite\",\"@id\":\"https:\/\/www.sprachschule-aktiv-wien.at\/#website\",\"url\":\"https:\/\/www.sprachschule-aktiv-wien.at\/\",\"name\":\"Sprachschule Aktiv Wien\",\"description\":\"\",\"potentialAction\":[{\"@type\":\"SearchAction\",\"target\":{\"@type\":\"EntryPoint\",\"urlTemplate\":\"https:\/\/www.sprachschule-aktiv-wien.at\/?s={search_term_string}\"},\"query-input\":{\"@type\":\"PropertyValueSpecification\",\"valueRequired\":true,\"valueName\":\"search_term_string\"}}],\"inLanguage\":\"hr-HR\"}]}<\/script>\n<!-- \/ Yoast SEO plugin. -->","yoast_head_json":{"title":"Priprema te\u010dajeva za \u00d6IF \/ \u00d6SD A1 - C2 ispite u Be\u010du","description":"Kako bismo se pripremili za \u00d6IF ili \u00d6SD ispite, na\u0161i te\u010dajevi za pripremu ispita su dostupni. Se i prakticiraju ispiti A1, A2, B1, B2, C1, C2.","robots":{"index":"index","follow":"follow","max-snippet":"max-snippet:-1","max-image-preview":"max-image-preview:large","max-video-preview":"max-video-preview:-1"},"canonical":"https:\/\/www.sprachschule-aktiv-wien.at\/hr\/priprema-tecajeva-za-oeif-oesd-ispite-u-becu\/","og_locale":"hr_HR","og_type":"article","og_title":"Priprema te\u010dajeva za \u00d6IF \/ \u00d6SD A1 - C2 ispite u Be\u010du","og_description":"Kako bismo se pripremili za \u00d6IF ili \u00d6SD ispite, na\u0161i te\u010dajevi za pripremu ispita su dostupni. Se i prakticiraju ispiti A1, A2, B1, B2, C1, C2.","og_url":"https:\/\/www.sprachschule-aktiv-wien.at\/hr\/priprema-tecajeva-za-oeif-oesd-ispite-u-becu\/","og_site_name":"Sprachschule Aktiv Wien","article_modified_time":"2023-05-11T13:37:57+00:00","twitter_misc":{"Est. reading time":"7 minutes"},"schema":{"@context":"https:\/\/schema.org","@graph":[{"@type":"WebPage","@id":"https:\/\/www.sprachschule-aktiv-wien.at\/hr\/priprema-tecajeva-za-oeif-oesd-ispite-u-becu\/","url":"https:\/\/www.sprachschule-aktiv-wien.at\/hr\/priprema-tecajeva-za-oeif-oesd-ispite-u-becu\/","name":"Priprema te\u010dajeva za \u00d6IF \/ \u00d6SD A1 - C2 ispite u Be\u010du","isPartOf":{"@id":"https:\/\/www.sprachschule-aktiv-wien.at\/#website"},"datePublished":"2018-08-02T04:55:24+00:00","dateModified":"2023-05-11T13:37:57+00:00","description":"Kako bismo se pripremili za \u00d6IF ili \u00d6SD ispite, na\u0161i te\u010dajevi za pripremu ispita su dostupni. Se i prakticiraju ispiti A1, A2, B1, B2, C1, C2.","breadcrumb":{"@id":"https:\/\/www.sprachschule-aktiv-wien.at\/hr\/priprema-tecajeva-za-oeif-oesd-ispite-u-becu\/#breadcrumb"},"inLanguage":"hr-HR","potentialAction":[{"@type":"ReadAction","target":["https:\/\/www.sprachschule-aktiv-wien.at\/hr\/priprema-tecajeva-za-oeif-oesd-ispite-u-becu\/"]}]},{"@type":"BreadcrumbList","@id":"https:\/\/www.sprachschule-aktiv-wien.at\/hr\/priprema-tecajeva-za-oeif-oesd-ispite-u-becu\/#breadcrumb","itemListElement":[{"@type":"ListItem","position":1,"name":"Home","item":"https:\/\/www.sprachschule-aktiv-wien.at\/hr\/"},{"@type":"ListItem","position":2,"name":"Priprema te\u010dajeva za \u00d6IF \/ \u00d6SD ispite u Be\u010du"}]},{"@type":"WebSite","@id":"https:\/\/www.sprachschule-aktiv-wien.at\/#website","url":"https:\/\/www.sprachschule-aktiv-wien.at\/","name":"Sprachschule Aktiv Wien","description":"","potentialAction":[{"@type":"SearchAction","target":{"@type":"EntryPoint","urlTemplate":"https:\/\/www.sprachschule-aktiv-wien.at\/?s={search_term_string}"},"query-input":{"@type":"PropertyValueSpecification","valueRequired":true,"valueName":"search_term_string"}}],"inLanguage":"hr-HR"}]}},"_links":{"self":[{"href":"https:\/\/www.sprachschule-aktiv-wien.at\/hr\/wp-json\/wp\/v2\/pages\/7325","targetHints":{"allow":["GET"]}}],"collection":[{"href":"https:\/\/www.sprachschule-aktiv-wien.at\/hr\/wp-json\/wp\/v2\/pages"}],"about":[{"href":"https:\/\/www.sprachschule-aktiv-wien.at\/hr\/wp-json\/wp\/v2\/types\/page"}],"author":[{"embeddable":true,"href":"https:\/\/www.sprachschule-aktiv-wien.at\/hr\/wp-json\/wp\/v2\/users\/7"}],"replies":[{"embeddable":true,"href":"https:\/\/www.sprachschule-aktiv-wien.at\/hr\/wp-json\/wp\/v2\/comments?post=7325"}],"version-history":[{"count":12,"href":"https:\/\/www.sprachschule-aktiv-wien.at\/hr\/wp-json\/wp\/v2\/pages\/7325\/revisions"}],"predecessor-version":[{"id":40450,"href":"https:\/\/www.sprachschule-aktiv-wien.at\/hr\/wp-json\/wp\/v2\/pages\/7325\/revisions\/40450"}],"wp:attachment":[{"href":"https:\/\/www.sprachschule-aktiv-wien.at\/hr\/wp-json\/wp\/v2\/media?parent=7325"}],"curies":[{"name":"wp","href":"https:\/\/api.w.org\/{rel}","templated":true}]}}