{"id":4683,"date":"2015-02-12T08:43:10","date_gmt":"2015-02-12T08:43:10","guid":{"rendered":"https:\/\/www.sprachschule-aktiv-wien.at\/deutsch-und-fremdsprachen-lernen-wien-sprachschule-aktiv\/"},"modified":"2022-04-19T09:53:34","modified_gmt":"2022-04-19T09:53:34","slug":"tecajevi-njemackog-u-becu-skola-njemackog-jezika","status":"publish","type":"page","link":"https:\/\/www.sprachschule-aktiv-wien.at\/hr\/","title":{"rendered":"NJEMA\u010cKI INTENZIVNI TE\u010cAJ U BE\u010cU &#8211; \u0160KOLA NJEMA\u010cKOG JEZIKA"},"content":{"rendered":"<p>[vc_row full_width=&#8221;stretch_row_content_no_spaces&#8221;][vc_column][vc_single_image image=&#8221;28431&#8243; img_size=&#8221;full&#8221;][\/vc_column][\/vc_row][vc_row css=&#8221;.vc_custom_1535017070646{margin-top: 15px !important;padding-bottom: 15px !important;}&#8221;][vc_column][vc_column_text]<\/p>\n<h1>U\u010diti njema\u010dki jezik u Be\u010du \u2013 Te\u010dajevi njema\u010dkog jezika A1 &#8211; C2\u00a0\u2013 \u0160kola za strane jezike\/njema\u010dki jezik<\/h1>\n<p>Intenzivni te\u010daj njema\u010dkog jezika u Be\u010du ponu\u0111ene razine: A1, A2, B1, B2, C1, C2<\/p>\n<h2>Intenzivni te\u010dajevi na svim razinama A1 do C2 \u2013 Dostupne su sljede\u0107e jezi\u010dne razine:<\/h2>\n<p>Intenzivni te\u010daj njema\u010dkog jezika za po\u010detnike razine: A1, A2<br \/>\nIntermediat\/intenzivni te\u010daj za razine: B1, B2<br \/>\nIntenzivni te\u010daj \u201cNjema\u010dki za napredne\u201d razine: C1 i C2<\/p>\n<p>&nbsp;<\/p>\n<div class=\"BorlabsCookie _brlbs-cb-youtube\"><div class=\"_brlbs-content-blocker\"> <div class=\"_brlbs-embed _brlbs-video-youtube\"> <img class=\"_brlbs-thumbnail\" src=\"https:\/\/www.sprachschule-aktiv-wien.at\/wp-content\/plugins\/borlabs-cookie\/assets\/images\/cb-no-thumbnail.png\" alt=\"YouTube\"> <div class=\"_brlbs-caption\"> <p>Mit dem Laden des Videos akzeptieren Sie die Datenschutzerkl\u00e4rung von YouTube.<br><a href=\"https:\/\/policies.google.com\/privacy\" target=\"_blank\" rel=\"nofollow noopener noreferrer\">Mehr erfahren<\/a><\/p> <p><a class=\"_brlbs-btn _brlbs-icon-play-white\" href=\"#\" data-borlabs-cookie-unblock role=\"button\">Video laden<\/a><\/p> <p><label><input type=\"checkbox\" name=\"unblockAll\" value=\"1\" checked> <small>YouTube immer entsperren<\/small><\/label><\/p> <\/div> <\/div> <\/div><div class=\"borlabs-hide\" data-borlabs-cookie-type=\"content-blocker\" data-borlabs-cookie-id=\"youtube\"><script type=\"text\/template\">PHA+PGlmcmFtZSBzcmM9Imh0dHBzOi8vd3d3LnlvdXR1YmUtbm9jb29raWUuY29tL2VtYmVkL0xoREdzOVNHUFRvIiB3aWR0aD0iMTAwJSIgaGVpZ2h0PSIzNTAiIGZyYW1lYm9yZGVyPSIwIiBhbGxvd2Z1bGxzY3JlZW49ImFsbG93ZnVsbHNjcmVlbiI+PC9pZnJhbWU+PC9wPg==<\/script><\/div><\/div>\n<p>[\/vc_column_text][\/vc_column][\/vc_row][vc_row css=&#8221;.vc_custom_1535017172686{padding-top: 15px !important;padding-bottom: 15px !important;}&#8221;][vc_column][vc_column_text]<\/p>\n<h2>Mi podu\u010davamo po\u010detnike i napredne<\/h2>\n<p>Bez obzira na Va\u0161a predznanja, kod nas ste u svakom slu\u010daju na pravom mjestu. Bez predznanja po\u010dinjete sa te\u010dajem za po\u010detnike. Ako imate osnovna znanja iz njema\u010dkog jezika, onda polazite odgovaraju\u0107i te\u010daj za Va\u0161u razinu\/stupanj znanja. Da biste odredili Va\u0161u razinu znanja njema\u010dkog jezika, mo\u017eete napraviti klasifikacijski test. Ako niste u Be\u010du, onda mo\u017eete uraditi klasifikacijski test online jednostavno i ugodno u ku\u0107noj atmosferi. Ukoliko imate \u017eelju bolje upoznati na\u0161u \u0161kolu za strane jezike u Be\u010du, onda nas jednostavno posjetite u na\u0161im prostorijama.<\/p>\n<h2>Na\u0161i intenzivni te\u010dajevi njema\u010dkog jezika prijepodne<\/h2>\n<p>Prijepodnevni te\u010daj njema\u010dkog jezika je najomiljeniji izbor na\u0161ih klijenata. Odabrani te\u010daj mo\u017eete poha\u0111ati svakim danom od 08:00 do 11:00 \/ od 11:00 do 14:00 \/ od 18:00 do 21:00. Poslijepodne imate izbor da vje\u017ebate gradivo ili posjetite Be\u010d i spoznate \u010dari grada. Za osobe sa predznanjem nastava po\u010dinje svakog ponedjeljka. Te\u010daj za po\u010detnike po\u010dinje uvijek prvog ponedjeljka u teku\u0107em mjesecu. Na\u0161i polu-intenzivni te\u010dajevi odr\u017eavaju se nave\u010der, svakog radnog dana od ponedjeljka do \u010detvrtka,u terminima od 17.30 do 19.00 \/ od 19.00 do 20.30.<\/p>\n<h2>Nastava se odr\u017eava u malim grupama<\/h2>\n<p>Za optimalan uspjeh u u\u010denju sastav i broj \u010dlanova je bitan faktor. \u0160to je grupa manja, lak\u0161e je odgovoriti na Va\u0161a pitanja i rje\u0161iti Va\u0161e probleme u vezi gradiva, tako naravno intenzivnije se bavite izu\u010davanjem jezika i br\u017ee napredujete. Iz ovog razloga na\u0161e grupe ne broje vi\u0161e od 10 sudjelovatelja.<\/p>\n<h2>Te\u010daj njema\u010dkog jezika u Be\u010du \u2013 Va\u0161e prednosti<\/h2>\n<p>Na\u0161i nastavnici\/predava\u010di pokazuju svoj anga\u017eman i nakon nastave. Organiziraju izlete, ali i slobodne aktivnosti. Be\u010d je bogat znamenitostima i otkrivanje novih mjesta je uvijek \u010dudesno. Na\u0161im nastavnicima koji su u svojoj struci i pedagozi, \u017eele Vam uvijek precizno pribli\u017eiti na\u010din \u017eivota\u00a0 u Njema\u010dkoj, a posebno u Austriji.<\/p>\n<h2>Pregled na\u0161ih prednosti:<\/h2>\n<p>Besplatan probni nastavni sat<br \/>\nPrijave online ili osobno u prostorijama \u0161kole<br \/>\nKvalificirani i simpati\u010dni nastavnici \u2013 u na\u0161oj \u0161koli podu\u010davaju nastavnici koji su izvorni govornici njem\u010dkog jezika (njihov maternji)<br \/>\nSvjetski priznati jezi\u010dni certifikati<br \/>\nPripremni te\u010dajevi za \u00d6IF I \u00d6SD ispite, EPD (dopunski ispit) za prijem na univerzitet, Goethe Zertifikat. Na\u0161i natsvanici na te\u010daju Vas pripremaju za nastavne jedinke za jedan od fakulteta u Austriji na njema\u010dkom jeziku, pripreme su isto bazirane za dobijanje austrijskog dr\u017eavljanstva kao i stalnog boravka<br \/>\nIzleti kao i slobodne aktivnosti nakon te\u010daja<br \/>\nNa\u0161e te\u010dajeve priznaju za zahtjev pri dodjeli \u0160engen-vize (Schengen visum)<\/p>\n<h2>Certificirani te\u010dajevi njema\u010dkog jezika za boravi\u0161nu dozvolu i dr\u017eavljanstvo<\/h2>\n<p>\u00d6SD &#8211; i \u00d6IF certificirani te\u010dajevi njema\u010dkog jezika na razini A1, A2, B1 u Be\u010du \u2013 za vizu, boravi\u0161nu dozvolu te dr\u017eavljanstvo<\/p>\n<p>Dolazite li iz inostranstva i htjeli biste brzo da se integri\u0161ete u Austriji, \u017eelite li postati dio radnog svijeta i \u017eelite li \u0161to prije savladati njema\u010dki jezik? Onda Vam nudimo pripremne te\u010dajeve, koji sadr\u017eajno daju povjerenje za integracijski ispit, koji se pola\u017ee kao uslov za ostanak u Austriji.<\/p>\n<p>Privatna strana jezi\u010dna \u0161kola Aktiv Be\u010d u ponudi ima \u00d6IF ili \u00d6SD te\u010daj koji je priprema za predstoje\u0107i ispit. Izme\u0111u \u010detiri ili osam tjedana prije polaganja ispita, pripremate se sa na\u0161im visokoklaficiranim u\u010diteljima, na jednom od ponu\u0111enih intenzivnih te\u010dajeva. Trajanje intenzivnog te\u010daja jeste pet puta tjedno, gdje se odra\u0111uju nastavni sadr\u017eaji kako za pismeni tako i za usmeni \u00d6IF ispit. Tako\u0111er \u0107e Vam kriterijumi za ispit biti pobli\u017ee obja\u0161njeni. Kada sve to zavr\u0161ite imate priliku pristupiti \u00d6SD ili \u00d6IF ispitu na Va\u0161oj jezi\u010dnoj razini.<\/p>\n<h3>Na\u0161a \u0161kola je u centru Be\u010da<\/h3>\n<p>Do \u0161kole se lako dolazi javnim prijevozom ili autom.<\/p>\n<div class=\"BorlabsCookie _brlbs-cb-googlemaps\"><div class=\"_brlbs-content-blocker\"> <div class=\"_brlbs-embed _brlbs-google-maps\"> <img class=\"_brlbs-thumbnail\" src=\"https:\/\/www.sprachschule-aktiv-wien.at\/wp-content\/plugins\/borlabs-cookie\/assets\/images\/cb-maps.png\" alt=\"Google Maps\"> <div class=\"_brlbs-caption\"> <p>Mit dem Laden der Karte akzeptieren Sie die Datenschutzerkl\u00e4rung von Google.<br><a href=\"https:\/\/policies.google.com\/privacy\" target=\"_blank\" rel=\"nofollow noopener noreferrer\">Mehr erfahren<\/a><\/p> <p><a class=\"_brlbs-btn\" href=\"#\" data-borlabs-cookie-unblock role=\"button\">Karte laden<\/a><\/p> <p><label><input type=\"checkbox\" name=\"unblockAll\" value=\"1\" checked> <small>Google Maps immer entsperren<\/small><\/label><\/p> <\/div> <\/div> <\/div><div class=\"borlabs-hide\" data-borlabs-cookie-type=\"content-blocker\" data-borlabs-cookie-id=\"googlemaps\"><script type=\"text\/template\">PHA+PGlmcmFtZSBzdHlsZT0iYm9yZGVyOiAwOyIgc3JjPSJodHRwczovL3d3dy5nb29nbGUuY29tL21hcHMvZW1iZWQ\/cGI9ITFtMTghMW0xMiExbTMhMWQyNjU5LjQwNzQxNzY4NTIzMTQhMmQxNi4zNjM2NDQ2MTU1NDg3MDghM2Q0OC4xOTg3Njc5NTQ4NzYyNyEybTMhMWYwITJmMCEzZjAhM20yITFpMTAyNCEyaTc2OCE0ZjEzLjEhM20zITFtMiExczB4NDc2ZDA3ODQ5ZGUyMDA3MSUzQTB4OTE5ZDM3MWUxMGM0NTgwOCEyc0ZhdWxtYW5uZ2Fzc2UlMjA0JTJDJTIwMTA0MCUyMFdpZW4hNWUwITNtMiExc2RlITJzYXQhNHYxNTgyMjEwOTI1MTAwITVtMiExc2RlITJzYXQiIHdpZHRoPSIxMDAlIiBoZWlnaHQ9IjM1MCIgZnJhbWVib3JkZXI9IjAiIGFsbG93ZnVsbHNjcmVlbj0iYWxsb3dmdWxsc2NyZWVuIj48L2lmcmFtZT4=<\/script><\/div><\/div>[\/vc_column_text][\/vc_column][\/vc_row]<\/p>\n","protected":false},"excerpt":{"rendered":"<p>[vc_row full_width=&#8221;stretch_row_content_no_spaces&#8221;][vc_column][vc_single_image image=&#8221;28431&#8243; img_size=&#8221;full&#8221;][\/vc_column][\/vc_row][vc_row css=&#8221;.vc_custom_1535017070646{margin-top: 15px !important;padding-bottom: 15px !important;}&#8221;][vc_column][vc_column_text] U\u010diti njema\u010dki jezik u Be\u010du \u2013 Te\u010dajevi njema\u010dkog jezika A1 &#8211; C2\u00a0\u2013 \u0160kola za strane jezike\/njema\u010dki jezik Intenzivni te\u010daj njema\u010dkog jezika u Be\u010du ponu\u0111ene razine: A1, A2, B1, B2, C1, C2 Intenzivni te\u010dajevi na svim razinama A1 do C2 \u2013 Dostupne su sljede\u0107e jezi\u010dne razine: Intenzivni&hellip; <a class=\"read-more\" href=\"https:\/\/www.sprachschule-aktiv-wien.at\/hr\/\" title=\"Read NJEMA\u010cKI INTENZIVNI TE\u010cAJ U BE\u010cU &#8211; \u0160KOLA NJEMA\u010cKOG JEZIKA\">Read more &raquo;<\/a><\/p>\n","protected":false},"author":7,"featured_media":0,"parent":0,"menu_order":0,"comment_status":"closed","ping_status":"closed","template":"","meta":{"footnotes":""},"class_list":["post-4683","page","type-page","status-publish","hentry"],"yoast_head":"<!-- This site is optimized with the Yoast SEO plugin v27.1.1 - https:\/\/yoast.com\/product\/yoast-seo-wordpress\/ -->\n<title>Te\u010dajevi njema\u010dkog u Be\u010du - \u0161kola njema\u010dkog jezika<\/title>\n<meta name=\"description\" content=\"Nau\u010dite njema\u010dki u jednom od najljep\u0161ih gradova u Austriji! Kod nas ne\u0107ete u\u010diti samo njema\u010dki jezik nego i o austrijskoj kulturi.\" \/>\n<meta name=\"robots\" content=\"index, follow, max-snippet:-1, max-image-preview:large, max-video-preview:-1\" \/>\n<link rel=\"canonical\" href=\"https:\/\/www.sprachschule-aktiv-wien.at\/hr\/\" \/>\n<meta property=\"og:locale\" content=\"hr_HR\" \/>\n<meta property=\"og:type\" content=\"article\" \/>\n<meta property=\"og:title\" content=\"Te\u010dajevi njema\u010dkog u Be\u010du - \u0161kola njema\u010dkog jezika\" \/>\n<meta property=\"og:description\" content=\"Nau\u010dite njema\u010dki u jednom od najljep\u0161ih gradova u Austriji! Kod nas ne\u0107ete u\u010diti samo njema\u010dki jezik nego i o austrijskoj kulturi.\" \/>\n<meta property=\"og:url\" content=\"https:\/\/www.sprachschule-aktiv-wien.at\/hr\/\" \/>\n<meta property=\"og:site_name\" content=\"Sprachschule Aktiv Wien\" \/>\n<meta property=\"article:modified_time\" content=\"2022-04-19T09:53:34+00:00\" \/>\n<meta name=\"twitter:label1\" content=\"Est. reading time\" \/>\n\t<meta name=\"twitter:data1\" content=\"4 minutes\" \/>\n<script type=\"application\/ld+json\" class=\"yoast-schema-graph\">{\"@context\":\"https:\/\/schema.org\",\"@graph\":[{\"@type\":\"WebPage\",\"@id\":\"https:\/\/www.sprachschule-aktiv-wien.at\/hr\/\",\"url\":\"https:\/\/www.sprachschule-aktiv-wien.at\/hr\/\",\"name\":\"Te\u010dajevi njema\u010dkog u Be\u010du - \u0161kola njema\u010dkog jezika\",\"isPartOf\":{\"@id\":\"https:\/\/www.sprachschule-aktiv-wien.at\/#website\"},\"datePublished\":\"2015-02-12T08:43:10+00:00\",\"dateModified\":\"2022-04-19T09:53:34+00:00\",\"description\":\"Nau\u010dite njema\u010dki u jednom od najljep\u0161ih gradova u Austriji! Kod nas ne\u0107ete u\u010diti samo njema\u010dki jezik nego i o austrijskoj kulturi.\",\"breadcrumb\":{\"@id\":\"https:\/\/www.sprachschule-aktiv-wien.at\/hr\/#breadcrumb\"},\"inLanguage\":\"hr-HR\",\"potentialAction\":[{\"@type\":\"ReadAction\",\"target\":[\"https:\/\/www.sprachschule-aktiv-wien.at\/hr\/\"]}]},{\"@type\":\"BreadcrumbList\",\"@id\":\"https:\/\/www.sprachschule-aktiv-wien.at\/hr\/#breadcrumb\",\"itemListElement\":[{\"@type\":\"ListItem\",\"position\":1,\"name\":\"Home\",\"item\":\"https:\/\/www.sprachschule-aktiv-wien.at\/hr\/\"},{\"@type\":\"ListItem\",\"position\":2,\"name\":\"NJEMA\u010cKI INTENZIVNI TE\u010cAJ U BE\u010cU &#8211; \u0160KOLA NJEMA\u010cKOG JEZIKA\"}]},{\"@type\":\"WebSite\",\"@id\":\"https:\/\/www.sprachschule-aktiv-wien.at\/#website\",\"url\":\"https:\/\/www.sprachschule-aktiv-wien.at\/\",\"name\":\"Sprachschule Aktiv Wien\",\"description\":\"\",\"potentialAction\":[{\"@type\":\"SearchAction\",\"target\":{\"@type\":\"EntryPoint\",\"urlTemplate\":\"https:\/\/www.sprachschule-aktiv-wien.at\/?s={search_term_string}\"},\"query-input\":{\"@type\":\"PropertyValueSpecification\",\"valueRequired\":true,\"valueName\":\"search_term_string\"}}],\"inLanguage\":\"hr-HR\"}]}<\/script>\n<!-- \/ Yoast SEO plugin. -->","yoast_head_json":{"title":"Te\u010dajevi njema\u010dkog u Be\u010du - \u0161kola njema\u010dkog jezika","description":"Nau\u010dite njema\u010dki u jednom od najljep\u0161ih gradova u Austriji! Kod nas ne\u0107ete u\u010diti samo njema\u010dki jezik nego i o austrijskoj kulturi.","robots":{"index":"index","follow":"follow","max-snippet":"max-snippet:-1","max-image-preview":"max-image-preview:large","max-video-preview":"max-video-preview:-1"},"canonical":"https:\/\/www.sprachschule-aktiv-wien.at\/hr\/","og_locale":"hr_HR","og_type":"article","og_title":"Te\u010dajevi njema\u010dkog u Be\u010du - \u0161kola njema\u010dkog jezika","og_description":"Nau\u010dite njema\u010dki u jednom od najljep\u0161ih gradova u Austriji! Kod nas ne\u0107ete u\u010diti samo njema\u010dki jezik nego i o austrijskoj kulturi.","og_url":"https:\/\/www.sprachschule-aktiv-wien.at\/hr\/","og_site_name":"Sprachschule Aktiv Wien","article_modified_time":"2022-04-19T09:53:34+00:00","twitter_misc":{"Est. reading time":"4 minutes"},"schema":{"@context":"https:\/\/schema.org","@graph":[{"@type":"WebPage","@id":"https:\/\/www.sprachschule-aktiv-wien.at\/hr\/","url":"https:\/\/www.sprachschule-aktiv-wien.at\/hr\/","name":"Te\u010dajevi njema\u010dkog u Be\u010du - \u0161kola njema\u010dkog jezika","isPartOf":{"@id":"https:\/\/www.sprachschule-aktiv-wien.at\/#website"},"datePublished":"2015-02-12T08:43:10+00:00","dateModified":"2022-04-19T09:53:34+00:00","description":"Nau\u010dite njema\u010dki u jednom od najljep\u0161ih gradova u Austriji! Kod nas ne\u0107ete u\u010diti samo njema\u010dki jezik nego i o austrijskoj kulturi.","breadcrumb":{"@id":"https:\/\/www.sprachschule-aktiv-wien.at\/hr\/#breadcrumb"},"inLanguage":"hr-HR","potentialAction":[{"@type":"ReadAction","target":["https:\/\/www.sprachschule-aktiv-wien.at\/hr\/"]}]},{"@type":"BreadcrumbList","@id":"https:\/\/www.sprachschule-aktiv-wien.at\/hr\/#breadcrumb","itemListElement":[{"@type":"ListItem","position":1,"name":"Home","item":"https:\/\/www.sprachschule-aktiv-wien.at\/hr\/"},{"@type":"ListItem","position":2,"name":"NJEMA\u010cKI INTENZIVNI TE\u010cAJ U BE\u010cU &#8211; \u0160KOLA NJEMA\u010cKOG JEZIKA"}]},{"@type":"WebSite","@id":"https:\/\/www.sprachschule-aktiv-wien.at\/#website","url":"https:\/\/www.sprachschule-aktiv-wien.at\/","name":"Sprachschule Aktiv Wien","description":"","potentialAction":[{"@type":"SearchAction","target":{"@type":"EntryPoint","urlTemplate":"https:\/\/www.sprachschule-aktiv-wien.at\/?s={search_term_string}"},"query-input":{"@type":"PropertyValueSpecification","valueRequired":true,"valueName":"search_term_string"}}],"inLanguage":"hr-HR"}]}},"_links":{"self":[{"href":"https:\/\/www.sprachschule-aktiv-wien.at\/hr\/wp-json\/wp\/v2\/pages\/4683","targetHints":{"allow":["GET"]}}],"collection":[{"href":"https:\/\/www.sprachschule-aktiv-wien.at\/hr\/wp-json\/wp\/v2\/pages"}],"about":[{"href":"https:\/\/www.sprachschule-aktiv-wien.at\/hr\/wp-json\/wp\/v2\/types\/page"}],"author":[{"embeddable":true,"href":"https:\/\/www.sprachschule-aktiv-wien.at\/hr\/wp-json\/wp\/v2\/users\/7"}],"replies":[{"embeddable":true,"href":"https:\/\/www.sprachschule-aktiv-wien.at\/hr\/wp-json\/wp\/v2\/comments?post=4683"}],"version-history":[{"count":29,"href":"https:\/\/www.sprachschule-aktiv-wien.at\/hr\/wp-json\/wp\/v2\/pages\/4683\/revisions"}],"predecessor-version":[{"id":38119,"href":"https:\/\/www.sprachschule-aktiv-wien.at\/hr\/wp-json\/wp\/v2\/pages\/4683\/revisions\/38119"}],"wp:attachment":[{"href":"https:\/\/www.sprachschule-aktiv-wien.at\/hr\/wp-json\/wp\/v2\/media?parent=4683"}],"curies":[{"name":"wp","href":"https:\/\/api.w.org\/{rel}","templated":true}]}}