{"id":4786,"date":"2015-02-12T08:43:10","date_gmt":"2015-02-12T08:43:10","guid":{"rendered":"https:\/\/www.sprachschule-aktiv-wien.at\/deutsch-und-fremdsprachen-lernen-wien-sprachschule-aktiv\/"},"modified":"2024-06-02T20:59:39","modified_gmt":"2024-06-02T20:59:39","slug":"apprendre-lallemagne-a-vienne","status":"publish","type":"page","link":"https:\/\/www.sprachschule-aktiv-wien.at\/fr\/","title":{"rendered":"Apprendre l\u2019allemand \u00e0 Vienne"},"content":{"rendered":"<p>[vc_row full_width=&#8221;stretch_row_content_no_spaces&#8221;][vc_column][vc_single_image image=&#8221;28288&#8243; img_size=&#8221;full&#8221;][\/vc_column][\/vc_row][vc_row css=&#8221;.vc_custom_1534942666336{margin-top: 15px !important;padding-bottom: 15px !important;}&#8221;][vc_column][vc_column_text]<\/p>\n<h1>Apprendre l\u2019allemand \u00e0 Vienne<\/h1>\n<p>Vienne est l\u2019une des plus belles villes d&#8217;Autriche. Vous aurez non seulement la chance de d\u00e9couvrir la culture autrichienne mais aussi d\u2019apprendre l\u2019allemand. Notre \u00e9cole propose des cours diff\u00e9rents de langue et \u00e0 partir de tous les niveaux. Apprenez l\u2019allemand \u00e0 Vienne ![\/vc_column_text][vc_row_inner][vc_column_inner width=&#8221;1\/2&#8243;][vc_column_text]<div class=\"BorlabsCookie _brlbs-cb-youtube\"><div class=\"_brlbs-content-blocker\"> <div class=\"_brlbs-embed _brlbs-video-youtube\"> <img class=\"_brlbs-thumbnail\" src=\"https:\/\/www.sprachschule-aktiv-wien.at\/wp-content\/plugins\/borlabs-cookie\/assets\/images\/cb-no-thumbnail.png\" alt=\"YouTube\"> <div class=\"_brlbs-caption\"> <p>Mit dem Laden des Videos akzeptieren Sie die Datenschutzerkl\u00e4rung von YouTube.<br><a href=\"https:\/\/policies.google.com\/privacy\" target=\"_blank\" rel=\"nofollow noopener noreferrer\">Mehr erfahren<\/a><\/p> <p><a class=\"_brlbs-btn _brlbs-icon-play-white\" href=\"#\" data-borlabs-cookie-unblock role=\"button\">Video laden<\/a><\/p> <p><label><input type=\"checkbox\" name=\"unblockAll\" value=\"1\" checked> <small>YouTube immer entsperren<\/small><\/label><\/p> <\/div> <\/div> <\/div><div class=\"borlabs-hide\" data-borlabs-cookie-type=\"content-blocker\" data-borlabs-cookie-id=\"youtube\"><script type=\"text\/template\">PGlmcmFtZSBzcmM9Imh0dHBzOi8vd3d3LnlvdXR1YmUtbm9jb29raWUuY29tL2VtYmVkL0xoREdzOVNHUFRvIiB3aWR0aD0iMTAwJSIgaGVpZ2h0PSIzMTUiIGZyYW1lYm9yZGVyPSIwIiBhbGxvd2Z1bGxzY3JlZW49ImFsbG93ZnVsbHNjcmVlbiIgZGF0YS1tY2UtZnJhZ21lbnQ9IjEiPjwvaWZyYW1lPg==<\/script><\/div><\/div>[\/vc_column_text][\/vc_column_inner][vc_column_inner width=&#8221;1\/2&#8243;][vc_column_text]<div class=\"BorlabsCookie _brlbs-cb-youtube\"><div class=\"_brlbs-content-blocker\"> <div class=\"_brlbs-embed _brlbs-video-youtube\"> <img class=\"_brlbs-thumbnail\" src=\"https:\/\/www.sprachschule-aktiv-wien.at\/wp-content\/plugins\/borlabs-cookie\/assets\/images\/cb-no-thumbnail.png\" alt=\"YouTube\"> <div class=\"_brlbs-caption\"> <p>Mit dem Laden des Videos akzeptieren Sie die Datenschutzerkl\u00e4rung von YouTube.<br><a href=\"https:\/\/policies.google.com\/privacy\" target=\"_blank\" rel=\"nofollow noopener noreferrer\">Mehr erfahren<\/a><\/p> <p><a class=\"_brlbs-btn _brlbs-icon-play-white\" href=\"#\" data-borlabs-cookie-unblock role=\"button\">Video laden<\/a><\/p> <p><label><input type=\"checkbox\" name=\"unblockAll\" value=\"1\" checked> <small>YouTube immer entsperren<\/small><\/label><\/p> <\/div> <\/div> <\/div><div class=\"borlabs-hide\" data-borlabs-cookie-type=\"content-blocker\" data-borlabs-cookie-id=\"youtube\"><script type=\"text\/template\">PGlmcmFtZSBzcmM9Imh0dHBzOi8vd3d3LnlvdXR1YmUtbm9jb29raWUuY29tL2VtYmVkL09tbERYMXJETC13IiB3aWR0aD0iMTAwJSIgaGVpZ2h0PSIzMTUiIGZyYW1lYm9yZGVyPSIwIiBhbGxvd2Z1bGxzY3JlZW49ImFsbG93ZnVsbHNjcmVlbiI+PC9pZnJhbWU+<\/script><\/div><\/div>[\/vc_column_text][\/vc_column_inner][\/vc_row_inner][\/vc_column][\/vc_row][vc_row full_width=&#8221;stretch_row&#8221; css=&#8221;.vc_custom_1534942881304{padding-top: 15px !important;padding-bottom: 15px !important;background-color: #f9f9f9 !important;}&#8221;][vc_column][vc_column_text]<\/p>\n<h2>Cours d\u2019allemand pour d\u00e9butants et avanc\u00e9s<\/h2>\n<p>Peu importe votre niveau actuel et l\u2019objectif que vous souhaitez atteindre, nous avons le cours qui vous convient.<\/p>\n<p>Les cours d\u2019allemand sont disponibles pour tous les niveaux\u00a0 :<\/p>\n<p>D\u00e9butant ou utilisateur d\u00e9pendant: A1, A2<br \/>\nUtilisateur ind\u00e9pendant: B1, B2<br \/>\nAvanc\u00e9 ou utilisateur exp\u00e9riment\u00e9: C1 et C2<\/p>\n\t<div class=\"vc_btn3-container vc_btn3-inline\">\n\t\t<a href=\"\/fr\/contactez-nous\/\" class=\"pgs_btn pgs_btn_style_1 pgs_btn_xl\">\n\t\t\t<span>\n\t\t\t\tContactez-nous\t\t\t<\/span>\n\t\t\t\t\t\t<i class=\"fa fa-external-link\"><\/i>\n\t\t\t\t\t<\/a>\n\t<\/div>\n\t\n<h2><span lang=\"FR\">Prix et dates de nos cours intensifs d&#8217;allemand <\/span>\u00e0 Vienne<\/h2>\n<p><span lang=\"FR\">Niveau: A1, A2, B1, B2, C1, C2 (tous les niveaux\u00a0\u00e0 partir du premier lundi de chaque mois)<br \/>\nD\u00e9but du cours:\u00a0Le premier lundi de chaque mois (si le lundi est un jour f\u00e9ri\u00e9, le cours aura lieu le lendemain)<br \/>\n<\/span>Dates: du lundi au vendredi, 8:00-11:00 \/ 11:00-14:00 \/14:00-17:00 \/18:00-21:00 (*\u00c0 partir de 5 personnes 3x 60 minutes par jour, avec 4 personnes 2x 60 minutes par jour)<br \/>\nDur\u00e9e du cours: 4-8 semaines<br \/>\n<span lang=\"FR\">Prix:<br \/>\n<\/span>1 semaine: 199 \u20ac<br \/>\n2 semaines: 349 \u20ac<br \/>\n3 semaines: 449 \u20ac<br \/>\n4 semaines: 499 \u20ac (au lieu de 599 \u20ac)<br \/>\n8 semaines: 998 \u20ac (au lieu de 1198 \u20ac)<\/p>\n\t<div class=\"vc_btn3-container vc_btn3-inline\">\n\t\t<a href=\"\/fr\/inscription-a-un-cours-de-langue-a-notre-ecole-a-vienne\/\" class=\"pgs_btn pgs_btn_style_1 pgs_btn_xl\">\n\t\t\t<span>\n\t\t\t\tInscrivez-vous\t\t\t<\/span>\n\t\t\t\t\t\t<i class=\"fa fa-external-link\"><\/i>\n\t\t\t\t\t<\/a>\n\t<\/div>\n\t\n<h2>Prix et dates de nos cours d&#8217;allemand du soir 2 jours \/ semaine<\/h2>\n<p>Niveau: A1, A2, B1, B2, C1, C2<br \/>\nDates: lundi et mercredi ou mardi et jeudi, 17:30-19:00 \/ 19:00-20:30.<br \/>\nDur\u00e9e du cours: 6 semaines \u00e0 partir de 4 participants<br \/>\nPrix: 319 \u20ac<br \/>\nD\u00e9but du cours: Le\u00a0 premier lundi ou\u00a0 mardi de chaque mois (si le lundi \u00a0ou le mardi est un jour f\u00e9ri\u00e9, le cours aura lieu le lendemain)<\/p>\n<div class=\"vc_btn3-container vc_btn3-inline\">\n\t\t<a href=\"\/fr\/inscription-a-un-cours-de-langue-a-notre-ecole-a-vienne\/\" class=\"pgs_btn pgs_btn_style_1 pgs_btn_xl\">\n\t\t\t<span>\n\t\t\t\tInscrivez-vous\t\t\t<\/span>\n\t\t\t\t\t\t<i class=\"fa fa-external-link\"><\/i>\n\t\t\t\t\t<\/a>\n\t<\/div>\n\t[\/vc_column_text][vc_row_inner][vc_column_inner][vc_column_text]<\/p>\n<h2>Des cours en petit groupe<\/h2>\n<p>[\/vc_column_text][\/vc_column_inner][\/vc_row_inner][vc_row_inner][vc_column_inner width=&#8221;1\/2&#8243;][vc_column_text]Nous limitons le nombre d\u2019\u00e9tudiants dans les classes afin d\u2019assurer un \u00e9change individuel avec le professeur ce qui permet aux \u00e9tudiants de progresser rapidement.<br \/>\nNos cours en petit groupe couvrent tous les aspects de l\u2019apprentissage de l&#8217;allemand\u00a0: expression orale, expression \u00e9crite, compr\u00e9hension \u00e9crite et orale avec la perspective que vous puissiez \u00e0 l\u2019avenir parler l&#8217;allemand naturellement.<\/p>\n<p>Vous ferez des progr\u00e8s rapidement ![\/vc_column_text][\/vc_column_inner][vc_column_inner width=&#8221;1\/2&#8243;][vc_single_image image=&#8221;33093&#8243; img_size=&#8221;full&#8221;][\/vc_column_inner][\/vc_row_inner][\/vc_column][\/vc_row][vc_row css=&#8221;.vc_custom_1534942868537{padding-top: 15px !important;padding-bottom: 15px !important;}&#8221;][vc_column][vc_column_text]<\/p>\n<h2>La p\u00e9dagogie, un facteur d\u00e9cisif<\/h2>\n<p>En plus du petit effectif de groupe, le professeur et sa p\u00e9dagogie sont les facteurs de votre succ\u00e8s. C\u2019est pour cette raison que nos professeurs sont des locuteurs natifs et font preuve d\u2019une grande p\u00e9dagogie . Celle-ci se base sur une attitude motivante qui encourage les \u00e9l\u00e8ves \u00e0 apprendre et \u00e0 surmonter certaines difficult\u00e9s linguistiques. De cette mani\u00e8re, vous prendrez plaisir \u00e0 discuter et \u00e0 \u00e9changer en allemand.[\/vc_column_text][\/vc_column][\/vc_row][vc_row full_width=&#8221;stretch_row&#8221; css=&#8221;.vc_custom_1534942974317{padding-top: 15px !important;padding-bottom: 15px !important;background-color: #f9f9f9 !important;}&#8221;][vc_column][vc_column_text]<\/p>\n<h2>Choisissez le niveau de langue qui vous convient<\/h2>\n<p>Il est tr\u00e8s important de vous inscrire au cours qui vous convient le mieux . C\u2019est pourquoi nous vous demandons pr\u00e9alablement d\u2019effectuer un test. Il peut se faire en ligne ou directement dans notre \u00e9cole \u00e0 Vienne. Vous optimisez ainsi les chances de vous retrouver dans le cours le plus adapt\u00e9 \u00e0 votre niveau.<\/p>\n<p><span lang=\"fr\" tabindex=\"0\">Si vous n\u2019\u00eates pas s\u00fbr pour quel niveau d\u2019enseignement il vous convient de vous inscrire, vous pouvez vous inscrire \u00e0 une heure d&#8217;essai.<\/span> Vous pouvez ainsi assister au fonctionnement du cours,\u00a0 voir si la p\u00e9dagogie, le professeur et l\u2019ambiance vous conviennent. Si vous \u00eates satisfait avec l\u2019enseignement offert ou avec l&#8217;enseignant, vous pouvez tout simplement continuer le cours. Serait-il le cas qu\u2019il y aurait des difficult\u00e9s concernant le cours, n\u2019h\u00e9sitez pas \u00e0 nous le communiquer.<\/p>\n<p>Cours d\u2019allemand en Autriche \u2013 Votre visa nous importe<\/p>\n<p>Si vous souhaitez faire des \u00e9tudes en Autriche et que vous n\u2019\u00eates pas citoyen d\u2019un \u00c9tat membre de l\u2019UE, vous devez poss\u00e9der un visa. Nous vous accompagnerons lors de vos d\u00e9marches de demande d\u2019obtention de celui-ci. Nous savons que dans le cas o\u00f9 vous ne ma\u00eetrisez pas la langue allemande, il devient difficile de remplir le formulaire.<\/p>\n<h2>L\u00b4acc\u00e8s \u00e0 notre \u00e9cole de langue est tr\u00e8s facile<\/h2>\n<p>La Sprachschule Aktiv Vienne est facilement accessible en voiture ou en transport en commun.<\/p>\n<div class=\"BorlabsCookie _brlbs-cb-googlemaps\"><div class=\"_brlbs-content-blocker\"> <div class=\"_brlbs-embed _brlbs-google-maps\"> <img class=\"_brlbs-thumbnail\" src=\"https:\/\/www.sprachschule-aktiv-wien.at\/wp-content\/plugins\/borlabs-cookie\/assets\/images\/cb-maps.png\" alt=\"Google Maps\"> <div class=\"_brlbs-caption\"> <p>Mit dem Laden der Karte akzeptieren Sie die Datenschutzerkl\u00e4rung von Google.<br><a href=\"https:\/\/policies.google.com\/privacy\" target=\"_blank\" rel=\"nofollow noopener noreferrer\">Mehr erfahren<\/a><\/p> <p><a class=\"_brlbs-btn\" href=\"#\" data-borlabs-cookie-unblock role=\"button\">Karte laden<\/a><\/p> <p><label><input type=\"checkbox\" name=\"unblockAll\" value=\"1\" checked> <small>Google Maps immer entsperren<\/small><\/label><\/p> <\/div> <\/div> <\/div><div class=\"borlabs-hide\" data-borlabs-cookie-type=\"content-blocker\" data-borlabs-cookie-id=\"googlemaps\"><script type=\"text\/template\">PHA+PGlmcmFtZSBzdHlsZT0iYm9yZGVyOiAwOyIgc3JjPSJodHRwczovL3d3dy5nb29nbGUuY29tL21hcHMvZW1iZWQ\/cGI9ITFtMTghMW0xMiExbTMhMWQyNjU5LjQwNzQxNzY5MDU1MyEyZDE2LjM2MzYzOTI1MTQ0NTI3OCEzZDQ4LjE5ODc2Nzk1NDc3Mzc2ITJtMyExZjAhMmYwITNmMCEzbTIhMWkxMDI0ITJpNzY4ITRmMTMuMSEzbTMhMW0yITFzMHg0NzZkMDc4NDlkZTIwMDcxJTNBMHg5MTlkMzcxZTEwYzQ1ODA4ITJzRmF1bG1hbm5nYXNzZSUyMDQlMkMlMjAxMDQwJTIwV2llbiUyQyUyMEF1c3RyaWEhNWUwITNtMiExc2VuITJzZGUhNHYxNTc1MDI4NjI4MjIyITVtMiExc2VuITJzZGUiIHdpZHRoPSIxMDAlIiBoZWlnaHQ9IjQwMCIgZnJhbWVib3JkZXI9IjAiIGFsbG93ZnVsbHNjcmVlbj0iYWxsb3dmdWxsc2NyZWVuIj48L2lmcmFtZT48L3A+<\/script><\/div><\/div>\n<h2>Apprendre l\u2019allemand \u00e0 Vienne est un plus<\/h2>\n<p>Nos professeurs s\u2019engagent, en plus de l\u2019enseignement, \u00e0 organiser des excursions ainsi que d&#8217; autres activit\u00e9s lors du temps libre. Vienne est une ville charmante avec d\u2019innombrables endroits \u00e0 explorer. A travers ces sorties culturelles, vous d\u00e9couvrirez le mode de vie et la culture autrichienne\u00a0 .<\/p>\n<h3>Essayez nos cours<\/h3>\n<p>Si nos cours d\u2019allemand \u00e0 Vienne vous int\u00e9ressent, n\u2019h\u00e9sitez pas \u00e0 nous contacter d\u00e8s maintenant. Aucun risque n\u2019est pris, puisque vous \u00eates satisfait ou rembours\u00e9 ![\/vc_column_text][\/vc_column][\/vc_row]<\/p>\n","protected":false},"excerpt":{"rendered":"<p>[vc_row full_width=&#8221;stretch_row_content_no_spaces&#8221;][vc_column][vc_single_image image=&#8221;28288&#8243; img_size=&#8221;full&#8221;][\/vc_column][\/vc_row][vc_row css=&#8221;.vc_custom_1534942666336{margin-top: 15px !important;padding-bottom: 15px !important;}&#8221;][vc_column][vc_column_text] Apprendre l\u2019allemand \u00e0 Vienne Vienne est l\u2019une des plus belles villes d&#8217;Autriche. Vous aurez non seulement la chance de d\u00e9couvrir la culture autrichienne mais aussi d\u2019apprendre l\u2019allemand. Notre \u00e9cole propose des cours diff\u00e9rents de langue et \u00e0 partir de tous les niveaux. Apprenez l\u2019allemand \u00e0 Vienne&hellip; <a class=\"read-more\" href=\"https:\/\/www.sprachschule-aktiv-wien.at\/fr\/\" title=\"Read Apprendre l\u2019allemand \u00e0 Vienne\">Read more &raquo;<\/a><\/p>\n","protected":false},"author":7,"featured_media":0,"parent":0,"menu_order":0,"comment_status":"closed","ping_status":"closed","template":"","meta":{"footnotes":""},"class_list":["post-4786","page","type-page","status-publish","hentry"],"yoast_head":"<!-- This site is optimized with the Yoast SEO plugin v27.1.1 - https:\/\/yoast.com\/product\/yoast-seo-wordpress\/ -->\n<title>Apprendre l\u2019Allemagne \u00e0 Vienne - Sprachschule Aktiv Wien<\/title>\n<meta name=\"description\" content=\"Peu importe votre niveau actuel et l\u2019objectif que vous souhaitez atteindre, nous avons le cours qui vous convient. Niveau: A1, A2, B1, B2, C1\" \/>\n<meta name=\"robots\" content=\"index, follow, max-snippet:-1, max-image-preview:large, max-video-preview:-1\" \/>\n<link rel=\"canonical\" href=\"https:\/\/www.sprachschule-aktiv-wien.at\/fr\/\" \/>\n<meta property=\"og:locale\" content=\"fr_FR\" \/>\n<meta property=\"og:type\" content=\"article\" \/>\n<meta property=\"og:title\" content=\"Apprendre l\u2019Allemagne \u00e0 Vienne - Sprachschule Aktiv Wien\" \/>\n<meta property=\"og:description\" content=\"Peu importe votre niveau actuel et l\u2019objectif que vous souhaitez atteindre, nous avons le cours qui vous convient. Niveau: A1, A2, B1, B2, C1\" \/>\n<meta property=\"og:url\" content=\"https:\/\/www.sprachschule-aktiv-wien.at\/fr\/\" \/>\n<meta property=\"og:site_name\" content=\"Sprachschule Aktiv Wien\" \/>\n<meta property=\"article:modified_time\" content=\"2024-06-02T20:59:39+00:00\" \/>\n<meta name=\"twitter:label1\" content=\"Dur\u00e9e de lecture estim\u00e9e\" \/>\n\t<meta name=\"twitter:data1\" content=\"5 minutes\" \/>\n<script type=\"application\/ld+json\" class=\"yoast-schema-graph\">{\"@context\":\"https:\/\/schema.org\",\"@graph\":[{\"@type\":\"WebPage\",\"@id\":\"https:\/\/www.sprachschule-aktiv-wien.at\/fr\/\",\"url\":\"https:\/\/www.sprachschule-aktiv-wien.at\/fr\/\",\"name\":\"Apprendre l\u2019Allemagne \u00e0 Vienne - Sprachschule Aktiv Wien\",\"isPartOf\":{\"@id\":\"https:\/\/www.sprachschule-aktiv-wien.at\/#website\"},\"datePublished\":\"2015-02-12T08:43:10+00:00\",\"dateModified\":\"2024-06-02T20:59:39+00:00\",\"description\":\"Peu importe votre niveau actuel et l\u2019objectif que vous souhaitez atteindre, nous avons le cours qui vous convient. Niveau: A1, A2, B1, B2, C1\",\"breadcrumb\":{\"@id\":\"https:\/\/www.sprachschule-aktiv-wien.at\/fr\/#breadcrumb\"},\"inLanguage\":\"fr-FR\",\"potentialAction\":[{\"@type\":\"ReadAction\",\"target\":[\"https:\/\/www.sprachschule-aktiv-wien.at\/fr\/\"]}]},{\"@type\":\"BreadcrumbList\",\"@id\":\"https:\/\/www.sprachschule-aktiv-wien.at\/fr\/#breadcrumb\",\"itemListElement\":[{\"@type\":\"ListItem\",\"position\":1,\"name\":\"Home\",\"item\":\"https:\/\/www.sprachschule-aktiv-wien.at\/fr\/\"},{\"@type\":\"ListItem\",\"position\":2,\"name\":\"Apprendre l\u2019allemand \u00e0 Vienne\"}]},{\"@type\":\"WebSite\",\"@id\":\"https:\/\/www.sprachschule-aktiv-wien.at\/#website\",\"url\":\"https:\/\/www.sprachschule-aktiv-wien.at\/\",\"name\":\"Sprachschule Aktiv Wien\",\"description\":\"\",\"potentialAction\":[{\"@type\":\"SearchAction\",\"target\":{\"@type\":\"EntryPoint\",\"urlTemplate\":\"https:\/\/www.sprachschule-aktiv-wien.at\/?s={search_term_string}\"},\"query-input\":{\"@type\":\"PropertyValueSpecification\",\"valueRequired\":true,\"valueName\":\"search_term_string\"}}],\"inLanguage\":\"fr-FR\"}]}<\/script>\n<!-- \/ Yoast SEO plugin. -->","yoast_head_json":{"title":"Apprendre l\u2019Allemagne \u00e0 Vienne - Sprachschule Aktiv Wien","description":"Peu importe votre niveau actuel et l\u2019objectif que vous souhaitez atteindre, nous avons le cours qui vous convient. Niveau: A1, A2, B1, B2, C1","robots":{"index":"index","follow":"follow","max-snippet":"max-snippet:-1","max-image-preview":"max-image-preview:large","max-video-preview":"max-video-preview:-1"},"canonical":"https:\/\/www.sprachschule-aktiv-wien.at\/fr\/","og_locale":"fr_FR","og_type":"article","og_title":"Apprendre l\u2019Allemagne \u00e0 Vienne - Sprachschule Aktiv Wien","og_description":"Peu importe votre niveau actuel et l\u2019objectif que vous souhaitez atteindre, nous avons le cours qui vous convient. Niveau: A1, A2, B1, B2, C1","og_url":"https:\/\/www.sprachschule-aktiv-wien.at\/fr\/","og_site_name":"Sprachschule Aktiv Wien","article_modified_time":"2024-06-02T20:59:39+00:00","twitter_misc":{"Dur\u00e9e de lecture estim\u00e9e":"5 minutes"},"schema":{"@context":"https:\/\/schema.org","@graph":[{"@type":"WebPage","@id":"https:\/\/www.sprachschule-aktiv-wien.at\/fr\/","url":"https:\/\/www.sprachschule-aktiv-wien.at\/fr\/","name":"Apprendre l\u2019Allemagne \u00e0 Vienne - Sprachschule Aktiv Wien","isPartOf":{"@id":"https:\/\/www.sprachschule-aktiv-wien.at\/#website"},"datePublished":"2015-02-12T08:43:10+00:00","dateModified":"2024-06-02T20:59:39+00:00","description":"Peu importe votre niveau actuel et l\u2019objectif que vous souhaitez atteindre, nous avons le cours qui vous convient. Niveau: A1, A2, B1, B2, C1","breadcrumb":{"@id":"https:\/\/www.sprachschule-aktiv-wien.at\/fr\/#breadcrumb"},"inLanguage":"fr-FR","potentialAction":[{"@type":"ReadAction","target":["https:\/\/www.sprachschule-aktiv-wien.at\/fr\/"]}]},{"@type":"BreadcrumbList","@id":"https:\/\/www.sprachschule-aktiv-wien.at\/fr\/#breadcrumb","itemListElement":[{"@type":"ListItem","position":1,"name":"Home","item":"https:\/\/www.sprachschule-aktiv-wien.at\/fr\/"},{"@type":"ListItem","position":2,"name":"Apprendre l\u2019allemand \u00e0 Vienne"}]},{"@type":"WebSite","@id":"https:\/\/www.sprachschule-aktiv-wien.at\/#website","url":"https:\/\/www.sprachschule-aktiv-wien.at\/","name":"Sprachschule Aktiv Wien","description":"","potentialAction":[{"@type":"SearchAction","target":{"@type":"EntryPoint","urlTemplate":"https:\/\/www.sprachschule-aktiv-wien.at\/?s={search_term_string}"},"query-input":{"@type":"PropertyValueSpecification","valueRequired":true,"valueName":"search_term_string"}}],"inLanguage":"fr-FR"}]}},"_links":{"self":[{"href":"https:\/\/www.sprachschule-aktiv-wien.at\/fr\/wp-json\/wp\/v2\/pages\/4786","targetHints":{"allow":["GET"]}}],"collection":[{"href":"https:\/\/www.sprachschule-aktiv-wien.at\/fr\/wp-json\/wp\/v2\/pages"}],"about":[{"href":"https:\/\/www.sprachschule-aktiv-wien.at\/fr\/wp-json\/wp\/v2\/types\/page"}],"author":[{"embeddable":true,"href":"https:\/\/www.sprachschule-aktiv-wien.at\/fr\/wp-json\/wp\/v2\/users\/7"}],"replies":[{"embeddable":true,"href":"https:\/\/www.sprachschule-aktiv-wien.at\/fr\/wp-json\/wp\/v2\/comments?post=4786"}],"version-history":[{"count":100,"href":"https:\/\/www.sprachschule-aktiv-wien.at\/fr\/wp-json\/wp\/v2\/pages\/4786\/revisions"}],"predecessor-version":[{"id":42419,"href":"https:\/\/www.sprachschule-aktiv-wien.at\/fr\/wp-json\/wp\/v2\/pages\/4786\/revisions\/42419"}],"wp:attachment":[{"href":"https:\/\/www.sprachschule-aktiv-wien.at\/fr\/wp-json\/wp\/v2\/media?parent=4786"}],"curies":[{"name":"wp","href":"https:\/\/api.w.org\/{rel}","templated":true}]}}