{"id":7527,"date":"2015-02-12T08:43:10","date_gmt":"2015-02-12T08:43:10","guid":{"rendered":"https:\/\/www.sprachschule-aktiv-wien.at\/deutsch-und-fremdsprachen-lernen-in-wien-sprachschule-aktiv\/"},"modified":"2024-06-02T20:55:29","modified_gmt":"2024-06-02T20:55:29","slug":"saksa-keele-oppimine-viinis-saksa-keele-kursused-tasemetele-a1-c2-saksa-keele-kool","status":"publish","type":"page","link":"https:\/\/www.sprachschule-aktiv-wien.at\/et\/","title":{"rendered":"Saksa  keele \u00f5ppimine Viinis &#8211; saksa keele kursused tasemetele A1-C2 &#8211; Saksa keele kool"},"content":{"rendered":"<p>[vc_row full_width=&#8221;stretch_row_content_no_spaces&#8221;][vc_column][vc_single_image image=&#8221;28641&#8243; img_size=&#8221;full&#8221;][\/vc_column][\/vc_row][vc_row css=&#8221;.vc_custom_1535033461583{margin-top: 15px !important;padding-bottom: 15px !important;}&#8221;][vc_column][vc_column_text]<\/p>\n<h1>Saksa keele \u00f5ppimine Viinis &#8211; saksa keele kursused tasemetele A1-C2 &#8211; Saksa keele kool<\/h1>\n<p>Saksa keele intensiivkursused Viinis tasemetele A1, A2, B1, B2, C1, C2<br \/>\nSaksa keele intensiivkursused k\u00f5ikidele tasemetele A1-C2 \u2013 v\u00f5imalikud j\u00e4rgmised tasemed:<\/p>\n<p>Saksa keele intensiivkursus algajatele: A1, A2<br \/>\nSaksa keele intensiivkursused kesktasemele: B1, B2<br \/>\nSaksa keele intensiivkursus k\u00f5rgtasemele: C1 ja C2<\/p>\n<p>Saksa keele intensiivkursus Viinis \u2013 \u00d5ppige saksa keel kiiresti selgeks<\/p>\n<p>Kui tahate \u00f5ppida saksa keelt nii kiiresti ja intensiivselt kui v\u00f5imalik, siis sobib teile ideaalselt meie saksa keele kursus Viinis. S\u00f5ltuvalt teie seatud eesm\u00e4rkidest, pakume teile erinevaid kursusi ja \u00f5ppimismeetodeid.[\/vc_column_text][vc_row_inner][vc_column_inner width=&#8221;1\/2&#8243;][vc_column_text]<div class=\"BorlabsCookie _brlbs-cb-youtube\"><div class=\"_brlbs-content-blocker\"> <div class=\"_brlbs-embed _brlbs-video-youtube\"> <img class=\"_brlbs-thumbnail\" src=\"https:\/\/www.sprachschule-aktiv-wien.at\/wp-content\/plugins\/borlabs-cookie\/assets\/images\/cb-no-thumbnail.png\" alt=\"YouTube\"> <div class=\"_brlbs-caption\"> <p>Mit dem Laden des Videos akzeptieren Sie die Datenschutzerkl\u00e4rung von YouTube.<br><a href=\"https:\/\/policies.google.com\/privacy\" target=\"_blank\" rel=\"nofollow noopener noreferrer\">Mehr erfahren<\/a><\/p> <p><a class=\"_brlbs-btn _brlbs-icon-play-white\" href=\"#\" data-borlabs-cookie-unblock role=\"button\">Video laden<\/a><\/p> <p><label><input type=\"checkbox\" name=\"unblockAll\" value=\"1\" checked> <small>YouTube immer entsperren<\/small><\/label><\/p> <\/div> <\/div> <\/div><div class=\"borlabs-hide\" data-borlabs-cookie-type=\"content-blocker\" data-borlabs-cookie-id=\"youtube\"><script type=\"text\/template\">PGlmcmFtZSBzcmM9Imh0dHBzOi8vd3d3LnlvdXR1YmUtbm9jb29raWUuY29tL2VtYmVkL1h6SUl6em00SmFZIiB3aWR0aD0iNTYwIiBoZWlnaHQ9IjMxNSIgZnJhbWVib3JkZXI9IjAiIGFsbG93ZnVsbHNjcmVlbj0iYWxsb3dmdWxsc2NyZWVuIj48L2lmcmFtZT4=<\/script><\/div><\/div>[\/vc_column_text][\/vc_column_inner][vc_column_inner width=&#8221;1\/2&#8243;][vc_column_text]<div class=\"BorlabsCookie _brlbs-cb-youtube\"><div class=\"_brlbs-content-blocker\"> <div class=\"_brlbs-embed _brlbs-video-youtube\"> <img class=\"_brlbs-thumbnail\" src=\"https:\/\/www.sprachschule-aktiv-wien.at\/wp-content\/plugins\/borlabs-cookie\/assets\/images\/cb-no-thumbnail.png\" alt=\"YouTube\"> <div class=\"_brlbs-caption\"> <p>Mit dem Laden des Videos akzeptieren Sie die Datenschutzerkl\u00e4rung von YouTube.<br><a href=\"https:\/\/policies.google.com\/privacy\" target=\"_blank\" rel=\"nofollow noopener noreferrer\">Mehr erfahren<\/a><\/p> <p><a class=\"_brlbs-btn _brlbs-icon-play-white\" href=\"#\" data-borlabs-cookie-unblock role=\"button\">Video laden<\/a><\/p> <p><label><input type=\"checkbox\" name=\"unblockAll\" value=\"1\" checked> <small>YouTube immer entsperren<\/small><\/label><\/p> <\/div> <\/div> <\/div><div class=\"borlabs-hide\" data-borlabs-cookie-type=\"content-blocker\" data-borlabs-cookie-id=\"youtube\"><script type=\"text\/template\">PGlmcmFtZSBzcmM9Imh0dHBzOi8vd3d3LnlvdXR1YmUtbm9jb29raWUuY29tL2VtYmVkL09tbERYMXJETC13IiB3aWR0aD0iNTYwIiBoZWlnaHQ9IjMxNSIgZnJhbWVib3JkZXI9IjAiIGFsbG93ZnVsbHNjcmVlbj0iYWxsb3dmdWxsc2NyZWVuIj48L2lmcmFtZT4=<\/script><\/div><\/div>[\/vc_column_text][\/vc_column_inner][\/vc_row_inner][\/vc_column][\/vc_row][vc_row full_width=&#8221;stretch_row&#8221; css=&#8221;.vc_custom_1535033533973{padding-top: 15px !important;padding-bottom: 15px !important;background-color: #f9f9f9 !important;}&#8221;][vc_column][vc_column_text]<\/p>\n<h2>Meie saksa keele intensiivkursuste toimumise ajad ja hinnad:<\/h2>\n<p><strong>Tase<\/strong>: A1, A2, B1, B2, C1, C2<br \/>\n<strong>Kursuse ajakava<\/strong>: esmasp\u00e4evast reedeni, 8:00-11:00 \/ 11:00-14:00 \/14:00-17:00 \/ 18:00-21:00<br \/>\n<strong>Kursuse algus<\/strong>: kursused k\u00f5ikidele tasemetele algavad kuu esimesel esmasp\u00e4eval; kui esmasp\u00e4ev on riigip\u00fcha, siis toimub kursus j\u00e4rgmisel p\u00e4eval.<br \/>\n<strong>Kursuse kestus<\/strong>: 4-8 n\u00e4dalat<br \/>\nKursuseid saab broneerida ka n\u00e4dalakaupa.<br \/>\n<strong>Hinnad<\/strong>:<br \/>\n1 n\u00e4dal: 199 \u20ac<br \/>\n2 n\u00e4dalat: 349 \u20ac<br \/>\n3 n\u00e4dalat: 449 \u20ac<br \/>\n4 n\u00e4dalat (kuus): 499 \u20ac<\/p>\n<div class=\"BorlabsCookie _brlbs-cb-youtube\"><div class=\"_brlbs-content-blocker\"> <div class=\"_brlbs-embed _brlbs-video-youtube\"> <img class=\"_brlbs-thumbnail\" src=\"https:\/\/www.sprachschule-aktiv-wien.at\/wp-content\/plugins\/borlabs-cookie\/assets\/images\/cb-no-thumbnail.png\" alt=\"YouTube\"> <div class=\"_brlbs-caption\"> <p>Mit dem Laden des Videos akzeptieren Sie die Datenschutzerkl\u00e4rung von YouTube.<br><a href=\"https:\/\/policies.google.com\/privacy\" target=\"_blank\" rel=\"nofollow noopener noreferrer\">Mehr erfahren<\/a><\/p> <p><a class=\"_brlbs-btn _brlbs-icon-play-white\" href=\"#\" data-borlabs-cookie-unblock role=\"button\">Video laden<\/a><\/p> <p><label><input type=\"checkbox\" name=\"unblockAll\" value=\"1\" checked> <small>YouTube immer entsperren<\/small><\/label><\/p> <\/div> <\/div> <\/div><div class=\"borlabs-hide\" data-borlabs-cookie-type=\"content-blocker\" data-borlabs-cookie-id=\"youtube\"><script type=\"text\/template\">PHA+PGlmcmFtZSBzcmM9Imh0dHBzOi8vd3d3LnlvdXR1YmUtbm9jb29raWUuY29tL2VtYmVkL0dMSlk0RFVOOGpzIiB3aWR0aD0iMTAwJSIgaGVpZ2h0PSIzNTAiIGZyYW1lYm9yZGVyPSIwIiBhbGxvd2Z1bGxzY3JlZW49ImFsbG93ZnVsbHNjcmVlbiI+PC9pZnJhbWU+PC9wPg==<\/script><\/div><\/div>\n<h2>Meil on kursused nii algajatele kui edasij\u00f5udnutele<\/h2>\n<p>\u00dcksk\u00f5ik milline varasem kogemus Teil on, koos meiega olete \u00f5iges kohas. Eelnevate saksa keele teadmisteta v\u00f5ite alustada algkursusel. Kui Teil on juba m\u00f5ned varasemad teadmised saksa keelest, siis leiame Teile sobiva kursuse. Oma saksa keele oskust on Teil v\u00f5imalik kontrollida testiga. Kui Te ei ole veel Viinis, siis saate h\u00f5lpsasti teha test online\u2019s.Viinis olles v\u00f5ite k\u00fclastada meie keelekooli Aktiv.<\/p>\n<p>[\/vc_column_text][\/vc_column][\/vc_row][vc_row css=&#8221;.vc_custom_1535033566417{padding-top: 15px !important;padding-bottom: 15px !important;}&#8221;][vc_column][vc_column_text]<\/p>\n<h2>Meie hommikune saksa keele intensiivkursus<\/h2>\n<p>Klassikaline kursus, see on saksa keele intensiivkursus hommikul. Iga p\u00e4ev kella 8:00 kuni 11:00 \/ kella 11:00 kuni 14:00 k\u00fclastate oma valitud saksa keele kursust. P\u00e4eva teisel poolel v\u00f5ite harjutada omandatut v\u00f5i tutvuda kauni linnaga. Eelnevate saksa keele oskustega inimestel algavad \u00f5pingud igal esmasp\u00e4eval. Saksa keele kursus algajatele algab aga iga kuu esimesel esmasp\u00e4eval. Meie saksa keele semi-intensiivkursused \u00f5htul toimuvad iga p\u00e4ev esmasp\u00e4evast neljap\u00e4evani kella 17:30 kuni 19:00 v\u00f5i kella 19:00 kuni 20:30.<\/p>\n<h2>Viinis toimuvad saksa keele kursused v\u00e4ikestes r\u00fchmades<\/h2>\n<p>Paremate tulemuste saavutamiseks on grupi suurus oluliseks teguriks. Mida v\u00e4iksem grupp, seda lihtsam on vastata teie k\u00fcsimustele , k\u00f5ik te probleemid saavad lahendatud. Saate tegeleda intensiivsemalt keelega ja saavutada kiiremini edu. Oleme veendunud, et grupis ei saa olla \u00fcle 10 osaleja.<\/p>\n<h2>Saksa keele kursused Viinis &#8211; Teie eelised<\/h2>\n<p>Meie p\u00fchendunud \u00f5petajad ei piirdu ainult keele \u00f5petamisega. Nad korraldavad ekskursioone ja muid \u00fcritusi. Viin on v\u00e4ga ilus linn ja seal on lugematuid vaatamisv\u00e4\u00e4rsusi, mida k\u00fclastada. Meie \u00f5petajad ei taha lihtsalt \u00f5petada keelt, nad tahavad teile tutvustada ka Austria eluviisi<\/p>\n<h3>Teie eelised:<\/h3>\n<p>Tasuta esimene \u00f5ppetund.<br \/>\nRaha tagastamise Garantii.<br \/>\nEkskursioonid ja \u00fcritused peale kursust.<br \/>\nVabatahtlik keeleoskuse test online\u2019s v\u00f5i meie keelekoolis.<br \/>\nKvalifitseeritud saksa keele \u00f5petajad \u2013 oma emakeele \u00f5petajad.<br \/>\nTunnustatud keeletunnistused.<br \/>\n\u00d6IF eksamiteks ettevalmistamise kursused, \u00d6SD eksamid, EPD \u00fclikooli astumiseks, Goethe tunnistus jne.<br \/>\nMeie kursused valmistavad teid ette \u00f5pinguteks saksakeelses \u00fclikoolis Austrias, alalise elukoha ja Austria kodakondsus saamiseks.<br \/>\nMeie keelekursused on ka tunnustatud saksa keele \u00f5ppimise jaoks Schengeni viisa saamiseks.<\/p>\n<p>[\/vc_column_text][\/vc_column][\/vc_row]<\/p>\n","protected":false},"excerpt":{"rendered":"<p>[vc_row full_width=&#8221;stretch_row_content_no_spaces&#8221;][vc_column][vc_single_image image=&#8221;28641&#8243; img_size=&#8221;full&#8221;][\/vc_column][\/vc_row][vc_row css=&#8221;.vc_custom_1535033461583{margin-top: 15px !important;padding-bottom: 15px !important;}&#8221;][vc_column][vc_column_text] Saksa keele \u00f5ppimine Viinis &#8211; saksa keele kursused tasemetele A1-C2 &#8211; Saksa keele kool Saksa keele intensiivkursused Viinis tasemetele A1, A2, B1, B2, C1, C2 Saksa keele intensiivkursused k\u00f5ikidele tasemetele A1-C2 \u2013 v\u00f5imalikud j\u00e4rgmised tasemed: Saksa keele intensiivkursus algajatele: A1, A2 Saksa keele intensiivkursused kesktasemele: B1,&hellip; <a class=\"read-more\" href=\"https:\/\/www.sprachschule-aktiv-wien.at\/et\/\" title=\"Read Saksa  keele \u00f5ppimine Viinis &#8211; saksa keele kursused tasemetele A1-C2 &#8211; Saksa keele kool\">Read more &raquo;<\/a><\/p>\n","protected":false},"author":7,"featured_media":0,"parent":0,"menu_order":0,"comment_status":"closed","ping_status":"closed","template":"","meta":{"footnotes":""},"class_list":["post-7527","page","type-page","status-publish","hentry"],"yoast_head":"<!-- This site is optimized with the Yoast SEO plugin v27.1.1 - https:\/\/yoast.com\/product\/yoast-seo-wordpress\/ -->\n<title>Saksa keele \u00f5ppimine Viinis - Kursused tasemetele A1-C2<\/title>\n<meta name=\"description\" content=\"Saksa keele \u00f5ppimine Viinis - saksa keele kursused tasemetele A1-C2. Saksa keele intensiivkursused Viinis tasemetele A1, A2, B1, B2, C1, C2.\" \/>\n<meta name=\"robots\" content=\"index, follow, max-snippet:-1, max-image-preview:large, max-video-preview:-1\" \/>\n<link rel=\"canonical\" href=\"https:\/\/www.sprachschule-aktiv-wien.at\/et\/\" \/>\n<meta property=\"og:locale\" content=\"et_EE\" \/>\n<meta property=\"og:type\" content=\"article\" \/>\n<meta property=\"og:title\" content=\"Saksa keele \u00f5ppimine Viinis - Kursused tasemetele A1-C2\" \/>\n<meta property=\"og:description\" content=\"Saksa keele \u00f5ppimine Viinis - saksa keele kursused tasemetele A1-C2. Saksa keele intensiivkursused Viinis tasemetele A1, A2, B1, B2, C1, C2.\" \/>\n<meta property=\"og:url\" content=\"https:\/\/www.sprachschule-aktiv-wien.at\/et\/\" \/>\n<meta property=\"og:site_name\" content=\"Sprachschule Aktiv Wien\" \/>\n<meta property=\"article:modified_time\" content=\"2024-06-02T20:55:29+00:00\" \/>\n<meta name=\"twitter:label1\" content=\"Est. reading time\" \/>\n\t<meta name=\"twitter:data1\" content=\"3 minutit\" \/>\n<script type=\"application\/ld+json\" class=\"yoast-schema-graph\">{\"@context\":\"https:\/\/schema.org\",\"@graph\":[{\"@type\":\"WebPage\",\"@id\":\"https:\/\/www.sprachschule-aktiv-wien.at\/et\/\",\"url\":\"https:\/\/www.sprachschule-aktiv-wien.at\/et\/\",\"name\":\"Saksa keele \u00f5ppimine Viinis - Kursused tasemetele A1-C2\",\"isPartOf\":{\"@id\":\"https:\/\/www.sprachschule-aktiv-wien.at\/#website\"},\"datePublished\":\"2015-02-12T08:43:10+00:00\",\"dateModified\":\"2024-06-02T20:55:29+00:00\",\"description\":\"Saksa keele \u00f5ppimine Viinis - saksa keele kursused tasemetele A1-C2. Saksa keele intensiivkursused Viinis tasemetele A1, A2, B1, B2, C1, C2.\",\"breadcrumb\":{\"@id\":\"https:\/\/www.sprachschule-aktiv-wien.at\/et\/#breadcrumb\"},\"inLanguage\":\"et\",\"potentialAction\":[{\"@type\":\"ReadAction\",\"target\":[\"https:\/\/www.sprachschule-aktiv-wien.at\/et\/\"]}]},{\"@type\":\"BreadcrumbList\",\"@id\":\"https:\/\/www.sprachschule-aktiv-wien.at\/et\/#breadcrumb\",\"itemListElement\":[{\"@type\":\"ListItem\",\"position\":1,\"name\":\"Home\",\"item\":\"https:\/\/www.sprachschule-aktiv-wien.at\/et\/\"},{\"@type\":\"ListItem\",\"position\":2,\"name\":\"Saksa keele \u00f5ppimine Viinis &#8211; saksa keele kursused tasemetele A1-C2 &#8211; Saksa keele kool\"}]},{\"@type\":\"WebSite\",\"@id\":\"https:\/\/www.sprachschule-aktiv-wien.at\/#website\",\"url\":\"https:\/\/www.sprachschule-aktiv-wien.at\/\",\"name\":\"Sprachschule Aktiv Wien\",\"description\":\"\",\"potentialAction\":[{\"@type\":\"SearchAction\",\"target\":{\"@type\":\"EntryPoint\",\"urlTemplate\":\"https:\/\/www.sprachschule-aktiv-wien.at\/?s={search_term_string}\"},\"query-input\":{\"@type\":\"PropertyValueSpecification\",\"valueRequired\":true,\"valueName\":\"search_term_string\"}}],\"inLanguage\":\"et\"}]}<\/script>\n<!-- \/ Yoast SEO plugin. -->","yoast_head_json":{"title":"Saksa keele \u00f5ppimine Viinis - Kursused tasemetele A1-C2","description":"Saksa keele \u00f5ppimine Viinis - saksa keele kursused tasemetele A1-C2. Saksa keele intensiivkursused Viinis tasemetele A1, A2, B1, B2, C1, C2.","robots":{"index":"index","follow":"follow","max-snippet":"max-snippet:-1","max-image-preview":"max-image-preview:large","max-video-preview":"max-video-preview:-1"},"canonical":"https:\/\/www.sprachschule-aktiv-wien.at\/et\/","og_locale":"et_EE","og_type":"article","og_title":"Saksa keele \u00f5ppimine Viinis - Kursused tasemetele A1-C2","og_description":"Saksa keele \u00f5ppimine Viinis - saksa keele kursused tasemetele A1-C2. Saksa keele intensiivkursused Viinis tasemetele A1, A2, B1, B2, C1, C2.","og_url":"https:\/\/www.sprachschule-aktiv-wien.at\/et\/","og_site_name":"Sprachschule Aktiv Wien","article_modified_time":"2024-06-02T20:55:29+00:00","twitter_misc":{"Est. reading time":"3 minutit"},"schema":{"@context":"https:\/\/schema.org","@graph":[{"@type":"WebPage","@id":"https:\/\/www.sprachschule-aktiv-wien.at\/et\/","url":"https:\/\/www.sprachschule-aktiv-wien.at\/et\/","name":"Saksa keele \u00f5ppimine Viinis - Kursused tasemetele A1-C2","isPartOf":{"@id":"https:\/\/www.sprachschule-aktiv-wien.at\/#website"},"datePublished":"2015-02-12T08:43:10+00:00","dateModified":"2024-06-02T20:55:29+00:00","description":"Saksa keele \u00f5ppimine Viinis - saksa keele kursused tasemetele A1-C2. Saksa keele intensiivkursused Viinis tasemetele A1, A2, B1, B2, C1, C2.","breadcrumb":{"@id":"https:\/\/www.sprachschule-aktiv-wien.at\/et\/#breadcrumb"},"inLanguage":"et","potentialAction":[{"@type":"ReadAction","target":["https:\/\/www.sprachschule-aktiv-wien.at\/et\/"]}]},{"@type":"BreadcrumbList","@id":"https:\/\/www.sprachschule-aktiv-wien.at\/et\/#breadcrumb","itemListElement":[{"@type":"ListItem","position":1,"name":"Home","item":"https:\/\/www.sprachschule-aktiv-wien.at\/et\/"},{"@type":"ListItem","position":2,"name":"Saksa keele \u00f5ppimine Viinis &#8211; saksa keele kursused tasemetele A1-C2 &#8211; Saksa keele kool"}]},{"@type":"WebSite","@id":"https:\/\/www.sprachschule-aktiv-wien.at\/#website","url":"https:\/\/www.sprachschule-aktiv-wien.at\/","name":"Sprachschule Aktiv Wien","description":"","potentialAction":[{"@type":"SearchAction","target":{"@type":"EntryPoint","urlTemplate":"https:\/\/www.sprachschule-aktiv-wien.at\/?s={search_term_string}"},"query-input":{"@type":"PropertyValueSpecification","valueRequired":true,"valueName":"search_term_string"}}],"inLanguage":"et"}]}},"_links":{"self":[{"href":"https:\/\/www.sprachschule-aktiv-wien.at\/et\/wp-json\/wp\/v2\/pages\/7527","targetHints":{"allow":["GET"]}}],"collection":[{"href":"https:\/\/www.sprachschule-aktiv-wien.at\/et\/wp-json\/wp\/v2\/pages"}],"about":[{"href":"https:\/\/www.sprachschule-aktiv-wien.at\/et\/wp-json\/wp\/v2\/types\/page"}],"author":[{"embeddable":true,"href":"https:\/\/www.sprachschule-aktiv-wien.at\/et\/wp-json\/wp\/v2\/users\/7"}],"replies":[{"embeddable":true,"href":"https:\/\/www.sprachschule-aktiv-wien.at\/et\/wp-json\/wp\/v2\/comments?post=7527"}],"version-history":[{"count":20,"href":"https:\/\/www.sprachschule-aktiv-wien.at\/et\/wp-json\/wp\/v2\/pages\/7527\/revisions"}],"predecessor-version":[{"id":42415,"href":"https:\/\/www.sprachschule-aktiv-wien.at\/et\/wp-json\/wp\/v2\/pages\/7527\/revisions\/42415"}],"wp:attachment":[{"href":"https:\/\/www.sprachschule-aktiv-wien.at\/et\/wp-json\/wp\/v2\/media?parent=7527"}],"curies":[{"name":"wp","href":"https:\/\/api.w.org\/{rel}","templated":true}]}}