{"id":6366,"date":"2018-07-24T09:53:44","date_gmt":"2018-07-24T09:53:44","guid":{"rendered":"https:\/\/www.sprachschule-aktiv-wien.at\/?page_id=6366"},"modified":"2025-03-24T11:59:37","modified_gmt":"2025-03-24T11:59:37","slug":"oeif-german-courses-in-vienna","status":"publish","type":"page","link":"https:\/\/www.sprachschule-aktiv-wien.at\/en\/oeif-german-courses-in-vienna\/","title":{"rendered":"\u00d6IF German courses in Vienna"},"content":{"rendered":"<p>[vc_row css=&#8221;.vc_custom_1534928906605{margin-top: 15px !important;padding-bottom: 15px !important;}&#8221;][vc_column][vc_column_text]<\/p>\n<h1>\u00d6IF German integration courses in Vienna: Learn German<\/h1>\n<p>[\/vc_column_text][vc_row_inner][vc_column_inner][vc_column_text]If you come from abroad and want to settle in Austria, become part of the work field and understand German, we can offer preparatory courses that will quickly and efficiently familiarize you with the contents of the integration exams that you have to pass to stay in Austria.<br \/>\n\t<div class=\"vc_btn3-container vc_btn3-inline\">\n\t\t<a href=\"\/en\/contact\/\" class=\"pgs_btn pgs_btn_style_1 pgs_btn_xl\">\n\t\t\t<span>\n\t\t\t\tContact us\t\t\t<\/span>\n\t\t\t\t\t\t<i class=\"fa fa-external-link\"><\/i>\n\t\t\t\t\t<\/a>\n\t<\/div>\n\t[\/vc_column_text][\/vc_column_inner][\/vc_row_inner][vc_row_inner][vc_column_inner][vc_column_text]<\/p>\n<h2>\u00d6IF German language courses in Austria<\/h2>\n<p>[\/vc_column_text][\/vc_column_inner][\/vc_row_inner][vc_row_inner][vc_column_inner width=&#8221;1\/2&#8243;][vc_column_text]The language school Aktiv Vienna offers you a certified \u00d6IF German course suitable for your upcoming exam. In the 8 weeks before the exam, you will practice with our professional teachers the basics and course contents of the written as well as oral \u00d6IF exam. At the end of the intensive course 5 times a week, you will be able to take an \u00d6IF exam at your language level.\u00a0Here you will find answers to frequently asked questions and information on\u00a0<a href=\"https:\/\/www.sprachschule-aktiv-wien.at\/en\/oeif-exam-a1-a2-b1-dates-information\/\" target=\"_blank\" rel=\"noopener noreferrer\">\u00d6IF integration exam at Language school Aktiv in Vienna.<\/a>[\/vc_column_text][\/vc_column_inner][vc_column_inner width=&#8221;1\/2&#8243;][vc_column_text]<div class=\"BorlabsCookie _brlbs-cb-youtube\"><div class=\"_brlbs-content-blocker\"> <div class=\"_brlbs-embed _brlbs-video-youtube\"> <img class=\"_brlbs-thumbnail\" src=\"https:\/\/www.sprachschule-aktiv-wien.at\/wp-content\/plugins\/borlabs-cookie\/assets\/images\/cb-no-thumbnail.png\" alt=\"YouTube\"> <div class=\"_brlbs-caption\"> <p>Mit dem Laden des Videos akzeptieren Sie die Datenschutzerkl\u00e4rung von YouTube.<br><a href=\"https:\/\/policies.google.com\/privacy\" target=\"_blank\" rel=\"nofollow noopener noreferrer\">Mehr erfahren<\/a><\/p> <p><a class=\"_brlbs-btn _brlbs-icon-play-white\" href=\"#\" data-borlabs-cookie-unblock role=\"button\">Video laden<\/a><\/p> <p><label><input type=\"checkbox\" name=\"unblockAll\" value=\"1\" checked> <small>YouTube immer entsperren<\/small><\/label><\/p> <\/div> <\/div> <\/div><div class=\"borlabs-hide\" data-borlabs-cookie-type=\"content-blocker\" data-borlabs-cookie-id=\"youtube\"><script type=\"text\/template\">PGlmcmFtZSBzcmM9Imh0dHBzOi8vd3d3LnlvdXR1YmUtbm9jb29raWUuY29tL2VtYmVkL1h6SUl6em00SmFZIiB3aWR0aD0iNTYwIiBoZWlnaHQ9IjMxNSIgZnJhbWVib3JkZXI9IjAiIGFsbG93ZnVsbHNjcmVlbj0iYWxsb3dmdWxsc2NyZWVuIj48L2lmcmFtZT4=<\/script><\/div><\/div>[\/vc_column_text][\/vc_column_inner][\/vc_row_inner][vc_row_inner][vc_column_inner][vc_column_text]<\/p>\n<h2>Prices and dates of our \u00d6IF German courses in Vienna<\/h2>\n<p>[\/vc_column_text][\/vc_column_inner][\/vc_row_inner][vc_row_inner][vc_column_inner width=&#8221;1\/2&#8243;][vc_column_text]Level: A1, A2, B1, B2 (B2.1 + B2.2)<br \/>\nStarting date: every first Monday of the month<br \/>\nDates: Monday to Friday, 08:00-11:00\/11:00-14:00\/14:00-17:00\/18:00-21:00 (*from 5 participants: 3\u00d760 minutes daily,\u00a0with 4 participants 2\u00d760 minutes daily)<br \/>\nDuration:\u00a04 weeks for A1, A2 or B1; 8 weeks for B2.<br \/>\nPrice: 499 \u20ac (instead of 599 \u20ac) for 4 weeks, 998 \u20ac for 8 weeks ((instead of 1198 \u20ac)<br \/>\n\t<div class=\"vc_btn3-container vc_btn3-inline\">\n\t\t<a href=\"\/anmeldung\/\" class=\"pgs_btn pgs_btn_style_1 pgs_btn_xl\">\n\t\t\t<span>\n\t\t\t\tRegister now!\t\t\t<\/span>\n\t\t\t\t\t\t<i class=\"fa fa-external-link\"><\/i>\n\t\t\t\t\t<\/a>\n\t<\/div>\n\t[\/vc_column_text][\/vc_column_inner][vc_column_inner width=&#8221;1\/2&#8243;][vc_single_image image=&#8221;24662&#8243; img_size=&#8221;full&#8221;][\/vc_column_inner][\/vc_row_inner][\/vc_column][\/vc_row][vc_row][vc_column][vc_column_text]\n<table id=\"tablepress-158\" class=\"tablepress tablepress-id-158\">\n<thead>\n<tr class=\"row-1\">\n\t<th colspan=\"3\" class=\"column-1\">Start date for Intensive, Light, Semi-Intensive courses. All levels.<\/th>\n<\/tr>\n<\/thead>\n<tbody class=\"row-striping row-hover\">\n<tr class=\"row-2\">\n\t<td class=\"column-1\">January 2026<\/td><td class=\"column-2\">February 2026<\/td><td class=\"column-3\">March 2026<\/td>\n<\/tr>\n<tr class=\"row-3\">\n\t<td class=\"column-1\">12.01.2026<\/td><td class=\"column-2\">09.02.2026<\/td><td class=\"column-3\">09.03.2026<\/td>\n<\/tr>\n<tr class=\"row-4\">\n\t<td class=\"column-1\">April 2026<\/td><td class=\"column-2\">May 2026<\/td><td class=\"column-3\">June 2026<\/td>\n<\/tr>\n<tr class=\"row-5\">\n\t<td class=\"column-1\">07.04.2026<\/td><td class=\"column-2\">04.05.2026<\/td><td class=\"column-3\">01.06.2026<\/td>\n<\/tr>\n<tr class=\"row-6\">\n\t<td class=\"column-1\">July 2026<\/td><td class=\"column-2\">August 2026<\/td><td class=\"column-3\">September 2026<\/td>\n<\/tr>\n<tr class=\"row-7\">\n\t<td class=\"column-1\">06.07.2026<\/td><td class=\"column-2\">03.08.2026<\/td><td class=\"column-3\">31.08.2026<\/td>\n<\/tr>\n<tr class=\"row-8\">\n\t<td class=\"column-1\">October 2026<\/td><td class=\"column-2\">November 2026<\/td><td class=\"column-3\">December 2026<\/td>\n<\/tr>\n<tr class=\"row-9\">\n\t<td class=\"column-1\">28.09.2026<\/td><td class=\"column-2\">26.10.2026<\/td><td class=\"column-3\">23.11.2025<\/td>\n<\/tr>\n<\/tbody>\n<\/table>\n<!-- #tablepress-158 from cache --><br \/>\n[\/vc_column_text][\/vc_column][\/vc_row][vc_row full_width=&#8221;stretch_row&#8221; css=&#8221;.vc_custom_1534928979475{padding-top: 15px !important;padding-bottom: 15px !important;background-color: #f9f9f9 !important;}&#8221;][vc_column][vc_column_text]<img decoding=\"async\" class=\"wp-image-16130 alignleft\" title=\"\u00d6IF German course in Vienna\" src=\"https:\/\/www.sprachschule-aktiv-wien.at\/wp-content\/uploads\/2019\/04\/oeif-german-course-a2-vienna.jpg\" alt=\"\u00d6IF German courses A1, A2, B1, B2 in Vienna\" width=\"674\" height=\"379\" srcset=\"https:\/\/www.sprachschule-aktiv-wien.at\/wp-content\/uploads\/2019\/04\/oeif-german-course-a2-vienna.jpg 709w, https:\/\/www.sprachschule-aktiv-wien.at\/wp-content\/uploads\/2019\/04\/oeif-german-course-a2-vienna-300x169.jpg 300w\" sizes=\"(max-width: 674px) 100vw, 674px\" \/>[\/vc_column_text][\/vc_column][\/vc_row][vc_row full_width=&#8221;stretch_row&#8221; css=&#8221;.vc_custom_1534929283767{padding-top: 15px !important;padding-bottom: 15px !important;background-color: #f9f9f9 !important;}&#8221;][vc_column][vc_column_text]<\/p>\n<h2>\u00d6IF German course A1 for beginners<\/h2>\n<p>Anyone willing to apply for a residence permit in Austria for the first time must be able to prove their German language skills at level A1. For this purpose, the standardized integration test of the Austrian Integration Fund (\u00d6IF) A1 &#8211; Fit for Austria is needed.<\/p>\n<p>In the first part of the course, we will teach you basic German language skills and how you can handle simple communication situations, such as: living, eating and drinking, working, traveling, shopping, doctor&#8217;s visit, living together, etc.<\/p>\n<p>In the second part, we familiarize you with the rules and values of the everyday life in Austria, based on the learning objectives of the \u00d6IF A1 framework curriculum and on key topics such as language and education, work and economics, health, housing and neighborhood, Principles of coexistence &#8211; legal integration and diversity of coexistence.<\/p>\n<p>At the end of the course, we will introduce you to a model test of the integration exam A1 &#8211; Fit for Austria, which will be recognized as a language certificate for achieving level A1 of the Commo European Framework of Reference for Languages (CEFR). You must pass the \u00d6IF integration exam to apply for a residence permit in Austria.<\/p>\n<h2>\u00d6IF German course A2<\/h2>\n<p>To extend your stay in Austria you need a German language proficiency at the A2 level. Anyone who has already been granted a residence permit must fulfill module 1 of the integration agreement within 2 years and proof German language skills at level A2. For this purpose, the standardized integration test of the Austrian Integration Fund (\u00d6IF) A2 &#8211; \u00d6IF-Test New (2011) is required. The German test for Austria examines knowledge of levels A2 to B1. This test is recognized as a language certificate for the fulfillment of module 1 &#8211; residence extension in Austria to 3 years &#8211; the integration agreement.<\/p>\n<p>In the first part, the course will enable you to deepen your knowledge of German and give you the skills needed to live and work in Austria. We discuss topics such as Media, school, workplace, housing, festivals, job search, health, banking and insurance, travel, etc. in more details.<\/p>\n<p>In the second part, we acquaint you with the rules and values of everyday life in Austria, based on the learning objectives of the \u00d6IF A2 Framework Curriculum, and on key topics such as education and language, work and economics, history and geography, health, Housing and neighborhood, legal and cultural integration.<\/p>\n<p>At the end of the course, we will introduce you to a model test of Integrations exam A2 &#8211; \u00d6IF-Test, which will be recognized as a language certificate to reach level A2 of the Common European Framework of Reference for Languages (CEFR). It serves to fulfill Module 1 of the Integration Agreement that must be passed within 2 years of the \u00d6IF Integration Examination if the residence permit has already been issued to demonstrate German language proficiency at A2 level.<\/p>\n<h2>\u00d6IF German course B1<\/h2>\n<p>Anyone who wants to apply for a permanent residence in EU or the citizenship, must prove German knowledge on level B1. For this purpose, the standardized integration test of the Austrian Integration Fund (\u00d6IF) B1 &#8211; German Test for Austria (DT\u00d6) is needed.<\/p>\n<p>In the first part, the course helps you to broaden your German language skills and use the German language independently in order to cope in the long term in Austria. Here, topics such as Family life, contacts, equal rights, working life, consumption, travel and traffic, nature and environment, health, politics and history, etc. discussed.<\/p>\n<p>In the second part, we acquaint you with the rules and values of everyday life in Austria, based on the learning objectives of the B1 framework curriculum of the \u00d6IF and on key topics such as education and language, work and economics, history and geography, business, Health, housing and neighborhood, to inform legal and cultural integration.<\/p>\n<p>At the end of the course we will introduce you to a model test of the integration test B1 &#8211; German Test for Austria (DT\u00d6), which is recognized as a language certificate for the achievement of level B1 of the Common European Framework of Reference for Languages (CEFR). It serves to fulfill module 2 of the integration agreement and must be passed in the integration examination of \u00d6IF in order to apply for permanent residence in Austria or Austrian citizenship.<\/p>\n<h2>Content and goals of our German courses<\/h2>\n<p>You now know which integration test of the \u00d6IF (Austrian Integration Fund) is suitable for you. We help you to acquire German language skills level A1, A2 or B1 step by step. In 80 lessons per level, the course content covers language skills, as well as values and orientation skills required to reach each level. The desired level will be reached in 4 weeks.<\/p>\n<p>Our experienced, patient German teachers guide you through the courses using the \u00d6IF-approved textbook Pluspunkt Deutsch &#8211; Leben in \u00d6sterreich, which is based on the Common European Framework of Reference for Languages (GER). In this way, we ensure that the course content optimally helps you pass the integration exams and integrate yourself as quickly as possible in Austria.<\/p>\n<p><span style=\"font-size: 16px;\"><div class=\"BorlabsCookie _brlbs-cb-youtube\"><div class=\"_brlbs-content-blocker\"> <div class=\"_brlbs-embed _brlbs-video-youtube\"> <img class=\"_brlbs-thumbnail\" src=\"https:\/\/www.sprachschule-aktiv-wien.at\/wp-content\/plugins\/borlabs-cookie\/assets\/images\/cb-no-thumbnail.png\" alt=\"YouTube\"> <div class=\"_brlbs-caption\"> <p>Mit dem Laden des Videos akzeptieren Sie die Datenschutzerkl\u00e4rung von YouTube.<br><a href=\"https:\/\/policies.google.com\/privacy\" target=\"_blank\" rel=\"nofollow noopener noreferrer\">Mehr erfahren<\/a><\/p> <p><a class=\"_brlbs-btn _brlbs-icon-play-white\" href=\"#\" data-borlabs-cookie-unblock role=\"button\">Video laden<\/a><\/p> <p><label><input type=\"checkbox\" name=\"unblockAll\" value=\"1\" checked> <small>YouTube immer entsperren<\/small><\/label><\/p> <\/div> <\/div> <\/div><div class=\"borlabs-hide\" data-borlabs-cookie-type=\"content-blocker\" data-borlabs-cookie-id=\"youtube\"><script type=\"text\/template\">PGlmcmFtZSBzcmM9Imh0dHBzOi8vd3d3LnlvdXR1YmUtbm9jb29raWUuY29tL2VtYmVkL0dMSlk0RFVOOGpzIiB3aWR0aD0iMTAwJSIgaGVpZ2h0PSIzMTUiIGZyYW1lYm9yZGVyPSIwIiBhbGxvd2Z1bGxzY3JlZW49ImFsbG93ZnVsbHNjcmVlbiI+PC9pZnJhbWU+<\/script><\/div><\/div><\/span>[\/vc_column_text][\/vc_column][\/vc_row][vc_row][vc_column][vc_column_text][\/vc_column_text][\/vc_column][\/vc_row]<\/p>\n","protected":false},"excerpt":{"rendered":"<p>[vc_row css=&#8221;.vc_custom_1534928906605{margin-top: 15px !important;padding-bottom: 15px !important;}&#8221;][vc_column][vc_column_text] \u00d6IF German integration courses in Vienna: Learn German [\/vc_column_text][vc_row_inner][vc_column_inner][vc_column_text]If you come from abroad and want to settle in Austria, become part of the work field and understand German, we can offer preparatory courses that will quickly and efficiently familiarize you with the contents of the integration exams that you&hellip; <a class=\"read-more\" href=\"https:\/\/www.sprachschule-aktiv-wien.at\/en\/oeif-german-courses-in-vienna\/\" title=\"Read \u00d6IF German courses in Vienna\">Read more &raquo;<\/a><\/p>\n","protected":false},"author":7,"featured_media":0,"parent":0,"menu_order":0,"comment_status":"closed","ping_status":"closed","template":"","meta":{"footnotes":""},"class_list":["post-6366","page","type-page","status-publish","hentry"],"yoast_head":"<!-- This site is optimized with the Yoast SEO plugin v27.1.1 - https:\/\/yoast.com\/product\/yoast-seo-wordpress\/ -->\n<title>\u00d6IF German course Vienna - citizenship, visa, residence permit<\/title>\n<meta name=\"description\" content=\"Sprachschule Aktiv offers \u00d6IF German courses to prepare you for A1, A2, B1, B2 \u00d6IF exams required for citizenship, visa and residence permit\" \/>\n<meta name=\"robots\" content=\"index, follow, max-snippet:-1, max-image-preview:large, max-video-preview:-1\" \/>\n<link rel=\"canonical\" href=\"https:\/\/www.sprachschule-aktiv-wien.at\/en\/oeif-german-courses-in-vienna\/\" \/>\n<meta property=\"og:locale\" content=\"en_US\" \/>\n<meta property=\"og:type\" content=\"article\" \/>\n<meta property=\"og:title\" content=\"\u00d6IF German course Vienna - citizenship, visa, residence permit\" \/>\n<meta property=\"og:description\" content=\"Sprachschule Aktiv offers \u00d6IF German courses to prepare you for A1, A2, B1, B2 \u00d6IF exams required for citizenship, visa and residence permit\" \/>\n<meta property=\"og:url\" content=\"https:\/\/www.sprachschule-aktiv-wien.at\/en\/oeif-german-courses-in-vienna\/\" \/>\n<meta property=\"og:site_name\" content=\"Sprachschule Aktiv Wien\" \/>\n<meta property=\"article:modified_time\" content=\"2025-03-24T11:59:37+00:00\" \/>\n<meta property=\"og:image\" content=\"https:\/\/www.sprachschule-aktiv-wien.at\/wp-content\/uploads\/2019\/04\/oeif-german-course-a2-vienna.jpg\" \/>\n<meta name=\"twitter:label1\" content=\"Est. reading time\" \/>\n\t<meta name=\"twitter:data1\" content=\"7 minutes\" \/>\n<script type=\"application\/ld+json\" class=\"yoast-schema-graph\">{\"@context\":\"https:\/\/schema.org\",\"@graph\":[{\"@type\":\"WebPage\",\"@id\":\"https:\/\/www.sprachschule-aktiv-wien.at\/en\/oeif-german-courses-in-vienna\/\",\"url\":\"https:\/\/www.sprachschule-aktiv-wien.at\/en\/oeif-german-courses-in-vienna\/\",\"name\":\"\u00d6IF German course Vienna - citizenship, visa, residence permit\",\"isPartOf\":{\"@id\":\"https:\/\/www.sprachschule-aktiv-wien.at\/#website\"},\"primaryImageOfPage\":{\"@id\":\"https:\/\/www.sprachschule-aktiv-wien.at\/en\/oeif-german-courses-in-vienna\/#primaryimage\"},\"image\":{\"@id\":\"https:\/\/www.sprachschule-aktiv-wien.at\/en\/oeif-german-courses-in-vienna\/#primaryimage\"},\"thumbnailUrl\":\"https:\/\/www.sprachschule-aktiv-wien.at\/wp-content\/uploads\/2019\/04\/oeif-german-course-a2-vienna.jpg\",\"datePublished\":\"2018-07-24T09:53:44+00:00\",\"dateModified\":\"2025-03-24T11:59:37+00:00\",\"description\":\"Sprachschule Aktiv offers \u00d6IF German courses to prepare you for A1, A2, B1, B2 \u00d6IF exams required for citizenship, visa and residence permit\",\"breadcrumb\":{\"@id\":\"https:\/\/www.sprachschule-aktiv-wien.at\/en\/oeif-german-courses-in-vienna\/#breadcrumb\"},\"inLanguage\":\"en-US\",\"potentialAction\":[{\"@type\":\"ReadAction\",\"target\":[\"https:\/\/www.sprachschule-aktiv-wien.at\/en\/oeif-german-courses-in-vienna\/\"]}]},{\"@type\":\"ImageObject\",\"inLanguage\":\"en-US\",\"@id\":\"https:\/\/www.sprachschule-aktiv-wien.at\/en\/oeif-german-courses-in-vienna\/#primaryimage\",\"url\":\"https:\/\/www.sprachschule-aktiv-wien.at\/wp-content\/uploads\/2019\/04\/oeif-german-course-a2-vienna.jpg\",\"contentUrl\":\"https:\/\/www.sprachschule-aktiv-wien.at\/wp-content\/uploads\/2019\/04\/oeif-german-course-a2-vienna.jpg\"},{\"@type\":\"BreadcrumbList\",\"@id\":\"https:\/\/www.sprachschule-aktiv-wien.at\/en\/oeif-german-courses-in-vienna\/#breadcrumb\",\"itemListElement\":[{\"@type\":\"ListItem\",\"position\":1,\"name\":\"Home\",\"item\":\"https:\/\/www.sprachschule-aktiv-wien.at\/en\/\"},{\"@type\":\"ListItem\",\"position\":2,\"name\":\"\u00d6IF German courses in Vienna\"}]},{\"@type\":\"WebSite\",\"@id\":\"https:\/\/www.sprachschule-aktiv-wien.at\/#website\",\"url\":\"https:\/\/www.sprachschule-aktiv-wien.at\/\",\"name\":\"Sprachschule Aktiv Wien\",\"description\":\"\",\"potentialAction\":[{\"@type\":\"SearchAction\",\"target\":{\"@type\":\"EntryPoint\",\"urlTemplate\":\"https:\/\/www.sprachschule-aktiv-wien.at\/?s={search_term_string}\"},\"query-input\":{\"@type\":\"PropertyValueSpecification\",\"valueRequired\":true,\"valueName\":\"search_term_string\"}}],\"inLanguage\":\"en-US\"}]}<\/script>\n<!-- \/ Yoast SEO plugin. -->","yoast_head_json":{"title":"\u00d6IF German course Vienna - citizenship, visa, residence permit","description":"Sprachschule Aktiv offers \u00d6IF German courses to prepare you for A1, A2, B1, B2 \u00d6IF exams required for citizenship, visa and residence permit","robots":{"index":"index","follow":"follow","max-snippet":"max-snippet:-1","max-image-preview":"max-image-preview:large","max-video-preview":"max-video-preview:-1"},"canonical":"https:\/\/www.sprachschule-aktiv-wien.at\/en\/oeif-german-courses-in-vienna\/","og_locale":"en_US","og_type":"article","og_title":"\u00d6IF German course Vienna - citizenship, visa, residence permit","og_description":"Sprachschule Aktiv offers \u00d6IF German courses to prepare you for A1, A2, B1, B2 \u00d6IF exams required for citizenship, visa and residence permit","og_url":"https:\/\/www.sprachschule-aktiv-wien.at\/en\/oeif-german-courses-in-vienna\/","og_site_name":"Sprachschule Aktiv Wien","article_modified_time":"2025-03-24T11:59:37+00:00","og_image":[{"url":"https:\/\/www.sprachschule-aktiv-wien.at\/wp-content\/uploads\/2019\/04\/oeif-german-course-a2-vienna.jpg","type":"","width":"","height":""}],"twitter_misc":{"Est. reading time":"7 minutes"},"schema":{"@context":"https:\/\/schema.org","@graph":[{"@type":"WebPage","@id":"https:\/\/www.sprachschule-aktiv-wien.at\/en\/oeif-german-courses-in-vienna\/","url":"https:\/\/www.sprachschule-aktiv-wien.at\/en\/oeif-german-courses-in-vienna\/","name":"\u00d6IF German course Vienna - citizenship, visa, residence permit","isPartOf":{"@id":"https:\/\/www.sprachschule-aktiv-wien.at\/#website"},"primaryImageOfPage":{"@id":"https:\/\/www.sprachschule-aktiv-wien.at\/en\/oeif-german-courses-in-vienna\/#primaryimage"},"image":{"@id":"https:\/\/www.sprachschule-aktiv-wien.at\/en\/oeif-german-courses-in-vienna\/#primaryimage"},"thumbnailUrl":"https:\/\/www.sprachschule-aktiv-wien.at\/wp-content\/uploads\/2019\/04\/oeif-german-course-a2-vienna.jpg","datePublished":"2018-07-24T09:53:44+00:00","dateModified":"2025-03-24T11:59:37+00:00","description":"Sprachschule Aktiv offers \u00d6IF German courses to prepare you for A1, A2, B1, B2 \u00d6IF exams required for citizenship, visa and residence permit","breadcrumb":{"@id":"https:\/\/www.sprachschule-aktiv-wien.at\/en\/oeif-german-courses-in-vienna\/#breadcrumb"},"inLanguage":"en-US","potentialAction":[{"@type":"ReadAction","target":["https:\/\/www.sprachschule-aktiv-wien.at\/en\/oeif-german-courses-in-vienna\/"]}]},{"@type":"ImageObject","inLanguage":"en-US","@id":"https:\/\/www.sprachschule-aktiv-wien.at\/en\/oeif-german-courses-in-vienna\/#primaryimage","url":"https:\/\/www.sprachschule-aktiv-wien.at\/wp-content\/uploads\/2019\/04\/oeif-german-course-a2-vienna.jpg","contentUrl":"https:\/\/www.sprachschule-aktiv-wien.at\/wp-content\/uploads\/2019\/04\/oeif-german-course-a2-vienna.jpg"},{"@type":"BreadcrumbList","@id":"https:\/\/www.sprachschule-aktiv-wien.at\/en\/oeif-german-courses-in-vienna\/#breadcrumb","itemListElement":[{"@type":"ListItem","position":1,"name":"Home","item":"https:\/\/www.sprachschule-aktiv-wien.at\/en\/"},{"@type":"ListItem","position":2,"name":"\u00d6IF German courses in Vienna"}]},{"@type":"WebSite","@id":"https:\/\/www.sprachschule-aktiv-wien.at\/#website","url":"https:\/\/www.sprachschule-aktiv-wien.at\/","name":"Sprachschule Aktiv Wien","description":"","potentialAction":[{"@type":"SearchAction","target":{"@type":"EntryPoint","urlTemplate":"https:\/\/www.sprachschule-aktiv-wien.at\/?s={search_term_string}"},"query-input":{"@type":"PropertyValueSpecification","valueRequired":true,"valueName":"search_term_string"}}],"inLanguage":"en-US"}]}},"_links":{"self":[{"href":"https:\/\/www.sprachschule-aktiv-wien.at\/en\/wp-json\/wp\/v2\/pages\/6366","targetHints":{"allow":["GET"]}}],"collection":[{"href":"https:\/\/www.sprachschule-aktiv-wien.at\/en\/wp-json\/wp\/v2\/pages"}],"about":[{"href":"https:\/\/www.sprachschule-aktiv-wien.at\/en\/wp-json\/wp\/v2\/types\/page"}],"author":[{"embeddable":true,"href":"https:\/\/www.sprachschule-aktiv-wien.at\/en\/wp-json\/wp\/v2\/users\/7"}],"replies":[{"embeddable":true,"href":"https:\/\/www.sprachschule-aktiv-wien.at\/en\/wp-json\/wp\/v2\/comments?post=6366"}],"version-history":[{"count":53,"href":"https:\/\/www.sprachschule-aktiv-wien.at\/en\/wp-json\/wp\/v2\/pages\/6366\/revisions"}],"predecessor-version":[{"id":43249,"href":"https:\/\/www.sprachschule-aktiv-wien.at\/en\/wp-json\/wp\/v2\/pages\/6366\/revisions\/43249"}],"wp:attachment":[{"href":"https:\/\/www.sprachschule-aktiv-wien.at\/en\/wp-json\/wp\/v2\/media?parent=6366"}],"curies":[{"name":"wp","href":"https:\/\/api.w.org\/{rel}","templated":true}]}}