{"id":4481,"date":"2017-11-23T00:58:02","date_gmt":"2017-11-23T00:58:02","guid":{"rendered":"https:\/\/www.sprachschule-aktiv-wien.at\/?page_id=4481"},"modified":"2025-03-24T11:53:46","modified_gmt":"2025-03-24T11:53:46","slug":"german-courses-with-accomodation-in-vienna","status":"publish","type":"page","link":"https:\/\/www.sprachschule-aktiv-wien.at\/en\/german-courses-with-accomodation-in-vienna\/","title":{"rendered":"German Courses with accommodation in Vienna"},"content":{"rendered":"<p>[vc_row css=&#8221;.vc_custom_1534931251819{margin-top: 15px !important;padding-bottom: 15px !important;}&#8221;][vc_column][vc_column_text]<\/p>\n<h1>German courses with accommodation in Vienna<\/h1>\n<p>[\/vc_column_text][vc_row_inner][vc_column_inner][vc_column_text]Our language school Aktiv Vienna offers <a href=\"https:\/\/www.sprachschule-aktiv-wien.at\/en\/\" target=\"_blank\" rel=\"noopener noreferrer\">German courses<\/a> with accommodation in Vienna. We offer German language courses for beginners and advanced learners.[\/vc_column_text][\/vc_column_inner][\/vc_row_inner][vc_row_inner][vc_column_inner][vc_column_text]<\/p>\n<h2>German language course with accommodation in Vienna<\/h2>\n<p>[\/vc_column_text][\/vc_column_inner][\/vc_row_inner][vc_row_inner][vc_column_inner width=&#8221;1\/2&#8243;][vc_column_text]<\/p>\n<p style=\"text-align: left;\">If you want to learn the German language in Vienna, you will probably need accommodation as well. There are many cheap accommodations in Vienna. It is always more efficient if you can speak to practice the German language during your study time. For this reason, accommodation in Vienna probably is the ideal solution. You can choose between living alone, in a hotel or in a in a student dorm.<\/p>\n<p>We are more than happy to help you find the right place. In order to make your search a little easier, you will find some tips and links to suitable providers of cheap apartments and accommodations in Vienna below.[\/vc_column_text][\/vc_column_inner][vc_column_inner width=&#8221;1\/2&#8243;][vc_single_image image=&#8221;16245&#8243; img_size=&#8221;full&#8221;][\/vc_column_inner][\/vc_row_inner][\/vc_column][\/vc_row][vc_row full_width=&#8221;stretch_row&#8221; css=&#8221;.vc_custom_1534931315552{padding-top: 15px !important;padding-bottom: 15px !important;background-color: #f9f9f9 !important;}&#8221;][vc_column][vc_column_text]<\/p>\n<h2>German language courses &#8211; Prices in Vienna<\/h2>\n<p>Dates: Monday to Friday, 8:00-11:00\/11:00-14:00\/14:00-17:00\/18:00-21:00<br \/>\n(*from 5 participants: 3\u00d760 minutes per day, with 4 participants 2\u00d760 minutes per day)<br \/>\nAccommodation price: 400 \u20ac to 600 \u20ac<br \/>\nCourse price:<br \/>\n1 week: 199 \u20ac<br \/>\n2 weeks: 349 \u20ac<br \/>\n3 weeks: 449 \u20ac<br \/>\n4 weeks: 499 \u20ac<br \/>\n8 weeks: 998 \u20ac<\/p>\n<h2>Are you looking for accommodation in Vienna to go along\u00a0with your German course?<\/h2>\n<p class=\"textbox\" dir=\"ltr\">You would like to attend an intensive German course in Vienna and are looking for an affordable\u00a0accommodation? Do you want a safe accommodation for your underage children?<\/p>\n<p class=\"textbox\" dir=\"ltr\">No matter what is the purpose, we have the suitable accommodation for you.\u00a0We offer you the best\u00a0possible services at an attractive price.<\/p>\n<p><strong>Facilities of the dorm:<\/strong><\/p>\n<p>fully furnished<br \/>\nown kitchen<br \/>\nown bath<br \/>\napartment sizes: 15 &#8211; 39 m\u00b2<br \/>\nprice: from 460 \u20ac<br \/>\nwireless internet access in every apartment<\/p>\n<p><strong>Your advantages:<\/strong><\/p>\n<p>lobby<br \/>\nlearning spaces<br \/>\ncinema<br \/>\nmusic room<br \/>\ncommunity kitchen<br \/>\nrooftop terrace with 360 \u00b0 panoramic view on 550 m\u00b2<br \/>\ninternational community<br \/>\nevents<br \/>\nbilliard, darts<br \/>\nalso suitable for young people under 16 years<br \/>\nparking spaces<br \/>\nbicycle parking<\/p>\n<p><strong>Who can book an apartment?<\/strong><\/p>\n<p>Language students<br \/>\nApprentices<br \/>\nDoctoral students<br \/>\nYoung professionals<\/p>\n<p><strong>What payment do I have to make before moving in?<\/strong><\/p>\n<p>Before moving in, you will need to transfer the deposit, the first rent and the one-time service fee.<\/p>\n<p><strong>Parking and public transport<\/strong><\/p>\n<p>Tram line 2 (Innstra\u00dfe) stops right outside the front door and around the corner you&#8217;ll find the S-Bahn station Traisengasse &#8211; so you&#8217;re in the city within 10 minutes or at the airport within 30 minutes!<br \/>\nCar parking spaces are also available<\/p>\n<p><strong>Booking code (discount code): LANGUAGE ACTIVE<\/strong><\/p>\n<p><strong>For more information about the apartments, just follow this link:<\/strong><\/p>\n<p><a href=\"https:\/\/www.the-fizz.com\/student-accommodation\/vienna\" target=\"_blank\" rel=\"noopener noreferrer\">https:\/\/www.the-fizz.com\/student-accommodation\/vienna<\/a><\/p>\n<p>Live, learn and laugh in one place. We offer high quality, fully equipped apartments with Wi-Fi, a private bathroom and a small kitchen. But you are looking at what is more than just a room: you can use the lobby, the study rooms, the cinema, the music room or the communal kitchen. The apartments are also suitable for young people under 16 years. With us you are not alone: \u200b\u200byou not only get a fully furnished apartment with many additional offers and events, but you also become a part of the international family. We are always here for you. In our apartments, especially when you&#8217;re new to a city, you&#8217;ll quickly find new friends and social connections. And the social gathering in the common areas is often a balance to everyday student life. If you want to go up high, there is the rooftop terrace with a 360 \u00b0 panoramic view of the city.<\/p>\n<p>Our goal is to offer our guests the best offer possible. For further questions please contact us directly.<\/p>\n<h2>Jugendwohnheime offers affordable accommodation for young people in Vienna<\/h2>\n<p>Jugendwohnheime is mainly for students and apprentices. For example, if you have an internship in Salzburg, but you have to visit a school in Vienna, you will find a suitable accommodation there. They also offer various meals, so the residents can focus more on their education.<\/p>\n<p><strong>My Way \u2013 AK-Heimplatzsuchmaschine<\/strong><\/p>\n<p>This URL leads you to a helpful database <a href=\"https:\/\/ooe.arbeiterkammer.at\/beratung\/bildung\/studium\/Heimdatenbank.html\" target=\"_blank\" rel=\"noopener noreferrer\">https:\/\/ooe.arbeiterkammer.at\/beratung\/bildung\/studium\/Heimdatenbank.html<\/a><\/p>\n<p>Here you will find government supported homes for young people in Vienna. Furthermore, the database disposes datas about boarding schools.<\/p>\n<p><strong>\u00d6sterreichische Jungarbeiterbewegung(\u00d6JAB)<\/strong><\/p>\n<p><span id=\"result_box\" lang=\"en\" tabindex=\"-1\">This youth organization can be reached at the following internet address: <a href=\"https:\/\/www.oejab.at\/site\/de\/studierendejugend\/jugendwohnheime\" target=\"_blank\" rel=\"noopener noreferrer\">https:\/\/www.oejab.at\/site\/de\/studierendejugend\/jugendwohnheime<\/a><br \/>\nThis organization is completely party-politically as well as denominationally independent. They offer 24 houses with a total of 4100 beds. The target groups are primarily pupils, apprentices and young workers. However, they are also open to other groups.<\/span><\/p>\n<p><strong>Kolping \u00d6sterreich<\/strong><\/p>\n<p><a href=\"http:\/\/www.kolping.at\/jugendwohnen.html\" target=\"_blank\" rel=\"noopener noreferrer\">http:\/\/www.kolping.at\/jugendwohnen.html<\/a><\/p>\n<p><span id=\"result_box\" lang=\"en\" tabindex=\"-1\">This union offers many places to live throughout Austria. The\u00a0 socio-christian philosophy of the founder Adolf Kolping enabled affordable stays in these places. The offer includes, among other things, homes for apprentices and pupils, who not only live there, but are also cared for. You can also find a whole range of suitable self-catering shared apartments, hotels and guest houses for teenagers.<\/span><\/p>\n<p><strong>home4students<\/strong><\/p>\n<p><a href=\"https:\/\/www.home4students.at\/\" target=\"_blank\" rel=\"noopener noreferrer\">https:\/\/www.home4students.at<\/a><\/p>\n<p>As the name suggests, home4students primarily offers students at a university, college or college a suitable accommodation. These are available in the cities of Vienna, Graz, Klagenfurt, Salzburg and Innsbruck. You can choose between a student residence (ROOMS), shared apartments (COMMUNITIES) and normal apartments (FLATS).<\/p>\n<p><strong>Kuratorium Wiener Jugendh\u00e4user<\/strong><\/p>\n<p><a href=\"https:\/\/startplatz.wien\/\" target=\"_blank\" rel=\"noopener noreferrer\">https:\/\/startplatz.wien\/<\/a><\/p>\n<p>This facility currently has three facilities that can accommodate about 1300 young students. The offer is aimed at interested parties between 15 and 27 years old.<\/p>\n<p><strong>Wohnungsb\u00f6rse der \u00d6sterreichischen Hochsch\u00fclerschaft<\/strong><\/p>\n<p><a href=\"http:\/\/www.jobwohnen.at\/wohnungen\/?id=307\" target=\"_blank\" rel=\"noopener noreferrer\">http:\/\/www.jobwohnen.at\/wohnungen\/?id=307<\/a><\/p>\n<p>The \u00d6H housing exchange primarily conveys apartments (private providers). There are no intermediary fees.<\/p>\n<p><strong>\u00d6sterreichischer Jugendherbergsverband(\u00d6JHV)<\/strong><\/p>\n<p><a href=\"http:\/\/www.oejhv.at\/\" target=\"_blank\" rel=\"noopener noreferrer\">http:\/\/www.oejhv.at<\/a><\/p>\n<p>Youth hostels are available throughout Austria. These are primarily inexpensive accommodations for travelers. However, an international youth hostel card is required.<\/p>\n<p><strong>\u00d6sterreichisches Jugendherbergswerk(\u00d6JHW)<\/strong><\/p>\n<p>The youth hostel in Austria can be reached at the URL <a href=\"https:\/\/www.jungehotels.at\/jugendherbergen\" target=\"_blank\" rel=\"noopener\">https:\/\/www.jungehotels.at\/jugendherbergen<\/a><br \/>\nIn order to be able to access this offer, an International Youth Hostel ID is necessary. The \u00d6JHW provides the accommodations at a reasonable price.<\/p>\n<p><strong>STUWO Gemeinn\u00fctzige Studentenwohnbau AG<\/strong><\/p>\n<p><a href=\"http:\/\/www.stuwo.at\/studentenheime\/wien\/\" target=\"_blank\" rel=\"noopener noreferrer\">http:\/\/www.stuwo.at\/studentenheime\/wien\/<\/a><\/p>\n<p>STUWO is a nonprofit developer that builds and operates student residences. They not only work in Vienna, but also in Lower Austria, Upper Austria and Carinthia. Since autumn 2016 there are also student residences in Styria.<\/p>\n<h2>Student dormitories in Vienna<\/h2>\n<p><span id=\"result_box\" lang=\"en\" tabindex=\"-1\">If you are looking for a directory of all student residences in Vienna, please select this URl: <a href=\"https:\/\/www.studium.at\/studentenheime\/wien\" target=\"_blank\" rel=\"noopener noreferrer\">https:\/\/www.studium.at\/studentenheime\/wien\u00a0<\/a><\/span><\/p>\n<p>If you are cautious about costs, then this address on the Internet could be interesting: <a href=\"http:\/\/www.wihast.at\" target=\"_blank\" rel=\"noopener noreferrer\">http:\/\/www.wihast.at<\/a><br \/>\nAnother option is the so-called OeAD guesthouses and dormitories. There is space for up to 12,000 students in Vienna and other Austrian cities. Further information can be found at <a href=\"https:\/\/www.oeadstudenthousing.at\/de\/\" target=\"_blank\" rel=\"noopener noreferrer\">https:\/\/www.oeadstudenthousing.at\/de\/<\/a><\/p>\n<h2>Apartments and shared rooms<\/h2>\n<p><span id=\"result_box\" lang=\"en\" tabindex=\"-1\">These are particularly interesting for language learners, living with a family or in a shared room apartment, they can immediately apply and deepen their language skills. You can find the appropriate links on the internet, on social networks and on special search engines. Especially the following addresses are important:<\/span><span id=\"t-served-community-button\" class=\"trans-verified-button goog-toolbar-button\" role=\"button\" aria-hidden=\"true\"><\/span><\/p>\n<p><a href=\"https:\/\/www.facebook.com\/WG.Zimmer.frei.in.Wien\/\" target=\"_blank\" rel=\"noopener noreferrer\">https:\/\/www.facebook.com\/WG.Zimmer.frei.in.Wien\/<\/a><br \/>\n<a href=\"https:\/\/www.studium.at\/wohnen\" target=\"_blank\" rel=\"noopener noreferrer\">https:\/\/www.studium.at\/wohnen<\/a><br \/>\n<a href=\"https:\/\/immobilien.derstandard.at\/immobiliensuche\/i\/mieten\/wg-zimmer\" target=\"_blank\" rel=\"noopener noreferrer\">http:\/\/derstandard.at\/immobiliensuche\/i\/mieten\/wg-zimmer<\/a><br \/>\n<a href=\"https:\/\/schwarzesbrett.oeh.ac.at\/wohnen\/liste.html\" target=\"_blank\" rel=\"noopener noreferrer\">https:\/\/schwarzesbrett.oeh.ac.at\/wohnen\/liste.html<\/a><br \/>\n<a href=\"http:\/\/www.bazar.at\/wien-zimmer-wgs-anzeigen,dir,1,cId,16,fc,9,loc,9,tp,0\" target=\"_blank\" rel=\"noopener noreferrer\">http:\/\/www.bazar.at\/wien-zimmer-wgs-anzeigen,dir,1,cId,16,fc,9,loc,9,tp,0<\/a><br \/>\n<a href=\"http:\/\/www.immosuchmaschine.at\/Wien\/WG-Zimmer\" target=\"_blank\" rel=\"noopener noreferrer\">http:\/\/www.immosuchmaschine.at\/Wien\/WG-Zimmer<\/a><br \/>\n<a href=\"http:\/\/www.wohnfrei.com\/at\/wg-zimmer-wohnungen\/wien\" target=\"_blank\" rel=\"noopener noreferrer\">http:\/\/www.wohnfrei.com\/at\/wg-zimmer-wohnungen\/wien<\/a><br \/>\n<a href=\"http:\/\/www.flohmarkt.at\/suche\/mietwohnung-wien\/wg-zimmer\" target=\"_blank\" rel=\"noopener noreferrer\">http:\/\/www.flohmarkt.at\/suche\/mietwohnung-wien\/wg-zimmer<\/a><br \/>\n<a href=\"http:\/\/www.jobwohnen.at\/wohnungen\/\" target=\"_blank\" rel=\"noopener noreferrer\">http:\/\/www.jobwohnen.at\/wohnungen\/<\/a><br \/>\n<a href=\"https:\/\/www.studenteninserate.at\/kleinanzeigen\/zimmer\/wien.r\/\" target=\"_blank\" rel=\"noopener noreferrer\">https:\/\/www.studenteninserate.at\/kleinanzeigen\/zimmer\/wien.r\/<\/a><\/p>\n<h2>Ideal private providers for language learners<\/h2>\n<p>Numerous accommodation providers are available in Vienna. Find your suitable hosts families, here:<\/p>\n<p><a href=\"https:\/\/housinganywhere.com\/de\" target=\"_blank\" rel=\"noopener noreferrer\">https:\/\/housinganywhere.com\/de<\/a>\u00a0 \u00a0All providers on Housing Anywhere are personally verified to ensure a safe process.\u00a0Here you can search for rooms and shared apartments in 300 active cities. Contact local students and landlords and book your new accommodation through this secure platform.<\/p>\n<p><a title=\"http:\/\/www.thesocialhub.co\/\" contenteditable=\"false\" href=\"http:\/\/www.thesocialhub.co\/\" target=\"_blank\" rel=\"noopener\"><span lang=\"NL\">www.thesocialhub.co<\/span><\/a><span lang=\"NL\">\u00a0This accommodation<\/span> is not only where students, startups, freelancers but also travellers and locals get together to stay, learn, work&amp;play. Here you are able get offer for short hotel stays for travellers as well as extended stays for young professionals (from 14 days until semester stays for students) with full-serviced accommodation. Sprachschule Aktiv students receive 5% discount. Promocode: SEM-AKTIV-2025.<span lang=\"EN-US\">\u00a0<\/span>Location: Nordbahnstra\u00dfe 47, 1020 Vienna.<\/p>\n<p><a href=\"https:\/\/www.airbnb.at\/\" target=\"_blank\" rel=\"noopener noreferrer\">https:\/\/www.airbnb.at<\/a><br \/>\n<a href=\"https:\/\/www.friends-in-flats.com\/\">www.friends-in-flats.com<\/a>\u00a0 Accommodation &amp; shared flats for international language students \u2013 for short or long stays.<br \/>\n<a href=\"http:\/\/www.wimdu.de\/\" target=\"_blank\" rel=\"noopener noreferrer\">http:\/\/www.wimdu.de<\/a><br \/>\n<a href=\"http:\/\/www.zimmer-pension.at\/wien-pensionen\/\" target=\"_blank\" rel=\"noopener noreferrer\">http:\/\/www.zimmer-pension.at\/wien-pensionen\/<\/a><\/p>\n<h2>Homepages for hotels and pensionen in Vienna<\/h2>\n<p><a href=\"https:\/\/www.aohostels.com\/de\/wien\/\" target=\"_blank\" rel=\"noopener noreferrer\">https:\/\/www.aohostels.com\/de\/wien\/<\/a><\/p>\n<p>Hostels offer affordable deals from 9 Euro. You may choose between private single rooms, two bed rooms or shared rooms.<\/p>\n<p><a href=\"http:\/\/athostel.com\/de\/\" target=\"_blank\" rel=\"noopener noreferrer\">http:\/\/athostel.com\/de\/<\/a><br \/>\n<a href=\"http:\/\/www.alibihostel.com\/ger\" target=\"_blank\" rel=\"noopener noreferrer\">http:\/\/www.alibihostel.com\/ger<\/a><br \/>\n<a href=\"https:\/\/www.hostelruthensteiner.com\/\" target=\"_blank\" rel=\"noopener noreferrer\">https:\/\/www.hostelruthensteiner.com<\/a><br \/>\n<a href=\"http:\/\/www.dostepinn.com\/\" target=\"_blank\" rel=\"noopener noreferrer\">http:\/\/www.dostepinn.com<\/a><br \/>\n<a href=\"http:\/\/www.happyhostel.at\/\" target=\"_blank\" rel=\"noopener noreferrer\">http:\/\/www.happyhostel.at\/<\/a><br \/>\n<a href=\"http:\/\/www.hostel.at\/\" target=\"_blank\" rel=\"noopener noreferrer\">http:\/\/www.hostel.at<\/a><br \/>\n<a href=\"https:\/\/www.meininger-hotels.com\/de\/hotels\/wien\/city-center\/\" target=\"_blank\" rel=\"noopener noreferrer\">https:\/\/www.meininger-hotels.com\/de\/hotels\/wien\/city-center\/<\/a><br \/>\n<a href=\"https:\/\/www.viennahostel.at\/\" target=\"_blank\" rel=\"noopener noreferrer\">https:\/\/www.viennahostel.at<\/a><br \/>\n<a href=\"https:\/\/www.wombats-hostels.com\/vienna\/the-lounge\/\" target=\"_blank\" rel=\"noopener noreferrer\">https:\/\/www.wombats-hostels.com\/vienna\/the-lounge\/<\/a><br \/>\n<a href=\"http:\/\/www.primerooms.at\/\" target=\"_blank\" rel=\"noopener noreferrer\">http:\/\/www.primerooms.at<\/a><\/p>\n<h2>More affordable accommodations such as pensions, hotels and hostels in Vienna here:<\/h2>\n<p><a href=\"http:\/\/www.budgetplaces.com\/\" target=\"_blank\" rel=\"noopener noreferrer\">http:\/\/www.budgetplaces.com<\/a><\/p>\n<p>If you would like to stay at an affordable hotel, these search engines will come in handy:<\/p>\n<p><a href=\"https:\/\/www.trivago.at\/\" target=\"_blank\" rel=\"noopener noreferrer\">https:\/\/www.trivago.at<\/a><br \/>\n<a href=\"https:\/\/www.hotelreservierung.de\/\" target=\"_blank\" rel=\"noopener noreferrer\">https:\/\/www.hotelreservierung.de<\/a>[\/vc_column_text][\/vc_column][\/vc_row]<\/p>\n","protected":false},"excerpt":{"rendered":"<p>[vc_row css=&#8221;.vc_custom_1534931251819{margin-top: 15px !important;padding-bottom: 15px !important;}&#8221;][vc_column][vc_column_text] German courses with accommodation in Vienna [\/vc_column_text][vc_row_inner][vc_column_inner][vc_column_text]Our language school Aktiv Vienna offers German courses with accommodation in Vienna. We offer German language courses for beginners and advanced learners.[\/vc_column_text][\/vc_column_inner][\/vc_row_inner][vc_row_inner][vc_column_inner][vc_column_text] German language course with accommodation in Vienna [\/vc_column_text][\/vc_column_inner][\/vc_row_inner][vc_row_inner][vc_column_inner width=&#8221;1\/2&#8243;][vc_column_text] If you want to learn the German language in Vienna, you will&hellip; <a class=\"read-more\" href=\"https:\/\/www.sprachschule-aktiv-wien.at\/en\/german-courses-with-accomodation-in-vienna\/\" title=\"Read German Courses with accommodation in Vienna\">Read more &raquo;<\/a><\/p>\n","protected":false},"author":7,"featured_media":0,"parent":0,"menu_order":0,"comment_status":"closed","ping_status":"closed","template":"","meta":{"footnotes":""},"class_list":["post-4481","page","type-page","status-publish","hentry"],"yoast_head":"<!-- This site is optimized with the Yoast SEO plugin v27.1.1 - https:\/\/yoast.com\/product\/yoast-seo-wordpress\/ -->\n<title>German language course with accommodation in Vienna<\/title>\n<meta name=\"description\" content=\"German language course with accommodation in Vienna. German course with accommodation in Vienna. We will find the right accommodation for you\" \/>\n<meta name=\"robots\" content=\"index, follow, max-snippet:-1, max-image-preview:large, max-video-preview:-1\" \/>\n<link rel=\"canonical\" href=\"https:\/\/www.sprachschule-aktiv-wien.at\/en\/german-courses-with-accomodation-in-vienna\/\" \/>\n<meta property=\"og:locale\" content=\"en_US\" \/>\n<meta property=\"og:type\" content=\"article\" \/>\n<meta property=\"og:title\" content=\"German language course with accommodation in Vienna\" \/>\n<meta property=\"og:description\" content=\"German language course with accommodation in Vienna. German course with accommodation in Vienna. We will find the right accommodation for you\" \/>\n<meta property=\"og:url\" content=\"https:\/\/www.sprachschule-aktiv-wien.at\/en\/german-courses-with-accomodation-in-vienna\/\" \/>\n<meta property=\"og:site_name\" content=\"Sprachschule Aktiv Wien\" \/>\n<meta property=\"article:modified_time\" content=\"2025-03-24T11:53:46+00:00\" \/>\n<meta name=\"twitter:label1\" content=\"Est. reading time\" \/>\n\t<meta name=\"twitter:data1\" content=\"8 minutes\" \/>\n<script type=\"application\/ld+json\" class=\"yoast-schema-graph\">{\"@context\":\"https:\/\/schema.org\",\"@graph\":[{\"@type\":\"WebPage\",\"@id\":\"https:\/\/www.sprachschule-aktiv-wien.at\/en\/german-courses-with-accomodation-in-vienna\/\",\"url\":\"https:\/\/www.sprachschule-aktiv-wien.at\/en\/german-courses-with-accomodation-in-vienna\/\",\"name\":\"German language course with accommodation in Vienna\",\"isPartOf\":{\"@id\":\"https:\/\/www.sprachschule-aktiv-wien.at\/#website\"},\"datePublished\":\"2017-11-23T00:58:02+00:00\",\"dateModified\":\"2025-03-24T11:53:46+00:00\",\"description\":\"German language course with accommodation in Vienna. German course with accommodation in Vienna. We will find the right accommodation for you\",\"breadcrumb\":{\"@id\":\"https:\/\/www.sprachschule-aktiv-wien.at\/en\/german-courses-with-accomodation-in-vienna\/#breadcrumb\"},\"inLanguage\":\"en-US\",\"potentialAction\":[{\"@type\":\"ReadAction\",\"target\":[\"https:\/\/www.sprachschule-aktiv-wien.at\/en\/german-courses-with-accomodation-in-vienna\/\"]}]},{\"@type\":\"BreadcrumbList\",\"@id\":\"https:\/\/www.sprachschule-aktiv-wien.at\/en\/german-courses-with-accomodation-in-vienna\/#breadcrumb\",\"itemListElement\":[{\"@type\":\"ListItem\",\"position\":1,\"name\":\"Home\",\"item\":\"https:\/\/www.sprachschule-aktiv-wien.at\/en\/\"},{\"@type\":\"ListItem\",\"position\":2,\"name\":\"German Courses with accommodation in Vienna\"}]},{\"@type\":\"WebSite\",\"@id\":\"https:\/\/www.sprachschule-aktiv-wien.at\/#website\",\"url\":\"https:\/\/www.sprachschule-aktiv-wien.at\/\",\"name\":\"Sprachschule Aktiv Wien\",\"description\":\"\",\"potentialAction\":[{\"@type\":\"SearchAction\",\"target\":{\"@type\":\"EntryPoint\",\"urlTemplate\":\"https:\/\/www.sprachschule-aktiv-wien.at\/?s={search_term_string}\"},\"query-input\":{\"@type\":\"PropertyValueSpecification\",\"valueRequired\":true,\"valueName\":\"search_term_string\"}}],\"inLanguage\":\"en-US\"}]}<\/script>\n<!-- \/ Yoast SEO plugin. -->","yoast_head_json":{"title":"German language course with accommodation in Vienna","description":"German language course with accommodation in Vienna. German course with accommodation in Vienna. We will find the right accommodation for you","robots":{"index":"index","follow":"follow","max-snippet":"max-snippet:-1","max-image-preview":"max-image-preview:large","max-video-preview":"max-video-preview:-1"},"canonical":"https:\/\/www.sprachschule-aktiv-wien.at\/en\/german-courses-with-accomodation-in-vienna\/","og_locale":"en_US","og_type":"article","og_title":"German language course with accommodation in Vienna","og_description":"German language course with accommodation in Vienna. German course with accommodation in Vienna. We will find the right accommodation for you","og_url":"https:\/\/www.sprachschule-aktiv-wien.at\/en\/german-courses-with-accomodation-in-vienna\/","og_site_name":"Sprachschule Aktiv Wien","article_modified_time":"2025-03-24T11:53:46+00:00","twitter_misc":{"Est. reading time":"8 minutes"},"schema":{"@context":"https:\/\/schema.org","@graph":[{"@type":"WebPage","@id":"https:\/\/www.sprachschule-aktiv-wien.at\/en\/german-courses-with-accomodation-in-vienna\/","url":"https:\/\/www.sprachschule-aktiv-wien.at\/en\/german-courses-with-accomodation-in-vienna\/","name":"German language course with accommodation in Vienna","isPartOf":{"@id":"https:\/\/www.sprachschule-aktiv-wien.at\/#website"},"datePublished":"2017-11-23T00:58:02+00:00","dateModified":"2025-03-24T11:53:46+00:00","description":"German language course with accommodation in Vienna. German course with accommodation in Vienna. We will find the right accommodation for you","breadcrumb":{"@id":"https:\/\/www.sprachschule-aktiv-wien.at\/en\/german-courses-with-accomodation-in-vienna\/#breadcrumb"},"inLanguage":"en-US","potentialAction":[{"@type":"ReadAction","target":["https:\/\/www.sprachschule-aktiv-wien.at\/en\/german-courses-with-accomodation-in-vienna\/"]}]},{"@type":"BreadcrumbList","@id":"https:\/\/www.sprachschule-aktiv-wien.at\/en\/german-courses-with-accomodation-in-vienna\/#breadcrumb","itemListElement":[{"@type":"ListItem","position":1,"name":"Home","item":"https:\/\/www.sprachschule-aktiv-wien.at\/en\/"},{"@type":"ListItem","position":2,"name":"German Courses with accommodation in Vienna"}]},{"@type":"WebSite","@id":"https:\/\/www.sprachschule-aktiv-wien.at\/#website","url":"https:\/\/www.sprachschule-aktiv-wien.at\/","name":"Sprachschule Aktiv Wien","description":"","potentialAction":[{"@type":"SearchAction","target":{"@type":"EntryPoint","urlTemplate":"https:\/\/www.sprachschule-aktiv-wien.at\/?s={search_term_string}"},"query-input":{"@type":"PropertyValueSpecification","valueRequired":true,"valueName":"search_term_string"}}],"inLanguage":"en-US"}]}},"_links":{"self":[{"href":"https:\/\/www.sprachschule-aktiv-wien.at\/en\/wp-json\/wp\/v2\/pages\/4481","targetHints":{"allow":["GET"]}}],"collection":[{"href":"https:\/\/www.sprachschule-aktiv-wien.at\/en\/wp-json\/wp\/v2\/pages"}],"about":[{"href":"https:\/\/www.sprachschule-aktiv-wien.at\/en\/wp-json\/wp\/v2\/types\/page"}],"author":[{"embeddable":true,"href":"https:\/\/www.sprachschule-aktiv-wien.at\/en\/wp-json\/wp\/v2\/users\/7"}],"replies":[{"embeddable":true,"href":"https:\/\/www.sprachschule-aktiv-wien.at\/en\/wp-json\/wp\/v2\/comments?post=4481"}],"version-history":[{"count":44,"href":"https:\/\/www.sprachschule-aktiv-wien.at\/en\/wp-json\/wp\/v2\/pages\/4481\/revisions"}],"predecessor-version":[{"id":43245,"href":"https:\/\/www.sprachschule-aktiv-wien.at\/en\/wp-json\/wp\/v2\/pages\/4481\/revisions\/43245"}],"wp:attachment":[{"href":"https:\/\/www.sprachschule-aktiv-wien.at\/en\/wp-json\/wp\/v2\/media?parent=4481"}],"curies":[{"name":"wp","href":"https:\/\/api.w.org\/{rel}","templated":true}]}}