{"id":2676,"date":"2015-04-18T15:39:23","date_gmt":"2015-04-18T15:39:23","guid":{"rendered":"https:\/\/www.sprachschule-aktiv-wien.at\/kontakt\/"},"modified":"2024-08-27T10:44:01","modified_gmt":"2024-08-27T10:44:01","slug":"contact","status":"publish","type":"page","link":"https:\/\/www.sprachschule-aktiv-wien.at\/en\/contact\/","title":{"rendered":"Contact our school in Vienna"},"content":{"rendered":"<p>[vc_row css=&#8221;.vc_custom_1534932961340{margin-top: 15px !important;padding-bottom: 15px !important;}&#8221;][vc_column][vc_column_text]<\/p>\n<h1>Contact our school in Vienna<\/h1>\n<p>[\/vc_column_text][\/vc_column][\/vc_row][vc_row css=&#8221;.vc_custom_1534932981181{padding-top: 15px !important;padding-bottom: 15px !important;}&#8221;][vc_column width=&#8221;2\/3&#8243;][vc_column_text]<\/p>\n<h2>Learn German at our\u00a0language school in Vienna &#8211; Sprachschule Aktiv<\/h2>\n<p>Contact our school in Vienna.<\/p>\n<div class=\"wpcf7 no-js\" id=\"wpcf7-f2678-o1\" lang=\"en-US\" dir=\"ltr\" data-wpcf7-id=\"2678\">\n<div class=\"screen-reader-response\"><p role=\"status\" aria-live=\"polite\" aria-atomic=\"true\"><\/p> <ul><\/ul><\/div>\n<form action=\"\/en\/wp-json\/wp\/v2\/pages\/2676#wpcf7-f2678-o1\" method=\"post\" class=\"wpcf7-form init wpcf7-acceptance-as-validation\" aria-label=\"Contact form\" novalidate=\"novalidate\" data-status=\"init\">\n<fieldset class=\"hidden-fields-container\"><input type=\"hidden\" name=\"_wpcf7\" value=\"2678\" \/><input type=\"hidden\" name=\"_wpcf7_version\" value=\"6.1.5\" \/><input type=\"hidden\" name=\"_wpcf7_locale\" value=\"en_US\" \/><input type=\"hidden\" name=\"_wpcf7_unit_tag\" value=\"wpcf7-f2678-o1\" \/><input type=\"hidden\" name=\"_wpcf7_container_post\" value=\"0\" \/><input type=\"hidden\" name=\"_wpcf7_posted_data_hash\" value=\"\" \/><input type=\"hidden\" name=\"_wpcf7cf_hidden_group_fields\" value=\"[]\" \/><input type=\"hidden\" name=\"_wpcf7cf_hidden_groups\" value=\"[]\" \/><input type=\"hidden\" name=\"_wpcf7cf_visible_groups\" value=\"[]\" \/><input type=\"hidden\" name=\"_wpcf7cf_repeaters\" value=\"[]\" \/><input type=\"hidden\" name=\"_wpcf7cf_steps\" value=\"{}\" \/><input type=\"hidden\" name=\"_wpcf7cf_options\" value=\"{&quot;form_id&quot;:2678,&quot;conditions&quot;:[],&quot;settings&quot;:{&quot;animation&quot;:&quot;yes&quot;,&quot;animation_intime&quot;:200,&quot;animation_outtime&quot;:200,&quot;conditions_ui&quot;:&quot;normal&quot;,&quot;notice_dismissed&quot;:false,&quot;notice_dismissed_update-cf7-5.9.7&quot;:true}}\" \/><input type=\"hidden\" name=\"_wpcf7_recaptcha_response\" value=\"\" \/>\n<\/fieldset>\n<script>\n        jQuery(document).ready(function($) {\n            var availableCountries = [\n\"Afghanistan\",\n\"\u00c4gypten\",\n\"Albanien\",\n\"Algerien\",\n\"Amerikanische Jungferninseln\",\n\"Amerikanisch\u2010Samoa\",\n\"Andorra\",\n\"Angola\",\n\"Anguilla\",\n\"Antarktis\",\n\"Antigua und Barbuda\",\n\"\u00c4quatorialguinea\",\n\"Argentinien\",\n\"Armenien\",\n\"Aruba\",\n\"Aserbaidschan\",\n\"\u00c4thiopien\",\n\"Australien\",\n\"Bahamas\",\n\"Bahrain\",\n\"Bangladesch\",\n\"Barbados\",\n\"Belgien\",\n\"Belize\",\n\"Benin\",\n\"Bermuda\",\n\"Bhutan\",\n\"Bolivien\",\n\"Bosnien\u2010Herzegowina\",\n\"Botsuana\",\n\"Bouvet Island\",\n\"Brasilien\",\n\"Britische Jungferninseln\",\n\"British Indian Ocean Territory\",\n\"Brunei\",\n\"Bulgarien\",\n\"Burkina Faso\",\n\"Burundi\",\n\"Chile\",\n\"China\",\n\"Christmas Island\",\n\"Cookinseln\",\n\"Costa Rica\",\n\"D\u00e4nemark\",\n\"Deutschland\",\n\"Dominica\",\n\"Dominican Republic\",\n\"Dschibuti\",\n\"Ecuador\",\n\"El Salvador\",\n\"Elfenbeink\u00fcste\",\n\"Eritrea\",\n\"Estland\",\n\"Falklandinseln\",\n\"F\u00e4r\u00f6er\",\n\"Fidschi\",\n\"Finnland\",\n\"Frankreich\",\n\"Franz\u00f6sisch\u2010Guyana\",\n\"Franz\u00f6sisch\u2010Polynesien\",\n\"French Southern and Antarctic\",\n\"Gabun\",\n\"Gambia\",\n\"Georgien\",\n\"Ghana\",\n\"Gibraltar\",\n\"Grenada\",\n\"Griechenland\",\n\"Gr\u00f6nland\",\n\"Gro\u00dfbritannien und Nordirland\",\n\"Guadeloupe\",\n\"Guam\",\n\"Guatemala\",\n\"Guinea\",\n\"Guinea\u2010Bissau\",\n\"Guyana\",\n\"Haiti\",\n\"Honduras\",\n\"Hongkong\",\n\"Indien\",\n\"Indonesien\",\n\"Irak\",\n\"Iran\",\n\"Irland\",\n\"Island\",\n\"Israel\",\n\"Italien\",\n\"Jamaika\",\n\"Jan Mayen und Spitzbergen\",\n\"Japan\",\n\"Jemen\",\n\"Jordanien\",\n\"Jugoslawien (ehemaliges)\",\n\"Kaimaninseln\",\n\"Kambodscha\",\n\"Kamerun\",\n\"Kanada\",\n\"Kap Verde\",\n\"Kasachstan\",\n\"Katar\",\n\"Kein Land zugeordnet\",\n\"Kenia\",\n\"Kirgisistan\",\n\"Kiribati\",\n\"Kokos\u2010\/Keelinginseln\",\n\"Kolumbien\",\n\"Komoren\",\n\"Kongo\",\n\"Kongo, Demokratische Republik\",\n\"Kongo, Republik\",\n\"Kosovo\",\n\"Kroatien\",\n\"Kuba\",\n\"Kuwait\",\n\"Laos\",\n\"Lesotho\",\n\"Lettland\",\n\"Libanon\",\n\"Liberia\",\n\"Libyen\",\n\"Liechtenstein\",\n\"Litauen\",\n\"Luxemburg\",\n\"Macau\",\n\"Madagaskar\",\n\"Malawi\",\n\"Malaysia\",\n\"Malediven\",\n\"Mali\",\n\"Malta\",\n\"Marianeninseln\",\n\"Marokko\",\n\"Marshallinseln\",\n\"Martinique\",\n\"Mauretanien\",\n\"Mauritius\",\n\"Mayotte\u2010Insel\",\n\"Mexiko\",\n\"Mikronesien\",\n\"Moldau\",\n\"Monaco\",\n\"Mongolei\",\n\"Montenegro\",\n\"Montserrat\",\n\"Mosambik\",\n\"Myanmar\",\n\"Namibia\",\n\"Nauru\",\n\"Nepal\",\n\"Neukaledonien\",\n\"Neuseeland\",\n\"Nicaragua\",\n\"Niederlande\",\n\"Niederl\u00e4ndische Antillen\",\n\"Niger\",\n\"Nigeria\",\n\"Niue\",\n\"Nordkorea\",\n\"Nordmazedonien\",\n\"Norfolk Island\",\n\"Norway\",\n\"Oman\",\n\"\u00d6sterreich\",\n\"Pakistan\",\n\"Pal\u00e4stina\",\n\"Palau\",\n\"Panama\",\n\"Papua-Neuguinea\",\n\"Paraguay\",\n\"Peru\",\n\"Philippinen\",\n\"Pitcairn\u2010Inseln\",\n\"Polen\",\n\"Portugal\",\n\"Puerto Rico\",\n\"R\u00e9union\",\n\"Ruanda\",\n\"Rum\u00e4nien\",\n\"Russische F\u00f6deration\",\n\"Republik Korea (S\u00fcdkorea)\",\n\"Salomonen\",\n\"Sambia\",\n\"Samoa\",\n\"San Marino\",\n\"S\u00e3o Tom\u00e9 und Pr\u00edncipe\",\n\"Saudi\u2010Arabien\",\n\"Schweden\",\n\"Schweiz\",\n\"Senegal\",\n\"Serbien\",\n\"Serbien\u2010Montenegro\",\n\"Seychellen (Seschellen)\",\n\"Sierra Leone\",\n\"Simbabwe\",\n\"Singapur\",\n\"Slowakei\",\n\"Slowenien\",\n\"Somalia\",\n\"Spanien\",\n\"Sri Lanka\",\n\"St. Helena\",\n\"St. Kitts und Nevis\",\n\"St. Lucia\",\n\"St. Pierre und Miquelon\",\n\"St. Vincent und die Grenadinen\",\n\"S\u00fcdafrika\",\n\"Sudan\",\n\"S\u00fcdgeorgien\",\n\"Suriname\",\n\"Swasiland\",\n\"Syrien\",\n\"Tadschikistan\",\n\"Taiwan\",\n\"Tansania\",\n\"Thailand\",\n\"Timor\",\n\"Togo\",\n\"Tokelau\u2010Inseln (Union\u2010Inseln)\",\n\"Tonga\",\n\"Trinidad und Tobago\",\n\"Tschad\",\n\"Tschechien\",\n\"Tunesien\",\n\"T\u00fcrkei\",\n\"Turkmenistan\",\n\"Turks\u2010 und Caicos\u2010Inseln\",\n\"Tuvalu\",\n\"Uganda\",\n\"Ukraine\",\n\"Ungarn\",\n\"Ungekl\u00e4rt\",\n\"Unbekannt\",\n\"Uruguay\",\n\"US Minor Outlying Islands\",\n\"Usbekistan\",\n\"Vanuatu\",\n\"Vatikanstadt\",\n\"Venezuela\",\n\"Vereinigte Arabische Emirate\",\n\"Vereinigte Staaten von Amerika\",\n\"Vietnam\",\n\"Wallis und Futuna\",\n\"Wei\u00dfru\u00dfland\",\n\"Westsahara\",\n\"Zentralafrikanische Republik\",\n\"Zypern\",\n\n\/\/ Agrega m\u00e1s pa\u00edses aqu\u00ed\n            ];\n              $(\"input[name=BirthCountry], input[name=Country]\").autocomplete({\n                source: availableCountries,\n                minLength: 0,\n                change: function(event, ui) {\n                    var currentValue = $(this).val();\n                    if (availableCountries.indexOf(currentValue) === -1) {\n                        $(this).val(\"\"); \/\/ Borra el valor ingresado si no est\u00e1 en el autocompletado\n                    }\n                }\n            }).focus(function() {\n                $(this).autocomplete(\"search\", \"\");\n            });\n        });\n        <\/script><script>\n        jQuery(document).ready(function($) {\n            var availableCountries = [\n\"Afghanistan\",\n\"\u00c4gypten\",\n\"Albanien\",\n\"Algerien\",\n\"Amerikanische Jungferninseln\",\n\"Amerikanisch\u2010Samoa\",\n\"Andorra\",\n\"Angola\",\n\"Anguilla\",\n\"Antarktis\",\n\"Antigua und Barbuda\",\n\"\u00c4quatorialguinea\",\n\"Argentinien\",\n\"Armenien\",\n\"Aruba\",\n\"Aserbaidschan\",\n\"\u00c4thiopien\",\n\"Australien\",\n\"Bahamas\",\n\"Bahrain\",\n\"Bangladesch\",\n\"Barbados\",\n\"Belgien\",\n\"Belize\",\n\"Benin\",\n\"Bermuda\",\n\"Bhutan\",\n\"Bolivien\",\n\"Bosnien\u2010Herzegowina\",\n\"Botsuana\",\n\"Bouvet Island\",\n\"Brasilien\",\n\"Britische Jungferninseln\",\n\"British Indian Ocean Territory\",\n\"Brunei\",\n\"Bulgarien\",\n\"Burkina Faso\",\n\"Burundi\",\n\"Chile\",\n\"China\",\n\"Christmas Island\",\n\"Cookinseln\",\n\"Costa Rica\",\n\"D\u00e4nemark\",\n\"Deutschland\",\n\"Dominica\",\n\"Dominican Republic\",\n\"Dschibuti\",\n\"Ecuador\",\n\"El Salvador\",\n\"Elfenbeink\u00fcste\",\n\"Eritrea\",\n\"Estland\",\n\"Falklandinseln\",\n\"F\u00e4r\u00f6er\",\n\"Fidschi\",\n\"Finnland\",\n\"Frankreich\",\n\"Franz\u00f6sisch\u2010Guyana\",\n\"Franz\u00f6sisch\u2010Polynesien\",\n\"French Southern and Antarctic\",\n\"Gabun\",\n\"Gambia\",\n\"Georgien\",\n\"Ghana\",\n\"Gibraltar\",\n\"Grenada\",\n\"Griechenland\",\n\"Gr\u00f6nland\",\n\"Gro\u00dfbritannien und Nordirland\",\n\"Guadeloupe\",\n\"Guam\",\n\"Guatemala\",\n\"Guinea\",\n\"Guinea\u2010Bissau\",\n\"Guyana\",\n\"Haiti\",\n\"Honduras\",\n\"Hongkong\",\n\"Indien\",\n\"Indonesien\",\n\"Irak\",\n\"Iran\",\n\"Irland\",\n\"Island\",\n\"Israel\",\n\"Italien\",\n\"Jamaika\",\n\"Jan Mayen und Spitzbergen\",\n\"Japan\",\n\"Jemen\",\n\"Jordanien\",\n\"Jugoslawien (ehemaliges)\",\n\"Kaimaninseln\",\n\"Kambodscha\",\n\"Kamerun\",\n\"Kanada\",\n\"Kap Verde\",\n\"Kasachstan\",\n\"Katar\",\n\"Kein Land zugeordnet\",\n\"Kenia\",\n\"Kirgisistan\",\n\"Kiribati\",\n\"Kokos\u2010\/Keelinginseln\",\n\"Kolumbien\",\n\"Komoren\",\n\"Kongo\",\n\"Kongo, Demokratische Republik\",\n\"Kongo, Republik\",\n\"Kosovo\",\n\"Kroatien\",\n\"Kuba\",\n\"Kuwait\",\n\"Laos\",\n\"Lesotho\",\n\"Lettland\",\n\"Libanon\",\n\"Liberia\",\n\"Libyen\",\n\"Liechtenstein\",\n\"Litauen\",\n\"Luxemburg\",\n\"Macau\",\n\"Madagaskar\",\n\"Malawi\",\n\"Malaysia\",\n\"Malediven\",\n\"Mali\",\n\"Malta\",\n\"Marianeninseln\",\n\"Marokko\",\n\"Marshallinseln\",\n\"Martinique\",\n\"Mauretanien\",\n\"Mauritius\",\n\"Mayotte\u2010Insel\",\n\"Mexiko\",\n\"Mikronesien\",\n\"Moldau\",\n\"Monaco\",\n\"Mongolei\",\n\"Montenegro\",\n\"Montserrat\",\n\"Mosambik\",\n\"Myanmar\",\n\"Namibia\",\n\"Nauru\",\n\"Nepal\",\n\"Neukaledonien\",\n\"Neuseeland\",\n\"Nicaragua\",\n\"Niederlande\",\n\"Niederl\u00e4ndische Antillen\",\n\"Niger\",\n\"Nigeria\",\n\"Niue\",\n\"Nordkorea\",\n\"Nordmazedonien\",\n\"Norfolk Island\",\n\"Norway\",\n\"Oman\",\n\"\u00d6sterreich\",\n\"Pakistan\",\n\"Pal\u00e4stina\",\n\"Palau\",\n\"Panama\",\n\"Papua-Neuguinea\",\n\"Paraguay\",\n\"Peru\",\n\"Philippinen\",\n\"Pitcairn\u2010Inseln\",\n\"Polen\",\n\"Portugal\",\n\"Puerto Rico\",\n\"R\u00e9union\",\n\"Ruanda\",\n\"Rum\u00e4nien\",\n\"Russische F\u00f6deration\",\n\"Republik Korea (S\u00fcdkorea)\",\n\"Salomonen\",\n\"Sambia\",\n\"Samoa\",\n\"San Marino\",\n\"S\u00e3o Tom\u00e9 und Pr\u00edncipe\",\n\"Saudi\u2010Arabien\",\n\"Schweden\",\n\"Schweiz\",\n\"Senegal\",\n\"Serbien\",\n\"Serbien\u2010Montenegro\",\n\"Seychellen (Seschellen)\",\n\"Sierra Leone\",\n\"Simbabwe\",\n\"Singapur\",\n\"Slowakei\",\n\"Slowenien\",\n\"Somalia\",\n\"Spanien\",\n\"Sri Lanka\",\n\"St. Helena\",\n\"St. Kitts und Nevis\",\n\"St. Lucia\",\n\"St. Pierre und Miquelon\",\n\"St. Vincent und die Grenadinen\",\n\"Staatenlos\",\n\"S\u00fcdafrika\",\n\"Sudan\",\n\"S\u00fcdgeorgien\",\n\"Suriname\",\n\"Swasiland\",\n\"Syrien\",\n\"Tadschikistan\",\n\"Taiwan\",\n\"Tansania\",\n\"Thailand\",\n\"Timor\",\n\"Togo\",\n\"Tokelau\u2010Inseln (Union\u2010Inseln)\",\n\"Tonga\",\n\"Trinidad und Tobago\",\n\"Tschad\",\n\"Tschechien\",\n\"Tunesien\",\n\"T\u00fcrkei\",\n\"Turkmenistan\",\n\"Turks\u2010 und Caicos\u2010Inseln\",\n\"Tuvalu\",\n\"Uganda\",\n\"Ukraine\",\n\"Ungarn\",\n\"Ungekl\u00e4rt\",\n\"Unbekannt\",\n\"Uruguay\",\n\"US Minor Outlying Islands\",\n\"Usbekistan\",\n\"Vanuatu\",\n\"Vatikanstadt\",\n\"Venezuela\",\n\"Vereinigte Arabische Emirate\",\n\"Vereinigte Staaten von Amerika\",\n\"Vietnam\",\n\"Wallis und Futuna\",\n\"Wei\u00dfru\u00dfland\",\n\"Westsahara\",\n\"Zentralafrikanische Republik\",\n\"Zypern\",\n\n\/\/ Agrega m\u00e1s pa\u00edses aqu\u00ed\n            ];\n            $(\"input[name=Nationality]\").autocomplete({\n                source: availableCountries,\n                minLength: 0,\n                change: function(event, ui) {\n                    var currentValue = $(this).val();\n                    if (availableCountries.indexOf(currentValue) === -1) {\n                        $(this).val(\"\"); \/\/ Borra el valor ingresado si no est\u00e1 en el autocompletado\n                    }\n                }\n            }).focus(function() {\n                $(this).autocomplete(\"search\", \"\");\n            });\n        });\n        <\/script><p>Your Name*\n<\/p>\n<p><span class=\"wpcf7-form-control-wrap\" data-name=\"your-name\"><input size=\"40\" maxlength=\"400\" class=\"wpcf7-form-control wpcf7-text wpcf7-validates-as-required\" aria-required=\"true\" aria-invalid=\"false\" value=\"\" type=\"text\" name=\"your-name\" \/><\/span>\n<\/p>\n<p>Your Email*\n<\/p>\n<p><span class=\"wpcf7-form-control-wrap\" data-name=\"your-email\"><input size=\"40\" maxlength=\"400\" class=\"wpcf7-form-control wpcf7-email wpcf7-validates-as-required wpcf7-text wpcf7-validates-as-email\" aria-required=\"true\" aria-invalid=\"false\" value=\"\" type=\"email\" name=\"your-email\" \/><\/span>\n<\/p>\n<p>Subject\n<\/p>\n<p><span class=\"wpcf7-form-control-wrap\" data-name=\"your-subject\"><input size=\"40\" maxlength=\"400\" class=\"wpcf7-form-control wpcf7-text\" aria-invalid=\"false\" value=\"\" type=\"text\" name=\"your-subject\" \/><\/span>\n<\/p>\n<p>Your Message\n<\/p>\n<p><span class=\"wpcf7-form-control-wrap\" data-name=\"your-message\"><textarea cols=\"40\" rows=\"10\" maxlength=\"2000\" class=\"wpcf7-form-control wpcf7-textarea\" aria-invalid=\"false\" name=\"your-message\"><\/textarea><\/span>\n<\/p>\n<div style=\"\">\n\t<p><span class=\"wpcf7-form-control-wrap\" data-name=\"agb\"><span class=\"wpcf7-form-control wpcf7-acceptance\"><span class=\"wpcf7-list-item\"><input type=\"checkbox\" name=\"agb\" value=\"1\" aria-invalid=\"false\" \/><\/span><\/span><\/span> (*) I have read and accept the <a href=\"\/en\/terms-and-conditions\/\">terms and conditions<\/a>.\n\t<\/p>\n<\/div>\n<p><input class=\"wpcf7-form-control wpcf7-submit has-spinner\" type=\"submit\" value=\"Send\" \/>\n<\/p><div class=\"wpcf7-response-output\" aria-hidden=\"true\"><\/div>\n<\/form>\n<\/div>\n[\/vc_column_text][\/vc_column][vc_column width=&#8221;1\/3&#8243;][vc_column_text]<\/p>\n<h3>Sprachschule Aktiv Wien<\/h3>\n<p>Telefon: +43 15222467<br \/>\nE-Mail: <a href=\"mailto:info@sprachschule-aktiv-wien.at\">info@sprachschule-aktiv-wien.at<\/a><br \/>\nInternet: <a href=\"http:\/\/www.sprachschule-aktiv-wien.at\/en\/\">www.sprachschule-aktiv-wien.at\/en\/<\/a>[\/vc_column_text][vc_column_text]<\/p>\n<h3>Anfahrt<\/h3>\n<p>Operngasse 20b\/ Entrance Faulmanngasse 4, 1040 Wien[\/vc_column_text][vc_gmaps link=&#8221;#E-8_JTNDaWZyYW1lJTIwc3JjJTNEJTIyaHR0cHMlM0ElMkYlMkZ3d3cuZ29vZ2xlLmNvbSUyRm1hcHMlMkZlbWJlZCUzRnBiJTNEJTIxMW0xOCUyMTFtMTIlMjExbTMlMjExZDI2NTkuMzMwMDkwODA1NzE4JTIxMmQxNi4zNDA1Mzc3MTU5MDcyMyUyMTNkNDguMjAwMjU3NTU0NzcxNyUyMTJtMyUyMTFmMCUyMTJmMCUyMTNmMCUyMTNtMiUyMTFpMTAyNCUyMTJpNzY4JTIxNGYxMy4xJTIxM20zJTIxMW0yJTIxMXMweDQ3NmQwN2YzNmJmNjNlMDUlMjUzQTB4NzZjMWExYWE4MGZlM2U2MSUyMTJzU3ByYWNoc2NodWxlJTJCQWt0aXYlMkJXaWVuJTIxNWUwJTIxM20yJTIxMXNkZSUyMTJzZGUlMjE0djE1MzQ3NjQ5NjAyNDglMjIlMjB3aWR0aCUzRCUyMjYwMCUyMiUyMGhlaWdodCUzRCUyMjIwMCUyMiUyMGZyYW1lYm9yZGVyJTNEJTIyMCUyMiUyMHN0eWxlJTNEJTIyYm9yZGVyJTNBMCUyMiUyMGFsbG93ZnVsbHNjcmVlbiUzRSUzQyUyRmlmcmFtZSUzRQ==&#8221;][\/vc_column][\/vc_row]<\/p>\n","protected":false},"excerpt":{"rendered":"<p>[vc_row css=&#8221;.vc_custom_1534932961340{margin-top: 15px !important;padding-bottom: 15px !important;}&#8221;][vc_column][vc_column_text] Contact our school in Vienna [\/vc_column_text][\/vc_column][\/vc_row][vc_row css=&#8221;.vc_custom_1534932981181{padding-top: 15px !important;padding-bottom: 15px !important;}&#8221;][vc_column width=&#8221;2\/3&#8243;][vc_column_text] Learn German at our\u00a0language school in Vienna &#8211; Sprachschule Aktiv Contact our school in Vienna. [\/vc_column_text][\/vc_column][vc_column width=&#8221;1\/3&#8243;][vc_column_text] Sprachschule Aktiv Wien Telefon: +43 15222467 E-Mail: info@sprachschule-aktiv-wien.at Internet: www.sprachschule-aktiv-wien.at\/en\/[\/vc_column_text][vc_column_text] Anfahrt Operngasse 20b\/ Entrance Faulmanngasse 4, 1040 Wien[\/vc_column_text][vc_gmaps link=&#8221;#E-8_JTNDaWZyYW1lJTIwc3JjJTNEJTIyaHR0cHMlM0ElMkYlMkZ3d3cuZ29vZ2xlLmNvbSUyRm1hcHMlMkZlbWJlZCUzRnBiJTNEJTIxMW0xOCUyMTFtMTIlMjExbTMlMjExZDI2NTkuMzMwMDkwODA1NzE4JTIxMmQxNi4zNDA1Mzc3MTU5MDcyMyUyMTNkNDguMjAwMjU3NTU0NzcxNyUyMTJtMyUyMTFmMCUyMTJmMCUyMTNmMCUyMTNtMiUyMTFpMTAyNCUyMTJpNzY4JTIxNGYxMy4xJTIxM20zJTIxMW0yJTIxMXMweDQ3NmQwN2YzNmJmNjNlMDUlMjUzQTB4NzZjMWExYWE4MGZlM2U2MSUyMTJzU3ByYWNoc2NodWxlJTJCQWt0aXYlMkJXaWVuJTIxNWUwJTIxM20yJTIxMXNkZSUyMTJzZGUlMjE0djE1MzQ3NjQ5NjAyNDglMjIlMjB3aWR0aCUzRCUyMjYwMCUyMiUyMGhlaWdodCUzRCUyMjIwMCUyMiUyMGZyYW1lYm9yZGVyJTNEJTIyMCUyMiUyMHN0eWxlJTNEJTIyYm9yZGVyJTNBMCUyMiUyMGFsbG93ZnVsbHNjcmVlbiUzRSUzQyUyRmlmcmFtZSUzRQ==&#8221;][\/vc_column][\/vc_row]<\/p>\n","protected":false},"author":7,"featured_media":0,"parent":0,"menu_order":0,"comment_status":"closed","ping_status":"closed","template":"","meta":{"footnotes":""},"class_list":["post-2676","page","type-page","status-publish","hentry"],"yoast_head":"<!-- This site is optimized with the Yoast SEO plugin v27.1.1 - https:\/\/yoast.com\/product\/yoast-seo-wordpress\/ -->\n<title>Contact our school in Vienna - Sprachschule Aktiv Wien<\/title>\n<meta name=\"description\" content=\"Contact us and learn German at our language school in Vienna. Courses for all languages. Sprachschule Aktiv Wien\" \/>\n<meta name=\"robots\" content=\"index, follow, max-snippet:-1, max-image-preview:large, max-video-preview:-1\" \/>\n<link rel=\"canonical\" href=\"https:\/\/www.sprachschule-aktiv-wien.at\/en\/contact\/\" \/>\n<meta property=\"og:locale\" content=\"en_US\" \/>\n<meta property=\"og:type\" content=\"article\" \/>\n<meta property=\"og:title\" content=\"Contact our school in Vienna - Sprachschule Aktiv Wien\" \/>\n<meta property=\"og:description\" content=\"Contact us and learn German at our language school in Vienna. Courses for all languages. Sprachschule Aktiv Wien\" \/>\n<meta property=\"og:url\" content=\"https:\/\/www.sprachschule-aktiv-wien.at\/en\/contact\/\" \/>\n<meta property=\"og:site_name\" content=\"Sprachschule Aktiv Wien\" \/>\n<meta property=\"article:modified_time\" content=\"2024-08-27T10:44:01+00:00\" \/>\n<meta name=\"twitter:label1\" content=\"Est. reading time\" \/>\n\t<meta name=\"twitter:data1\" content=\"1 minute\" \/>\n<script type=\"application\/ld+json\" class=\"yoast-schema-graph\">{\"@context\":\"https:\/\/schema.org\",\"@graph\":[{\"@type\":\"WebPage\",\"@id\":\"https:\/\/www.sprachschule-aktiv-wien.at\/en\/contact\/\",\"url\":\"https:\/\/www.sprachschule-aktiv-wien.at\/en\/contact\/\",\"name\":\"Contact our school in Vienna - Sprachschule Aktiv Wien\",\"isPartOf\":{\"@id\":\"https:\/\/www.sprachschule-aktiv-wien.at\/#website\"},\"datePublished\":\"2015-04-18T15:39:23+00:00\",\"dateModified\":\"2024-08-27T10:44:01+00:00\",\"description\":\"Contact us and learn German at our language school in Vienna. Courses for all languages. Sprachschule Aktiv Wien\",\"breadcrumb\":{\"@id\":\"https:\/\/www.sprachschule-aktiv-wien.at\/en\/contact\/#breadcrumb\"},\"inLanguage\":\"en-US\",\"potentialAction\":[{\"@type\":\"ReadAction\",\"target\":[\"https:\/\/www.sprachschule-aktiv-wien.at\/en\/contact\/\"]}]},{\"@type\":\"BreadcrumbList\",\"@id\":\"https:\/\/www.sprachschule-aktiv-wien.at\/en\/contact\/#breadcrumb\",\"itemListElement\":[{\"@type\":\"ListItem\",\"position\":1,\"name\":\"Home\",\"item\":\"https:\/\/www.sprachschule-aktiv-wien.at\/en\/\"},{\"@type\":\"ListItem\",\"position\":2,\"name\":\"Contact our school in Vienna\"}]},{\"@type\":\"WebSite\",\"@id\":\"https:\/\/www.sprachschule-aktiv-wien.at\/#website\",\"url\":\"https:\/\/www.sprachschule-aktiv-wien.at\/\",\"name\":\"Sprachschule Aktiv Wien\",\"description\":\"\",\"potentialAction\":[{\"@type\":\"SearchAction\",\"target\":{\"@type\":\"EntryPoint\",\"urlTemplate\":\"https:\/\/www.sprachschule-aktiv-wien.at\/?s={search_term_string}\"},\"query-input\":{\"@type\":\"PropertyValueSpecification\",\"valueRequired\":true,\"valueName\":\"search_term_string\"}}],\"inLanguage\":\"en-US\"}]}<\/script>\n<!-- \/ Yoast SEO plugin. -->","yoast_head_json":{"title":"Contact our school in Vienna - Sprachschule Aktiv Wien","description":"Contact us and learn German at our language school in Vienna. Courses for all languages. Sprachschule Aktiv Wien","robots":{"index":"index","follow":"follow","max-snippet":"max-snippet:-1","max-image-preview":"max-image-preview:large","max-video-preview":"max-video-preview:-1"},"canonical":"https:\/\/www.sprachschule-aktiv-wien.at\/en\/contact\/","og_locale":"en_US","og_type":"article","og_title":"Contact our school in Vienna - Sprachschule Aktiv Wien","og_description":"Contact us and learn German at our language school in Vienna. Courses for all languages. Sprachschule Aktiv Wien","og_url":"https:\/\/www.sprachschule-aktiv-wien.at\/en\/contact\/","og_site_name":"Sprachschule Aktiv Wien","article_modified_time":"2024-08-27T10:44:01+00:00","twitter_misc":{"Est. reading time":"1 minute"},"schema":{"@context":"https:\/\/schema.org","@graph":[{"@type":"WebPage","@id":"https:\/\/www.sprachschule-aktiv-wien.at\/en\/contact\/","url":"https:\/\/www.sprachschule-aktiv-wien.at\/en\/contact\/","name":"Contact our school in Vienna - Sprachschule Aktiv Wien","isPartOf":{"@id":"https:\/\/www.sprachschule-aktiv-wien.at\/#website"},"datePublished":"2015-04-18T15:39:23+00:00","dateModified":"2024-08-27T10:44:01+00:00","description":"Contact us and learn German at our language school in Vienna. Courses for all languages. Sprachschule Aktiv Wien","breadcrumb":{"@id":"https:\/\/www.sprachschule-aktiv-wien.at\/en\/contact\/#breadcrumb"},"inLanguage":"en-US","potentialAction":[{"@type":"ReadAction","target":["https:\/\/www.sprachschule-aktiv-wien.at\/en\/contact\/"]}]},{"@type":"BreadcrumbList","@id":"https:\/\/www.sprachschule-aktiv-wien.at\/en\/contact\/#breadcrumb","itemListElement":[{"@type":"ListItem","position":1,"name":"Home","item":"https:\/\/www.sprachschule-aktiv-wien.at\/en\/"},{"@type":"ListItem","position":2,"name":"Contact our school in Vienna"}]},{"@type":"WebSite","@id":"https:\/\/www.sprachschule-aktiv-wien.at\/#website","url":"https:\/\/www.sprachschule-aktiv-wien.at\/","name":"Sprachschule Aktiv Wien","description":"","potentialAction":[{"@type":"SearchAction","target":{"@type":"EntryPoint","urlTemplate":"https:\/\/www.sprachschule-aktiv-wien.at\/?s={search_term_string}"},"query-input":{"@type":"PropertyValueSpecification","valueRequired":true,"valueName":"search_term_string"}}],"inLanguage":"en-US"}]}},"_links":{"self":[{"href":"https:\/\/www.sprachschule-aktiv-wien.at\/en\/wp-json\/wp\/v2\/pages\/2676","targetHints":{"allow":["GET"]}}],"collection":[{"href":"https:\/\/www.sprachschule-aktiv-wien.at\/en\/wp-json\/wp\/v2\/pages"}],"about":[{"href":"https:\/\/www.sprachschule-aktiv-wien.at\/en\/wp-json\/wp\/v2\/types\/page"}],"author":[{"embeddable":true,"href":"https:\/\/www.sprachschule-aktiv-wien.at\/en\/wp-json\/wp\/v2\/users\/7"}],"replies":[{"embeddable":true,"href":"https:\/\/www.sprachschule-aktiv-wien.at\/en\/wp-json\/wp\/v2\/comments?post=2676"}],"version-history":[{"count":13,"href":"https:\/\/www.sprachschule-aktiv-wien.at\/en\/wp-json\/wp\/v2\/pages\/2676\/revisions"}],"predecessor-version":[{"id":42543,"href":"https:\/\/www.sprachschule-aktiv-wien.at\/en\/wp-json\/wp\/v2\/pages\/2676\/revisions\/42543"}],"wp:attachment":[{"href":"https:\/\/www.sprachschule-aktiv-wien.at\/en\/wp-json\/wp\/v2\/media?parent=2676"}],"curies":[{"name":"wp","href":"https:\/\/api.w.org\/{rel}","templated":true}]}}