{"id":23552,"date":"2020-03-11T11:32:28","date_gmt":"2020-03-11T11:32:28","guid":{"rendered":"https:\/\/www.sprachschule-aktiv-wien.at\/?page_id=23552"},"modified":"2021-09-21T06:01:11","modified_gmt":"2021-09-21T06:01:11","slug":"german-subjunctive-ii-konjunktiv-ii-how-to-form-it-and-practice-it","status":"publish","type":"page","link":"https:\/\/www.sprachschule-aktiv-wien.at\/en\/german-subjunctive-ii-konjunktiv-ii-how-to-form-it-and-practice-it\/","title":{"rendered":"German Subjunctive II (Konjunktiv II) \u2013 how to form it and practice it\u00a0"},"content":{"rendered":"<h1>German Subjunctive II (Konjunktiv II) \u2013 how to form it and practice it<\/h1>\n<p>Subjunctive II is a specific case in German grammar which is often used, and with different meanings.<\/p>\n<p>But don\u2019t panic! We\u2019ll look at it in a moment. In the following post you\u2019ll find how to form the Subjunctive II in the present and the past tense, accompanied by helpful examples.<\/p>\n<h2>How to form the Subjunctive II (Konjunktiv II)<\/h2>\n<h3>Subjunctive II in the present tense<\/h3>\n<p>The Subjunctive II has two different forms in the present tense \u2013 the original form and the replacement form.<\/p>\n<h3>1. Original form<\/h3>\n<p>Building the Subjunctive II in its original form isn\u2019t so difficult:<\/p>\n<p>Replace past tense + umlaut (for the vowels a, u, o) or the ending -en away from the infinitive form and by the ending -te (if there\u2019s no umlaut).<\/p>\n<p>In the first and the third person singular, an <em>\u2013e<\/em> is added and then the original form is finished:<\/p>\n<p><em>k\u00f6nnen<\/em> &#8211; <em>k\u00f6nnte<\/em><br \/>\n<em>m\u00fcssen<\/em> &#8211; <em>m\u00fcsste<\/em><br \/>\n<em>d\u00fcrfen<\/em> &#8211; <em>d\u00fcrfte<\/em><br \/>\n<em>wollen<\/em> \u2013 <em>wollte<\/em>\u00a0 (no umlaut)<br \/>\nsollen &#8211; <em>sollte<\/em> (no umlaut)<\/p>\n<p>To illustrate this example here is the conjugated form of <em>k\u00f6nnen<\/em> in Subjunctive II.<\/p>\n<p><em>ich k\u00f6nnte<br \/>\n<\/em><em>du k\u00f6nntest<br \/>\n<\/em><em>er\/sie\/es k\u00f6nnte<br \/>\n<\/em><em>wir k\u00f6nnten<br \/>\n<\/em><em>ihr k\u00f6nntet<br \/>\n<\/em><em>sie k\u00f6nnten<\/em><\/p>\n<p>But, actually, you don\u2019t need to use this form very often. In German we use the original form mostly in literature and whilst speaking \u2013 especially when asking politely, or expressing wishes or giving advice.<\/p>\n<p><strong>For example:<\/strong><\/p>\n<p><em>Ich h\u00e4tte gern ein Auto. \u2013 <\/em>I would like a car<br \/>\n<em>Er w\u00e4re ein guter Lehrer.- <\/em>I would be a good teacher<em><br \/>\n<strong>K\u00f6nntest<\/strong> du mir helfen? \u2013 <\/em>Could you help me?<br \/>\n<em>Ich <strong>m\u00fcsste<\/strong> morgen eigentlich arbeiten \u2013 <\/em>I actually have to work tomorrow<br \/>\n<strong><em>D\u00fcrfte<\/em><\/strong><em> ich Ihre Tochter heiraten? \u2013 <\/em>May I marry your daughter?<br \/>\n<em>Ich wollte, ich <strong>w\u00e4re<\/strong> ein Huhn. <\/em>\u2013 I wish I were a chicken<br \/>\n<em>Du <strong>solltest<\/strong> weniger rauchen. \u2013 <\/em>You should smoke less.<\/p>\n<p>Several exceptions also apply, such as:<\/p>\n<p><em>wissen &#8211; w\u00fcsste<br \/>\nkommen &#8211; k\u00e4me<br \/>\ngehen &#8211; ginge <\/em>(no umlaut)<\/p>\n<p><strong>Examples:<\/strong><\/p>\n<p><em>Ich <strong>w\u00fcsste<\/strong> gern mehr \u00fcber Kunst.<br \/>\nEigentlich <strong>k\u00e4me<\/strong> der Bus um 10 Uhr.<br \/>\n<\/em><em>F\u00fcr mich <strong>ginge<\/strong> auch ein Termin am Mittwoch.<\/em><\/p>\n<p>But the use of the original form with these verbs isn\u2019t obligatory, because it sounds too formal. All other verbs are mostly built with the replacement form. And that\u2019s very easy.<\/p>\n<h3>2. Can Replacement form<\/h3>\n<p>For the replacement form of the Subjunctive II we need a conjugated form of \u2018<em>werden<\/em>\u2019 in its Subjunctive II form and in the infinitive, also \u2018<em>w\u00fcrde\u2019<\/em> + infinitive. And that\u2019s all!<\/p>\n<p><strong>Examples:<\/strong><\/p>\n<p><em>Ich <strong>w\u00fcrde<\/strong> am Wochenende so gern nach Salzburg fahren.<br \/>\nSie <strong>w\u00fcrde<\/strong> gern in \u00d6sterreich\u00a0Deutsch lernen.<br \/>\nEr <strong>w\u00fcrde<\/strong> gern ein Auto kaufen.<br \/>\nWir <strong>w\u00fcrden<\/strong> dich jedes Jahr besuchen.<br \/>\nDu <strong>w\u00fcrdest<\/strong> zwar gern morgen drau\u00dfen schwimmen, leider ist es sehr kalt und es geht nicht.<br \/>\n<\/em><em>Wann <strong>w\u00fcrdet<\/strong> ihr morgen kommen?<\/em><\/p>\n<p>Think about the sentence structure: \u2018<em>w\u00fcrde\u2019<\/em> comes in the main clause in position 2, and the infinitive comes at the end.<\/p>\n<h3>Subjunctive II (Konjunktiv II) in the past tense<\/h3>\n<p>The building of Subjunctive II in the past tense functions almost like the normal perfect tense. Only the forms of \u2018<em>haben\u2019<\/em> and \u2018<em>sein\u2019<\/em> have to be converted into the Subjunctive.<\/p>\n<p><strong>Examples:<\/strong><\/p>\n<p>\u2018Normal\u2019 perfect:<\/p>\n<p><em>Ich <strong>habe<\/strong> gestern ein gr\u00fcnes Auto <strong>gekauft<\/strong>.<br \/>\nIch <strong>bin<\/strong> gestern nach Italien <strong>geflogen<\/strong>.<\/em><\/p>\n<p>The same sentences in Subjunctive II in the past tense:<br \/>\n<em><br \/>\nIch <strong>h\u00e4tte<\/strong> gestern gern ein gr\u00fcnes Auto <strong>gekauft<\/strong>.<br \/>\nIch <strong>w\u00e4re<\/strong> gestern gern zum\u00a0Deutschkurs\u00a0<strong>gekommen<\/strong>.<\/em><\/p>\n<p>Now you can use the Subjunctive II in the past tense!<\/p>\n<p>Here, those verbs that have already been formed in the perfect with \u2018<em>haben\u2019<\/em> have also been formed in the past in Subjunctive II; those who are already formed in the perfect also take past Subjunctive II as a form.<\/p>\n<p>Here those verbs which are already formed in the perfect with \u2018habe\u2019 are also formed with Subjuncitve II in the past. Similarly, those verbs which were formed in the perfect with \u2018<em>sein\u2019<\/em> are also formed in Subjunctive II with \u2018<em>sein\u2019<\/em>.<\/p>\n<p><strong>Further examples:<\/strong><\/p>\n<p><strong><em>H\u00e4tte<\/em><\/strong><em> ich doch nur mehr <strong>ge\u00fcbt<\/strong>, dann <strong>w\u00e4re<\/strong> die Pr\u00fcfung f\u00fcr mich einfacher <strong>verlaufen<\/strong>.<br \/>\n<\/em><strong><em>W\u00e4re<\/em><\/strong><em> ich fr\u00fcher <strong>aufgestanden, h\u00e4tte<\/strong> ich den Bus nicht <strong>verpasst<\/strong>!<br \/>\n<\/em><strong><em>H\u00e4ttest<\/em><\/strong><em> mir dich nur schon gestern <strong>gesagt<\/strong>, dass du heute ausgehen willst, dann <strong>w\u00e4re<\/strong> ich <strong>mitgekommen<\/strong>. <\/em><em>Jetzt bin ich leider schon verplant.<\/em><\/p>\n<p>Another thing: The Subjunctive II only has one past tense \u2013 no plusperfect or Pr\u00e4teritum. Useful, isn\u2019t it?<\/p>\n<h2><a href=\"https:\/\/www.sprachschule-aktiv-wien.at\/en\/\" target=\"_blank\" rel=\"noopener noreferrer\"><img decoding=\"async\" class=\"alignnone wp-image-23201\" title=\"Partizip\u00a0I and II \u2013 learn german in vienna\" src=\"https:\/\/www.sprachschule-aktiv-wien.at\/wp-content\/uploads\/2020\/02\/Partizip-I-and-II-\u2013-learn-german-in-vienna.jpg\" alt=\"Partizip\u00a0I and II \u2013 learn german in vienna\" width=\"200\" height=\"238\" srcset=\"https:\/\/www.sprachschule-aktiv-wien.at\/wp-content\/uploads\/2020\/02\/Partizip-I-and-II-\u2013-learn-german-in-vienna.jpg 510w, https:\/\/www.sprachschule-aktiv-wien.at\/wp-content\/uploads\/2020\/02\/Partizip-I-and-II-\u2013-learn-german-in-vienna-252x300.jpg 252w\" sizes=\"(max-width: 200px) 100vw, 200px\" \/><\/a><\/h2>\n<h2><strong>Exercises:<\/strong><\/h2>\n<p>Put the verbs into the Subjunctive II, in the present or the past.<\/p>\n<ol>\n<li>a) _________ (K\u00f6nnen) du mir bitte das Salz reichen?<\/li>\n<li>b) Wenn du noch einmal 18 _________ (sein), was __________ du __________ (tun)?<\/li>\n<li>c) __________ ich das vorher __________ (wissen), __________ ich anders __________ (entscheiden).<\/li>\n<li>d) Was __________ letztes Jahr __________ (sein), wenn du ihn nicht __________ __________ (treffen)?<\/li>\n<li>e) Bez\u00fcglich morgen: Wenn es __________ (geht), _________ ich gern um 20 Uhr __________ (wegfahren).<\/li>\n<\/ol>\n<p>Answers: a) K\u00f6nnten; b) w\u00e4rst, w\u00fcrdest \u2026 tun; c) H\u00e4tte \u2026 gewusst, h\u00e4tte \u2026 entschieden; d) w\u00e4re \u2026 gewesen, getroffen \u2026 h\u00e4ttest; e) ginge, w\u00fcrde \u2026 wegfahren.<\/p>\n<p>If you\u2019d like to practice more exercises with the Subjunctive II, and improve your grammar and spelling in a group, then join one of our German courses!<\/p>\n<h3>Other Blogs<\/h3>\n<ul>\n<li><a href=\"https:\/\/www.sprachschule-aktiv-wien.at\/en\/prepositions-dativ-german-grammar\/\" target=\"_blank\" rel=\"noopener noreferrer\">Preposition with Dativ &#8211; Using the Dativ in<\/a><\/li>\n<li><a href=\"https:\/\/www.sprachschule-aktiv-wien.at\/en\/german-grammar-konjunktiv-1\/\" target=\"_blank\" rel=\"noopener noreferrer\">All about the Konjunktiv 1<\/a><\/li>\n<\/ul>\n<h3>Our courses<\/h3>\n<ul>\n<li><a href=\"https:\/\/www.sprachschule-aktiv-wien.at\/en\/oeif-german-courses-in-vienna\/\" target=\"_blank\" rel=\"noopener noreferrer\">\u00d6IF German courses in Vienna<\/a><\/li>\n<li><a href=\"https:\/\/www.sprachschule-aktiv-wien.at\/en\/oeif-exam-a1-a2-b1-dates-information\/\" target=\"_blank\" rel=\"noopener noreferrer\">\u00d6IF Exams A1, A2, B1, B2 in Vienna- all Information and model tests\u00a0<\/a><\/li>\n<\/ul>\n","protected":false},"excerpt":{"rendered":"<p>German Subjunctive II (Konjunktiv II) \u2013 how to form it and practice it Subjunctive II is a specific case in German grammar which is often used, and with different meanings. But don\u2019t panic! We\u2019ll look at it in a moment. In the following post you\u2019ll find how to form the Subjunctive II in the present&hellip; <a class=\"read-more\" href=\"https:\/\/www.sprachschule-aktiv-wien.at\/en\/german-subjunctive-ii-konjunktiv-ii-how-to-form-it-and-practice-it\/\" title=\"Read German Subjunctive II (Konjunktiv II) \u2013 how to form it and practice it\u00a0\">Read more &raquo;<\/a><\/p>\n","protected":false},"author":7,"featured_media":23585,"parent":0,"menu_order":0,"comment_status":"closed","ping_status":"closed","template":"","meta":{"footnotes":""},"class_list":["post-23552","page","type-page","status-publish","has-post-thumbnail","hentry"],"yoast_head":"<!-- This site is optimized with the Yoast SEO plugin v27.1.1 - https:\/\/yoast.com\/product\/yoast-seo-wordpress\/ -->\n<title>German Konjunktiv II \u2013 how to form it and practice it\u00a0<\/title>\n<meta name=\"description\" content=\"Subjunctive II (Konjunktiv II) is a specific case in German grammar which is often used, with different meanings\" \/>\n<meta name=\"robots\" content=\"index, follow, max-snippet:-1, max-image-preview:large, max-video-preview:-1\" \/>\n<link rel=\"canonical\" href=\"https:\/\/www.sprachschule-aktiv-wien.at\/en\/german-subjunctive-ii-konjunktiv-ii-how-to-form-it-and-practice-it\/\" \/>\n<meta property=\"og:locale\" content=\"en_US\" \/>\n<meta property=\"og:type\" content=\"article\" \/>\n<meta property=\"og:title\" content=\"German Konjunktiv II \u2013 how to form it and practice it\u00a0\" \/>\n<meta property=\"og:description\" content=\"Subjunctive II (Konjunktiv II) is a specific case in German grammar which is often used, with different meanings\" \/>\n<meta property=\"og:url\" content=\"https:\/\/www.sprachschule-aktiv-wien.at\/en\/german-subjunctive-ii-konjunktiv-ii-how-to-form-it-and-practice-it\/\" \/>\n<meta property=\"og:site_name\" content=\"Sprachschule Aktiv Wien\" \/>\n<meta property=\"article:modified_time\" content=\"2021-09-21T06:01:11+00:00\" \/>\n<meta property=\"og:image\" content=\"https:\/\/www.sprachschule-aktiv-wien.at\/wp-content\/uploads\/2020\/03\/Subjunctive-II-Konjunktiv-II-learn-german.jpg\" \/>\n\t<meta property=\"og:image:width\" content=\"850\" \/>\n\t<meta property=\"og:image:height\" content=\"504\" \/>\n\t<meta property=\"og:image:type\" content=\"image\/jpeg\" \/>\n<meta name=\"twitter:label1\" content=\"Est. reading time\" \/>\n\t<meta name=\"twitter:data1\" content=\"4 minutes\" \/>\n<script type=\"application\/ld+json\" class=\"yoast-schema-graph\">{\"@context\":\"https:\/\/schema.org\",\"@graph\":[{\"@type\":\"WebPage\",\"@id\":\"https:\/\/www.sprachschule-aktiv-wien.at\/en\/german-subjunctive-ii-konjunktiv-ii-how-to-form-it-and-practice-it\/\",\"url\":\"https:\/\/www.sprachschule-aktiv-wien.at\/en\/german-subjunctive-ii-konjunktiv-ii-how-to-form-it-and-practice-it\/\",\"name\":\"German Konjunktiv II \u2013 how to form it and practice it\u00a0\",\"isPartOf\":{\"@id\":\"https:\/\/www.sprachschule-aktiv-wien.at\/#website\"},\"primaryImageOfPage\":{\"@id\":\"https:\/\/www.sprachschule-aktiv-wien.at\/en\/german-subjunctive-ii-konjunktiv-ii-how-to-form-it-and-practice-it\/#primaryimage\"},\"image\":{\"@id\":\"https:\/\/www.sprachschule-aktiv-wien.at\/en\/german-subjunctive-ii-konjunktiv-ii-how-to-form-it-and-practice-it\/#primaryimage\"},\"thumbnailUrl\":\"https:\/\/www.sprachschule-aktiv-wien.at\/wp-content\/uploads\/2020\/03\/Subjunctive-II-Konjunktiv-II-learn-german.jpg\",\"datePublished\":\"2020-03-11T11:32:28+00:00\",\"dateModified\":\"2021-09-21T06:01:11+00:00\",\"description\":\"Subjunctive II (Konjunktiv II) is a specific case in German grammar which is often used, with different meanings\",\"breadcrumb\":{\"@id\":\"https:\/\/www.sprachschule-aktiv-wien.at\/en\/german-subjunctive-ii-konjunktiv-ii-how-to-form-it-and-practice-it\/#breadcrumb\"},\"inLanguage\":\"en-US\",\"potentialAction\":[{\"@type\":\"ReadAction\",\"target\":[\"https:\/\/www.sprachschule-aktiv-wien.at\/en\/german-subjunctive-ii-konjunktiv-ii-how-to-form-it-and-practice-it\/\"]}]},{\"@type\":\"ImageObject\",\"inLanguage\":\"en-US\",\"@id\":\"https:\/\/www.sprachschule-aktiv-wien.at\/en\/german-subjunctive-ii-konjunktiv-ii-how-to-form-it-and-practice-it\/#primaryimage\",\"url\":\"https:\/\/www.sprachschule-aktiv-wien.at\/wp-content\/uploads\/2020\/03\/Subjunctive-II-Konjunktiv-II-learn-german.jpg\",\"contentUrl\":\"https:\/\/www.sprachschule-aktiv-wien.at\/wp-content\/uploads\/2020\/03\/Subjunctive-II-Konjunktiv-II-learn-german.jpg\",\"width\":850,\"height\":504},{\"@type\":\"BreadcrumbList\",\"@id\":\"https:\/\/www.sprachschule-aktiv-wien.at\/en\/german-subjunctive-ii-konjunktiv-ii-how-to-form-it-and-practice-it\/#breadcrumb\",\"itemListElement\":[{\"@type\":\"ListItem\",\"position\":1,\"name\":\"Home\",\"item\":\"https:\/\/www.sprachschule-aktiv-wien.at\/en\/\"},{\"@type\":\"ListItem\",\"position\":2,\"name\":\"German Subjunctive II (Konjunktiv II) \u2013 how to form it and practice it\u00a0\"}]},{\"@type\":\"WebSite\",\"@id\":\"https:\/\/www.sprachschule-aktiv-wien.at\/#website\",\"url\":\"https:\/\/www.sprachschule-aktiv-wien.at\/\",\"name\":\"Sprachschule Aktiv Wien\",\"description\":\"\",\"potentialAction\":[{\"@type\":\"SearchAction\",\"target\":{\"@type\":\"EntryPoint\",\"urlTemplate\":\"https:\/\/www.sprachschule-aktiv-wien.at\/?s={search_term_string}\"},\"query-input\":{\"@type\":\"PropertyValueSpecification\",\"valueRequired\":true,\"valueName\":\"search_term_string\"}}],\"inLanguage\":\"en-US\"}]}<\/script>\n<!-- \/ Yoast SEO plugin. -->","yoast_head_json":{"title":"German Konjunktiv II \u2013 how to form it and practice it\u00a0","description":"Subjunctive II (Konjunktiv II) is a specific case in German grammar which is often used, with different meanings","robots":{"index":"index","follow":"follow","max-snippet":"max-snippet:-1","max-image-preview":"max-image-preview:large","max-video-preview":"max-video-preview:-1"},"canonical":"https:\/\/www.sprachschule-aktiv-wien.at\/en\/german-subjunctive-ii-konjunktiv-ii-how-to-form-it-and-practice-it\/","og_locale":"en_US","og_type":"article","og_title":"German Konjunktiv II \u2013 how to form it and practice it\u00a0","og_description":"Subjunctive II (Konjunktiv II) is a specific case in German grammar which is often used, with different meanings","og_url":"https:\/\/www.sprachschule-aktiv-wien.at\/en\/german-subjunctive-ii-konjunktiv-ii-how-to-form-it-and-practice-it\/","og_site_name":"Sprachschule Aktiv Wien","article_modified_time":"2021-09-21T06:01:11+00:00","og_image":[{"width":850,"height":504,"url":"https:\/\/www.sprachschule-aktiv-wien.at\/wp-content\/uploads\/2020\/03\/Subjunctive-II-Konjunktiv-II-learn-german.jpg","type":"image\/jpeg"}],"twitter_misc":{"Est. reading time":"4 minutes"},"schema":{"@context":"https:\/\/schema.org","@graph":[{"@type":"WebPage","@id":"https:\/\/www.sprachschule-aktiv-wien.at\/en\/german-subjunctive-ii-konjunktiv-ii-how-to-form-it-and-practice-it\/","url":"https:\/\/www.sprachschule-aktiv-wien.at\/en\/german-subjunctive-ii-konjunktiv-ii-how-to-form-it-and-practice-it\/","name":"German Konjunktiv II \u2013 how to form it and practice it\u00a0","isPartOf":{"@id":"https:\/\/www.sprachschule-aktiv-wien.at\/#website"},"primaryImageOfPage":{"@id":"https:\/\/www.sprachschule-aktiv-wien.at\/en\/german-subjunctive-ii-konjunktiv-ii-how-to-form-it-and-practice-it\/#primaryimage"},"image":{"@id":"https:\/\/www.sprachschule-aktiv-wien.at\/en\/german-subjunctive-ii-konjunktiv-ii-how-to-form-it-and-practice-it\/#primaryimage"},"thumbnailUrl":"https:\/\/www.sprachschule-aktiv-wien.at\/wp-content\/uploads\/2020\/03\/Subjunctive-II-Konjunktiv-II-learn-german.jpg","datePublished":"2020-03-11T11:32:28+00:00","dateModified":"2021-09-21T06:01:11+00:00","description":"Subjunctive II (Konjunktiv II) is a specific case in German grammar which is often used, with different meanings","breadcrumb":{"@id":"https:\/\/www.sprachschule-aktiv-wien.at\/en\/german-subjunctive-ii-konjunktiv-ii-how-to-form-it-and-practice-it\/#breadcrumb"},"inLanguage":"en-US","potentialAction":[{"@type":"ReadAction","target":["https:\/\/www.sprachschule-aktiv-wien.at\/en\/german-subjunctive-ii-konjunktiv-ii-how-to-form-it-and-practice-it\/"]}]},{"@type":"ImageObject","inLanguage":"en-US","@id":"https:\/\/www.sprachschule-aktiv-wien.at\/en\/german-subjunctive-ii-konjunktiv-ii-how-to-form-it-and-practice-it\/#primaryimage","url":"https:\/\/www.sprachschule-aktiv-wien.at\/wp-content\/uploads\/2020\/03\/Subjunctive-II-Konjunktiv-II-learn-german.jpg","contentUrl":"https:\/\/www.sprachschule-aktiv-wien.at\/wp-content\/uploads\/2020\/03\/Subjunctive-II-Konjunktiv-II-learn-german.jpg","width":850,"height":504},{"@type":"BreadcrumbList","@id":"https:\/\/www.sprachschule-aktiv-wien.at\/en\/german-subjunctive-ii-konjunktiv-ii-how-to-form-it-and-practice-it\/#breadcrumb","itemListElement":[{"@type":"ListItem","position":1,"name":"Home","item":"https:\/\/www.sprachschule-aktiv-wien.at\/en\/"},{"@type":"ListItem","position":2,"name":"German Subjunctive II (Konjunktiv II) \u2013 how to form it and practice it\u00a0"}]},{"@type":"WebSite","@id":"https:\/\/www.sprachschule-aktiv-wien.at\/#website","url":"https:\/\/www.sprachschule-aktiv-wien.at\/","name":"Sprachschule Aktiv Wien","description":"","potentialAction":[{"@type":"SearchAction","target":{"@type":"EntryPoint","urlTemplate":"https:\/\/www.sprachschule-aktiv-wien.at\/?s={search_term_string}"},"query-input":{"@type":"PropertyValueSpecification","valueRequired":true,"valueName":"search_term_string"}}],"inLanguage":"en-US"}]}},"_links":{"self":[{"href":"https:\/\/www.sprachschule-aktiv-wien.at\/en\/wp-json\/wp\/v2\/pages\/23552","targetHints":{"allow":["GET"]}}],"collection":[{"href":"https:\/\/www.sprachschule-aktiv-wien.at\/en\/wp-json\/wp\/v2\/pages"}],"about":[{"href":"https:\/\/www.sprachschule-aktiv-wien.at\/en\/wp-json\/wp\/v2\/types\/page"}],"author":[{"embeddable":true,"href":"https:\/\/www.sprachschule-aktiv-wien.at\/en\/wp-json\/wp\/v2\/users\/7"}],"replies":[{"embeddable":true,"href":"https:\/\/www.sprachschule-aktiv-wien.at\/en\/wp-json\/wp\/v2\/comments?post=23552"}],"version-history":[{"count":7,"href":"https:\/\/www.sprachschule-aktiv-wien.at\/en\/wp-json\/wp\/v2\/pages\/23552\/revisions"}],"predecessor-version":[{"id":37433,"href":"https:\/\/www.sprachschule-aktiv-wien.at\/en\/wp-json\/wp\/v2\/pages\/23552\/revisions\/37433"}],"wp:featuredmedia":[{"embeddable":true,"href":"https:\/\/www.sprachschule-aktiv-wien.at\/en\/wp-json\/wp\/v2\/media\/23585"}],"wp:attachment":[{"href":"https:\/\/www.sprachschule-aktiv-wien.at\/en\/wp-json\/wp\/v2\/media?parent=23552"}],"curies":[{"name":"wp","href":"https:\/\/api.w.org\/{rel}","templated":true}]}}