{"id":9483,"date":"2015-02-12T08:43:10","date_gmt":"2015-02-12T08:43:10","guid":{"rendered":"https:\/\/www.sprachschule-aktiv-wien.at\/deutsch-und-fremdsprachen-lernen-in-wien-sprachschule-aktiv\/"},"modified":"2024-06-02T20:55:52","modified_gmt":"2024-06-02T20:55:52","slug":"deutsch-und-fremdsprachen-lernen-in-wien-sprachschule-aktiv","status":"publish","type":"page","link":"https:\/\/www.sprachschule-aktiv-wien.at\/cs\/","title":{"rendered":"Nau\u010dte se n\u011bmecky ve V\u00eddni \u2013 kurzy n\u011bm\u010diny A1 a\u017e C2"},"content":{"rendered":"<p>[vc_row full_width=&#8221;stretch_row_content_no_spaces&#8221;][vc_column][vc_single_image image=&#8221;28687&#8243; img_size=&#8221;full&#8221;][\/vc_column][\/vc_row][vc_row css=&#8221;.vc_custom_1535030008093{margin-top: 15px !important;padding-bottom: 15px !important;}&#8221;][vc_column][vc_column_text]<\/p>\n<h1>Nau\u010dte se n\u011bmecky ve V\u00eddni<\/h1>\n<p>Kurzy n\u011bm\u010diny A1 a\u017e C2 \u2013 jazykov\u00e1 \u0161kola Specializovan\u00e1 na kurzy n\u011bm\u010diny. Intenzivn\u00ed kurzy n\u011bm\u010diny ve V\u00eddni pro v\u0161echny \u00farovn\u011b A1, A2, B1, B2, C1, C2- dostupn\u00e9 jazykov\u00e9 \u00farovn\u011b:<\/p>\n<p>Intenzivn\u00ed kurzy n\u011bm\u010diny pro za\u010d\u00e1te\u010dn\u00edky: A1, A2<br \/>\nIntenzivn\u00ed kurzy n\u011bm\u010diny pro pokro\u010dil\u00e9: B1, B2<br \/>\nIntenzivn\u00ed kurzy n\u011bm\u010diny pro velmi pokro\u010dil\u00e9: C1 a C<\/p>\n<p>Intenzivn\u00ed kurzy n\u011bm\u010diny ve V\u00eddni \u2013 nau\u010dte se n\u011bmecky rychle.<br \/>\nNa\u0161e kurzy n\u011bm\u010diny jsou pro V\u00e1s ide\u00e1ln\u00ed, pokud se chcete nau\u010dit n\u011bmeck\u00fd jazyk tak rychle, jak jen to je mo\u017en\u00e9. V z\u00e1vislosti na Va\u0161ich stanoven\u00fdch c\u00edlech V\u00e1m nab\u00edz\u00edme r\u016fzn\u00e9 kurzy a typy kurz\u016f.<\/p>\n<p>[\/vc_column_text][vc_row_inner][vc_column_inner width=&#8221;1\/2&#8243;][vc_column_text]<div class=\"BorlabsCookie _brlbs-cb-youtube\"><div class=\"_brlbs-content-blocker\"> <div class=\"_brlbs-embed _brlbs-video-youtube\"> <img class=\"_brlbs-thumbnail\" src=\"https:\/\/www.sprachschule-aktiv-wien.at\/wp-content\/plugins\/borlabs-cookie\/assets\/images\/cb-no-thumbnail.png\" alt=\"YouTube\"> <div class=\"_brlbs-caption\"> <p>Mit dem Laden des Videos akzeptieren Sie die Datenschutzerkl\u00e4rung von YouTube.<br><a href=\"https:\/\/policies.google.com\/privacy\" target=\"_blank\" rel=\"nofollow noopener noreferrer\">Mehr erfahren<\/a><\/p> <p><a class=\"_brlbs-btn _brlbs-icon-play-white\" href=\"#\" data-borlabs-cookie-unblock role=\"button\">Video laden<\/a><\/p> <p><label><input type=\"checkbox\" name=\"unblockAll\" value=\"1\" checked> <small>YouTube immer entsperren<\/small><\/label><\/p> <\/div> <\/div> <\/div><div class=\"borlabs-hide\" data-borlabs-cookie-type=\"content-blocker\" data-borlabs-cookie-id=\"youtube\"><script type=\"text\/template\">PGlmcmFtZSBzcmM9Imh0dHBzOi8vd3d3LnlvdXR1YmUtbm9jb29raWUuY29tL2VtYmVkL1h6SUl6em00SmFZIiB3aWR0aD0iMTAwJSIgaGVpZ2h0PSIzMTUiIGZyYW1lYm9yZGVyPSIwIiBhbGxvd2Z1bGxzY3JlZW49ImFsbG93ZnVsbHNjcmVlbiI+PC9pZnJhbWU+<\/script><\/div><\/div>[\/vc_column_text][\/vc_column_inner][vc_column_inner width=&#8221;1\/2&#8243;][vc_column_text]<div class=\"BorlabsCookie _brlbs-cb-youtube\"><div class=\"_brlbs-content-blocker\"> <div class=\"_brlbs-embed _brlbs-video-youtube\"> <img class=\"_brlbs-thumbnail\" src=\"https:\/\/www.sprachschule-aktiv-wien.at\/wp-content\/plugins\/borlabs-cookie\/assets\/images\/cb-no-thumbnail.png\" alt=\"YouTube\"> <div class=\"_brlbs-caption\"> <p>Mit dem Laden des Videos akzeptieren Sie die Datenschutzerkl\u00e4rung von YouTube.<br><a href=\"https:\/\/policies.google.com\/privacy\" target=\"_blank\" rel=\"nofollow noopener noreferrer\">Mehr erfahren<\/a><\/p> <p><a class=\"_brlbs-btn _brlbs-icon-play-white\" href=\"#\" data-borlabs-cookie-unblock role=\"button\">Video laden<\/a><\/p> <p><label><input type=\"checkbox\" name=\"unblockAll\" value=\"1\" checked> <small>YouTube immer entsperren<\/small><\/label><\/p> <\/div> <\/div> <\/div><div class=\"borlabs-hide\" data-borlabs-cookie-type=\"content-blocker\" data-borlabs-cookie-id=\"youtube\"><script type=\"text\/template\">PGlmcmFtZSBzcmM9Imh0dHBzOi8vd3d3LnlvdXR1YmUtbm9jb29raWUuY29tL2VtYmVkL09tbERYMXJETC13IiB3aWR0aD0iMTAwJSIgaGVpZ2h0PSIzMTUiIGZyYW1lYm9yZGVyPSIwIiBhbGxvd2Z1bGxzY3JlZW49ImFsbG93ZnVsbHNjcmVlbiI+PC9pZnJhbWU+<\/script><\/div><\/div>[\/vc_column_text][\/vc_column_inner][\/vc_row_inner][\/vc_column][\/vc_row][vc_row full_width=&#8221;stretch_row&#8221; css=&#8221;.vc_custom_1535030132358{padding-top: 15px !important;padding-bottom: 15px !important;background-color: #f9f9f9 !important;}&#8221;][vc_column][vc_column_text]<\/p>\n<h2>Ceny a term\u00edny na\u0161ich intenzivn\u00edch kurz\u016f n\u011bm\u010diny<\/h2>\n<p><strong>\u00darove\u0148:<\/strong> A1, A2, B1, B2, C1, C2<br \/>\n<strong>Harmonogram:<\/strong> pond\u011bl\u00ed a\u017e p\u00e1tek, 8:00-11:00 \/ 11:00-14:00 \/14:00-17:00 \/ 18:00-21:00<br \/>\n<strong>Za\u010d\u00e1tek kurzu:<\/strong> kurzy pro v\u0161echny \u00farovn\u011b za\u010d\u00ednaj\u00ed prvn\u00ed pond\u011bl\u00ed v m\u011bs\u00edci, pokud pond\u011bl\u00ed je st\u00e1tn\u00ed sv\u00e1tek, kurzy za\u010d\u00ednaj\u00ed n\u00e1sleduj\u00edc\u00ed den.<br \/>\n<strong>D\u00e9lka kurz\u016f:<\/strong> 4 t\u00fddny<br \/>\nKurzy je tak\u00e9 mo\u017en\u00e9 rezervovat po t\u00fddnech.<br \/>\n<strong>Ceny:<br \/>\n<\/strong>1 t\u00fdden: 199 \u20ac<br \/>\n2 t\u00fddny: 349 \u20ac<br \/>\n3 t\u00fddny: 449 \u20ac<br \/>\n4 t\u00fddny (za m\u011bs\u00edc): 499 \u20ac[\/vc_column_text][\/vc_column][\/vc_row][vc_row css=&#8221;.vc_custom_1535030272056{padding-top: 15px !important;padding-bottom: 15px !important;}&#8221;][vc_column][vc_column_text]<\/p>\n<h2>M\u00e1me kurzy pro za\u010d\u00e1te\u010dn\u00edky a pokro\u010dil\u00e9<\/h2>\n<p>Nez\u00e1le\u017e\u00ed na Va\u0161ich p\u0159ede\u0161l\u00fdch zku\u0161enostech, u n\u00e1s jste na spr\u00e1vn\u00e9m m\u00edst\u011b. Bez p\u0159edchoz\u00ed znalosti n\u011bm\u010diny m\u016f\u017eete za\u010d\u00edt v kurzu pro za\u010d\u00e1te\u010dn\u00edky. Pokud ji\u017e m\u00e1te n\u011bjakou znalost n\u011bm\u010diny, najdeme pro V\u00e1s vhodn\u00fd kurz. Pro ur\u010den\u00ed Va\u0161\u00ed aktu\u00e1ln\u00ed jazykov\u00e9 \u00farovn\u011b V\u00e1m d\u00e1me vstupn\u00ed roz\u0159azovac\u00ed test. Pokud je\u0161t\u011b nejste ve V\u00eddni, m\u016f\u017eete tento test snadno ud\u011blat po internetu. V opa\u010dn\u00e9m p\u0159\u00edpad\u011b lze nav\u0161t\u00edvit na\u0161i jazykovou \u0161kolu Aktiv ve V\u00eddni.<\/p>\n<h2>Na\u0161e dopoledn\u00ed intenzivn\u00ed kurzy n\u011bm\u010diny<\/h2>\n<p>Typick\u00fd kurz je dopoledn\u00ed intenzivn\u00ed kurz. Ka\u017ed\u00fd den od 8:00 do 11:00 nebo od 11:00 do 14:00 nav\u0161t\u00edv\u00edte V\u00e1mi zvolen\u00fd kurz n\u011bm\u010diny. Odpoledne m\u016f\u017eete procvi\u010dovat nov\u011b nau\u010denou l\u00e1tku nebo si prohl\u00e9dnout kr\u00e1sn\u00e9 m\u011bsto. Kurzy n\u011bm\u010diny pro za\u010d\u00e1te\u010dn\u00edky I pro pokro\u010dil\u00e9 za\u010d\u00ednaj\u00ed prvn\u00ed pond\u011bl\u00ed v m\u011bs\u00edci. Na\u0161e ve\u010dern\u00ed polointenzivn\u00ed kurzy prob\u00edhaj\u00ed od pond\u011bl\u00ed a\u017e \u010dtvrtek od 17:30 do 19:00 nebo od 19:00 do 20:30.<\/p>\n<h2>Kurzy n\u011bm\u010diny ve V\u00eddni prob\u00edhaj\u00ed v mal\u00fdch skupin\u00e1ch<\/h2>\n<p>Velikost skupiny je kl\u00ed\u010dov\u00fd faktor pro dosa\u017een\u00ed \u00fasp\u011bchu p\u0159i v\u00fduce jazyka. \u010c\u00edm men\u0161\u00ed je skupina, t\u00edm v\u011bt\u0161\u00ed m\u00e1te \u0161ance, \u017ee Va\u0161e ot\u00e1zky budou zodpov\u011bzeny, \u010d\u00edm\u017e se vy\u0159e\u0161\u00ed v\u0161echny Va\u0161e probl\u00e9my. Mu\u017eete se intenzivn\u011bji zapojit do v\u00fduky a dos\u00e1hnout rychlej\u0161\u00edho pokroku. Z tohoto d\u016fvodu si zakl\u00e1d\u00e1me na tom, aby v na\u0161ich kurzech bylo maxim\u00e1ln\u011b deset \u00fa\u010dastn\u00edk\u016f.<\/p>\n<h2>Kurzy n\u011bm\u010diny ve V\u00eddni \u2013 Va\u0161e v\u00fdhody<\/h2>\n<p>Z\u00e1vazky na\u0161ich u\u010ditel\u016f se neomezuj\u00ed pouze na v\u00fduku jazyka. Na\u0161i u\u010ditel\u00e9 organizuj\u00ed exkurze a jin\u00e9 aktivity. V\u00edde\u0148 je velice kr\u00e1sn\u00e9 m\u011bsto, kter\u00e9 sk\u00fdt\u00e1 nespo\u010det pam\u00e1tek. Na\u0161i u\u010ditel\u00e9 necht\u011bj\u00ed pouze u\u010dit jazyk, cht\u011bj\u00ed V\u00e1m tak\u00e9 p\u0159edstavit rakousk\u00fd styl \u017eivota.<\/p>\n<h2>Va\u0161e v\u00fdhody:<\/h2>\n<ul>\n<li>Zku\u0161ebn\u00ed hodina zdarma<\/li>\n<li>Exkurze a aktivity mimo v\u00fduku<\/li>\n<li>Nez\u00e1vazn\u00fd roz\u0159azovac\u00ed test (online, nebo v na\u0161\u00ed jazykov\u00e9 \u0161kole)<\/li>\n<li>Kvalifikovan\u00ed a sympaty\u010dt\u00ed u\u010ditel\u00e9 n\u011bmeck\u00e9ho jazyka \u2013 rodil\u00ed mluv\u010d\u00ed<\/li>\n<li>Uzn\u00e1van\u00e9 jazykov\u00e9 certifik\u00e1ty<\/li>\n<li>Kurzy p\u0159ipravuj\u00edc\u00ed na testy \u00d6IF, \u00d6SD, EPD pro vstup na univerzitu, certifik\u00e1t Goethe a dal\u0161\u00ed<\/li>\n<li>Na\u0161e kurzy V\u00e1s p\u0159iprav\u00ed ke studiu na rakousk\u00fdch uninverzit\u00e1ch v n\u011bmeck\u00e9m jazyce, k trval\u00e9mu pobytu \u010di k ud\u011blen\u00ed rakousk\u00e9ho ob\u010danstv\u00edNa\u0161e kurzy jsou tak\u00e9 uzn\u00e1ny pro ud\u011blen\u00ed \u0161engensk\u00e9ho v\u00edza pro u\u010den\u00ed se n\u011bmeck\u00e9mu jazyku<\/li>\n<\/ul>\n<div class=\"BorlabsCookie _brlbs-cb-googlemaps\"><div class=\"_brlbs-content-blocker\"> <div class=\"_brlbs-embed _brlbs-google-maps\"> <img class=\"_brlbs-thumbnail\" src=\"https:\/\/www.sprachschule-aktiv-wien.at\/wp-content\/plugins\/borlabs-cookie\/assets\/images\/cb-maps.png\" alt=\"Google Maps\"> <div class=\"_brlbs-caption\"> <p>Mit dem Laden der Karte akzeptieren Sie die Datenschutzerkl\u00e4rung von Google.<br><a href=\"https:\/\/policies.google.com\/privacy\" target=\"_blank\" rel=\"nofollow noopener noreferrer\">Mehr erfahren<\/a><\/p> <p><a class=\"_brlbs-btn\" href=\"#\" data-borlabs-cookie-unblock role=\"button\">Karte laden<\/a><\/p> <p><label><input type=\"checkbox\" name=\"unblockAll\" value=\"1\" checked> <small>Google Maps immer entsperren<\/small><\/label><\/p> <\/div> <\/div> <\/div><div class=\"borlabs-hide\" data-borlabs-cookie-type=\"content-blocker\" data-borlabs-cookie-id=\"googlemaps\"><script type=\"text\/template\">PHA+PGlmcmFtZSBzdHlsZT0iYm9yZGVyOiAwOyIgc3JjPSJodHRwczovL3d3dy5nb29nbGUuY29tL21hcHMvZW1iZWQ\/cGI9ITFtMTghMW0xMiExbTMhMWQyNjU5LjQwNzQxNzY4NTI2OTYhMmQxNi4zNjM2NDQ2MTU4MDI5NzYhM2Q0OC4xOTg3Njc5NTQ4NzU3ODQhMm0zITFmMCEyZjAhM2YwITNtMiExaTEwMjQhMmk3NjghNGYxMy4xITNtMyExbTIhMXMweDQ3NmQwNzg0OWRlMjAwNzElM0EweDkxOWQzNzFlMTBjNDU4MDghMnNGYXVsbWFubmdhc3NlJTIwNCUyQyUyMDEwNDAlMjBXaWVuITVlMCEzbTIhMXNkZSEyc2F0ITR2MTU4MjI0MTE3NzAwNyE1bTIhMXNkZSEyc2F0IiB3aWR0aD0iMTAwJSIgaGVpZ2h0PSIzNTAiIGZyYW1lYm9yZGVyPSIwIiBhbGxvd2Z1bGxzY3JlZW49ImFsbG93ZnVsbHNjcmVlbiI+PC9pZnJhbWU+<\/script><\/div><\/div>[\/vc_column_text][\/vc_column][\/vc_row]<\/p>\n","protected":false},"excerpt":{"rendered":"<p>[vc_row full_width=&#8221;stretch_row_content_no_spaces&#8221;][vc_column][vc_single_image image=&#8221;28687&#8243; img_size=&#8221;full&#8221;][\/vc_column][\/vc_row][vc_row css=&#8221;.vc_custom_1535030008093{margin-top: 15px !important;padding-bottom: 15px !important;}&#8221;][vc_column][vc_column_text] Nau\u010dte se n\u011bmecky ve V\u00eddni Kurzy n\u011bm\u010diny A1 a\u017e C2 \u2013 jazykov\u00e1 \u0161kola Specializovan\u00e1 na kurzy n\u011bm\u010diny. Intenzivn\u00ed kurzy n\u011bm\u010diny ve V\u00eddni pro v\u0161echny \u00farovn\u011b A1, A2, B1, B2, C1, C2- dostupn\u00e9 jazykov\u00e9 \u00farovn\u011b: Intenzivn\u00ed kurzy n\u011bm\u010diny pro za\u010d\u00e1te\u010dn\u00edky: A1, A2 Intenzivn\u00ed kurzy n\u011bm\u010diny pro pokro\u010dil\u00e9:&hellip; <a class=\"read-more\" href=\"https:\/\/www.sprachschule-aktiv-wien.at\/cs\/\" title=\"Read Nau\u010dte se n\u011bmecky ve V\u00eddni \u2013 kurzy n\u011bm\u010diny A1 a\u017e C2\">Read more &raquo;<\/a><\/p>\n","protected":false},"author":7,"featured_media":0,"parent":0,"menu_order":0,"comment_status":"closed","ping_status":"closed","template":"","meta":{"footnotes":""},"class_list":["post-9483","page","type-page","status-publish","hentry"],"yoast_head":"<!-- This site is optimized with the Yoast SEO plugin v27.1.1 - https:\/\/yoast.com\/product\/yoast-seo-wordpress\/ -->\n<title>Nau\u010dte se n\u011bmecky ve V\u00eddni \u2013 kurzy n\u011bm\u010diny A1 a\u017e C2<\/title>\n<meta name=\"description\" content=\"Nau\u010dte se n\u011bmecky ve V\u00eddni \u2013 kurzy n\u011bm\u010diny A1 a\u017e C2 \u2013 jazykov\u00e1 \u0161kola Specializovan\u00e1 na kurzy n\u011bm\u010diny. M\u00e1me kurzy pro za\u010d\u00e1te\u010dn\u00edky a pokro\u010dil\u00e9.\" \/>\n<meta name=\"robots\" content=\"index, follow, max-snippet:-1, max-image-preview:large, max-video-preview:-1\" \/>\n<link rel=\"canonical\" href=\"https:\/\/www.sprachschule-aktiv-wien.at\/cs\/\" \/>\n<meta property=\"og:locale\" content=\"cs_CZ\" \/>\n<meta property=\"og:type\" content=\"article\" \/>\n<meta property=\"og:title\" content=\"Nau\u010dte se n\u011bmecky ve V\u00eddni \u2013 kurzy n\u011bm\u010diny A1 a\u017e C2\" \/>\n<meta property=\"og:description\" content=\"Nau\u010dte se n\u011bmecky ve V\u00eddni \u2013 kurzy n\u011bm\u010diny A1 a\u017e C2 \u2013 jazykov\u00e1 \u0161kola Specializovan\u00e1 na kurzy n\u011bm\u010diny. M\u00e1me kurzy pro za\u010d\u00e1te\u010dn\u00edky a pokro\u010dil\u00e9.\" \/>\n<meta property=\"og:url\" content=\"https:\/\/www.sprachschule-aktiv-wien.at\/cs\/\" \/>\n<meta property=\"og:site_name\" content=\"Sprachschule Aktiv Wien\" \/>\n<meta property=\"article:modified_time\" content=\"2024-06-02T20:55:52+00:00\" \/>\n<meta name=\"twitter:label1\" content=\"Odhadovan\u00e1 doba \u010dten\u00ed\" \/>\n\t<meta name=\"twitter:data1\" content=\"3 minuty\" \/>\n<script type=\"application\/ld+json\" class=\"yoast-schema-graph\">{\"@context\":\"https:\/\/schema.org\",\"@graph\":[{\"@type\":\"WebPage\",\"@id\":\"https:\/\/www.sprachschule-aktiv-wien.at\/cs\/\",\"url\":\"https:\/\/www.sprachschule-aktiv-wien.at\/cs\/\",\"name\":\"Nau\u010dte se n\u011bmecky ve V\u00eddni \u2013 kurzy n\u011bm\u010diny A1 a\u017e C2\",\"isPartOf\":{\"@id\":\"https:\/\/www.sprachschule-aktiv-wien.at\/#website\"},\"datePublished\":\"2015-02-12T08:43:10+00:00\",\"dateModified\":\"2024-06-02T20:55:52+00:00\",\"description\":\"Nau\u010dte se n\u011bmecky ve V\u00eddni \u2013 kurzy n\u011bm\u010diny A1 a\u017e C2 \u2013 jazykov\u00e1 \u0161kola Specializovan\u00e1 na kurzy n\u011bm\u010diny. M\u00e1me kurzy pro za\u010d\u00e1te\u010dn\u00edky a pokro\u010dil\u00e9.\",\"breadcrumb\":{\"@id\":\"https:\/\/www.sprachschule-aktiv-wien.at\/cs\/#breadcrumb\"},\"inLanguage\":\"cs\",\"potentialAction\":[{\"@type\":\"ReadAction\",\"target\":[\"https:\/\/www.sprachschule-aktiv-wien.at\/cs\/\"]}]},{\"@type\":\"BreadcrumbList\",\"@id\":\"https:\/\/www.sprachschule-aktiv-wien.at\/cs\/#breadcrumb\",\"itemListElement\":[{\"@type\":\"ListItem\",\"position\":1,\"name\":\"Home\",\"item\":\"https:\/\/www.sprachschule-aktiv-wien.at\/cs\/\"},{\"@type\":\"ListItem\",\"position\":2,\"name\":\"Nau\u010dte se n\u011bmecky ve V\u00eddni \u2013 kurzy n\u011bm\u010diny A1 a\u017e C2\"}]},{\"@type\":\"WebSite\",\"@id\":\"https:\/\/www.sprachschule-aktiv-wien.at\/#website\",\"url\":\"https:\/\/www.sprachschule-aktiv-wien.at\/\",\"name\":\"Sprachschule Aktiv Wien\",\"description\":\"\",\"potentialAction\":[{\"@type\":\"SearchAction\",\"target\":{\"@type\":\"EntryPoint\",\"urlTemplate\":\"https:\/\/www.sprachschule-aktiv-wien.at\/?s={search_term_string}\"},\"query-input\":{\"@type\":\"PropertyValueSpecification\",\"valueRequired\":true,\"valueName\":\"search_term_string\"}}],\"inLanguage\":\"cs\"}]}<\/script>\n<!-- \/ Yoast SEO plugin. -->","yoast_head_json":{"title":"Nau\u010dte se n\u011bmecky ve V\u00eddni \u2013 kurzy n\u011bm\u010diny A1 a\u017e C2","description":"Nau\u010dte se n\u011bmecky ve V\u00eddni \u2013 kurzy n\u011bm\u010diny A1 a\u017e C2 \u2013 jazykov\u00e1 \u0161kola Specializovan\u00e1 na kurzy n\u011bm\u010diny. M\u00e1me kurzy pro za\u010d\u00e1te\u010dn\u00edky a pokro\u010dil\u00e9.","robots":{"index":"index","follow":"follow","max-snippet":"max-snippet:-1","max-image-preview":"max-image-preview:large","max-video-preview":"max-video-preview:-1"},"canonical":"https:\/\/www.sprachschule-aktiv-wien.at\/cs\/","og_locale":"cs_CZ","og_type":"article","og_title":"Nau\u010dte se n\u011bmecky ve V\u00eddni \u2013 kurzy n\u011bm\u010diny A1 a\u017e C2","og_description":"Nau\u010dte se n\u011bmecky ve V\u00eddni \u2013 kurzy n\u011bm\u010diny A1 a\u017e C2 \u2013 jazykov\u00e1 \u0161kola Specializovan\u00e1 na kurzy n\u011bm\u010diny. M\u00e1me kurzy pro za\u010d\u00e1te\u010dn\u00edky a pokro\u010dil\u00e9.","og_url":"https:\/\/www.sprachschule-aktiv-wien.at\/cs\/","og_site_name":"Sprachschule Aktiv Wien","article_modified_time":"2024-06-02T20:55:52+00:00","twitter_misc":{"Odhadovan\u00e1 doba \u010dten\u00ed":"3 minuty"},"schema":{"@context":"https:\/\/schema.org","@graph":[{"@type":"WebPage","@id":"https:\/\/www.sprachschule-aktiv-wien.at\/cs\/","url":"https:\/\/www.sprachschule-aktiv-wien.at\/cs\/","name":"Nau\u010dte se n\u011bmecky ve V\u00eddni \u2013 kurzy n\u011bm\u010diny A1 a\u017e C2","isPartOf":{"@id":"https:\/\/www.sprachschule-aktiv-wien.at\/#website"},"datePublished":"2015-02-12T08:43:10+00:00","dateModified":"2024-06-02T20:55:52+00:00","description":"Nau\u010dte se n\u011bmecky ve V\u00eddni \u2013 kurzy n\u011bm\u010diny A1 a\u017e C2 \u2013 jazykov\u00e1 \u0161kola Specializovan\u00e1 na kurzy n\u011bm\u010diny. M\u00e1me kurzy pro za\u010d\u00e1te\u010dn\u00edky a pokro\u010dil\u00e9.","breadcrumb":{"@id":"https:\/\/www.sprachschule-aktiv-wien.at\/cs\/#breadcrumb"},"inLanguage":"cs","potentialAction":[{"@type":"ReadAction","target":["https:\/\/www.sprachschule-aktiv-wien.at\/cs\/"]}]},{"@type":"BreadcrumbList","@id":"https:\/\/www.sprachschule-aktiv-wien.at\/cs\/#breadcrumb","itemListElement":[{"@type":"ListItem","position":1,"name":"Home","item":"https:\/\/www.sprachschule-aktiv-wien.at\/cs\/"},{"@type":"ListItem","position":2,"name":"Nau\u010dte se n\u011bmecky ve V\u00eddni \u2013 kurzy n\u011bm\u010diny A1 a\u017e C2"}]},{"@type":"WebSite","@id":"https:\/\/www.sprachschule-aktiv-wien.at\/#website","url":"https:\/\/www.sprachschule-aktiv-wien.at\/","name":"Sprachschule Aktiv Wien","description":"","potentialAction":[{"@type":"SearchAction","target":{"@type":"EntryPoint","urlTemplate":"https:\/\/www.sprachschule-aktiv-wien.at\/?s={search_term_string}"},"query-input":{"@type":"PropertyValueSpecification","valueRequired":true,"valueName":"search_term_string"}}],"inLanguage":"cs"}]}},"_links":{"self":[{"href":"https:\/\/www.sprachschule-aktiv-wien.at\/cs\/wp-json\/wp\/v2\/pages\/9483","targetHints":{"allow":["GET"]}}],"collection":[{"href":"https:\/\/www.sprachschule-aktiv-wien.at\/cs\/wp-json\/wp\/v2\/pages"}],"about":[{"href":"https:\/\/www.sprachschule-aktiv-wien.at\/cs\/wp-json\/wp\/v2\/types\/page"}],"author":[{"embeddable":true,"href":"https:\/\/www.sprachschule-aktiv-wien.at\/cs\/wp-json\/wp\/v2\/users\/7"}],"replies":[{"embeddable":true,"href":"https:\/\/www.sprachschule-aktiv-wien.at\/cs\/wp-json\/wp\/v2\/comments?post=9483"}],"version-history":[{"count":18,"href":"https:\/\/www.sprachschule-aktiv-wien.at\/cs\/wp-json\/wp\/v2\/pages\/9483\/revisions"}],"predecessor-version":[{"id":11174,"href":"https:\/\/www.sprachschule-aktiv-wien.at\/cs\/wp-json\/wp\/v2\/pages\/9483\/revisions\/11174"}],"wp:attachment":[{"href":"https:\/\/www.sprachschule-aktiv-wien.at\/cs\/wp-json\/wp\/v2\/media?parent=9483"}],"curies":[{"name":"wp","href":"https:\/\/api.w.org\/{rel}","templated":true}]}}