{"id":4668,"date":"2015-02-12T08:43:10","date_gmt":"2015-02-12T08:43:10","guid":{"rendered":"https:\/\/www.sprachschule-aktiv-wien.at\/deutsch-und-fremdsprachen-lernen-wien-sprachschule-aktiv\/"},"modified":"2024-06-02T20:43:13","modified_gmt":"2024-06-02T20:43:13","slug":"ucenje-nemackog-u-becu","status":"publish","type":"page","link":"https:\/\/www.sprachschule-aktiv-wien.at\/bs\/","title":{"rendered":"U\u010denje nema\u010dkog u Be\u010du"},"content":{"rendered":"<p>[vc_row full_width=&#8221;stretch_row_content_no_spaces&#8221;][vc_column][vc_single_image image=&#8221;28407&#8243; img_size=&#8221;full&#8221;][\/vc_column][\/vc_row][vc_row css=&#8221;.vc_custom_1535014537718{margin-top: 15px !important;padding-bottom: 15px !important;}&#8221;][vc_column][vc_column_text]<\/p>\n<h1>U\u010diti njema\u010dki jezik u Be\u010du \u2013 Kursevi njema\u010dkog jezika A1 &#8211; C2 \u2013 \u0160kola za strane jezike\/njema\u010dki jezik<\/h1>\n<p>Intenzivni kurs njema\u010dkog jezika u Be\u010du A1, A2, B1, B2, C1, C2<\/p>\n<h2>Intenzivni kursevi na svim nivoima A1 do C2 \u2013 Dostupni su sljede\u0107i jezi\u010dni nivoi:<\/h2>\n<p>Intenzivni kurs njema\u010dkog jezika za po\u010detnike: A1, A2<br \/>\nIntermediat: intenzivni kurs za B1, B2<br \/>\nIntenzivni kurs \u201cNjema\u010dki za napredne\u201d: C1, C2\/vc_column_text][vc_row_inner][vc_column_inner width=&#8221;1\/2&#8243;][vc_column_text]<div class=\"BorlabsCookie _brlbs-cb-youtube\"><div class=\"_brlbs-content-blocker\"> <div class=\"_brlbs-embed _brlbs-video-youtube\"> <img class=\"_brlbs-thumbnail\" src=\"https:\/\/www.sprachschule-aktiv-wien.at\/wp-content\/plugins\/borlabs-cookie\/assets\/images\/cb-no-thumbnail.png\" alt=\"YouTube\"> <div class=\"_brlbs-caption\"> <p>Mit dem Laden des Videos akzeptieren Sie die Datenschutzerkl\u00e4rung von YouTube.<br><a href=\"https:\/\/policies.google.com\/privacy\" target=\"_blank\" rel=\"nofollow noopener noreferrer\">Mehr erfahren<\/a><\/p> <p><a class=\"_brlbs-btn _brlbs-icon-play-white\" href=\"#\" data-borlabs-cookie-unblock role=\"button\">Video laden<\/a><\/p> <p><label><input type=\"checkbox\" name=\"unblockAll\" value=\"1\" checked> <small>YouTube immer entsperren<\/small><\/label><\/p> <\/div> <\/div> <\/div><div class=\"borlabs-hide\" data-borlabs-cookie-type=\"content-blocker\" data-borlabs-cookie-id=\"youtube\"><script type=\"text\/template\">PGlmcmFtZSBzcmM9Imh0dHBzOi8vd3d3LnlvdXR1YmUtbm9jb29raWUuY29tL2VtYmVkL1h6SUl6em00SmFZIiB3aWR0aD0iMTAwJSIgaGVpZ2h0PSIzMTUiIGZyYW1lYm9yZGVyPSIwIiBhbGxvd2Z1bGxzY3JlZW49ImFsbG93ZnVsbHNjcmVlbiI+PC9pZnJhbWU+<\/script><\/div><\/div>[\/vc_column_text][\/vc_column_inner][vc_column_inner width=&#8221;1\/2&#8243;][vc_column_text]<div class=\"BorlabsCookie _brlbs-cb-youtube\"><div class=\"_brlbs-content-blocker\"> <div class=\"_brlbs-embed _brlbs-video-youtube\"> <img class=\"_brlbs-thumbnail\" src=\"https:\/\/www.sprachschule-aktiv-wien.at\/wp-content\/plugins\/borlabs-cookie\/assets\/images\/cb-no-thumbnail.png\" alt=\"YouTube\"> <div class=\"_brlbs-caption\"> <p>Mit dem Laden des Videos akzeptieren Sie die Datenschutzerkl\u00e4rung von YouTube.<br><a href=\"https:\/\/policies.google.com\/privacy\" target=\"_blank\" rel=\"nofollow noopener noreferrer\">Mehr erfahren<\/a><\/p> <p><a class=\"_brlbs-btn _brlbs-icon-play-white\" href=\"#\" data-borlabs-cookie-unblock role=\"button\">Video laden<\/a><\/p> <p><label><input type=\"checkbox\" name=\"unblockAll\" value=\"1\" checked> <small>YouTube immer entsperren<\/small><\/label><\/p> <\/div> <\/div> <\/div><div class=\"borlabs-hide\" data-borlabs-cookie-type=\"content-blocker\" data-borlabs-cookie-id=\"youtube\"><script type=\"text\/template\">PGlmcmFtZSBzcmM9Imh0dHBzOi8vd3d3LnlvdXR1YmUtbm9jb29raWUuY29tL2VtYmVkL2FvVWVzTld2aHJJIiB3aWR0aD0iMTAwJSIgaGVpZ2h0PSIzMTUiIGZyYW1lYm9yZGVyPSIwIiBhbGxvd2Z1bGxzY3JlZW49ImFsbG93ZnVsbHNjcmVlbiI+PC9pZnJhbWU+<\/script><\/div><\/div>[\/vc_column_text][\/vc_column_inner][\/vc_row_inner][\/vc_column][\/vc_row][vc_row full_width=&#8221;stretch_row&#8221; css=&#8221;.vc_custom_1535014653291{padding-top: 15px !important;padding-bottom: 15px !important;background-color: #f9f9f9 !important;}&#8221;][vc_column][vc_column_text]<\/p>\n<h2>Intenzivni kurs njema\u010dkog jezika u Be\u010du \u2013 u\u010dite njema\u010dki brzo<\/h2>\n<p>Ako \u017eelite intenzivno i \u0161to prije nau\u010diti njema\u010dki jezik, onda je na\u0161 kurs njema\u010dkog jezika u Be\u010du za Vas najbolji. Ovisno o li\u010dnom cilju, imamo u ponudi razli\u010dite kurseve i modele.<\/p>\n<h2>Intenzivni kursevi njema\u010dkog jezika \u2013 Cijene i termini<\/h2>\n<p>Nivo: A1, A2, B1, B2, C1 (svi nivoi po\u010dinju od prvog ponedjeljka u mjesecu)<br \/>\nPo\u010detak kursa: svakog prvog ponedjeljka u mjesecu (u slu\u010daju da je taj prvi ponedjeljak praznik, kurs po\u010dinje sljede\u0107eg dana)<br \/>\nTermini: od ponedjeljka do petka, 8:00-11:00 \/ 11:00-14:00 \/ 14:00-17:00\/ 18:00-21:00 (* od 5 osoba: 3 \u00d7 60 minuta dnevno, za 4 osobe 2 \u00d7 60 minuta dnevno)<br \/>\nTrajanje kursa: 4 sedmice (A1, A2, B1, C1 ili C2), 8 sedmica (B2.1 + B2.2)<br \/>\nCijena:<br \/>\n1 sedmica: 199 \u20ac<br \/>\n2 sedmice: 349 \u20ac<br \/>\n3 sedmice: 449 \u20ac<br \/>\n4 sedmice: 499 \u20ac (umesto 599 \u20ac )<br \/>\n8 sedmica: 998 \u20ac (umesto 1198 \u20ac)<\/p>\n<p>[\/vc_column_text][vc_single_image image=&#8221;36352&#8243; img_size=&#8221;full&#8221;][\/vc_column][\/vc_row][vc_row css=&#8221;.vc_custom_1535014710152{padding-top: 15px !important;padding-bottom: 15px !important;}&#8221;][vc_column][vc_column_text]<\/p>\n<h2>Ve\u010dernji kurs njema\u010dkog jezika 2 puta sedmi\u010dno<\/h2>\n<p>Nivo: A1, A2, B1, B2, C1, C2<br \/>\nTermini: ponedjeljak i srijeda ili utorak i \u010detvrtak, 17:30-19:00 \/ 19:00-20:30<br \/>\nDu\u017eina kursa: 4 \u010dasa sedmi\u010dno, 24 \u010dasa u roku od 6 sedmica, 1 \u010das (UE = Unterrichtseinheit) traje 45 minuta<br \/>\nPo\u010detak kursa: svakog prvog ponedjeljka u mjesecu (u slu\u010daju da je taj prvi ponedjeljak praznik, kurs po\u010dinje sljede\u0107eg dana)<br \/>\nCijena: 319 \u20ac<br \/>\nTrajanje kursa: 6 nedelja<\/p>\n<h2>Mi podu\u010davamo po\u010detnike i napredne<\/h2>\n<p>Bez obzira na Va\u0161a predznanja, kod nas ste u svakom slu\u010daju na pravom mjestu. Bez predznanja po\u010dinjete sa kursom za po\u010detnike. Ako imate osnovna znanja iz njema\u010dkog jezika, onda polazite odgovaraju\u0107i kurs za Va\u0161 stepen znanja. Da biste odredili Va\u0161 stepen znanja njema\u010dkog jezika, mo\u017eete napraviti test. Ako niste u Be\u010du, onda uradite test online jednostavno I udobno od svoje ku\u0107e . Ukoliko imate \u017eelju upoznati na\u0161u \u0161kolu za strane jezike u Be\u010du, onda nas jednostavno posjetite u na\u0161im prostorijama.<\/p>\n<h2>Na\u0161i intenzivni kursevi njema\u010dkog jezika prijepodne<\/h2>\n<p>Kurs njema\u010dkog jezika prijepodne je klasika. Poha\u0111ate odabrani kurs svaki dan od 08:00 do 11:00 \/ od 11:00 do 14:00 sati. Poslijepodne mo\u017eete vje\u017ebati gradivo ili posjetiti prekrasan grad. Za osobe sa predznanjem nastava po\u010dinje svakog ponedjeljka. Kurs za po\u010detnike po\u010dinje uvijek prvog ponedjeljka u teku\u0107em mjesecu. Na\u0161i polu-intenzivni kursevi odr\u017eavaju se uve\u010der, svakog dana od ponedjeljka do \u010detvrtka, od 17.30 do 19.00 \/ od 19.00 do 20.30 sati.<\/p>\n<h2>Nastava se odr\u017eava u malim grupama<\/h2>\n<p>Za optimalan uspjeh u u\u010denju veli\u010dina grupe je odlu\u010duju\u0107i faktor. \u0160to je grupa manja, lak\u0161e je odgovoriti na Va\u0161a pitanja i otkloniti Va\u0161e probleme, intenzivnije se bavite jezikom i br\u017ee napredujete. Iz ovog razloga pazimo na to, da u grupi nema vi\u0161e od 10 kandidata.<\/p>\n<h2>Kurs njema\u010dkog jezika u Be\u010du \u2013 Va\u0161e prednosti<\/h2>\n<p>Anga\u017eman na\u0161ih nastavnika\/predava\u010da ne prestaje sa nastavom. Oni organiziraju izlete I slobodne aktivnosti. Be\u010d je divan grad i ima bezbroj znamenitosti. Na\u0161i nastavnici ne razumiju se samo kao pedagozi, nego Vam \u017eele pribli\u017eiti na\u010din \u017eivota Njema\u010dke a posebno Austrije.<\/p>\n<h2>Pregled na\u0161ih prednosti:<\/h2>\n<p>Besplatan probni nastavni sat<br \/>\nPrijave online ili li\u010dno u prostorijama \u0161kole<br \/>\nKvalificirani I simpati\u010dni nastavnici \u2013 kod nas podu\u010davaju nastavnici kojima je njema\u010dki jezik maternji jezik\/izvorni govornici<br \/>\nPriznati jezi\u010dni certifikati<br \/>\nPripremni kursevi za OIF I OSD ispite, EPD (dopunski ispit) za prijem na univerzitet, Goethe Zertifikat. Na\u0161i kursevi Vas pripremaju za studij na jednom od fakulteta u Austriji na njema\u010dkom jeziku, kao I za stalni boravak i austrijsko dr\u017eavljanstvo.<br \/>\nIzleti I slobodne aktivnosti nakon kursa<br \/>\nNa\u0161i kursevi su priznati za zahtjev pri dodjeli Schengen vize<\/p>\n<h2>Certificirani kursevi njema\u010dkog jezika za boravi\u0161nu dozvolu i dr\u017eavljanstvo<\/h2>\n<p>OSD &#8211; i OIF certificirani kursevi njema\u010dkog jezika A1, A2, B1 u Be\u010du \u2013 za vizu , boravi\u0161nu dozvolu i dr\u017eavljanstvo<\/p>\n<p>Dolazite li iz inostranstva i htjeli biste brzo da se integri\u0161ete u Austriji, da postanete dio radnog svijeta i da se mo\u017eete razumjeti na njema\u010dkom jeziku? Nudimo Vam pripremne kurseve, koji sadr\u017eajno daju povjerenje za integracijski ispit, koji se pola\u017ee da bi smjeli ostati u Austriji.<\/p>\n<p>\u0160kola za strane jezike Aktiv Be\u010d Vam nudi OIF ili OSD kurs koji je odgovaraju\u0107i ispitu.\u00a0 4 ili 8 sedmica prije ispita vje\u017ebate sa na\u0161im profesionalnim u\u010diteljima na jednom intenzivnom kursu 5 puta sedmi\u010dno nastavne sadr\u017eaje kako za pismeni tako I za usmeni OIF ispit. Tako\u0111er \u0107e Vam preduslovi biti pobli\u017ee obja\u0161njeni. Na kraju \u0107ete mo\u0107i polo\u017eiti OSD ili OIF ispit na Va\u0161em jezi\u010dnom nivou.<\/p>\n<h2>\u00d6IF \u2013 i \u00d6SD intenzivni kursevi njema\u010dkog jezika \u2013 Cijene i termini<\/h2>\n<p>Stepen: A1, A2, B1, B2 (svi nivoi od prvog ponedjeljka u mjesecu)<br \/>\nPo\u010detak kursa: svakog prvog ponedjeljka u mjesecu (ako je taj ponedjeljak praznik, kurs po\u010dinje sljede\u0107eg dana)<br \/>\nTermini: od ponedjeljka do petka, od 8:00 do 11:00 \/ od 11:00 do 14:00 \/ od\u00a018:00 do 21:00 sati (* od 5 osoba: 3 \u00d7 60 minuta dnevno, za 4 osobe 2 \u00d7 60 minuta dnevno)<br \/>\nCiljna grupa: svi koji koji \u017eele pristupiti \u00d6IF ili \u00d6SD ispitu, ili \u017eele dosti\u0107i stepen znanja njema\u010dkog jezika A1\/A2\/B1\/B2 uklju\u010duju\u0107i temeljna\/orijentacijska znanja o Austriji<br \/>\nTrajanje kursa: 4 sedmice (A1, A2 ili B1), 8 sedmica (B2.1 + B2.2 ili C1.1 + C1.2 ili C2.1 + C2.2)<br \/>\nCijena:<br \/>\n1 nedelja: 199 \u20ac<br \/>\n2 nedelje: 349 \u20ac<br \/>\n3 nedelje: 449 \u20ac<br \/>\n4 nedelje: 499 \u20ac (umesto 599 \u20ac )<br \/>\n8 nedelja: 998 \u20ac (umesto 1198 \u20ac)<\/p>\n<div class=\"BorlabsCookie _brlbs-cb-googlemaps\"><div class=\"_brlbs-content-blocker\"> <div class=\"_brlbs-embed _brlbs-google-maps\"> <img class=\"_brlbs-thumbnail\" src=\"https:\/\/www.sprachschule-aktiv-wien.at\/wp-content\/plugins\/borlabs-cookie\/assets\/images\/cb-maps.png\" alt=\"Google Maps\"> <div class=\"_brlbs-caption\"> <p>Mit dem Laden der Karte akzeptieren Sie die Datenschutzerkl\u00e4rung von Google.<br><a href=\"https:\/\/policies.google.com\/privacy\" target=\"_blank\" rel=\"nofollow noopener noreferrer\">Mehr erfahren<\/a><\/p> <p><a class=\"_brlbs-btn\" href=\"#\" data-borlabs-cookie-unblock role=\"button\">Karte laden<\/a><\/p> <p><label><input type=\"checkbox\" name=\"unblockAll\" value=\"1\" checked> <small>Google Maps immer entsperren<\/small><\/label><\/p> <\/div> <\/div> <\/div><div class=\"borlabs-hide\" data-borlabs-cookie-type=\"content-blocker\" data-borlabs-cookie-id=\"googlemaps\"><script type=\"text\/template\">PHA+PGlmcmFtZSBzdHlsZT0iYm9yZGVyOiAwOyIgc3JjPSJodHRwczovL3d3dy5nb29nbGUuY29tL21hcHMvZW1iZWQ\/cGI9ITFtMTghMW0xMiExbTMhMWQyNjU5LjQwNzQxNzY4NTIyNzMhMmQxNi4zNjM2NDQ2MTU1MzkyOTMhM2Q0OC4xOTg3Njc5NTQ4NzYzNDUhMm0zITFmMCEyZjAhM2YwITNtMiExaTEwMjQhMmk3NjghNGYxMy4xITNtMyExbTIhMXMweDQ3NmQwNzg0OWRlMjAwNzElM0EweDkxOWQzNzFlMTBjNDU4MDghMnNGYXVsbWFubmdhc3NlJTIwNCUyQyUyMDEwNDAlMjBXaWVuITVlMCEzbTIhMXNkZSEyc2F0ITR2MTU4MTAwMzUzNDk4MiE1bTIhMXNkZSEyc2F0IiB3aWR0aD0iNjAwIiBoZWlnaHQ9IjQ1MCIgZnJhbWVib3JkZXI9IjAiIGFsbG93ZnVsbHNjcmVlbj0iYWxsb3dmdWxsc2NyZWVuIj48L2lmcmFtZT4=<\/script><\/div><\/div>[\/vc_column_text][\/vc_column][\/vc_row]<\/p>\n","protected":false},"excerpt":{"rendered":"<p>[vc_row full_width=&#8221;stretch_row_content_no_spaces&#8221;][vc_column][vc_single_image image=&#8221;28407&#8243; img_size=&#8221;full&#8221;][\/vc_column][\/vc_row][vc_row css=&#8221;.vc_custom_1535014537718{margin-top: 15px !important;padding-bottom: 15px !important;}&#8221;][vc_column][vc_column_text] U\u010diti njema\u010dki jezik u Be\u010du \u2013 Kursevi njema\u010dkog jezika A1 &#8211; C2 \u2013 \u0160kola za strane jezike\/njema\u010dki jezik Intenzivni kurs njema\u010dkog jezika u Be\u010du A1, A2, B1, B2, C1, C2 Intenzivni kursevi na svim nivoima A1 do C2 \u2013 Dostupni su sljede\u0107i jezi\u010dni nivoi: Intenzivni kurs&hellip; <a class=\"read-more\" href=\"https:\/\/www.sprachschule-aktiv-wien.at\/bs\/\" title=\"Read U\u010denje nema\u010dkog u Be\u010du\">Read more &raquo;<\/a><\/p>\n","protected":false},"author":7,"featured_media":0,"parent":0,"menu_order":0,"comment_status":"closed","ping_status":"closed","template":"","meta":{"footnotes":""},"class_list":["post-4668","page","type-page","status-publish","hentry"],"yoast_head":"<!-- This site is optimized with the Yoast SEO plugin v27.1.1 - https:\/\/yoast.com\/product\/yoast-seo-wordpress\/ -->\n<title>U\u010denje njema\u010dkog u Be\u010du - Sprachschule Aktiv Wien<\/title>\n<meta name=\"description\" content=\"Be\u010d je jedan od najljep\u0161ih gradova u kojima se govori njema\u010dki jezik. Tamo mo\u017eete u\u017eivati u austrijskoj kulturi i u\u010diti njema\u010dki jezik\" \/>\n<meta name=\"robots\" content=\"index, follow, max-snippet:-1, max-image-preview:large, max-video-preview:-1\" \/>\n<link rel=\"canonical\" href=\"https:\/\/www.sprachschule-aktiv-wien.at\/bs\/\" \/>\n<meta property=\"og:locale\" content=\"bs_BA\" \/>\n<meta property=\"og:type\" content=\"article\" \/>\n<meta property=\"og:title\" content=\"U\u010denje njema\u010dkog u Be\u010du - Sprachschule Aktiv Wien\" \/>\n<meta property=\"og:description\" content=\"Be\u010d je jedan od najljep\u0161ih gradova u kojima se govori njema\u010dki jezik. Tamo mo\u017eete u\u017eivati u austrijskoj kulturi i u\u010diti njema\u010dki jezik\" \/>\n<meta property=\"og:url\" content=\"https:\/\/www.sprachschule-aktiv-wien.at\/bs\/\" \/>\n<meta property=\"og:site_name\" content=\"Sprachschule Aktiv Wien\" \/>\n<meta property=\"article:modified_time\" content=\"2024-06-02T20:43:13+00:00\" \/>\n<meta name=\"twitter:label1\" content=\"Est. reading time\" \/>\n\t<meta name=\"twitter:data1\" content=\"6 minuta\" \/>\n<script type=\"application\/ld+json\" class=\"yoast-schema-graph\">{\"@context\":\"https:\/\/schema.org\",\"@graph\":[{\"@type\":\"WebPage\",\"@id\":\"https:\/\/www.sprachschule-aktiv-wien.at\/bs\/\",\"url\":\"https:\/\/www.sprachschule-aktiv-wien.at\/bs\/\",\"name\":\"U\u010denje njema\u010dkog u Be\u010du - Sprachschule Aktiv Wien\",\"isPartOf\":{\"@id\":\"https:\/\/www.sprachschule-aktiv-wien.at\/#website\"},\"datePublished\":\"2015-02-12T08:43:10+00:00\",\"dateModified\":\"2024-06-02T20:43:13+00:00\",\"description\":\"Be\u010d je jedan od najljep\u0161ih gradova u kojima se govori njema\u010dki jezik. Tamo mo\u017eete u\u017eivati u austrijskoj kulturi i u\u010diti njema\u010dki jezik\",\"breadcrumb\":{\"@id\":\"https:\/\/www.sprachschule-aktiv-wien.at\/bs\/#breadcrumb\"},\"inLanguage\":\"bs-BA\",\"potentialAction\":[{\"@type\":\"ReadAction\",\"target\":[\"https:\/\/www.sprachschule-aktiv-wien.at\/bs\/\"]}]},{\"@type\":\"BreadcrumbList\",\"@id\":\"https:\/\/www.sprachschule-aktiv-wien.at\/bs\/#breadcrumb\",\"itemListElement\":[{\"@type\":\"ListItem\",\"position\":1,\"name\":\"Home\",\"item\":\"https:\/\/www.sprachschule-aktiv-wien.at\/bs\/\"},{\"@type\":\"ListItem\",\"position\":2,\"name\":\"U\u010denje nema\u010dkog u Be\u010du\"}]},{\"@type\":\"WebSite\",\"@id\":\"https:\/\/www.sprachschule-aktiv-wien.at\/#website\",\"url\":\"https:\/\/www.sprachschule-aktiv-wien.at\/\",\"name\":\"Sprachschule Aktiv Wien\",\"description\":\"\",\"potentialAction\":[{\"@type\":\"SearchAction\",\"target\":{\"@type\":\"EntryPoint\",\"urlTemplate\":\"https:\/\/www.sprachschule-aktiv-wien.at\/?s={search_term_string}\"},\"query-input\":{\"@type\":\"PropertyValueSpecification\",\"valueRequired\":true,\"valueName\":\"search_term_string\"}}],\"inLanguage\":\"bs-BA\"}]}<\/script>\n<!-- \/ Yoast SEO plugin. -->","yoast_head_json":{"title":"U\u010denje njema\u010dkog u Be\u010du - Sprachschule Aktiv Wien","description":"Be\u010d je jedan od najljep\u0161ih gradova u kojima se govori njema\u010dki jezik. Tamo mo\u017eete u\u017eivati u austrijskoj kulturi i u\u010diti njema\u010dki jezik","robots":{"index":"index","follow":"follow","max-snippet":"max-snippet:-1","max-image-preview":"max-image-preview:large","max-video-preview":"max-video-preview:-1"},"canonical":"https:\/\/www.sprachschule-aktiv-wien.at\/bs\/","og_locale":"bs_BA","og_type":"article","og_title":"U\u010denje njema\u010dkog u Be\u010du - Sprachschule Aktiv Wien","og_description":"Be\u010d je jedan od najljep\u0161ih gradova u kojima se govori njema\u010dki jezik. Tamo mo\u017eete u\u017eivati u austrijskoj kulturi i u\u010diti njema\u010dki jezik","og_url":"https:\/\/www.sprachschule-aktiv-wien.at\/bs\/","og_site_name":"Sprachschule Aktiv Wien","article_modified_time":"2024-06-02T20:43:13+00:00","twitter_misc":{"Est. reading time":"6 minuta"},"schema":{"@context":"https:\/\/schema.org","@graph":[{"@type":"WebPage","@id":"https:\/\/www.sprachschule-aktiv-wien.at\/bs\/","url":"https:\/\/www.sprachschule-aktiv-wien.at\/bs\/","name":"U\u010denje njema\u010dkog u Be\u010du - Sprachschule Aktiv Wien","isPartOf":{"@id":"https:\/\/www.sprachschule-aktiv-wien.at\/#website"},"datePublished":"2015-02-12T08:43:10+00:00","dateModified":"2024-06-02T20:43:13+00:00","description":"Be\u010d je jedan od najljep\u0161ih gradova u kojima se govori njema\u010dki jezik. Tamo mo\u017eete u\u017eivati u austrijskoj kulturi i u\u010diti njema\u010dki jezik","breadcrumb":{"@id":"https:\/\/www.sprachschule-aktiv-wien.at\/bs\/#breadcrumb"},"inLanguage":"bs-BA","potentialAction":[{"@type":"ReadAction","target":["https:\/\/www.sprachschule-aktiv-wien.at\/bs\/"]}]},{"@type":"BreadcrumbList","@id":"https:\/\/www.sprachschule-aktiv-wien.at\/bs\/#breadcrumb","itemListElement":[{"@type":"ListItem","position":1,"name":"Home","item":"https:\/\/www.sprachschule-aktiv-wien.at\/bs\/"},{"@type":"ListItem","position":2,"name":"U\u010denje nema\u010dkog u Be\u010du"}]},{"@type":"WebSite","@id":"https:\/\/www.sprachschule-aktiv-wien.at\/#website","url":"https:\/\/www.sprachschule-aktiv-wien.at\/","name":"Sprachschule Aktiv Wien","description":"","potentialAction":[{"@type":"SearchAction","target":{"@type":"EntryPoint","urlTemplate":"https:\/\/www.sprachschule-aktiv-wien.at\/?s={search_term_string}"},"query-input":{"@type":"PropertyValueSpecification","valueRequired":true,"valueName":"search_term_string"}}],"inLanguage":"bs-BA"}]}},"_links":{"self":[{"href":"https:\/\/www.sprachschule-aktiv-wien.at\/bs\/wp-json\/wp\/v2\/pages\/4668","targetHints":{"allow":["GET"]}}],"collection":[{"href":"https:\/\/www.sprachschule-aktiv-wien.at\/bs\/wp-json\/wp\/v2\/pages"}],"about":[{"href":"https:\/\/www.sprachschule-aktiv-wien.at\/bs\/wp-json\/wp\/v2\/types\/page"}],"author":[{"embeddable":true,"href":"https:\/\/www.sprachschule-aktiv-wien.at\/bs\/wp-json\/wp\/v2\/users\/7"}],"replies":[{"embeddable":true,"href":"https:\/\/www.sprachschule-aktiv-wien.at\/bs\/wp-json\/wp\/v2\/comments?post=4668"}],"version-history":[{"count":56,"href":"https:\/\/www.sprachschule-aktiv-wien.at\/bs\/wp-json\/wp\/v2\/pages\/4668\/revisions"}],"predecessor-version":[{"id":42406,"href":"https:\/\/www.sprachschule-aktiv-wien.at\/bs\/wp-json\/wp\/v2\/pages\/4668\/revisions\/42406"}],"wp:attachment":[{"href":"https:\/\/www.sprachschule-aktiv-wien.at\/bs\/wp-json\/wp\/v2\/media?parent=4668"}],"curies":[{"name":"wp","href":"https:\/\/api.w.org\/{rel}","templated":true}]}}